{"id":5106,"date":"2023-11-24T16:33:34","date_gmt":"2023-11-24T16:33:34","guid":{"rendered":"https:\/\/petworld.ma\/?post_type=product&#038;p=5106"},"modified":"2026-04-29T15:55:50","modified_gmt":"2026-04-29T15:55:50","slug":"caisse-de-transport-pour-chat-et-petit-chien","status":"publish","type":"product","link":"https:\/\/petworld.ma\/index.php\/produit\/caisse-de-transport-pour-chat-et-petit-chien\/","title":{"rendered":"Caisse de transport pour chat et petit chien"},"content":{"rendered":"<p>Caisse de transport adapt\u00e9e pour chat et petit chien. Facile \u00e0 utiliser.<\/p>\n<p>Dimension: 50CMX35CMX30CM<\/p>\n<p>Couleur: les couleurs disponibles vont \u00eatre communiqu\u00e9es au moment de la confirmation de la commande.<\/p>\n","protected":false},"excerpt":{"rendered":"<p>Caisse de transport adapt\u00e9e pour chat et petit chien. Facile \u00e0 utiliser. Dimension: 50CMX35CMX30CM Couleur: les couleurs disponibles vont \u00eatre communiqu\u00e9es au moment de la confirmation de la commande.<\/p>\n","protected":false},"featured_media":10168,"template":"","meta":{"jetpack_publicize_message":"","jetpack_publicize_feature_enabled":true,"jetpack_social_post_already_shared":false,"jetpack_social_options":{"image_generator_settings":{"template":"highway","default_image_id":0,"font":"","enabled":false},"version":2}},"product_brand":[],"product_cat":[91,90],"product_tag":[],"class_list":{"0":"post-5106","1":"product","2":"type-product","3":"status-publish","4":"has-post-thumbnail","6":"product_cat-sac-de-transport-pour-chat","7":"product_cat-sac-de-transport-pour-chien","9":"first","10":"instock","11":"taxable","12":"shipping-taxable","13":"purchasable","14":"product-type-variable"},"supplier_id":5589,"supplier_sku":"","barcode":null,"atum_controlled":true,"out_stock_date":null,"out_stock_threshold":null,"inheritable":true,"inbound_stock":0,"stock_on_hold":0,"sold_today":1,"sales_last_days":3,"reserved_stock":0,"customer_returns":0,"warehouse_damage":0,"lost_in_post":0,"other_logs":0,"out_stock_days":0,"lost_sales":0,"has_location":false,"update_date":"2026-04-30T00:17:05","atum_locations":[],"atum_stock_status":"instock","restock_status":false,"low_stock_amount":2,"sales_update_date":"2026-04-22T00:09:52","calc_backorders":null,"jetpack_publicize_connections":[],"jetpack_sharing_enabled":true,"batches":[],"_links":{"self":[{"href":"https:\/\/petworld.ma\/index.php\/wp-json\/wp\/v2\/product\/5106","targetHints":{"allow":["GET"]}}],"collection":[{"href":"https:\/\/petworld.ma\/index.php\/wp-json\/wp\/v2\/product"}],"about":[{"href":"https:\/\/petworld.ma\/index.php\/wp-json\/wp\/v2\/types\/product"}],"wp:featuredmedia":[{"embeddable":true,"href":"https:\/\/petworld.ma\/index.php\/wp-json\/wp\/v2\/media\/10168"}],"wp:attachment":[{"href":"https:\/\/petworld.ma\/index.php\/wp-json\/wp\/v2\/media?parent=5106"}],"wp:term":[{"taxonomy":"product_brand","embeddable":true,"href":"https:\/\/petworld.ma\/index.php\/wp-json\/wp\/v2\/product_brand?post=5106"},{"taxonomy":"product_cat","embeddable":true,"href":"https:\/\/petworld.ma\/index.php\/wp-json\/wp\/v2\/product_cat?post=5106"},{"taxonomy":"product_tag","embeddable":true,"href":"https:\/\/petworld.ma\/index.php\/wp-json\/wp\/v2\/product_tag?post=5106"}],"curies":[{"name":"wp","href":"https:\/\/api.w.org\/{rel}","templated":true}]}}