{"id":5146,"date":"2023-11-26T22:12:36","date_gmt":"2023-11-26T22:12:36","guid":{"rendered":"https:\/\/petworld.ma\/?post_type=product&#038;p=5146"},"modified":"2026-04-22T14:00:54","modified_gmt":"2026-04-22T14:00:54","slug":"litiere-parfumee-agglomerant-et-absorbante-chat-botte-5l-10l","status":"publish","type":"product","link":"https:\/\/petworld.ma\/index.php\/produit\/litiere-parfumee-agglomerant-et-absorbante-chat-botte-5l-10l\/","title":{"rendered":"Liti\u00e8re parfum\u00e9e agglom\u00e9rant et absorbante chat bott\u00e9 (5L | 10L)"},"content":{"rendered":"<div class=\"product-section description-section\">\n<div class=\"single-description fr-view\">\n<p>La liti\u00e8re se compose de jolies perles ayant une apparence hygi\u00e9nique et fra\u00eeche avec granul\u00e9s doux, particuli\u00e8rement agr\u00e9ables sous les pattes et recommand\u00e9s pour les chatons et les chats \u00e2g\u00e9s.<\/p>\n<p>-La liti\u00e8re est agr\u00e9ment\u00e9e d&rsquo;un doux parfum qui apportera un air de Provence \u00e0 votre bac \u00e0 chat.<br \/>\n-Principales caract\u00e9ristiques:<br \/>\n-Type: Liti\u00e8re pour chat<br \/>\n-Super absorbant<br \/>\n-Animal: Chat<\/p>\n<\/div>\n<\/div>\n<p><img decoding=\"async\" class=\"fr-fic fr-dib aligncenter\" src=\"https:\/\/cdn.youcan.shop\/stores\/d0742d556df94ddbc7ae4c9810aff04b\/others\/9KixDK0GoKx88tXn7gkGRnhOgegW3JmtEISXONsP.jpeg\" width=\"299\" height=\"79\" data-name=\"stores\/d0742d556df94ddbc7ae4c9810aff04b\/others\/9KixDK0GoKx88tXn7gkGRnhOgegW3JmtEISXONsP.jpeg\" \/><\/p>\n","protected":false},"excerpt":{"rendered":"<p>La liti\u00e8re se compose de jolies perles ayant une apparence hygi\u00e9nique et fra\u00eeche avec granul\u00e9s doux, particuli\u00e8rement agr\u00e9ables sous les pattes et recommand\u00e9s pour les chatons et les chats \u00e2g\u00e9s. -La liti\u00e8re est agr\u00e9ment\u00e9e d&rsquo;un doux parfum qui apportera un air de Provence \u00e0 votre bac \u00e0 chat. -Principales caract\u00e9ristiques: -Type: Liti\u00e8re pour chat -Super [&#8230;]\n","protected":false},"featured_media":942,"template":"","meta":{"jetpack_publicize_message":"","jetpack_publicize_feature_enabled":true,"jetpack_social_post_already_shared":false,"jetpack_social_options":{"image_generator_settings":{"template":"highway","default_image_id":0,"font":"","enabled":false},"version":2}},"product_brand":[],"product_cat":[94],"product_tag":[],"class_list":{"0":"post-5146","1":"product","2":"type-product","3":"status-publish","4":"has-post-thumbnail","6":"product_cat-litieres-et-bacs","8":"first","9":"instock","10":"taxable","11":"shipping-taxable","12":"purchasable","13":"product-type-variable"},"supplier_id":null,"supplier_sku":"","barcode":null,"atum_controlled":true,"out_stock_date":null,"out_stock_threshold":null,"inheritable":true,"inbound_stock":0,"stock_on_hold":0,"sold_today":0,"sales_last_days":5,"reserved_stock":0,"customer_returns":0,"warehouse_damage":0,"lost_in_post":0,"other_logs":0,"out_stock_days":0,"lost_sales":0,"has_location":false,"update_date":"2026-04-27T00:13:44","atum_locations":[],"atum_stock_status":"instock","restock_status":false,"low_stock_amount":"","sales_update_date":"2026-04-27T00:13:44","calc_backorders":null,"jetpack_publicize_connections":[],"jetpack_sharing_enabled":true,"batches":[],"_links":{"self":[{"href":"https:\/\/petworld.ma\/index.php\/wp-json\/wp\/v2\/product\/5146","targetHints":{"allow":["GET"]}}],"collection":[{"href":"https:\/\/petworld.ma\/index.php\/wp-json\/wp\/v2\/product"}],"about":[{"href":"https:\/\/petworld.ma\/index.php\/wp-json\/wp\/v2\/types\/product"}],"wp:featuredmedia":[{"embeddable":true,"href":"https:\/\/petworld.ma\/index.php\/wp-json\/wp\/v2\/media\/942"}],"wp:attachment":[{"href":"https:\/\/petworld.ma\/index.php\/wp-json\/wp\/v2\/media?parent=5146"}],"wp:term":[{"taxonomy":"product_brand","embeddable":true,"href":"https:\/\/petworld.ma\/index.php\/wp-json\/wp\/v2\/product_brand?post=5146"},{"taxonomy":"product_cat","embeddable":true,"href":"https:\/\/petworld.ma\/index.php\/wp-json\/wp\/v2\/product_cat?post=5146"},{"taxonomy":"product_tag","embeddable":true,"href":"https:\/\/petworld.ma\/index.php\/wp-json\/wp\/v2\/product_tag?post=5146"}],"curies":[{"name":"wp","href":"https:\/\/api.w.org\/{rel}","templated":true}]}}