{"id":5159,"date":"2023-11-27T13:36:40","date_gmt":"2023-11-27T13:36:40","guid":{"rendered":"https:\/\/petworld.ma\/?post_type=product&#038;p=5159"},"modified":"2026-04-15T15:42:05","modified_gmt":"2026-04-15T15:42:05","slug":"anti-puces-et-vermifuge-pour-chat-et-chaton-x1-pipette-fabrique-en-allemagne","status":"publish","type":"product","link":"https:\/\/petworld.ma\/index.php\/produit\/anti-puces-et-vermifuge-pour-chat-et-chaton-x1-pipette-fabrique-en-allemagne\/","title":{"rendered":"Anti-puces et Vermifuge pour Chat et chaton \u00d71 pipette &#8211; Fabriqu\u00e9 en Belgique-"},"content":{"rendered":"<p>Pour chatons 0.8-2.5Kg et chats &gt; 2.5kg<\/p>\n<div id=\"page-inner\" class=\"container-fluid\">\n<div id=\"why-s5\" class=\"vc_row wpb_row vc_row-fluid pb-5 pb-md-0\">\n<div class=\"wpb_column vc_column_container vc_col-sm-12\">\n<div class=\"vc_column-inner \">\n<div class=\"wpb_wrapper\">\n<div class=\"vc_row wpb_row vc_inner vc_row-fluid container\">\n<div class=\"faqs-cont mb-md-5 pb-md-5 wpb_column vc_column_container vc_col-sm-6\">\n<div class=\"vc_column-inner \">\n<div class=\"wpb_wrapper\">\n<div id=\"1505977418681-2ba0e09b-d847\" class=\"vc_toggle vc_toggle_simple vc_toggle_color_default vc_toggle_size_md vc_toggle_active\">\n<div class=\"vc_toggle_content\">\n<p><span class=\"\">C&rsquo;est un produit topique facile \u00e0 utiliser qui offre une activit\u00e9 \u00e0 large spectre contre les parasites externes et internes, pour les chats et les chatons \u00e0 partir de 8 semaines<\/span><\/p>\n<p>Les puces adultes ne repr\u00e9sentent que 5% du probl\u00e8me.\u00a0Les chats attrapent de nouvelles puces provenant des larves, des pupes et des \u0153ufs dans leur environnement, y compris les tapis, les meubles et la literie dans la maison.<\/p>\n<div class=\"wpb_column vc_column_container vc_col-sm-5\">\n<div class=\"vc_column-inner \">\n<div class=\"wpb_wrapper\">\n<div class=\"wpb_text_column wpb_content_element p1\">\n<div class=\"wpb_wrapper\">\n<p>Ce produit tue non seulement les puces adultes de votre chat, mais contient un r\u00e9gulateur de croissance des insectes pour tuer les \u0153ufs et les larves, brisant le cycle de vie des puces \u00e0 chaque \u00e9tape. Cette strat\u00e9gie de lutte int\u00e9gr\u00e9e contre les puces est tr\u00e8s efficace et a un impact significatif sur les populations de puces en r\u00e9duisant la r\u00e9\u00e9mergence des puces dans la maison.<\/p>\n<p>Action rapide sur les puces TOUT LE TEMPS. Pas seulement au d\u00e9but.<\/p>\n<\/div>\n<\/div>\n<\/div>\n<\/div>\n<\/div>\n<p><span class=\"\">La recherche et le d\u00e9veloppement scientifiques approfondis ont abouti \u00e0 une combinaison unique et efficace de quatre ingr\u00e9dients actifs contr\u00f4lant \u00e0 la fois les parasites externes et internes.\u00a0<\/span>Le fipronil et le (S) -m\u00e9thopr\u00e8ne sont distribu\u00e9s sur la peau et stock\u00e9s dans les huiles de la peau et du pelage pour un effet durable contre les puces et les tiques.\u00a0L\u2019\u00e9prinomectine et le praziquantel sont absorb\u00e9s \u00e0 travers la peau pour un contr\u00f4le efficace des vers ronds, des ankylostomes et des t\u00e9nias.<\/p>\n<p>Il est le seul produit de contr\u00f4le des puces et des tiques pour chats qui tue les vers ronds, les ankylostomes et les t\u00e9nias dans un seul applicateur topique facile \u00e0 utiliser.<\/p>\n<p>Il tuera les puces nouvellement acquises sur votre chat en 8 \u00e0 24 heures<\/p>\n<p>Pour appliquer ce produit, tirez l\u00e9g\u00e8rement le piston vers l\u2019arri\u00e8re, retirez le capuchon, placez l\u2019embout de l\u2019applicateur sur la peau. Appliquez le contenu directement sur la peau en un seul endroit sur la ligne m\u00e9diane du cou entre la base du cr\u00e2ne et les omoplates. Reportez-vous \u00e0 la notice avant utilisation.<\/p>\n<p>Il peut \u00eatre utilis\u00e9 dans le cadre d\u2019un programme de vermifugation saisonnier ou syst\u00e9matiquement toutes les 4 \u00e0 6 semaines pour le contr\u00f4le des parasites externes et internes.<\/p>\n<div class=\"wpb_column vc_column_container vc_col-sm-6\">\n<div class=\"vc_column-inner \">\n<div class=\"wpb_wrapper\">\n<div class=\"wpb_text_column wpb_content_element bb-1 d-md-inline-flex\">\n<div class=\"wpb_wrapper\">\n<div class=\"m-auto align-middle text-container text-center\">\n<h3 class=\"bt-1\"><strong>Protection contre les vers \u00e0 spectre complet<\/strong><\/h3>\n<\/div>\n<\/div>\n<\/div>\n<div class=\"wpb_raw_code wpb_content_element wpb_raw_html d-md-inline-flex di\">\n<div class=\"wpb_wrapper\"><\/div>\n<\/div>\n<\/div>\n<\/div>\n<\/div>\n<div class=\"wpb_column vc_column_container vc_col-sm-6\">\n<div class=\"vc_column-inner \">\n<div class=\"wpb_wrapper\">\n<div class=\"wpb_text_column wpb_content_element \">\n<div class=\"wpb_wrapper\">\n<ul class=\"list-unstyled\">\n<li class=\"media\"><img loading=\"lazy\" decoding=\"async\" class=\"d-flex ml-3 ml-md-0 mr-5 alignnone wp-image-57\" src=\"https:\/\/i0.wp.com\/broadlineforcats.co.nz\/wp-content\/uploads\/2017\/09\/roundworms.png?resize=120%2C120&amp;ssl=1\" alt=\"\" width=\"120\" height=\"120\" data-recalc-dims=\"1\" \/>\n<div class=\"media-body\">\n<h5 class=\" mb-1\">Vers ronds<\/h5>\n<p>Les vers ronds sont courants, en particulier chez les jeunes chats, provoquant une mauvaise croissance et de la diarrh\u00e9e.\u00a0<span class=\"\">Les \u0153ufs peuvent survivre pendant des ann\u00e9es dans l\u2019environnement.\u00a0<\/span>Les vers ronds sont un risque zoonotique en particulier pour les enfants.<\/p>\n<\/div>\n<\/li>\n<li class=\"media my-4\"><img loading=\"lazy\" decoding=\"async\" class=\"d-flex ml-3 ml-md-0 mr-5 alignnone wp-image-72\" src=\"https:\/\/i0.wp.com\/broadlineforcats.co.nz\/wp-content\/uploads\/2017\/09\/hookworms.png?resize=120%2C120&amp;ssl=1\" alt=\"\" width=\"120\" height=\"120\" data-recalc-dims=\"1\" \/>\n<div class=\"media-body\">\n<h5 class=\" mb-1\">Ankylostomes<\/h5>\n<p>Les ankylostomes peuvent provoquer une an\u00e9mie ou des troubles digestifs chez votre chat.\u00a0L\u2019infection se produit par ingestion de larves ou par p\u00e9n\u00e9tration cutan\u00e9e.\u00a0Les ankylostomes sont \u00e9galement un parasite zoonotique pour les humains.<\/p>\n<\/div>\n<\/li>\n<li class=\"media mb-4\"><img loading=\"lazy\" decoding=\"async\" class=\"mr-4 ml-3 ml-md-0 alignnone wp-image-71\" src=\"https:\/\/i0.wp.com\/broadlineforcats.co.nz\/wp-content\/uploads\/2017\/09\/tapeworms.png?resize=140%2C120&amp;ssl=1\" alt=\"\" width=\"140\" height=\"120\" data-recalc-dims=\"1\" \/>\n<div class=\"media-body\">\n<h5 class=\" mb-1\">T\u00e9nias<\/h5>\n<p>Les t\u00e9nias sont courants chez les chats en Nouvelle-Z\u00e9lande et se transmettent par l\u2019ingestion de puces ou de rongeurs infect\u00e9s.\u00a0Les t\u00e9nias sont une zoonose potentielle pour les enfants s\u2019ils ing\u00e8rent des puces infect\u00e9es.<\/p>\n<\/div>\n<\/li>\n<li class=\"media\"><img loading=\"lazy\" decoding=\"async\" class=\"mr-5 ml-3 ml-md-0 alignnone wp-image-71\" src=\"https:\/\/i0.wp.com\/broadlineforcats.co.nz\/wp-content\/uploads\/2017\/09\/lungworms.png?resize=120%2C120&amp;ssl=1\" alt=\"\" width=\"120\" height=\"120\" data-recalc-dims=\"1\" \/>\n<div class=\"media-body\">\n<h5 class=\" mb-1\">Les vers pulmonaires<\/h5>\n<p>Les vers pulmonaires peuvent provoquer une toux l\u00e9g\u00e8re pouvant entra\u00eener des probl\u00e8mes respiratoires et m\u00eame la mort.\u00a0Les chats sont infect\u00e9s en mangeant des proies telles que des oiseaux, des rongeurs et des l\u00e9zards.\u00a0Les chats qui ont acc\u00e8s \u00e0 l\u2019ext\u00e9rieur sont plus \u00e0 risque.<\/p>\n<\/div>\n<\/li>\n<\/ul>\n<\/div>\n<\/div>\n<\/div>\n<\/div>\n<\/div>\n<\/div>\n<\/div>\n<\/div>\n<\/div>\n<\/div>\n<\/div>\n<\/div>\n<\/div>\n<\/div>\n<\/div>\n<\/div>\n","protected":false},"excerpt":{"rendered":"<p>Pour chatons 0.8-2.5Kg et chats &gt; 2.5kg C&rsquo;est un produit topique facile \u00e0 utiliser qui offre une activit\u00e9 \u00e0 large spectre contre les parasites externes et internes, pour les chats et les chatons \u00e0 partir de 8 semaines Les puces adultes ne repr\u00e9sentent que 5% du probl\u00e8me.\u00a0Les chats attrapent de nouvelles puces provenant des larves, [&#8230;]\n","protected":false},"featured_media":20586,"template":"","meta":{"jetpack_publicize_message":"","jetpack_publicize_feature_enabled":true,"jetpack_social_post_already_shared":true,"jetpack_social_options":{"image_generator_settings":{"template":"highway","default_image_id":0,"font":"","enabled":false},"version":2}},"product_brand":[],"product_cat":[229],"product_tag":[],"class_list":{"0":"post-5159","1":"product","2":"type-product","3":"status-publish","4":"has-post-thumbnail","6":"product_cat-antiparasitaires-vermifuges-hygiene-et-soins-pour-chat","8":"first","9":"instock","10":"taxable","11":"shipping-taxable","12":"purchasable","13":"product-type-variable"},"supplier_id":null,"supplier_sku":"","barcode":null,"atum_controlled":true,"out_stock_date":"2024-03-26 11:46:09","out_stock_threshold":null,"inheritable":true,"inbound_stock":0,"stock_on_hold":12,"sold_today":1,"sales_last_days":21,"reserved_stock":0,"customer_returns":0,"warehouse_damage":0,"lost_in_post":0,"other_logs":0,"out_stock_days":685,"lost_sales":0,"has_location":false,"update_date":"2026-04-15T15:42:08","atum_locations":[],"atum_stock_status":"instock","restock_status":false,"low_stock_amount":"","sales_update_date":"2026-03-31T09:36:26","calc_backorders":null,"jetpack_publicize_connections":[],"jetpack_sharing_enabled":true,"batches":[],"_links":{"self":[{"href":"https:\/\/petworld.ma\/index.php\/wp-json\/wp\/v2\/product\/5159","targetHints":{"allow":["GET"]}}],"collection":[{"href":"https:\/\/petworld.ma\/index.php\/wp-json\/wp\/v2\/product"}],"about":[{"href":"https:\/\/petworld.ma\/index.php\/wp-json\/wp\/v2\/types\/product"}],"wp:featuredmedia":[{"embeddable":true,"href":"https:\/\/petworld.ma\/index.php\/wp-json\/wp\/v2\/media\/20586"}],"wp:attachment":[{"href":"https:\/\/petworld.ma\/index.php\/wp-json\/wp\/v2\/media?parent=5159"}],"wp:term":[{"taxonomy":"product_brand","embeddable":true,"href":"https:\/\/petworld.ma\/index.php\/wp-json\/wp\/v2\/product_brand?post=5159"},{"taxonomy":"product_cat","embeddable":true,"href":"https:\/\/petworld.ma\/index.php\/wp-json\/wp\/v2\/product_cat?post=5159"},{"taxonomy":"product_tag","embeddable":true,"href":"https:\/\/petworld.ma\/index.php\/wp-json\/wp\/v2\/product_tag?post=5159"}],"curies":[{"name":"wp","href":"https:\/\/api.w.org\/{rel}","templated":true}]}}