{"id":5187,"date":"2023-11-28T15:26:05","date_gmt":"2023-11-28T15:26:05","guid":{"rendered":"https:\/\/petworld.ma\/?post_type=product&#038;p=5187"},"modified":"2026-03-23T11:02:58","modified_gmt":"2026-03-23T11:02:58","slug":"dimethicon-pipette-antiparasitaire-petit-chien-6-x-1-ml","status":"publish","type":"product","link":"https:\/\/petworld.ma\/index.php\/produit\/dimethicon-pipette-antiparasitaire-petit-chien-6-x-1-ml\/","title":{"rendered":"Dixie Pipette antiparasitaire pour chien 2 ml"},"content":{"rendered":"<ul class=\"a-unordered-list a-vertical a-spacing-mini\">\n<li class=\"a-spacing-mini\"><span class=\"a-list-item\"><span dir=\"auto\">PIPETTES R\u00c9PULSIVES POUR CHIENS : Les pipettes r\u00e9pulsives Plus contiennent du G\u00e9raniol et du Pyr\u00e9trum qui intensifient l&rsquo;action r\u00e9pulsive sans insecticides, garantissant une protection efficace contre les puces, les tiques et les moustiques jusqu&rsquo;\u00e0 45 jours apr\u00e8s l&rsquo;application.<\/span><\/span><\/li>\n<li class=\"a-spacing-mini\"><span class=\"a-list-item\"><span dir=\"auto\">DOUX ET EFFICACES : Sans insecticide, ces pipettes sont plus s\u00fbres pour les animaux car elles r\u00e9duisent et minimisent les r\u00e9actions allergiques en offrant une protection douce et efficace. Convient aux chiots \u00e0 partir de 2 semaines et pesant plus de 2 kg.<\/span><\/span><\/li>\n<li class=\"a-spacing-mini\"><span class=\"a-list-item\"><span dir=\"auto\">Mode d&#8217;emploi\u00a0: Agiter la pipette, fendre l&#8217;embout et appliquer. \u00c9carter le pelage de l&rsquo;animal entre les omoplates et la base de la t\u00eate jusqu&rsquo;\u00e0 ce que la peau soit visible, puis presser doucement jusqu&rsquo;\u00e0 \u00e9puisement du contenu. Pour les chiens de moins de 10\u00a0kg, appliquer seulement 1\u00a0ml.<\/span><\/span><\/li>\n<li class=\"a-spacing-mini\"><span class=\"a-list-item\"><span dir=\"auto\">RECOMMANDATIONS\u00a0: Il est recommand\u00e9 de ne pas mouiller ni baigner le chien pendant au moins deux jours apr\u00e8s l&rsquo;application de la pipette. Ne pas utiliser en cas d&rsquo;hypersensibilit\u00e9 aux principes actifs, pyr\u00e8thre et g\u00e9raniol.<\/span><\/span><\/li>\n<li class=\"a-spacing-mini\"><span class=\"a-list-item\"><span dir=\"auto\">\u00c0 PROPOS DE NOUS : Chez Dixie, nous recherchons, formulons et fabriquons des solutions de qualit\u00e9 sup\u00e9rieure pour le soin des chiens et des chats en Espagne, fournissant des solutions efficaces et s\u00fbres pour satisfaire le soin de nos animaux de compagnie.<\/span><\/span><\/li>\n<\/ul>\n","protected":false},"excerpt":{"rendered":"<p>Vendu \u00e0 l&rsquo;unit\u00e9<\/p>\n","protected":false},"featured_media":27493,"template":"","meta":{"jetpack_publicize_message":"","jetpack_publicize_feature_enabled":true,"jetpack_social_post_already_shared":true,"jetpack_social_options":{"image_generator_settings":{"template":"highway","default_image_id":0,"font":"","enabled":false},"version":2}},"product_brand":[],"product_cat":[228],"product_tag":[],"class_list":{"0":"post-5187","1":"product","2":"type-product","3":"status-publish","4":"has-post-thumbnail","6":"product_cat-antiparasitaires-vermifuges","8":"first","9":"instock","10":"taxable","11":"shipping-taxable","12":"purchasable","13":"product-type-simple"},"supplier_id":5592,"supplier_sku":"","barcode":null,"atum_controlled":true,"out_stock_date":null,"out_stock_threshold":null,"inheritable":false,"inbound_stock":0,"stock_on_hold":0,"sold_today":0,"sales_last_days":0,"reserved_stock":0,"customer_returns":0,"warehouse_damage":0,"lost_in_post":0,"other_logs":0,"out_stock_days":0,"lost_sales":0,"has_location":false,"update_date":"2026-04-12T00:07:19","atum_locations":[],"atum_stock_status":"instock","restock_status":false,"low_stock_amount":1,"sales_update_date":"2026-04-12T00:07:17","calc_backorders":null,"jetpack_publicize_connections":[],"jetpack_sharing_enabled":true,"batches":[],"_links":{"self":[{"href":"https:\/\/petworld.ma\/index.php\/wp-json\/wp\/v2\/product\/5187","targetHints":{"allow":["GET"]}}],"collection":[{"href":"https:\/\/petworld.ma\/index.php\/wp-json\/wp\/v2\/product"}],"about":[{"href":"https:\/\/petworld.ma\/index.php\/wp-json\/wp\/v2\/types\/product"}],"wp:featuredmedia":[{"embeddable":true,"href":"https:\/\/petworld.ma\/index.php\/wp-json\/wp\/v2\/media\/27493"}],"wp:attachment":[{"href":"https:\/\/petworld.ma\/index.php\/wp-json\/wp\/v2\/media?parent=5187"}],"wp:term":[{"taxonomy":"product_brand","embeddable":true,"href":"https:\/\/petworld.ma\/index.php\/wp-json\/wp\/v2\/product_brand?post=5187"},{"taxonomy":"product_cat","embeddable":true,"href":"https:\/\/petworld.ma\/index.php\/wp-json\/wp\/v2\/product_cat?post=5187"},{"taxonomy":"product_tag","embeddable":true,"href":"https:\/\/petworld.ma\/index.php\/wp-json\/wp\/v2\/product_tag?post=5187"}],"curies":[{"name":"wp","href":"https:\/\/api.w.org\/{rel}","templated":true}]}}