{"id":5259,"date":"2023-12-03T17:18:01","date_gmt":"2023-12-03T17:18:01","guid":{"rendered":"https:\/\/petworld.ma\/?post_type=product&#038;p=5259"},"modified":"2026-05-04T18:26:37","modified_gmt":"2026-05-04T18:26:37","slug":"webbox-cats-tasty-sticks-pour-chaton-et-chat-avec-plusieurs-saveurs-boeuf-lapin-dinde-agneau-poulet-foie-poisson-salami-canard","status":"publish","type":"product","link":"https:\/\/petworld.ma\/index.php\/produit\/webbox-cats-tasty-sticks-pour-chaton-et-chat-avec-plusieurs-saveurs-boeuf-lapin-dinde-agneau-poulet-foie-poisson-salami-canard\/","title":{"rendered":"Webbox Cats Tasty 6 Sticks pour chaton et chat avec plusieurs saveurs (Boeuf\/Lapin | Dinde\/Agneau | Poulet\/Foie | Saumon\/Truite | Canard)"},"content":{"rendered":"<p><strong>Pour chat et chaton<\/strong><\/p>\n<p><strong>Produit import\u00e9 de l&rsquo;Angleterre.<\/strong><\/p>\n<p>Webbox Tasty Sticks est un aliment compl\u00e9mentaire pour chats et chatons. Parfait pour pour une collation ou friandise savoureuse \u00e0 m\u00e2cher. Cuit doucement pour produire une d\u00e9licieuse friandise moelleuse et charnue pour votre chat ou votre chaton.<\/p>\n<p>Chaque Tasty Stick est emball\u00e9 individuellement pour plus de fra\u00eecheur &#8211; pour l&rsquo;ouvrir, il suffit de le d\u00e9chirer par le haut de l&#8217;emballage.<\/p>\n<p><strong>Composition:<\/strong><\/p>\n<ul>\n<li>Sans bl\u00e9 et sans c\u00e9r\u00e9ales<\/li>\n<li>Sans conservateurs ni colorants artificiels<\/li>\n<li>Viande et sous-produits animaux (95 %), min\u00e9raux.<\/li>\n<\/ul>\n","protected":false},"excerpt":{"rendered":"<ul>\n<li><strong>Pour chat \u00e0 partir de l&rsquo;age de 3 mois.<\/strong><\/li>\n<li><strong>Produit import\u00e9 de l&rsquo;Angleterre.<\/strong><\/li>\n<\/ul>\n","protected":false},"featured_media":3897,"template":"","meta":{"jetpack_publicize_message":"","jetpack_publicize_feature_enabled":true,"jetpack_social_post_already_shared":true,"jetpack_social_options":{"image_generator_settings":{"template":"highway","default_image_id":0,"font":"","enabled":false},"version":2}},"product_brand":[],"product_cat":[41],"product_tag":[],"class_list":{"0":"post-5259","1":"product","2":"type-product","3":"status-publish","4":"has-post-thumbnail","6":"product_cat-friandises-et-pate-pour-chat","8":"first","9":"instock","10":"sale","11":"taxable","12":"shipping-taxable","13":"purchasable","14":"product-type-variable"},"supplier_id":null,"supplier_sku":"","barcode":null,"atum_controlled":true,"out_stock_date":null,"out_stock_threshold":null,"inheritable":true,"inbound_stock":0,"stock_on_hold":2,"sold_today":1,"sales_last_days":18,"reserved_stock":0,"customer_returns":0,"warehouse_damage":0,"lost_in_post":0,"other_logs":0,"out_stock_days":0,"lost_sales":0,"has_location":false,"update_date":"2026-05-04T18:26:40","atum_locations":[],"atum_stock_status":"instock","restock_status":false,"low_stock_amount":"","sales_update_date":"2026-05-02T15:16:20","calc_backorders":null,"jetpack_publicize_connections":[],"jetpack_sharing_enabled":true,"batches":[],"_links":{"self":[{"href":"https:\/\/petworld.ma\/index.php\/wp-json\/wp\/v2\/product\/5259","targetHints":{"allow":["GET"]}}],"collection":[{"href":"https:\/\/petworld.ma\/index.php\/wp-json\/wp\/v2\/product"}],"about":[{"href":"https:\/\/petworld.ma\/index.php\/wp-json\/wp\/v2\/types\/product"}],"wp:featuredmedia":[{"embeddable":true,"href":"https:\/\/petworld.ma\/index.php\/wp-json\/wp\/v2\/media\/3897"}],"wp:attachment":[{"href":"https:\/\/petworld.ma\/index.php\/wp-json\/wp\/v2\/media?parent=5259"}],"wp:term":[{"taxonomy":"product_brand","embeddable":true,"href":"https:\/\/petworld.ma\/index.php\/wp-json\/wp\/v2\/product_brand?post=5259"},{"taxonomy":"product_cat","embeddable":true,"href":"https:\/\/petworld.ma\/index.php\/wp-json\/wp\/v2\/product_cat?post=5259"},{"taxonomy":"product_tag","embeddable":true,"href":"https:\/\/petworld.ma\/index.php\/wp-json\/wp\/v2\/product_tag?post=5259"}],"curies":[{"name":"wp","href":"https:\/\/api.w.org\/{rel}","templated":true}]}}