{"id":5274,"date":"2023-12-03T17:47:50","date_gmt":"2023-12-03T17:47:50","guid":{"rendered":"https:\/\/petworld.ma\/?post_type=product&#038;p=5274"},"modified":"2026-04-17T17:37:42","modified_gmt":"2026-04-17T17:37:42","slug":"brit-care-mini-grain-free-hair-skin-2kg","status":"publish","type":"product","link":"https:\/\/petworld.ma\/index.php\/produit\/brit-care-mini-grain-free-hair-skin-2kg\/","title":{"rendered":"Brit Care Dog Grain Mini Adult Free Hair and Skin (Petite Race) 2kg"},"content":{"rendered":"<p style=\"font-weight: 400\">Formule hypoallerg\u00e9nique, sans c\u00e9r\u00e9ales pour chiens adultes de races Mini \u00e0 poils longs, au pelage soyeux ou dont le pelage n\u00e9cessite un soin particulier.<\/p>\n<p style=\"font-weight: 400\"><b><strong>Composition:<\/strong><\/b><\/p>\n<p style=\"font-weight: 400\">saumon s\u00e9ch\u00e9 (25\u00a0%), prot\u00e9ines de saumon frais (16\u00a0%), hareng s\u00e9ch\u00e9 (14\u00a0%), pois jaunes, graisse de poulet (conserv\u00e9e par des tocoph\u00e9rols), pois chiches, graine de lin (4\u00a0%), huile de saumon (3\u00a0%), sarrasin, huile d&rsquo;onagre (1\u00a0%), pommes s\u00e9ch\u00e9es, levure de bi\u00e8re, algues (0,5\u00a0%,\u00a0<em>Ascophyllum nodosum<\/em>), coquilles de crustac\u00e9s hydrolys\u00e9es (source de glucosamine, 260\u00a0mg\/kg), myrtilles (230\u00a0mg\/kg, source de polyph\u00e9nols 70\u00a0mg\/kg &amp; flavono\u00efdes 30\u00a0mg\/kg), extrait de cartilage (source de chondro\u00eftine, 160\u00a0mg\/kg), manno-oligosaccharides (150\u00a0mg\/kg), herbes et fruits (romarin, agrumes, curcuma, 150\u00a0mg\/kg), fructo-oligosaccharides (100\u00a0mg\/kg),\u00a0<em>Yucca schidigera<\/em>\u00a0(100\u00a0mg\/kg), inuline (90\u00a0mg\/kg), chardon-marie (75\u00a0mg\/kg), argousier (75\u00a0mg\/kg), camomille (30\u00a0mg\/kg), clous de girofle (30\u00a0mg\/kg), sauge (25\u00a0mg\/kg).<\/p>\n<p style=\"font-weight: 400\"><b><strong>Composants analytiques:<\/strong><\/b><\/p>\n<p style=\"font-weight: 400\">prot\u00e9ine brute 32,0\u00a0%, teneur en mati\u00e8res grasses 18,0\u00a0%, humidit\u00e9 10,0\u00a0%, cendres brutes 8,4\u00a0%, cellulose brute 1,8\u00a0%, calcium 1,3\u00a0%, phosphore 1,0\u00a0%, acides gras Om\u00e9ga-3 2,4\u00a0%, acides gras Om\u00e9ga-6 2,7\u00a0%.<\/p>\n<p style=\"font-weight: 400\"><b><strong>Ingr\u00e9dients:<\/strong><\/b><\/p>\n<p style=\"font-weight: 400\">vitamine\u00a0A (3a672a) 20\u00a0000\u00a0UI\u00a0; vitamine\u00a0D<sub>3<\/sub>\u00a0(E671) 1\u00a0500\u00a0UI\u00a0; vitamine\u00a0E (\u03b1-tocoph\u00e9rol) (3a700) 500\u00a0mg\u00a0; vitamine\u00a0C (3a312) 300\u00a0mg\u00a0; chlorure de choline (3a890) 700\u00a0mg\u00a0; taurine (3a370) 200\u00a0mg\u00a0; biotine (3a880) 3\u00a0mg\u00a0; vitamine\u00a0B<sub>1<\/sub>\u00a0(3a821) 1\u00a0mg\u00a0; vitamine\u00a0B<sub>2<\/sub>\u00a04\u00a0mg\u00a0; niacinamide (3a315) 12\u00a0mg\u00a0; D-pantoth\u00e9nate de calcium (3a841) 10\u00a0mg\u00a0; vitamine\u00a0B<sub>6<\/sub>\u00a0(3a831) 1\u00a0mg\u00a0; acide folique (3a316) 0,5\u00a0mg\u00a0; vitamine\u00a0B<sub>12<\/sub>\u00a00,04\u00a0mg\u00a0; ch\u00e9late de zinc d&rsquo;acides amin\u00e9s, hydrat\u00e9 100\u00a0mg\u00a0; sulfate ferreux, monohydrat\u00e9 80\u00a0mg\u00a0; oxyde manganeux 40\u00a0mg\u00a0; iodure de potassium 0,75\u00a0mg\u00a0; ch\u00e9late cuivreux d&rsquo;acides amin\u00e9s, hydrat\u00e9 15\u00a0mg\u00a0; forme organique du s\u00e9l\u00e9nium produite par\u00a0<em>Saccharomyces cerevisiae<\/em>\u00a0CNCM I-3060 0,2\u00a0mg.<\/p>\n<p style=\"font-weight: 400\"><b><strong>Metabolizable energy:<\/strong><\/b><\/p>\n<p style=\"font-weight: 400\">3 950 kcal\/kg<\/p>\n","protected":false},"excerpt":{"rendered":"<p style=\"font-weight: 400\">Formule hypoallerg\u00e9nique, sans c\u00e9r\u00e9ales pour chiens adultes de races Mini \u00e0 poils longs, au pelage soyeux ou dont le pelage n\u00e9cessite un soin particulier.<\/p>\n<p style=\"font-weight: 400\">Aliment complet pour chiens<\/p>\n","protected":false},"featured_media":5273,"template":"","meta":{"jetpack_publicize_message":"","jetpack_publicize_feature_enabled":true,"jetpack_social_post_already_shared":false,"jetpack_social_options":{"image_generator_settings":{"template":"highway","default_image_id":0,"font":"","enabled":false},"version":2}},"product_brand":[],"product_cat":[26],"product_tag":[],"class_list":{"0":"post-5274","1":"product","2":"type-product","3":"status-publish","4":"has-post-thumbnail","6":"product_cat-croquettes","8":"first","9":"instock","10":"taxable","11":"shipping-taxable","12":"purchasable","13":"product-type-simple"},"supplier_id":5590,"supplier_sku":"","barcode":null,"atum_controlled":true,"out_stock_date":null,"out_stock_threshold":null,"inheritable":false,"inbound_stock":0,"stock_on_hold":0,"sold_today":0,"sales_last_days":3,"reserved_stock":0,"customer_returns":0,"warehouse_damage":0,"lost_in_post":0,"other_logs":0,"out_stock_days":0,"lost_sales":0,"has_location":false,"update_date":"2026-04-24T13:38:07","atum_locations":[],"atum_stock_status":"instock","restock_status":false,"low_stock_amount":3,"sales_update_date":"2026-04-24T13:38:06","calc_backorders":null,"jetpack_publicize_connections":[],"jetpack_sharing_enabled":true,"batches":[{"id":"416","date_created":"2024-09-30 07:17:16","date_expiry":"2025-09-12 00:00:00","user_id":"2760","batch_number":"BritHairSkin2kg120925","location":"","quantity":"3.0000","quantity_available":"0.0000","units":"1","status":"archived","order_ids":"[12403,13289,13469]","supplier":"Brit","po":{"id":"406","date_created":"2024-09-30 07:17:19","batch_id":"416","po_number":"","supplier":"Brit","cost":null,"regular_price":null,"sale_price":null,"price_margin":null,"price_discount":null}},{"id":"700","date_created":"2024-10-25 11:09:37","date_expiry":"2025-12-29 00:00:00","user_id":"2760","batch_number":"BritHairSkin2kg291225","location":"","quantity":"6.0000","quantity_available":"0.0000","units":"1","status":"archived","order_ids":"[14278,14742,17189]","supplier":"Brit","po":{"id":"681","date_created":"2024-10-25 11:09:37","batch_id":"700","po_number":"","supplier":"Brit","cost":null,"regular_price":null,"sale_price":null,"price_margin":null,"price_discount":null}},{"id":"1454","date_created":"2024-12-31 22:12:08","date_expiry":"2026-02-19 00:00:00","user_id":"2760","batch_number":"BritHairSkin2kg190226","location":"","quantity":"6.0000","quantity_available":"0.0000","units":"1","status":"archived","order_ids":"[17445,18159,18719,20891]","supplier":"Brit","po":{"id":"1427","date_created":"2024-12-31 22:12:11","batch_id":"1454","po_number":"","supplier":"Brit","cost":null,"regular_price":null,"sale_price":null,"price_margin":null,"price_discount":null}},{"id":"2639","date_created":"2025-03-30 23:07:05","date_expiry":"2026-08-15 00:00:00","user_id":"2760","batch_number":"BritHairSkin2kg150826","location":"","quantity":"6.0000","quantity_available":"0.0000","units":"1","status":"archived","order_ids":"[20891,20978,21502,23537]","supplier":"Brit","po":{"id":"2607","date_created":"2025-03-30 23:07:09","batch_id":"2639","po_number":"","supplier":"Brit","cost":null,"regular_price":null,"sale_price":null,"price_margin":null,"price_discount":null}},{"id":"2677","date_created":"2025-04-04 22:02:50","date_expiry":"2026-08-15 00:00:00","user_id":"2760","batch_number":"BritHairSkin2kg150826","location":"","quantity":"6.0000","quantity_available":"0.0000","units":"1","status":"archived","order_ids":"[23537,23982,24992]","supplier":"Brit","po":{"id":"2645","date_created":"2025-04-04 22:02:51","batch_id":"2677","po_number":"","supplier":"Brit","cost":null,"regular_price":null,"sale_price":null,"price_margin":null,"price_discount":null}},{"id":"4740","date_created":"2025-08-08 11:11:29","date_expiry":"2026-12-27 00:00:00","user_id":"2760","batch_number":"BritHairSkin2kg271226","location":"","quantity":"6.0000","quantity_available":"0.0000","units":"1","status":"archived","order_ids":"[26861,29153,29368]","supplier":"Brit","po":{"id":"4704","date_created":"2025-08-08 11:11:30","batch_id":"4740","po_number":"","supplier":"Brit","cost":null,"regular_price":null,"sale_price":null,"price_margin":null,"price_discount":null}},{"id":"6569","date_created":"2025-12-09 14:34:44","date_expiry":"2027-05-01 00:00:00","user_id":"2760","batch_number":"BritHairSkin2kg010527","location":"","quantity":"12.0000","quantity_available":"2.0000","units":"1","status":"active","order_ids":"[31805,33501,33596,36417,39551,40048]","supplier":"Brit","po":{"id":"6514","date_created":"2025-12-09 14:34:44","batch_id":"6569","po_number":"","supplier":"Brit","cost":null,"regular_price":null,"sale_price":null,"price_margin":null,"price_discount":null}}],"_links":{"self":[{"href":"https:\/\/petworld.ma\/index.php\/wp-json\/wp\/v2\/product\/5274","targetHints":{"allow":["GET"]}}],"collection":[{"href":"https:\/\/petworld.ma\/index.php\/wp-json\/wp\/v2\/product"}],"about":[{"href":"https:\/\/petworld.ma\/index.php\/wp-json\/wp\/v2\/types\/product"}],"wp:featuredmedia":[{"embeddable":true,"href":"https:\/\/petworld.ma\/index.php\/wp-json\/wp\/v2\/media\/5273"}],"wp:attachment":[{"href":"https:\/\/petworld.ma\/index.php\/wp-json\/wp\/v2\/media?parent=5274"}],"wp:term":[{"taxonomy":"product_brand","embeddable":true,"href":"https:\/\/petworld.ma\/index.php\/wp-json\/wp\/v2\/product_brand?post=5274"},{"taxonomy":"product_cat","embeddable":true,"href":"https:\/\/petworld.ma\/index.php\/wp-json\/wp\/v2\/product_cat?post=5274"},{"taxonomy":"product_tag","embeddable":true,"href":"https:\/\/petworld.ma\/index.php\/wp-json\/wp\/v2\/product_tag?post=5274"}],"curies":[{"name":"wp","href":"https:\/\/api.w.org\/{rel}","templated":true}]}}