{"id":5297,"date":"2023-12-06T10:36:42","date_gmt":"2023-12-06T10:36:42","guid":{"rendered":"https:\/\/petworld.ma\/?post_type=product&#038;p=5297"},"modified":"2026-04-27T12:26:46","modified_gmt":"2026-04-27T12:26:46","slug":"ownat-classic-sterilized-pour-chat-adulte-sterilise-4kg-15kg","status":"publish","type":"product","link":"https:\/\/petworld.ma\/index.php\/produit\/ownat-classic-sterilized-pour-chat-adulte-sterilise-4kg-15kg\/","title":{"rendered":"OWNAT Classic Sterilized pour chat adulte st\u00e9rilis\u00e9 (1.5kg | 4kg | 15kg)"},"content":{"rendered":"<div id=\"DESCR_TINY-bloc-1\" class=\"stylusBloc stylusBloc--unknown stylusBloc--autogen\">\n<div class=\"stylusBloc__content\">\n<div>En choisissant les croquettes\u00a0<strong>OWNAT Classic Sterilized<\/strong><strong>,\u00a0<\/strong>votre chat adulte st\u00e9rilis\u00e9 pourra se r\u00e9galer quotidiennement avec une alimentation saine compos\u00e9e d&rsquo;ingr\u00e9dients naturels comme de la viande fra\u00eeche de poulet, du riz complet, des l\u00e9gumes, des fruits frais, des plantes aromatiques ou encore de la levure de bi\u00e8re.<\/div>\n<\/div>\n<\/div>\n<div id=\"DESCR_TINY-bloc-2\" class=\"stylusBloc stylusBloc--text stylusBloc--autogen\">\n<div class=\"stylusBloc__content\">\n<div class=\"zms-title-div\">\n<div data-size=\"t1\"><\/div>\n<div class=\"zms-title\" data-size=\"t1\"><strong>Riche en prot\u00e9ines<\/strong><\/div>\n<\/div>\n<div class=\"zms-title-div\">\n<div class=\"zms-title\" data-size=\"t3\"><strong>36% de viande de poulet<\/strong><\/div>\n<\/div>\n<p>Apr\u00e8s st\u00e9rilisation, l&rsquo;alimentation du chat doit \u00eatre modifi\u00e9e. Il est alors essentiel de privil\u00e9gier des croquettes avec une faible teneur en mati\u00e8res grasses pour \u00e9viter la prise de poids, cette derni\u00e8re \u00e9tant tr\u00e8s fr\u00e9quente, et ayant fonction de pr\u00e9server l&rsquo;int\u00e9grit\u00e9 de son syst\u00e8me urinaire. Les\u00a0<strong>croquettes pour chat st\u00e9rilis\u00e9<\/strong>\u00a0<strong>OWNAT Classic Sterilized\u00a0<\/strong>sont parfaitement adapt\u00e9es \u00e0 ses besoins qui ont \u00e9volu\u00e9s.<\/p>\n<\/div>\n<\/div>\n<div id=\"DESCR_TINY-bloc-3\" class=\"stylusBloc stylusBloc--text\">\n<div class=\"stylusBloc__content\">\n<div class=\"zms-title-div\">\n<div class=\"zms-title\" data-size=\"t1\"><strong>Caract\u00e9ristiques<\/strong><\/div>\n<\/div>\n<div class=\"zms-title-div\">\n<div class=\"zms-title\" data-size=\"t3\"><strong>OWNAT Classic Sterilized pour chat adulte st\u00e9rilis\u00e9<\/strong><\/div>\n<\/div>\n<p>&#8211; Alimentation pour chat adulte st\u00e9rilis\u00e9 ;<br \/>\n&#8211; 36% de viande de poulet ;<br \/>\n&#8211; faible teneur en mati\u00e8res grasses ;<br \/>\n&#8211; sans colorants ni conservateurs.<\/p>\n<p><b>Conseils d\u2019utilisation :<\/b>\u00a0Les quantit\u00e9s indiqu\u00e9es sont les rations journali\u00e8res recommand\u00e9es. Conserver dans un endroit frais et sec. Toujours laisser de l\u2019eau propre et fra\u00eeche \u00e0 la port\u00e9e du chat. DLUO : 18 mois<\/p>\n<div class=\"zm-title\">TABLEAU DES RATIONS<\/div>\n<table class=\"table table-bordered table-striped\">\n<thead>\n<tr>\n<th colspan=\"20\">\u00c2ge : Adulte &#8211; Caract\u00e9ristique : St\u00e9rilis\u00e9<\/th>\n<\/tr>\n<\/thead>\n<tbody>\n<tr class=\"hidden-xs\">\n<td class=\"text-center\">1-3 kg<\/td>\n<td class=\"text-center\">3-4 kg<\/td>\n<td class=\"text-center\">4-5 kg<\/td>\n<\/tr>\n<tr>\n<td class=\"text-center\" data-label=\"Poids : 1-3 kg\">10-50 gr\/j<\/td>\n<td class=\"text-center\" data-label=\"Poids : 3-4 kg\">50-65 gr\/j<\/td>\n<td class=\"text-center\" data-label=\"Poids : 4-5 kg\">65-75 gr\/j<\/td>\n<\/tr>\n<\/tbody>\n<\/table>\n<\/div>\n<\/div>\n","protected":false},"excerpt":{"rendered":"<p>Croquettes pour chat adulte st\u00e9rilis\u00e9 \u2022 Viande fra\u00eeche de poulet \u2022 Teneur r\u00e9duite en mati\u00e8res grasses \u2022 Evite la prise de poids \u2022 Prot\u00e8ge le syst\u00e8me urinaire<\/p>\n","protected":false},"featured_media":1239,"template":"","meta":{"jetpack_publicize_message":"","jetpack_publicize_feature_enabled":true,"jetpack_social_post_already_shared":false,"jetpack_social_options":{"image_generator_settings":{"template":"highway","default_image_id":0,"font":"","enabled":false},"version":2}},"product_brand":[],"product_cat":[40],"product_tag":[],"class_list":{"0":"post-5297","1":"product","2":"type-product","3":"status-publish","4":"has-post-thumbnail","6":"product_cat-coquettes-pour-chat","8":"first","9":"instock","10":"taxable","11":"shipping-taxable","12":"purchasable","13":"product-type-variable"},"supplier_id":null,"supplier_sku":"","barcode":null,"atum_controlled":true,"out_stock_date":null,"out_stock_threshold":null,"inheritable":true,"inbound_stock":0,"stock_on_hold":12,"sold_today":3,"sales_last_days":20,"reserved_stock":0,"customer_returns":0,"warehouse_damage":0,"lost_in_post":0,"other_logs":0,"out_stock_days":0,"lost_sales":0,"has_location":false,"update_date":"2026-04-27T12:26:48","atum_locations":[],"atum_stock_status":"instock","restock_status":false,"low_stock_amount":"","sales_update_date":"2026-04-25T11:19:44","calc_backorders":null,"jetpack_publicize_connections":[],"jetpack_sharing_enabled":true,"batches":[],"_links":{"self":[{"href":"https:\/\/petworld.ma\/index.php\/wp-json\/wp\/v2\/product\/5297","targetHints":{"allow":["GET"]}}],"collection":[{"href":"https:\/\/petworld.ma\/index.php\/wp-json\/wp\/v2\/product"}],"about":[{"href":"https:\/\/petworld.ma\/index.php\/wp-json\/wp\/v2\/types\/product"}],"wp:featuredmedia":[{"embeddable":true,"href":"https:\/\/petworld.ma\/index.php\/wp-json\/wp\/v2\/media\/1239"}],"wp:attachment":[{"href":"https:\/\/petworld.ma\/index.php\/wp-json\/wp\/v2\/media?parent=5297"}],"wp:term":[{"taxonomy":"product_brand","embeddable":true,"href":"https:\/\/petworld.ma\/index.php\/wp-json\/wp\/v2\/product_brand?post=5297"},{"taxonomy":"product_cat","embeddable":true,"href":"https:\/\/petworld.ma\/index.php\/wp-json\/wp\/v2\/product_cat?post=5297"},{"taxonomy":"product_tag","embeddable":true,"href":"https:\/\/petworld.ma\/index.php\/wp-json\/wp\/v2\/product_tag?post=5297"}],"curies":[{"name":"wp","href":"https:\/\/api.w.org\/{rel}","templated":true}]}}