{"id":5334,"date":"2023-12-06T15:31:14","date_gmt":"2023-12-06T15:31:14","guid":{"rendered":"https:\/\/petworld.ma\/?post_type=product&#038;p=5334"},"modified":"2026-03-09T15:18:11","modified_gmt":"2026-03-09T15:18:11","slug":"coupe-ongles-trixie-pour-chiens-de-petite-et-moyenne-taille-16cm","status":"publish","type":"product","link":"https:\/\/petworld.ma\/index.php\/produit\/coupe-ongles-trixie-pour-chiens-de-petite-et-moyenne-taille-16cm\/","title":{"rendered":"Coupe ongles (Trixie) pour chiens de petite et moyenne taille 16cm"},"content":{"rendered":"<div class=\"row\">\n<div class=\"col\">\n<h2>Descriptif<\/h2>\n<\/div>\n<\/div>\n<div class=\"mb-3 row\">\n<div class=\"col\">\n<div class=\"description\">\n<ul>\n<li>\u00a0Fermeture s\u00e9curis\u00e9e<\/li>\n<li>\u00a0Avec limiteur suppl\u00e9mentaire pour \u00e9viter de couper la griffe trop court<\/li>\n<li>\u00a0En acier inoxydable<\/li>\n<li>\u00a0Poign\u00e9es en plastique avec rev\u00eatement anti-d\u00e9rapant en caoutchouc<\/li>\n<\/ul>\n<\/div>\n<\/div>\n<\/div>\n","protected":false},"excerpt":{"rendered":"<p>Descriptif \u00a0Fermeture s\u00e9curis\u00e9e \u00a0Avec limiteur suppl\u00e9mentaire pour \u00e9viter de couper la griffe trop court \u00a0En acier inoxydable \u00a0Poign\u00e9es en plastique avec rev\u00eatement anti-d\u00e9rapant en caoutchouc<\/p>\n","protected":false},"featured_media":5322,"template":"","meta":{"jetpack_publicize_message":"","jetpack_publicize_feature_enabled":true,"jetpack_social_post_already_shared":false,"jetpack_social_options":{"image_generator_settings":{"template":"highway","default_image_id":0,"font":"","enabled":false},"version":2}},"product_brand":[],"product_cat":[222,223],"product_tag":[],"class_list":{"0":"post-5334","1":"product","2":"type-product","3":"status-publish","4":"has-post-thumbnail","6":"product_cat-brosses-coupe-griffes","7":"product_cat-brosses-coupe-griffes-hygiene-et-soins","9":"first","10":"instock","11":"taxable","12":"shipping-taxable","13":"purchasable","14":"product-type-simple"},"supplier_id":5587,"supplier_sku":"","barcode":null,"atum_controlled":true,"out_stock_date":null,"out_stock_threshold":null,"inheritable":false,"inbound_stock":0,"stock_on_hold":0,"sold_today":0,"sales_last_days":0,"reserved_stock":0,"customer_returns":0,"warehouse_damage":0,"lost_in_post":0,"other_logs":0,"out_stock_days":0,"lost_sales":0,"has_location":false,"update_date":"2026-04-14T00:07:34","atum_locations":[],"atum_stock_status":"instock","restock_status":false,"low_stock_amount":0,"sales_update_date":"2026-04-14T00:07:34","calc_backorders":null,"jetpack_publicize_connections":[],"jetpack_sharing_enabled":true,"batches":[],"_links":{"self":[{"href":"https:\/\/petworld.ma\/index.php\/wp-json\/wp\/v2\/product\/5334","targetHints":{"allow":["GET"]}}],"collection":[{"href":"https:\/\/petworld.ma\/index.php\/wp-json\/wp\/v2\/product"}],"about":[{"href":"https:\/\/petworld.ma\/index.php\/wp-json\/wp\/v2\/types\/product"}],"wp:featuredmedia":[{"embeddable":true,"href":"https:\/\/petworld.ma\/index.php\/wp-json\/wp\/v2\/media\/5322"}],"wp:attachment":[{"href":"https:\/\/petworld.ma\/index.php\/wp-json\/wp\/v2\/media?parent=5334"}],"wp:term":[{"taxonomy":"product_brand","embeddable":true,"href":"https:\/\/petworld.ma\/index.php\/wp-json\/wp\/v2\/product_brand?post=5334"},{"taxonomy":"product_cat","embeddable":true,"href":"https:\/\/petworld.ma\/index.php\/wp-json\/wp\/v2\/product_cat?post=5334"},{"taxonomy":"product_tag","embeddable":true,"href":"https:\/\/petworld.ma\/index.php\/wp-json\/wp\/v2\/product_tag?post=5334"}],"curies":[{"name":"wp","href":"https:\/\/api.w.org\/{rel}","templated":true}]}}