{"id":5338,"date":"2023-12-06T21:45:15","date_gmt":"2023-12-06T21:45:15","guid":{"rendered":"https:\/\/petworld.ma\/?post_type=product&#038;p=5338"},"modified":"2026-05-14T11:02:10","modified_gmt":"2026-05-14T11:02:10","slug":"webbox-lick-e-lix-pour-chaton-et-chat-avec-plusieurs-saveurs-foie-saumon-poulet-yaghourt","status":"publish","type":"product","link":"https:\/\/petworld.ma\/index.php\/produit\/webbox-lick-e-lix-pour-chaton-et-chat-avec-plusieurs-saveurs-foie-saumon-poulet-yaghourt\/","title":{"rendered":"Webbox Lick-e-Lix pour chaton et chat avec plusieurs saveurs ( Saumon | Poulet | Boeuf | Saucisse de foie et herbe \u00e0 chat )"},"content":{"rendered":"<p><strong>Pour chat \u00e0 partir de l&rsquo;age de 3 mois.<\/strong><\/p>\n<p><strong>Produit import\u00e9 de l&rsquo;Angleterre.<\/strong><\/p>\n<p>Fabriqu\u00e9 avec une texture douce semblable \u00e0 un yaourt, Webbox Lick-e-Lix est le r\u00e9gal unique pour votre chat. Utilis\u00e9 comme une friandise savoureuse, garniture ou d\u00e9guisement pour les comprim\u00e9s \u00e9cras\u00e9s pour votre chat. Ces sachets savoureux et nutritifs constituent la g\u00e2terie quotidienne parfaite que votre chat adorera tout simplement\u00a0!<\/p>\n<p><strong>Composition:<\/strong><\/p>\n<ul>\n<li>Sans bl\u00e9 et sans c\u00e9r\u00e9ales<\/li>\n<li>Sans conservateurs ni colorants artificiels<\/li>\n<li>Sans sucre ajout\u00e9<\/li>\n<li>Saveur Foie : \u00a0Viandes et sous-produits animaux (4% de saucisson de foie), sous-produits d&rsquo;origine v\u00e9g\u00e9tale, lait et sous-produits laitiers, huiles et graisses, herbe \u00e0 chat (0,1%).<\/li>\n<li>Saveur Saumon: Viande et sous-produits animaux, poisson et sous-produits de poisson (saumon 4%), sous-produits d&rsquo;origine v\u00e9g\u00e9tale, lait et sous-produits de lait. Additifs <strong>:\u00a0<\/strong>Om\u00e9ga 3 &amp; 6 : 200mg\/kg<\/li>\n<li>Saveur Poulet: Viande et sous-produits animaux (poulet 4%), sous-produits d&rsquo;origine v\u00e9g\u00e9tale, lait et d\u00e9riv\u00e9s du lait. Additifs <strong style=\"color: #555555;\">: <\/strong>Zinc : 20mg\/kg<\/li>\n<\/ul>\n<div style=\"width: 720px;\" class=\"wp-video\"><video class=\"wp-video-shortcode\" id=\"video-5338-1\" width=\"720\" height=\"1280\" preload=\"metadata\" controls=\"controls\"><source type=\"video\/mp4\" src=\"https:\/\/petworld.ma\/wp-content\/uploads\/2023\/03\/WhatsApp-Video-2023-02-26-at-12.30.24-1.mp4?_=1\" \/><a href=\"https:\/\/petworld.ma\/wp-content\/uploads\/2023\/03\/WhatsApp-Video-2023-02-26-at-12.30.24-1.mp4\">https:\/\/petworld.ma\/wp-content\/uploads\/2023\/03\/WhatsApp-Video-2023-02-26-at-12.30.24-1.mp4<\/a><\/video><\/div>\n","protected":false},"excerpt":{"rendered":"<ul>\n<li><strong>Pour chat \u00e0 partir de l&rsquo;age de 3 mois.<\/strong><\/li>\n<li><strong>Produit import\u00e9 de l&rsquo;Angleterre.<\/strong><\/li>\n<\/ul>\n","protected":false},"featured_media":14733,"template":"","meta":{"jetpack_publicize_message":"","jetpack_publicize_feature_enabled":true,"jetpack_social_post_already_shared":true,"jetpack_social_options":{"image_generator_settings":{"template":"highway","default_image_id":0,"font":"","enabled":false},"version":2}},"product_brand":[],"product_cat":[41],"product_tag":[],"class_list":{"0":"post-5338","1":"product","2":"type-product","3":"status-publish","4":"has-post-thumbnail","6":"product_cat-friandises-et-pate-pour-chat","8":"first","9":"instock","10":"taxable","11":"shipping-taxable","12":"purchasable","13":"product-type-variable"},"supplier_id":null,"supplier_sku":"","barcode":null,"atum_controlled":true,"out_stock_date":null,"out_stock_threshold":null,"inheritable":true,"inbound_stock":0,"stock_on_hold":8,"sold_today":1,"sales_last_days":24,"reserved_stock":0,"customer_returns":0,"warehouse_damage":0,"lost_in_post":0,"other_logs":0,"out_stock_days":0,"lost_sales":0,"has_location":false,"update_date":"2026-05-14T19:35:41","atum_locations":[],"atum_stock_status":"instock","restock_status":false,"low_stock_amount":"","sales_update_date":"2026-05-07T15:09:00","calc_backorders":null,"jetpack_publicize_connections":[],"jetpack_sharing_enabled":true,"batches":[],"_links":{"self":[{"href":"https:\/\/petworld.ma\/index.php\/wp-json\/wp\/v2\/product\/5338","targetHints":{"allow":["GET"]}}],"collection":[{"href":"https:\/\/petworld.ma\/index.php\/wp-json\/wp\/v2\/product"}],"about":[{"href":"https:\/\/petworld.ma\/index.php\/wp-json\/wp\/v2\/types\/product"}],"wp:featuredmedia":[{"embeddable":true,"href":"https:\/\/petworld.ma\/index.php\/wp-json\/wp\/v2\/media\/14733"}],"wp:attachment":[{"href":"https:\/\/petworld.ma\/index.php\/wp-json\/wp\/v2\/media?parent=5338"}],"wp:term":[{"taxonomy":"product_brand","embeddable":true,"href":"https:\/\/petworld.ma\/index.php\/wp-json\/wp\/v2\/product_brand?post=5338"},{"taxonomy":"product_cat","embeddable":true,"href":"https:\/\/petworld.ma\/index.php\/wp-json\/wp\/v2\/product_cat?post=5338"},{"taxonomy":"product_tag","embeddable":true,"href":"https:\/\/petworld.ma\/index.php\/wp-json\/wp\/v2\/product_tag?post=5338"}],"curies":[{"name":"wp","href":"https:\/\/api.w.org\/{rel}","templated":true}]}}