{"id":5492,"date":"2023-12-12T13:35:13","date_gmt":"2023-12-12T13:35:13","guid":{"rendered":"https:\/\/petworld.ma\/?post_type=product&#038;p=5492"},"modified":"2026-04-28T17:43:40","modified_gmt":"2026-04-28T17:43:40","slug":"sachet-fraicheur-100g-deminces-au-boeuf-et-aux-legumes-en-sauce-chien-adulte","status":"publish","type":"product","link":"https:\/\/petworld.ma\/index.php\/produit\/sachet-fraicheur-100g-deminces-au-boeuf-et-aux-legumes-en-sauce-chien-adulte\/","title":{"rendered":"Sachet fra\u00eecheur 100g d&rsquo;\u00e9minc\u00e9s au BOEUF et aux L\u00e9gumes en sauce (chien adulte)"},"content":{"rendered":"<p>Chaque repas devient une f\u00eate avec les \u00e9minc\u00e9s en sauce au B\u0153uf et aux l\u00e9gumes Les Repas Plaisir! Une alimentation compl\u00e8te et \u00e9quilibr\u00e9e \u00e0 offrir chaque jour \u00e0 votre petit chien, riche en prot\u00e9ine d&rsquo;origine animale, avec un faible taux de mati\u00e8res grasses.\u00a0Elabor\u00e9e avec des v\u00e9t\u00e9rinaires.<\/p>\n<p><strong><u>Composition<\/u><\/strong><\/p>\n<p>Viandes et sous-produits animaux (dont b\u0153uf 4%), Sous-produits d&rsquo;origine v\u00e9g\u00e9tale, C\u00e9r\u00e9ales, L\u00e9gumes (0.4% de l\u00e9gumes d\u00e9shydrat\u00e9s, \u00e9quivalent \u00e0 4% de l\u00e9gumes), Substances min\u00e9rales, Sucres.<\/p>\n<p>Servir \u00e0 temp\u00e9rature ambiante. Pour un chien adulte en activit\u00e9 normale, donner en 1 ou 2 repas par jour les quantit\u00e9s indiqu\u00e9es. Il est recommand\u00e9 d&rsquo;adapter la quantit\u00e9 de nourriture au niveau d&rsquo;activit\u00e9, \u00e0 la race et \u00e0 l&rsquo;\u00e2ge de votre chien. Apr\u00e8s ouverture, conserver au r\u00e9frig\u00e9rateur (+4\u00b0C).<\/p>\n<p><strong><u>Mode d&#8217;emploi<\/u><\/strong><\/p>\n<table border=\"1\" width=\"544\" cellpadding=\"0\">\n<tbody>\n<tr>\n<td width=\"25.75187969924812%\">poids du chien adulte<br \/>\n(15 mois +)<\/td>\n<td width=\"18.23308270676692%\">3kg<\/td>\n<td width=\"18.60902255639098%\">5kg<\/td>\n<td width=\"18.796992481203006%\">7kg<\/td>\n<td width=\"18.60902255639098%\">10kg<\/td>\n<\/tr>\n<tr>\n<td width=\"25.75187969924812%\">ration journali\u00e8re<\/td>\n<td width=\"18.23308270676692%\">300g<\/td>\n<td width=\"18.60902255639098%\">425g<\/td>\n<td width=\"18.796992481203006%\">550g<\/td>\n<td width=\"18.60902255639098%\">725g<\/td>\n<\/tr>\n<\/tbody>\n<\/table>\n<p>&nbsp;<\/p>\n","protected":false},"excerpt":{"rendered":"<p>Chaque repas devient une f\u00eate avec les \u00e9minc\u00e9s en sauce au B\u0153uf et aux l\u00e9gumes Les Repas Plaisir! Une alimentation compl\u00e8te et \u00e9quilibr\u00e9e \u00e0 offrir chaque jour \u00e0 votre petit chien, riche en prot\u00e9ine d&rsquo;origine animale, avec un faible taux de mati\u00e8res grasses.\u00a0Elabor\u00e9e avec des v\u00e9t\u00e9rinaires. Composition Viandes et sous-produits animaux (dont b\u0153uf 4%), Sous-produits [&#8230;]\n","protected":false},"featured_media":27560,"template":"","meta":{"jetpack_publicize_message":"","jetpack_publicize_feature_enabled":true,"jetpack_social_post_already_shared":false,"jetpack_social_options":{"image_generator_settings":{"template":"highway","default_image_id":0,"font":"","enabled":false},"version":2}},"product_brand":[],"product_cat":[39],"product_tag":[],"class_list":{"0":"post-5492","1":"product","2":"type-product","3":"status-publish","4":"has-post-thumbnail","6":"product_cat-friandises-et-pates-pour-chien","8":"first","9":"instock","10":"sale","11":"taxable","12":"shipping-taxable","13":"purchasable","14":"product-type-simple"},"supplier_id":5587,"supplier_sku":"6783","barcode":null,"atum_controlled":true,"out_stock_date":null,"out_stock_threshold":null,"inheritable":false,"inbound_stock":0,"stock_on_hold":0,"sold_today":0,"sales_last_days":3,"reserved_stock":0,"customer_returns":0,"warehouse_damage":0,"lost_in_post":0,"other_logs":0,"out_stock_days":0,"lost_sales":0,"has_location":false,"update_date":"2026-05-01T00:15:31","atum_locations":[],"atum_stock_status":"instock","restock_status":false,"low_stock_amount":220,"sales_update_date":"2026-05-01T00:15:31","calc_backorders":null,"jetpack_publicize_connections":[],"jetpack_sharing_enabled":true,"batches":[{"id":"231","date_created":"2024-09-29 12:01:39","date_expiry":"2025-11-22 00:00:00","user_id":"1","batch_number":"PochonPlaisirBoeuf221125","location":"","quantity":"192.0000","quantity_available":"0.0000","units":"1","status":"archived","order_ids":"[13748,14454,14783,16112,16134,17060,18026,18636,19206,19656,20272,20359,20538,21829,22081,22498,22510,22579,22657]","supplier":"Royal Canin","po":{"id":"226","date_created":"2024-09-29 12:01:40","batch_id":"231","po_number":"","supplier":"Royal Canin","cost":null,"regular_price":null,"sale_price":null,"price_margin":null,"price_discount":null}},{"id":"911","date_created":"2024-11-22 16:08:25","date_expiry":"2026-05-01 00:00:00","user_id":"1","batch_number":"PochonPlaisirBoeuf010526","location":"","quantity":"22.0000","quantity_available":"0.0000","units":"1","status":"archived","order_ids":"[22657,23042,23159,23457,23574]","supplier":"Royal Canin","po":{"id":"886","date_created":"2024-11-22 16:08:25","batch_id":"911","po_number":"","supplier":"Royal Canin","cost":null,"regular_price":null,"sale_price":null,"price_margin":null,"price_discount":null}},{"id":"1604","date_created":"2025-01-10 21:29:14","date_expiry":"2026-10-01 00:00:00","user_id":"1","batch_number":"PochonPlaisirBoeuf011026","location":"","quantity":"22.0000","quantity_available":"0.0000","units":"1","status":"archived","order_ids":"[23574,23591,23630,23973,23996,24000]","supplier":"Royal Canin","po":{"id":"1578","date_created":"2025-01-10 21:29:16","batch_id":"1604","po_number":"","supplier":"Royal Canin","cost":null,"regular_price":null,"sale_price":null,"price_margin":null,"price_discount":null}},{"id":"4315","date_created":"2025-07-11 20:25:26","date_expiry":"2027-05-01 00:00:00","user_id":"1","batch_number":"PochonPlaisirBoeuf010527","location":"","quantity":"220.0000","quantity_available":"0.0000","units":"1","status":"archived","order_ids":"[24984,25312,26435,26455,26475,27195,27675,28151,28689,29113,29717,30977,31402,31726,33215,33514,34654,34662,34699,37227,37717]","supplier":"Royal Canin","po":{"id":"4278","date_created":"2025-07-11 20:25:27","batch_id":"4315","po_number":"","supplier":"Royal Canin","cost":null,"regular_price":null,"sale_price":null,"price_margin":null,"price_discount":null}},{"id":"5392","date_created":"2025-09-20 12:12:51","date_expiry":"2027-05-01 00:00:00","user_id":"1","batch_number":"PochonPlaisirBoeuf010527","location":"","quantity":"440.0000","quantity_available":"421.0000","units":"1","status":"active","order_ids":"[38417,38528,39654,40740,40925]","supplier":"Royal Canin","po":{"id":"5349","date_created":"2025-09-20 12:12:52","batch_id":"5392","po_number":"","supplier":"Royal Canin","cost":null,"regular_price":null,"sale_price":null,"price_margin":null,"price_discount":null}}],"_links":{"self":[{"href":"https:\/\/petworld.ma\/index.php\/wp-json\/wp\/v2\/product\/5492","targetHints":{"allow":["GET"]}}],"collection":[{"href":"https:\/\/petworld.ma\/index.php\/wp-json\/wp\/v2\/product"}],"about":[{"href":"https:\/\/petworld.ma\/index.php\/wp-json\/wp\/v2\/types\/product"}],"wp:featuredmedia":[{"embeddable":true,"href":"https:\/\/petworld.ma\/index.php\/wp-json\/wp\/v2\/media\/27560"}],"wp:attachment":[{"href":"https:\/\/petworld.ma\/index.php\/wp-json\/wp\/v2\/media?parent=5492"}],"wp:term":[{"taxonomy":"product_brand","embeddable":true,"href":"https:\/\/petworld.ma\/index.php\/wp-json\/wp\/v2\/product_brand?post=5492"},{"taxonomy":"product_cat","embeddable":true,"href":"https:\/\/petworld.ma\/index.php\/wp-json\/wp\/v2\/product_cat?post=5492"},{"taxonomy":"product_tag","embeddable":true,"href":"https:\/\/petworld.ma\/index.php\/wp-json\/wp\/v2\/product_tag?post=5492"}],"curies":[{"name":"wp","href":"https:\/\/api.w.org\/{rel}","templated":true}]}}