{"id":5520,"date":"2023-12-13T18:47:26","date_gmt":"2023-12-13T18:47:26","guid":{"rendered":"https:\/\/petworld.ma\/?post_type=product&#038;p=5520"},"modified":"2026-04-26T09:54:34","modified_gmt":"2026-04-26T09:54:34","slug":"brit-care-cat-grain-free-sterilise-urinary-health-2kg-ou-7kg","status":"publish","type":"product","link":"https:\/\/petworld.ma\/index.php\/produit\/brit-care-cat-grain-free-sterilise-urinary-health-2kg-ou-7kg\/","title":{"rendered":"Brit Care Cat Grain-Free St\u00e9rilis\u00e9 Urinary Health (2kg ou 7kg)"},"content":{"rendered":"<div class=\"hidden-xs\"><strong>Aliment complet pour chats adultes et st\u00e9rilis\u00e9s.<\/strong><\/div>\n<p>Formule hypoallerg\u00e9nique et sans bl\u00e9, pour la sant\u00e9 des reins et des voies urinaires ; contient des fruits et des herbes, riches en antioxydants naturels et en vitamine E, qui prot\u00e8gent le corps contre les radicaux libres et pr\u00e9servent la force du syst\u00e8me immunitaire de votre chat.<\/p>\n<ul>\n<li>Le POULET FRAIS est une viande di\u00e9t\u00e9tique parfaitement digestible qui pr\u00e9serve la sant\u00e9 du tube digestif et am\u00e9liore la qualit\u00e9 de la peau et du pelage des chats st\u00e9rilis\u00e9s.<\/li>\n<li>L\u2018ARGOUSIER contribue \u00e0 la sant\u00e9 des reins et des voies urinaires. La faible teneur en magn\u00e9sium et en L-m\u00e9thionine aide \u00e0 maintenir un pH urinaire optimal de 6,0 \u00e0 6,5.<\/li>\n<li>La CAPUCINE est un antibiotique naturel. Elle agit pr\u00e9ventivement contre la formation de calculs urinaires chez les chats st\u00e9rilis\u00e9s et \u00e2g\u00e9s. Elle a de puissants effets antibact\u00e9riens et antiseptiques.<\/li>\n<li>Les PROBIOTIQUES ET PR\u00c9BIOTIQUES aident \u00e0 maintenir les intestins et le syst\u00e8me immunitaire en bonne sant\u00e9.<\/li>\n<li>SANS c\u00e9r\u00e9ales &#8211; SANS colorants &#8211; SANS conservateurs &#8211; SANS OGM &#8211; SANS soja<\/li>\n<\/ul>\n<p class=\"composition\"><strong>Composition:<\/strong>\u00a0poulet frais (26 %), poulet d\u00e9shydrat\u00e9 (26 %), pois jaunes (18 %), pois chiches (8 %), pommes s\u00e8ches (7 %), graisse de volaille (conserv\u00e9e avec des tocoph\u00e9rols, 5 %), huile de saumon ( 2 %), foie de poulet hydrolys\u00e9 (2 %), levure de bi\u00e8re (2 %), graines et cosses de psyllium (1 %), graines de lin (1 %), capucine s\u00e8che (0,5 %), camomille s\u00e8che (0,5%) %), min\u00e9raux, argousier sec (0,3 %), canneberges s\u00e8ches (0,2 %), fructo-oligosaccharides (0,015 %), mannane oligo-saccharides 0,015 %), yucca schidigera (0,008 %), Lactobacillus acidophilus HA &#8211; 122 inactiv\u00e9s (15&#215;10 9 cellules \/ kg).<\/p>\n<p><strong>Composants analytiques:<\/strong>\u00a0prot\u00e9ines brutes 32,0 %, mati\u00e8res grasses brutes 13,0 %, fibres brutes 3,5 %, cendres brutes 9,0 %, humidit\u00e9 10,0 %, om\u00e9ga-3 0,3 %, om\u00e9ga-6 1, 5 %, calcium 0,8 %, phosphore 0,7 %, sodium 1,0 %, magn\u00e9sium 0,04 %.<\/p>\n<p><strong>Ingr\u00e9dients:<\/strong>\u00a0vitamine A (3a672a) 20000 UI, vitamine D 3 (E671) 800 UI, vitamine E (3a700) 600 mg, vitamine C (3a312) 300 mg, taurine (3a370) 2500 mg, L- carnitine (3a910) 100 mg de chlorure de choline (3a890) 2 500 mg, biotine (3a880) 2 mg, vitamine B 1 ( 3a821 ) 10 mg de vitamine B 2 12 mg, niacinamide (3a315) 50 mg de pantoth\u00e9nate de D-calcium (3a841 ) 40 mg, vitamine B 6 (3a831) 10 mg, acide folique (3a316) 2 mg, vitamine B 12 0,04 mg, zinc (3b606) 120 mg, fer (3b106) 45 mg, mangan\u00e8se (3b504) 55 mg, iodure de potassium (3b201) 4 mg, cuivre (3b406) 10 mg, s\u00e9l\u00e9nium (3b8.10) 0,2 mg, L-m\u00e9thionine (3c305) 4000 mg. Contient des antioxydants naturels approuv\u00e9s par l\u2019UE : extraits de tocoph\u00e9rol tir\u00e9s d&rsquo;huiles v\u00e9g\u00e9tales (1b306), palmitate d&rsquo;ascorbyle (1b304) et extrait de romarin.<\/p>\n<p><strong>Metabolizable energy:<\/strong> 3,590 kcal\/kg<\/p>\n","protected":false},"excerpt":{"rendered":"<p>Aliment complet pour chats adultes et st\u00e9rilis\u00e9s. Formule hypoallerg\u00e9nique et sans bl\u00e9, pour la sant\u00e9 des reins et des voies urinaires ; contient des fruits et des herbes, riches en antioxydants naturels et en vitamine E, qui prot\u00e8gent le corps contre les radicaux libres et pr\u00e9servent la force du syst\u00e8me immunitaire de votre chat. Le [&#8230;]\n","protected":false},"featured_media":1382,"template":"","meta":{"jetpack_publicize_message":"","jetpack_publicize_feature_enabled":true,"jetpack_social_post_already_shared":false,"jetpack_social_options":{"image_generator_settings":{"template":"highway","default_image_id":0,"font":"","enabled":false},"version":2}},"product_brand":[],"product_cat":[40],"product_tag":[],"class_list":{"0":"post-5520","1":"product","2":"type-product","3":"status-publish","4":"has-post-thumbnail","6":"product_cat-coquettes-pour-chat","8":"first","9":"instock","10":"taxable","11":"shipping-taxable","12":"purchasable","13":"product-type-variable"},"supplier_id":null,"supplier_sku":"","barcode":null,"atum_controlled":true,"out_stock_date":null,"out_stock_threshold":null,"inheritable":true,"inbound_stock":0,"stock_on_hold":2,"sold_today":0,"sales_last_days":11,"reserved_stock":0,"customer_returns":0,"warehouse_damage":0,"lost_in_post":0,"other_logs":0,"out_stock_days":0,"lost_sales":0,"has_location":false,"update_date":"2026-04-28T09:30:21","atum_locations":[],"atum_stock_status":"instock","restock_status":false,"low_stock_amount":"","sales_update_date":"2026-04-27T16:48:30","calc_backorders":null,"jetpack_publicize_connections":[],"jetpack_sharing_enabled":true,"batches":[],"_links":{"self":[{"href":"https:\/\/petworld.ma\/index.php\/wp-json\/wp\/v2\/product\/5520","targetHints":{"allow":["GET"]}}],"collection":[{"href":"https:\/\/petworld.ma\/index.php\/wp-json\/wp\/v2\/product"}],"about":[{"href":"https:\/\/petworld.ma\/index.php\/wp-json\/wp\/v2\/types\/product"}],"wp:featuredmedia":[{"embeddable":true,"href":"https:\/\/petworld.ma\/index.php\/wp-json\/wp\/v2\/media\/1382"}],"wp:attachment":[{"href":"https:\/\/petworld.ma\/index.php\/wp-json\/wp\/v2\/media?parent=5520"}],"wp:term":[{"taxonomy":"product_brand","embeddable":true,"href":"https:\/\/petworld.ma\/index.php\/wp-json\/wp\/v2\/product_brand?post=5520"},{"taxonomy":"product_cat","embeddable":true,"href":"https:\/\/petworld.ma\/index.php\/wp-json\/wp\/v2\/product_cat?post=5520"},{"taxonomy":"product_tag","embeddable":true,"href":"https:\/\/petworld.ma\/index.php\/wp-json\/wp\/v2\/product_tag?post=5520"}],"curies":[{"name":"wp","href":"https:\/\/api.w.org\/{rel}","templated":true}]}}