{"id":5682,"date":"2023-12-24T21:25:59","date_gmt":"2023-12-24T21:25:59","guid":{"rendered":"https:\/\/petworld.ma\/?post_type=product&#038;p=5682"},"modified":"2026-04-25T09:12:05","modified_gmt":"2026-04-25T09:12:05","slug":"mera-chaton-kitten-toutes-races-au-poulet-10kg","status":"publish","type":"product","link":"https:\/\/petworld.ma\/index.php\/produit\/mera-chaton-kitten-toutes-races-au-poulet-10kg\/","title":{"rendered":"Mera Chaton\/kitten toutes Races au poulet 2kg | 10kg"},"content":{"rendered":"<div class=\"elementor-element elementor-element-706fcd6 elementor-widget elementor-widget-woocommerce-product-content\" data-id=\"706fcd6\" data-element_type=\"widget\" data-widget_type=\"woocommerce-product-content.default\">\n<div class=\"elementor-widget-container\">\n<div class=\"product-short-infos-before\">\n<p><strong>Kitten Chicken<\/strong> est une nourriture s\u00e8che savoureuse et adapt\u00e9e \u00e0 l&rsquo;esp\u00e8ce pour les chats en croissance.<\/p>\n<\/div>\n<div class=\"product-advantages\">\n<div class=\"product-advantages-list\">\n<div class=\"product-advantages-item\">\n<div class=\"product-advantages-item-text text-green\">\n<ul>\n<li class=\"product-advantages-item-header\"><strong>Avec 86%* de prot\u00e9ines animales<\/strong><\/li>\n<li class=\"product-advantages-item-header\"><strong>0% additifs, c\u00e9r\u00e9ales, sucre<\/strong><\/li>\n<li class=\"product-advantages-item-header\"><strong>Avec du poulet bien-\u00eatre animal<\/strong><\/li>\n<\/ul>\n<\/div>\n<\/div>\n<div class=\"product-advantages-item\">\n<div class=\"product-advantages-item-text text-green\">\n<div class=\"product-advantages-item-subheader\"><strong style=\"color: #555555;\">2. &#8211; 12. MOIS DE VIE :<\/strong><span style=\"color: #555555;\">\u00a0Aliment id\u00e9al pour votre chaton du 2\u00e8me mois de vie jusqu&rsquo;\u00e0 la fin du 12\u00e8me mois.<\/span><\/div>\n<\/div>\n<\/div>\n<\/div>\n<\/div>\n<div class=\"product-short-infos\">\n<p><strong>POUR UN SYST\u00c8ME IMMUNITAIRE FORT\u00a0:<\/strong>\u00a0Le colostrum, les mannan-oligosaccharides et les b\u00eata-glucanes soutiennent le syst\u00e8me immunitaire de votre chaton dans sa d\u00e9fense contre les agents pathog\u00e8nes.<\/p>\n<h3>Composition<\/h3>\n<p>Prot\u00e9ines de poulet (s\u00e9ch\u00e9es, dont 20% provenant des fermes \u00ab\u00a0Initiative Tierwohl\u00a0\u00bb), viande fra\u00eeche de poulet (14%), flocons de pommes de terre, pois, graisse de volaille, lignocellulose, f\u00e9cule de pomme de terre, hydrolysat de prot\u00e9ines de volaille, poudre d&rsquo;\u0153uf, pulpe de betterave s\u00e9ch\u00e9e, graines de lin. , prot\u00e9ines de pomme de terre, huile de saumon, huile de tournesol, min\u00e9raux, colostrum (0,5%), inuline de chicor\u00e9e, parois cellulaires de levure (0,2%, riches en mannan-oligosaccharides et b\u00eata-glucanes).<\/p>\n<h3>Constituants analytiques<\/h3>\n<p>Prot\u00e9ines 35%, Teneur en mati\u00e8res grasses 20%, Cellulose brute 4%, Cendres brutes 7,9%, Calcium 1,5%, Phosphore 1,1%, Sodium 0,4%, Magn\u00e9sium 0,1%.<\/p>\n<h3>Additifs par kg<\/h3>\n<p><strong>Additifs nutritionnels :<\/strong>\u00a0Vitamine A 16.000IE, vitamine D3 1.600IE, vitamine E 300mg, vitamine C 100mg, taurine 2.000mg, cuivre (sous forme de sulfate de cuivre (II), pentahydrat\u00e9) 15mg, zinc (sous forme de sulfate de zinc, monohydrat\u00e9) 130mg, fer ( sous forme de sulfate de fer (II), monohydrat\u00e9) 220 mg, mangan\u00e8se (sous forme de sulfate de mangan\u00e8se (II), monohydrat\u00e9) 35 mg, iode (sous forme d&rsquo;iodate de calcium, anhydre) 1,8 mg, s\u00e9l\u00e9nium (sous forme de s\u00e9l\u00e9nite de sodium) 0,4 mg.<\/p>\n<p><strong>Additifs technologiques<\/strong>\u00a0: Antioxydant.<\/p>\n<\/div>\n<\/div>\n<\/div>\n","protected":false},"excerpt":{"rendered":"<p>Fabriqu\u00e9 en allemagne<\/p>\n","protected":false},"featured_media":5684,"template":"","meta":{"jetpack_publicize_message":"","jetpack_publicize_feature_enabled":true,"jetpack_social_post_already_shared":false,"jetpack_social_options":{"image_generator_settings":{"template":"highway","default_image_id":0,"font":"","enabled":false},"version":2}},"product_brand":[],"product_cat":[40],"product_tag":[],"class_list":{"0":"post-5682","1":"product","2":"type-product","3":"status-publish","4":"has-post-thumbnail","6":"product_cat-coquettes-pour-chat","8":"first","9":"instock","10":"taxable","11":"shipping-taxable","12":"purchasable","13":"product-type-variable"},"supplier_id":5588,"supplier_sku":"","barcode":null,"atum_controlled":true,"out_stock_date":null,"out_stock_threshold":null,"inheritable":true,"inbound_stock":0,"stock_on_hold":2,"sold_today":0,"sales_last_days":1,"reserved_stock":0,"customer_returns":0,"warehouse_damage":0,"lost_in_post":0,"other_logs":0,"out_stock_days":0,"lost_sales":0,"has_location":false,"update_date":"2026-04-25T09:12:06","atum_locations":[],"atum_stock_status":"instock","restock_status":false,"low_stock_amount":"","sales_update_date":"2026-04-25T08:53:39","calc_backorders":null,"jetpack_publicize_connections":[],"jetpack_sharing_enabled":true,"batches":[],"_links":{"self":[{"href":"https:\/\/petworld.ma\/index.php\/wp-json\/wp\/v2\/product\/5682","targetHints":{"allow":["GET"]}}],"collection":[{"href":"https:\/\/petworld.ma\/index.php\/wp-json\/wp\/v2\/product"}],"about":[{"href":"https:\/\/petworld.ma\/index.php\/wp-json\/wp\/v2\/types\/product"}],"wp:featuredmedia":[{"embeddable":true,"href":"https:\/\/petworld.ma\/index.php\/wp-json\/wp\/v2\/media\/5684"}],"wp:attachment":[{"href":"https:\/\/petworld.ma\/index.php\/wp-json\/wp\/v2\/media?parent=5682"}],"wp:term":[{"taxonomy":"product_brand","embeddable":true,"href":"https:\/\/petworld.ma\/index.php\/wp-json\/wp\/v2\/product_brand?post=5682"},{"taxonomy":"product_cat","embeddable":true,"href":"https:\/\/petworld.ma\/index.php\/wp-json\/wp\/v2\/product_cat?post=5682"},{"taxonomy":"product_tag","embeddable":true,"href":"https:\/\/petworld.ma\/index.php\/wp-json\/wp\/v2\/product_tag?post=5682"}],"curies":[{"name":"wp","href":"https:\/\/api.w.org\/{rel}","templated":true}]}}