{"id":5817,"date":"2023-12-31T21:42:40","date_gmt":"2023-12-31T21:42:40","guid":{"rendered":"https:\/\/petworld.ma\/?post_type=product&#038;p=5817"},"modified":"2026-04-28T21:52:48","modified_gmt":"2026-04-28T21:52:48","slug":"brit-premium-pochon-poulet-et-dinde-pour-chat-100g","status":"publish","type":"product","link":"https:\/\/petworld.ma\/index.php\/produit\/brit-premium-pochon-poulet-et-dinde-pour-chat-100g\/","title":{"rendered":"Brit Premium Pochon Poulet et Dinde pour chat 100g"},"content":{"rendered":"<p><strong>DINDE ET POULET EN SAUCE.\u00a0<\/strong>ALIMENT HUMIDE COMPLET PREMIUM POUR CHAT ADULTE. Les variantes de saveur respectent les pr\u00e9f\u00e9rences naturelles des chats et leurs besoins nutritionnels en termes d\u2019\u00e2ge ou de nutrition particuli\u00e8re. Le d\u00e9licieux jus souligne le go\u00fbt des morceaux de viande et fournit au chat les liquides n\u00e9cessaires.<\/p>\n<p>Les variantes de saveur respectent les pr\u00e9f\u00e9rences naturelles des chats et leurs besoins nutritionnels en termes d\u2019\u00e2ge ou de nutrition particuli\u00e8re. Le d\u00e9licieux jus souligne le go\u00fbt des morceaux de viande et fournit au chat les liquides n\u00e9cessaires.<\/p>\n<p class=\"composition\"><strong>Composition :<\/strong>\u00a078% viandes et sous-produits animaux en morceaux (8% de poulet, 8% de dinde), sous-produits d&rsquo;origine v\u00e9g\u00e9tale (0,4% d&rsquo;inuline), min\u00e9raux.\u00a0Sans colorants, sans conservateurs.<\/p>\n<p><strong>Ingr\u00e9dients analytiques :<\/strong>\u00a0prot\u00e9ines brutes 8,5 %, teneur en mati\u00e8res grasses 4,5 %, cendres brutes 2,5 %, fibres brutes 0,4 %, humidit\u00e9 82 %.<\/p>\n<p><strong>Composition nutritionnelle :<\/strong>\u00a0Vitamine D3(E671) 250 UI, Vitamine E (\u03b1-tocoph\u00e9rol) (3a700) 100 mg, Zinc (3b606) 10 mg, Mangan\u00e8se (E5) 2 mg, Iode (3b201) 0,7 mg, Cuivre (E4) 0,2 mg, Taurine (3a370) 450 mg, Biotine 0,1 mg.<\/p>\n","protected":false},"excerpt":{"rendered":"<p>DINDE ET POULET EN SAUCE.\u00a0ALIMENT HUMIDE COMPLET PREMIUM POUR CHAT ADULTE. Les variantes de saveur respectent les pr\u00e9f\u00e9rences naturelles des chats et leurs besoins nutritionnels en termes d\u2019\u00e2ge ou de nutrition particuli\u00e8re. Le d\u00e9licieux jus souligne le go\u00fbt des morceaux de viande et fournit au chat les liquides n\u00e9cessaires. Les variantes de saveur respectent les [&#8230;]\n","protected":false},"featured_media":5818,"template":"","meta":{"jetpack_publicize_message":"","jetpack_publicize_feature_enabled":true,"jetpack_social_post_already_shared":false,"jetpack_social_options":{"image_generator_settings":{"template":"highway","default_image_id":0,"font":"","enabled":false},"version":2}},"product_brand":[],"product_cat":[41],"product_tag":[],"class_list":{"0":"post-5817","1":"product","2":"type-product","3":"status-publish","4":"has-post-thumbnail","6":"product_cat-friandises-et-pate-pour-chat","8":"first","9":"instock","10":"taxable","11":"shipping-taxable","12":"purchasable","13":"product-type-simple"},"supplier_id":5590,"supplier_sku":"","barcode":null,"atum_controlled":true,"out_stock_date":null,"out_stock_threshold":null,"inheritable":false,"inbound_stock":0,"stock_on_hold":0,"sold_today":0,"sales_last_days":19,"reserved_stock":0,"customer_returns":0,"warehouse_damage":0,"lost_in_post":0,"other_logs":0,"out_stock_days":0,"lost_sales":0,"has_location":false,"update_date":"2026-05-02T17:39:21","atum_locations":[],"atum_stock_status":"instock","restock_status":false,"low_stock_amount":24,"sales_update_date":"2026-05-02T17:39:21","calc_backorders":null,"jetpack_publicize_connections":[],"jetpack_sharing_enabled":true,"batches":[{"id":"850","date_created":"2024-11-15 17:01:06","date_expiry":"2026-07-22 00:00:00","user_id":"2760","batch_number":"BritPochonPouletDind220726","location":"","quantity":"48.0000","quantity_available":"0.0000","units":"1","status":"archived","order_ids":"[14613,14705,14786,14835,14859,14900,15441,15451,15907,16165,16228,16277]","supplier":"Brit","po":{"id":"826","date_created":"2024-11-15 17:01:06","batch_id":"850","po_number":"","supplier":"Brit","cost":null,"regular_price":null,"sale_price":null,"price_margin":null,"price_discount":null}},{"id":"1323","date_created":"2024-12-20 21:29:28","date_expiry":"2026-07-22 00:00:00","user_id":"2760","batch_number":"BritPochonPouletDind220726","location":"","quantity":"24.0000","quantity_available":"0.0000","units":"1","status":"archived","order_ids":"[16277,16443,16667,16720,17013,17094]","supplier":"BRIT","po":{"id":"1297","date_created":"2024-12-20 21:29:31","batch_id":"1323","po_number":"","supplier":"BRIT","cost":null,"regular_price":null,"sale_price":null,"price_margin":null,"price_discount":null}},{"id":"1324","date_created":"2024-12-20 21:29:33","date_expiry":"2026-07-22 00:00:00","user_id":"2760","batch_number":"BritPochonPouletDind220726","location":"","quantity":"24.0000","quantity_available":"0.0000","units":"1","status":"archived","order_ids":"[17094]","supplier":"BRIT","po":{"id":"1298","date_created":"2024-12-20 21:29:35","batch_id":"1324","po_number":"","supplier":"BRIT","cost":null,"regular_price":null,"sale_price":null,"price_margin":null,"price_discount":null}},{"id":"1951","date_created":"2025-02-11 21:33:49","date_expiry":"2026-08-26 00:00:00","user_id":"2760","batch_number":"BritPochonPouletDind260826NEW","location":"","quantity":"48.0000","quantity_available":"0.0000","units":"1","status":"archived","order_ids":"[18055,18097,18320,18438,18497,18990,19037,19162,19452]","supplier":"Brit","po":{"id":"1923","date_created":"2025-02-11 21:33:52","batch_id":"1951","po_number":"","supplier":"Brit","cost":null,"regular_price":null,"sale_price":null,"price_margin":null,"price_discount":null}},{"id":"2323","date_created":"2025-03-08 09:38:33","date_expiry":"2026-11-25 00:00:00","user_id":"2760","batch_number":"BritPochonPouletDind251126","location":"","quantity":"24.0000","quantity_available":"0.0000","units":"1","status":"archived","order_ids":"[19452,19525,19724,20254,20311]","supplier":"Brit","po":{"id":"2291","date_created":"2025-03-08 09:38:36","batch_id":"2323","po_number":"","supplier":"Brit","cost":null,"regular_price":null,"sale_price":null,"price_margin":null,"price_discount":null}},{"id":"2633","date_created":"2025-03-30 22:24:41","date_expiry":"2026-11-26 00:00:00","user_id":"2760","batch_number":"BritPochonPouletDind261126","location":"","quantity":"120.0000","quantity_available":"0.0000","units":"1","status":"archived","order_ids":"[20868,20892,21520,21872,21939,21954,22179,22717,22891,25346,25371,25418,25540,25631,25664,25703,26039,26159,26161,26162,26460,26472,27767,28108]","supplier":"BRIT","po":{"id":"2601","date_created":"2025-03-30 22:24:44","batch_id":"2633","po_number":"","supplier":"BRIT","cost":null,"regular_price":null,"sale_price":null,"price_margin":null,"price_discount":null}},{"id":"3831","date_created":"2025-06-04 22:19:18","date_expiry":"2026-08-26 00:00:00","user_id":"2760","batch_number":"BritPochonPouletDind260826","location":"","quantity":"72.0000","quantity_available":"0.0000","units":"1","status":"archived","order_ids":"[23129,23299,23333,23360,23393,23626,23711,23759,23838,24004,24067,24250,24894,25057,25101,25228,25346]","supplier":"Brit","po":{"id":"3795","date_created":"2025-06-04 22:19:19","batch_id":"3831","po_number":"","supplier":"Brit","cost":null,"regular_price":null,"sale_price":null,"price_margin":null,"price_discount":null}},{"id":"4729","date_created":"2025-08-08 10:21:40","date_expiry":"2027-01-27 00:00:00","user_id":"2760","batch_number":"BritPochonPouletDind270127","location":"","quantity":"192.0000","quantity_available":"7.0000","units":"1","status":"active","order_ids":"[28108,28186,28289,28427,28885,29688,29825,30007,30315,30508,30634,30698,30768,30881,31096,31117,31397,31665,31892,32213,32363,32580,32812,33011,33892,34048,34209,34599,34821,35156,35450,35467,36706,37418,37873,38189,38322,38395,38575,38633,39134,39195,40507,40453,40943,40947]","supplier":" BRIT","po":{"id":"4693","date_created":"2025-08-08 10:21:40","batch_id":"4729","po_number":"","supplier":" BRIT","cost":null,"regular_price":null,"sale_price":null,"price_margin":null,"price_discount":null}},{"id":"6554","date_created":"2025-12-09 11:41:12","date_expiry":"2027-03-30 00:00:00","user_id":"2760","batch_number":"BritPochonPouletDind300327","location":"","quantity":"48.0000","quantity_available":"48.0000","units":"1","status":"active","order_ids":null,"supplier":"Brit","po":{"id":"6499","date_created":"2025-12-09 11:41:13","batch_id":"6554","po_number":"","supplier":"Brit","cost":null,"regular_price":null,"sale_price":null,"price_margin":null,"price_discount":null}}],"_links":{"self":[{"href":"https:\/\/petworld.ma\/index.php\/wp-json\/wp\/v2\/product\/5817","targetHints":{"allow":["GET"]}}],"collection":[{"href":"https:\/\/petworld.ma\/index.php\/wp-json\/wp\/v2\/product"}],"about":[{"href":"https:\/\/petworld.ma\/index.php\/wp-json\/wp\/v2\/types\/product"}],"wp:featuredmedia":[{"embeddable":true,"href":"https:\/\/petworld.ma\/index.php\/wp-json\/wp\/v2\/media\/5818"}],"wp:attachment":[{"href":"https:\/\/petworld.ma\/index.php\/wp-json\/wp\/v2\/media?parent=5817"}],"wp:term":[{"taxonomy":"product_brand","embeddable":true,"href":"https:\/\/petworld.ma\/index.php\/wp-json\/wp\/v2\/product_brand?post=5817"},{"taxonomy":"product_cat","embeddable":true,"href":"https:\/\/petworld.ma\/index.php\/wp-json\/wp\/v2\/product_cat?post=5817"},{"taxonomy":"product_tag","embeddable":true,"href":"https:\/\/petworld.ma\/index.php\/wp-json\/wp\/v2\/product_tag?post=5817"}],"curies":[{"name":"wp","href":"https:\/\/api.w.org\/{rel}","templated":true}]}}