{"id":5850,"date":"2024-01-02T15:59:33","date_gmt":"2024-01-02T15:59:33","guid":{"rendered":"https:\/\/petworld.ma\/?post_type=product&#038;p=5850"},"modified":"2026-03-16T10:05:43","modified_gmt":"2026-03-16T10:05:43","slug":"toy-tasty-bone-chiken-os-en-nylon-saveur-poulet","status":"publish","type":"product","link":"https:\/\/petworld.ma\/index.php\/produit\/toy-tasty-bone-chiken-os-en-nylon-saveur-poulet\/","title":{"rendered":"Toy Tasty Bone Chiken (Os en nylon saveur poulet)"},"content":{"rendered":"<div class=\"rte\">\n<p>Notre gamme Super Tough est compos\u00e9e \u00e0 100 % de nylon vierge ;\u00a0garanti pour durer.\u00a0Comme tous nos produits \u00e0 m\u00e2cher en nylon, ce produit TastyBone a \u00e9t\u00e9 test\u00e9 sur les m\u00e2cheurs les plus vigoureux.\u00a0Infus\u00e9 de mani\u00e8re unique avec des saveurs irr\u00e9sistibles jusqu&rsquo;au c\u0153ur, votre chien ne s&rsquo;ennuiera jamais, car la saveur durera toute la vie de l&rsquo;os.\u00a0\u00c0 chaque bouch\u00e9e, les gencives et les dents de votre chien deviennent plus fortes et plus saines, prot\u00e9geant ainsi contre les infections, la perte de dents et les frais v\u00e9t\u00e9rinaires.\u00a0Cet os a une saveur de poulet d\u00e9licieusement d\u00e9licieuse et est con\u00e7u pour les chiens jouets, petits, moyens, grands et g\u00e9ants.<\/p>\n<p>Taille: 17cm (pour chien moyen +25kg)<\/p>\n<\/div>\n","protected":false},"excerpt":{"rendered":"<p>Notre gamme Super Tough est compos\u00e9e \u00e0 100 % de nylon vierge ;\u00a0garanti pour durer.\u00a0Comme tous nos produits \u00e0 m\u00e2cher en nylon, ce produit TastyBone a \u00e9t\u00e9 test\u00e9 sur les m\u00e2cheurs les plus vigoureux.\u00a0Infus\u00e9 de mani\u00e8re unique avec des saveurs irr\u00e9sistibles jusqu&rsquo;au c\u0153ur, votre chien ne s&rsquo;ennuiera jamais, car la saveur durera toute la vie [&#8230;]\n","protected":false},"featured_media":5851,"template":"","meta":{"jetpack_publicize_message":"","jetpack_publicize_feature_enabled":true,"jetpack_social_post_already_shared":false,"jetpack_social_options":{"image_generator_settings":{"template":"highway","default_image_id":0,"font":"","enabled":false},"version":2}},"product_brand":[],"product_cat":[106],"product_tag":[],"class_list":{"0":"post-5850","1":"product","2":"type-product","3":"status-publish","4":"has-post-thumbnail","6":"product_cat-jouet-et-dressage","8":"first","9":"onbackorder","10":"taxable","11":"shipping-taxable","12":"purchasable","13":"product-type-simple"},"supplier_id":5587,"supplier_sku":"6539","barcode":null,"atum_controlled":true,"out_stock_date":null,"out_stock_threshold":null,"inheritable":false,"inbound_stock":0,"stock_on_hold":0,"sold_today":0,"sales_last_days":0,"reserved_stock":0,"customer_returns":0,"warehouse_damage":0,"lost_in_post":0,"other_logs":0,"out_stock_days":0,"lost_sales":0,"has_location":false,"update_date":"2026-04-23T00:12:07","atum_locations":[],"atum_stock_status":"onbackorder","restock_status":false,"low_stock_amount":0,"sales_update_date":"2026-04-23T00:12:06","calc_backorders":-1,"jetpack_publicize_connections":[],"jetpack_sharing_enabled":true,"batches":[],"_links":{"self":[{"href":"https:\/\/petworld.ma\/index.php\/wp-json\/wp\/v2\/product\/5850","targetHints":{"allow":["GET"]}}],"collection":[{"href":"https:\/\/petworld.ma\/index.php\/wp-json\/wp\/v2\/product"}],"about":[{"href":"https:\/\/petworld.ma\/index.php\/wp-json\/wp\/v2\/types\/product"}],"wp:featuredmedia":[{"embeddable":true,"href":"https:\/\/petworld.ma\/index.php\/wp-json\/wp\/v2\/media\/5851"}],"wp:attachment":[{"href":"https:\/\/petworld.ma\/index.php\/wp-json\/wp\/v2\/media?parent=5850"}],"wp:term":[{"taxonomy":"product_brand","embeddable":true,"href":"https:\/\/petworld.ma\/index.php\/wp-json\/wp\/v2\/product_brand?post=5850"},{"taxonomy":"product_cat","embeddable":true,"href":"https:\/\/petworld.ma\/index.php\/wp-json\/wp\/v2\/product_cat?post=5850"},{"taxonomy":"product_tag","embeddable":true,"href":"https:\/\/petworld.ma\/index.php\/wp-json\/wp\/v2\/product_tag?post=5850"}],"curies":[{"name":"wp","href":"https:\/\/api.w.org\/{rel}","templated":true}]}}