{"id":5889,"date":"2024-01-04T15:50:18","date_gmt":"2024-01-04T15:50:18","guid":{"rendered":"https:\/\/petworld.ma\/?post_type=product&#038;p=5889"},"modified":"2026-03-29T12:08:05","modified_gmt":"2026-03-29T12:08:05","slug":"reflex-plus-anti-hairball-adult-saumon","status":"publish","type":"product","link":"https:\/\/petworld.ma\/index.php\/produit\/reflex-plus-anti-hairball-adult-saumon\/","title":{"rendered":"Reflex Plus Anti-Hairball Adult Saumon (1.5kg | 15kg)"},"content":{"rendered":"<div class=\"container pt-30\">\n<div class=\"row\">\n<div class=\"col-2\"><img decoding=\"async\" class=\"w-100\" src=\"https:\/\/www.reflexmama.com\/assets\/img\/prod-features\/prebiotik.png\" alt=\"\" \/><\/div>\n<div class=\"col-10\">\n<p>&nbsp;<\/p>\n<p>Les xylo-oligosaccharides (XOS) sont des super pr\u00e9biotiques obtenus par hydrolyse des \u00e9pis de ma\u00efs.\u00a0XOS aide \u00e0 r\u00e9duire les probl\u00e8mes tels que les graisses ind\u00e9sirables et la glyc\u00e9mie chez les chats avec une valeur calorique approximativement nulle.<\/p>\n<p>XOS p\u00e9n\u00e8tre dans le gros intestin sans modification et est principalement utilis\u00e9 par les bact\u00e9ries digestives bifidobact\u00e9ries et lactobacilles.\u00a0Cela r\u00e9duit les fermentations n\u00e9gatives qui entra\u00eenent une perte d\u2019\u00e9nergie, comme les ballonnements et autres troubles digestifs.<\/p>\n<p><strong>Avantages possibles pour la sant\u00e9 :<\/strong><br \/>\n\u2022 Il renforce le syst\u00e8me immunitaire.<br \/>\n\u2022 Il augmente la digestion et le m\u00e9tabolisme des nutriments en am\u00e9liorant la flore intestinale.<br \/>\n\u2022 Il a un effet antioxydant naturel.<\/p>\n<\/div>\n<\/div>\n<\/div>\n<div class=\"container\">\n<div id=\"myTabContent\" class=\"tab-content\">\n<div id=\"home\" class=\"tab-pane fade show active\" role=\"tabpanel\" aria-labelledby=\"home-tab\">\n<div class=\"row py-20\">\n<div class=\"col-12 col-lg-12\">\n<div class=\"food-content-sec\">\n<p><strong>Ingr\u00e9dients :\u00a0<\/strong>\u00a0Prot\u00e9ines de saumon transform\u00e9es, prot\u00e9ines animales transform\u00e9es, ma\u00efs, graisse de poulet, riz, fibres de canne \u00e0 sucre, betterave sucri\u00e8re, ar\u00f4me de poisson, vitamines et min\u00e9raux, huile de saumon, xylo-oligosaccharide, levure de bi\u00e8re, psyllium, sel, Yucca Schidigera, L- Carnitine, Conservateurs &#8211; antioxydants (E320 &amp; E321).<\/p>\n<p><strong>Min\u00e9raux\u00a0:<\/strong>\u00a0Fer (3B103) Iode (3B202) Cuivre (3B405) Mangan\u00e8se (3B502) Zinc (3B603) S\u00e9l\u00e9nium (3B802)<\/p>\n<p><strong>Vitamines\u00a0:<\/strong>\u00a0Vitamine A (3A672A) 18\u00a0000 UI\/kgVitamine D3 (3A671) 1\u00a0500 UI\/kgVitamine E (3A700) 200 mg\/kgVitamine C (3A300) 200 mg\/kgVitamine B1 (3A821) Vitamine B2 B3 (Niasin-3A315) B7 (Biotine -3A880) B9 (Folik Asit-3A316) Vitamine B12 Vitamine K3 (3A710) Kalsiyum pantotenat Taurine (3A370) 1 500 mg\/kg<\/p>\n<\/div>\n<div class=\"bg-light-blue p-3 d-flex align-items-center w-75\">\n<p><img decoding=\"async\" class=\"\" src=\"https:\/\/www.reflexmama.com\/upload\/product_gallery\/product_gallery_2021-06-03_11-14-51.png\" width=\"440\" height=\"429\" \/><\/p>\n<p>92% des prot\u00e9ines qu&rsquo;il contient sont obtenues \u00e0 partir d&rsquo;ingr\u00e9dients d&rsquo;origine animale.<\/p>\n<p>&nbsp;<\/p>\n<\/div>\n<div class=\"row\">\n<div class=\"col-md-6\">\n<div class=\"food-content-sec mb-5\">\n<p class=\"food-content-title font-bold\">Composants nutritifs<\/p>\n<table class=\"table table-striped\">\n<tbody>\n<tr>\n<td>Prot\u00e9ine brute<\/td>\n<td>34%<\/td>\n<\/tr>\n<tr>\n<td>Gras \u00e9prude<\/td>\n<td>14%<\/td>\n<\/tr>\n<tr>\n<td>Cendres brutes<\/td>\n<td>8%<\/td>\n<\/tr>\n<tr>\n<td>Cellulose brute (fibre)<\/td>\n<td>5%<\/td>\n<\/tr>\n<\/tbody>\n<\/table>\n<\/div>\n<\/div>\n<div class=\"col-md-6\">\n<div class=\"food-content-sec\">\n<p class=\"food-content-title font-bold\">Compl\u00e9ments alimentaires<\/p>\n<table class=\"table table-striped\">\n<tbody>\n<tr>\n<td>Vitamine A (3A672A)<\/td>\n<td>18 000 UI\/kg<\/td>\n<\/tr>\n<tr>\n<td>Vitamine D3 (3A671)<\/td>\n<td>1 500 UI\/kg<\/td>\n<\/tr>\n<tr>\n<td>Vitamine E (3A700)<\/td>\n<td>200mg\/kg<\/td>\n<\/tr>\n<tr>\n<td>Vitamine C (3A300)<\/td>\n<td>200mg\/kg<\/td>\n<\/tr>\n<tr>\n<td>Taurine (3A370)<\/td>\n<td>1 500 mg\/kg<\/td>\n<\/tr>\n<\/tbody>\n<\/table>\n<\/div>\n<\/div>\n<\/div>\n<\/div>\n<\/div>\n<\/div>\n<\/div>\n<\/div>\n","protected":false},"excerpt":{"rendered":"<p>Nourriture s\u00e8che pour chats super premium, compl\u00e8te et \u00e9quilibr\u00e9e, au poulet, pour chats de toutes races \u00e2g\u00e9s de 2 mois \u00e0 12 mois<\/p>\n","protected":false},"featured_media":35155,"template":"","meta":{"jetpack_publicize_message":"","jetpack_publicize_feature_enabled":true,"jetpack_social_post_already_shared":true,"jetpack_social_options":{"image_generator_settings":{"template":"highway","default_image_id":0,"font":"","enabled":false},"version":2}},"product_brand":[],"product_cat":[40],"product_tag":[],"class_list":{"0":"post-5889","1":"product","2":"type-product","3":"status-publish","4":"has-post-thumbnail","6":"product_cat-coquettes-pour-chat","8":"first","9":"instock","10":"taxable","11":"shipping-taxable","12":"purchasable","13":"product-type-variable"},"supplier_id":5593,"supplier_sku":"","barcode":null,"atum_controlled":true,"out_stock_date":"2024-05-18 16:58:04","out_stock_threshold":null,"inheritable":true,"inbound_stock":0,"stock_on_hold":0,"sold_today":0,"sales_last_days":0,"reserved_stock":0,"customer_returns":0,"warehouse_damage":0,"lost_in_post":0,"other_logs":0,"out_stock_days":705,"lost_sales":0,"has_location":false,"update_date":"2026-04-24T00:12:55","atum_locations":[],"atum_stock_status":"instock","restock_status":false,"low_stock_amount":"","sales_update_date":"2026-04-24T00:12:54","calc_backorders":null,"jetpack_publicize_connections":[],"jetpack_sharing_enabled":true,"batches":[],"_links":{"self":[{"href":"https:\/\/petworld.ma\/index.php\/wp-json\/wp\/v2\/product\/5889","targetHints":{"allow":["GET"]}}],"collection":[{"href":"https:\/\/petworld.ma\/index.php\/wp-json\/wp\/v2\/product"}],"about":[{"href":"https:\/\/petworld.ma\/index.php\/wp-json\/wp\/v2\/types\/product"}],"wp:featuredmedia":[{"embeddable":true,"href":"https:\/\/petworld.ma\/index.php\/wp-json\/wp\/v2\/media\/35155"}],"wp:attachment":[{"href":"https:\/\/petworld.ma\/index.php\/wp-json\/wp\/v2\/media?parent=5889"}],"wp:term":[{"taxonomy":"product_brand","embeddable":true,"href":"https:\/\/petworld.ma\/index.php\/wp-json\/wp\/v2\/product_brand?post=5889"},{"taxonomy":"product_cat","embeddable":true,"href":"https:\/\/petworld.ma\/index.php\/wp-json\/wp\/v2\/product_cat?post=5889"},{"taxonomy":"product_tag","embeddable":true,"href":"https:\/\/petworld.ma\/index.php\/wp-json\/wp\/v2\/product_tag?post=5889"}],"curies":[{"name":"wp","href":"https:\/\/api.w.org\/{rel}","templated":true}]}}