{"id":59,"date":"2022-12-14T16:18:47","date_gmt":"2022-12-14T16:18:47","guid":{"rendered":"http:\/\/petworld.ma\/?post_type=product&#038;p=59"},"modified":"2026-04-26T17:19:16","modified_gmt":"2026-04-26T17:19:16","slug":"royal-canin-berger-allemand-adulte-11-kg","status":"publish","type":"product","link":"https:\/\/petworld.ma\/index.php\/produit\/royal-canin-berger-allemand-adulte-11-kg\/","title":{"rendered":"Royal Canin Berger Allemand Adulte 11 Kg"},"content":{"rendered":"<div>\n<h2>Aliment complet pour chiens \u00a0&#8211; Sp\u00e9cialement con\u00e7u pour Berger Allemand adulte, \u00e0 partir de 15 mois.<\/h2>\n<\/div>\n<div>ROYAL CANIN\u00ae German Shepherd Adult est sp\u00e9cialement formul\u00e9 pour r\u00e9pondre \u00e0 tous les besoins nutritionnels de votre chien adulte et convient aux Bergers Allemands de 15 mois et plus. \u00a0 \u00a0ROYAL CANIN\u00ae German Shepherd Adult favorise une sant\u00e9 digestive optimale gr\u00e2ce \u00e0 sa teneur en prot\u00e9ines L.I.P. hautement digestibles et \u00e0 une s\u00e9lection de fibres sp\u00e9cifiques qui limitent la fermentation intestinale et contribuent au maintien du bon \u00e9quilibre de la flore intestinale. \u00a0 ROYAL CANIN\u00ae German Shepherd Adult est sp\u00e9cialement con\u00e7u pour aider \u00e0 renforcer le r\u00f4le de barri\u00e8re de la peau. Cette formule sp\u00e9cifique contient \u00e9galement des acides gras om\u00e9ga-3 EPA et DHA, des nutriments qui ont pour fonction de pr\u00e9server et de nourrir la peau et le pelage de votre chien. \u00a0 Le Berger Allemand est connu pour son temp\u00e9rament vif et sa forte participation aux activit\u00e9s. C\u2019est pourquoi un r\u00e9gime alimentaire contenant des nutriments qui favorisent la sant\u00e9 des articulations peut contribuer \u00e0 maintenir le haut degr\u00e9 d\u2019activit\u00e9 de cette race. C\u2019est pourquoi ROYAL CANIN\u00ae German Shepherd Adult est enrichi en nutriments sp\u00e9cifiques afin de pr\u00e9server la sant\u00e9 des os et des articulations. \u00a0 De plus, cette formule contribue \u00e9galement au maintien du poids de forme de votre chien.<\/div>\n<div><\/div>\n<div><strong>\u00a0 \u00a0BENEFICES :<\/strong><\/div>\n<div>\n<ul>\n<li>\n<div>Performance digestive<\/div>\n<div>Participe \u00e0 la bonne sant\u00e9 digestive tout en tenant compte de la sensibilit\u00e9 digestive du Berger Allemand, gr\u00e2ce aux prot\u00e9ines L.I.P.* hyperdigestibles et \u00e0 une s\u00e9lection de fibres sp\u00e9cifiques pour limiter les fermentations intestinales tout en pr\u00e9servant l&rsquo;\u00e9quilibre de la flore intestinale. *Prot\u00e9ine s\u00e9lectionn\u00e9e pour sa tr\u00e8s haute digestibilit\u00e9.<\/div>\n<\/li>\n<li>\n<div>Sant\u00e9 de la peau et du pelage<\/div>\n<div>GERMAN SHEPHERD ADULT aide \u00e0 renforcer le r\u00f4le \u00ab barri\u00e8re \u00bb de la peau (complexe exclusif) et \u00e0 maintenir la sant\u00e9 de la peau et du pelage (EPA et DHA).<\/div>\n<\/li>\n<li>\n<div>Sant\u00e9 des os et des articulations<\/div>\n<div>Cette formule sp\u00e9cifique aide \u00e0 maintenir l\u2019int\u00e9grit\u00e9 des os et des articulations et \u00e0 favoriser le maintien d\u2019un poids id\u00e9al. Enrichi d\u2019EPA et de DHA.<\/div>\n<\/li>\n<li>\n<div>Croquette de conception exclusive<\/div>\n<div>La forme, la taille, la texture et la formule de la croquette sont adapt\u00e9es au Berger Allemand.<\/div>\n<\/li>\n<\/ul>\n<p><strong>\u00a0 \u00a0INFORMATIONS NUTRITIONELLES :<\/strong><\/p>\n<div>Composition : riz, prot\u00e9ines de volaille d\u00e9shydrat\u00e9es, graisses animales, isolat de prot\u00e9ines v\u00e9g\u00e9tales*, farine de ma\u00efs, hydrolysat de prot\u00e9ines animales, fibres v\u00e9g\u00e9tales, sels min\u00e9raux, pulpe de betterave, huile de soja, huile de poisson, huile de coprah, hydrolysat de levure (source de manno-oligo-saccharides), hydrolysat de crustac\u00e9 (source de glucosamine), extrait de rose d\u2019inde (source de lut\u00e9ine), hydrolysat de cartilage (source de chondro\u00eftine).<\/div>\n<p>Additifs (au kg)\u00a0: Additifs nutritionnels\u00a0: Vitamine A\u00a0: 28500\u00a0UI, Vitamine D3\u00a0: 800\u00a0UI, E1 (Fer)\u00a0: 51\u00a0mg, E2 (Iode)\u00a0: 5,1\u00a0mg, E4 (Cuivre)\u00a0: 15\u00a0mg, E5 (Mangan\u00e8se)\u00a0: 66\u00a0mg, E6 (Zinc)\u00a0: 145\u00a0mg, E8 (S\u00e9l\u00e9nium)\u00a0: 0,11\u00a0mg\u00a0&#8211; Additifs technologiques\u00a0: Clinoptilolite d\u2019origine s\u00e9dimentaire\u00a0: 10\u00a0g\u00a0&#8211; Additifs sensoriels\u00a0: Extrait de th\u00e9 (source de polyph\u00e9nols)\u00a0: 150\u00a0mg\u00a0&#8211; Conservateurs\u00a0&#8211; Antioxyg\u00e8nes.<\/p>\n<p>Constituants analytiques : Prot\u00e9ine : 24,0 % &#8211; Teneur en mati\u00e8res grasses : 19,0 % &#8211; Cendres brutes : 6,5 % &#8211; Cellulose brute : 4,0 % &#8211; EPA\/DHA : 4 g\/kg.<\/p>\n<p>*L.I.P. : prot\u00e9ine s\u00e9lectionn\u00e9e pour sa tr\u00e8s haute digestibilit\u00e9.<\/p>\n<p>Mode d\u2019emploi : voir tableau. Num\u00e9ro de lot et d\u2019identifiant usine, \u00e0 utiliser de pr\u00e9f\u00e9rence avant : voir sur l\u2019emballage. \u00c0 conserver dans un endroit sec et frais.<\/p>\n<p><a href=\"https:\/\/wa.me\/212708052510\"><img decoding=\"async\" class=\"fr-fic fr-dib aligncenter\" src=\"https:\/\/cdn.youcan.shop\/stores\/d0742d556df94ddbc7ae4c9810aff04b\/others\/Bo1mAd8ZuHloxMAeFqQpFVOTEsrqsnO66o09ireD.png\" alt=\"\" width=\"300\" height=\"79\" data-name=\"stores\/d0742d556df94ddbc7ae4c9810aff04b\/others\/Bo1mAd8ZuHloxMAeFqQpFVOTEsrqsnO66o09ireD.png\" \/><\/a><\/p>\n<\/div>\n","protected":false},"excerpt":{"rendered":"<p>Aliment complet pour chiens \u00a0&#8211; Sp\u00e9cialement con\u00e7u pour Berger Allemand adulte, \u00e0 partir de 15 mois. ROYAL CANIN\u00ae German Shepherd Adult est sp\u00e9cialement formul\u00e9 pour r\u00e9pondre \u00e0 tous les besoins nutritionnels de votre chien adulte et convient aux Bergers Allemands de 15 mois et plus. \u00a0 \u00a0ROYAL CANIN\u00ae German Shepherd Adult favorise une sant\u00e9 digestive [&#8230;]\n","protected":false},"featured_media":246,"template":"","meta":{"jetpack_publicize_message":"","jetpack_publicize_feature_enabled":true,"jetpack_social_post_already_shared":false,"jetpack_social_options":{"image_generator_settings":{"template":"highway","default_image_id":0,"font":"","enabled":false},"version":2}},"product_brand":[],"product_cat":[24,23,26],"product_tag":[],"class_list":{"0":"post-59","1":"product","2":"type-product","3":"status-publish","4":"has-post-thumbnail","6":"product_cat-aliments-pour-chiens","7":"product_cat-chien","8":"product_cat-croquettes","10":"first","11":"instock","12":"sale","13":"taxable","14":"shipping-taxable","15":"purchasable","16":"product-type-simple"},"supplier_id":5587,"supplier_sku":"7150","barcode":null,"atum_controlled":true,"out_stock_date":null,"out_stock_threshold":null,"inheritable":false,"inbound_stock":0,"stock_on_hold":1,"sold_today":1,"sales_last_days":1,"reserved_stock":0,"customer_returns":0,"warehouse_damage":0,"lost_in_post":0,"other_logs":0,"out_stock_days":0,"lost_sales":0,"has_location":false,"update_date":"2026-04-26T17:29:09","atum_locations":[],"atum_stock_status":"instock","restock_status":false,"low_stock_amount":2,"sales_update_date":"2026-04-26T17:29:09","calc_backorders":null,"jetpack_publicize_connections":[],"jetpack_sharing_enabled":true,"batches":[{"id":"174","date_created":"2024-09-29 09:00:27","date_expiry":"2025-02-28 00:00:00","user_id":"2760","batch_number":"BergerAdulte280225","location":"","quantity":"2.0000","quantity_available":"0.0000","units":"1","status":"archived","order_ids":"[14553,14669]","supplier":"Royal Canin","po":{"id":"169","date_created":"2024-09-29 09:00:30","batch_id":"174","po_number":"","supplier":"Royal Canin","cost":null,"regular_price":null,"sale_price":null,"price_margin":null,"price_discount":null}},{"id":"914","date_created":"2024-11-22 17:06:27","date_expiry":"2025-07-09 00:00:00","user_id":"2760","batch_number":"ergerAdulte090725","location":"","quantity":"1.0000","quantity_available":"0.0000","units":"1","status":"archived","order_ids":"[15795]","supplier":"Royal Canin","po":{"id":"891","date_created":"2024-11-22 17:06:27","batch_id":"914","po_number":"","supplier":"Royal Canin","cost":null,"regular_price":null,"sale_price":null,"price_margin":null,"price_discount":null}},{"id":"956","date_created":"2024-11-27 16:46:21","date_expiry":"2025-08-05 00:00:00","user_id":"2760","batch_number":"ergerAdulte050825","location":"","quantity":"1.0000","quantity_available":"0.0000","units":"1","status":"archived","order_ids":"[16966]","supplier":"Royal Canin","po":{"id":"933","date_created":"2024-11-27 16:46:22","batch_id":"956","po_number":"","supplier":"Royal Canin","cost":null,"regular_price":null,"sale_price":null,"price_margin":null,"price_discount":null}},{"id":"1380","date_created":"2024-12-26 21:03:05","date_expiry":"2025-08-25 00:00:00","user_id":"2760","batch_number":"ergerAdulte250825","location":"","quantity":"2.0000","quantity_available":"0.0000","units":"1","status":"archived","order_ids":"[18909,19222]","supplier":"Royal Canin","po":{"id":"1354","date_created":"2024-12-26 21:03:08","batch_id":"1380","po_number":"","supplier":"Royal Canin","cost":null,"regular_price":null,"sale_price":null,"price_margin":null,"price_discount":null}},{"id":"2391","date_created":"2025-03-19 21:10:12","date_expiry":"2025-11-30 00:00:00","user_id":"2760","batch_number":"ergerAdulte301125","location":"","quantity":"1.0000","quantity_available":"0.0000","units":"1","status":"archived","order_ids":"[20733]","supplier":"Royal Canin","po":{"id":"2360","date_created":"2025-03-19 21:10:16","batch_id":"2391","po_number":"","supplier":"Royal Canin","cost":null,"regular_price":null,"sale_price":null,"price_margin":null,"price_discount":null}},{"id":"2468","date_created":"2025-03-26 01:44:58","date_expiry":"2025-11-30 00:00:00","user_id":"2760","batch_number":"ergerAdulte301125","location":"","quantity":"1.0000","quantity_available":"0.0000","units":"1","status":"archived","order_ids":"[29639]","supplier":"Royal Canin","po":{"id":"2437","date_created":"2025-03-26 01:45:02","batch_id":"2468","po_number":"","supplier":"Royal Canin","cost":null,"regular_price":null,"sale_price":null,"price_margin":null,"price_discount":null}},{"id":"6079","date_created":"2025-11-11 20:18:00","date_expiry":"2026-07-20 00:00:00","user_id":"2760","batch_number":"ergerAdulte200726","location":"","quantity":"1.0000","quantity_available":"0.0000","units":"1","status":"archived","order_ids":"[32771]","supplier":"Royal Canin","po":{"id":"6025","date_created":"2025-11-11 20:18:00","batch_id":"6079","po_number":"","supplier":"Royal Canin","cost":null,"regular_price":null,"sale_price":null,"price_margin":null,"price_discount":null}},{"id":"7088","date_created":"2026-01-10 11:29:37","date_expiry":"2026-10-30 00:00:00","user_id":"2760","batch_number":"ergerAdulte301026","location":"","quantity":"2.0000","quantity_available":"0.0000","units":"1","status":"archived","order_ids":"[37877,40759]","supplier":"Royal Canin","po":{"id":"7024","date_created":"2026-01-10 11:29:38","batch_id":"7088","po_number":"","supplier":"Royal Canin","cost":null,"regular_price":null,"sale_price":null,"price_margin":null,"price_discount":null}},{"id":"8669","date_created":"2026-04-04 17:22:47","date_expiry":"2027-01-29 00:00:00","user_id":"2760","batch_number":"ergerAdulte290127","location":"","quantity":"4.0000","quantity_available":"4.0000","units":"1","status":"active","order_ids":null,"supplier":"Royal Canin","po":{"id":"8597","date_created":"2026-04-04 17:22:48","batch_id":"8669","po_number":"","supplier":"Royal Canin","cost":null,"regular_price":null,"sale_price":null,"price_margin":null,"price_discount":null}}],"_links":{"self":[{"href":"https:\/\/petworld.ma\/index.php\/wp-json\/wp\/v2\/product\/59","targetHints":{"allow":["GET"]}}],"collection":[{"href":"https:\/\/petworld.ma\/index.php\/wp-json\/wp\/v2\/product"}],"about":[{"href":"https:\/\/petworld.ma\/index.php\/wp-json\/wp\/v2\/types\/product"}],"wp:featuredmedia":[{"embeddable":true,"href":"https:\/\/petworld.ma\/index.php\/wp-json\/wp\/v2\/media\/246"}],"wp:attachment":[{"href":"https:\/\/petworld.ma\/index.php\/wp-json\/wp\/v2\/media?parent=59"}],"wp:term":[{"taxonomy":"product_brand","embeddable":true,"href":"https:\/\/petworld.ma\/index.php\/wp-json\/wp\/v2\/product_brand?post=59"},{"taxonomy":"product_cat","embeddable":true,"href":"https:\/\/petworld.ma\/index.php\/wp-json\/wp\/v2\/product_cat?post=59"},{"taxonomy":"product_tag","embeddable":true,"href":"https:\/\/petworld.ma\/index.php\/wp-json\/wp\/v2\/product_tag?post=59"}],"curies":[{"name":"wp","href":"https:\/\/api.w.org\/{rel}","templated":true}]}}