{"id":5939,"date":"2024-01-07T17:44:22","date_gmt":"2024-01-07T17:44:22","guid":{"rendered":"https:\/\/petworld.ma\/?post_type=product&#038;p=5939"},"modified":"2026-05-07T21:55:15","modified_gmt":"2026-05-07T21:55:15","slug":"purina-gourmet-gold-les-mousselines-85g-saumon","status":"publish","type":"product","link":"https:\/\/petworld.ma\/index.php\/produit\/purina-gourmet-gold-les-mousselines-85g-saumon\/","title":{"rendered":"Purina GOURMET GOLD Les Mousselines 85g (saumon | poulet | Thon | boeuf)"},"content":{"rendered":"<p><strong>Caract\u00e9ristiques<\/strong><\/p>\n<ul>\n<li>\u00c9labor\u00e9es avec des ingr\u00e9dients de haute qualit\u00e9.<\/li>\n<li>Alimentation 100% compl\u00e8te et \u00e9quilibr\u00e9e pour chats adultes.<\/li>\n<li>Sans colorants ajout\u00e9s. Sans ar\u00f4mes artificiels ajout\u00e9s et sans conservateurs artificiels ajout\u00e9s.<\/li>\n<li>Servi en bo\u00eetes de 85g pour que chaque repas reste frais et pratique \u00e0 servir.<\/li>\n<li>Une texture savoureuse diff\u00e9rente chaque jour.<\/li>\n<li>Le carton et les bo\u00eetes \u00e0 l&rsquo;int\u00e9rieur sont con\u00e7us pour \u00eatre recyclable<\/li>\n<\/ul>\n<p>Ingr\u00e9dients:<br \/>\nViandes et sous-produits animaux,<br \/>\nPoissons et sous-produits de poissons,<br \/>\nSubstances min\u00e9rales,<br \/>\nSous-produits d&rsquo;origine v\u00e9g\u00e9tale,<br \/>\nSucres.<\/p>\n","protected":false},"excerpt":{"rendered":"<p><strong>Gourmet Gold Mousse pour chat<\/strong> est une d\u00e9licate mousse qui va r\u00e9galer les chats les plus difficiles. Sa l\u00e9g\u00e8ret\u00e9 et ses nombreux nutriments tels que les om\u00e9ga-3 vont attirer les chats et leur permettre de rester en bonne sant\u00e9.<\/p>\n","protected":false},"featured_media":5940,"template":"","meta":{"jetpack_publicize_message":"","jetpack_publicize_feature_enabled":true,"jetpack_social_post_already_shared":false,"jetpack_social_options":{"image_generator_settings":{"template":"highway","default_image_id":0,"font":"","enabled":false},"version":2}},"product_brand":[],"product_cat":[41],"product_tag":[],"class_list":{"0":"post-5939","1":"product","2":"type-product","3":"status-publish","4":"has-post-thumbnail","6":"product_cat-friandises-et-pate-pour-chat","8":"first","9":"instock","10":"taxable","11":"shipping-taxable","12":"purchasable","13":"product-type-variable"},"supplier_id":5598,"supplier_sku":"","barcode":null,"atum_controlled":true,"out_stock_date":null,"out_stock_threshold":null,"inheritable":true,"inbound_stock":0,"stock_on_hold":8,"sold_today":0,"sales_last_days":11,"reserved_stock":0,"customer_returns":0,"warehouse_damage":0,"lost_in_post":0,"other_logs":0,"out_stock_days":0,"lost_sales":0,"has_location":false,"update_date":"2026-05-08T14:35:30","atum_locations":[],"atum_stock_status":"instock","restock_status":false,"low_stock_amount":20,"sales_update_date":"2026-05-07T00:20:37","calc_backorders":null,"jetpack_publicize_connections":[],"jetpack_sharing_enabled":true,"batches":[],"_links":{"self":[{"href":"https:\/\/petworld.ma\/index.php\/wp-json\/wp\/v2\/product\/5939","targetHints":{"allow":["GET"]}}],"collection":[{"href":"https:\/\/petworld.ma\/index.php\/wp-json\/wp\/v2\/product"}],"about":[{"href":"https:\/\/petworld.ma\/index.php\/wp-json\/wp\/v2\/types\/product"}],"wp:featuredmedia":[{"embeddable":true,"href":"https:\/\/petworld.ma\/index.php\/wp-json\/wp\/v2\/media\/5940"}],"wp:attachment":[{"href":"https:\/\/petworld.ma\/index.php\/wp-json\/wp\/v2\/media?parent=5939"}],"wp:term":[{"taxonomy":"product_brand","embeddable":true,"href":"https:\/\/petworld.ma\/index.php\/wp-json\/wp\/v2\/product_brand?post=5939"},{"taxonomy":"product_cat","embeddable":true,"href":"https:\/\/petworld.ma\/index.php\/wp-json\/wp\/v2\/product_cat?post=5939"},{"taxonomy":"product_tag","embeddable":true,"href":"https:\/\/petworld.ma\/index.php\/wp-json\/wp\/v2\/product_tag?post=5939"}],"curies":[{"name":"wp","href":"https:\/\/api.w.org\/{rel}","templated":true}]}}