{"id":5945,"date":"2024-01-07T18:13:14","date_gmt":"2024-01-07T18:13:14","guid":{"rendered":"https:\/\/petworld.ma\/?post_type=product&#038;p=5945"},"modified":"2026-03-12T16:19:57","modified_gmt":"2026-03-12T16:19:57","slug":"kit-dentaire-triple-action-pour-chien-brosse-a-dent-et-dentifrice","status":"publish","type":"product","link":"https:\/\/petworld.ma\/index.php\/produit\/kit-dentaire-triple-action-pour-chien-brosse-a-dent-et-dentifrice\/","title":{"rendered":"Kit Dentaire Triple Action pour Chien. Brosse \u00e0 dent et Dentifrice"},"content":{"rendered":"<div class=\"product__block product__description rte\">\n<p><strong>Le saviez-vous ?\u00a0<\/strong>Responsable du tartre et de la mauvaise haleine, la plaque dentaire est \u00e9galement \u00e0 l&rsquo;origine d&rsquo;infestions potentiellement grave qui peuvent entra\u00eener jusqu&rsquo;\u00e0 la perte des dents. Le d\u00e9tartrage d&rsquo;un chien requiert l&rsquo;intervention d&rsquo;un v\u00e9t\u00e9rinaire et d&rsquo;une an\u00e9sth\u00e9sie g\u00e9n\u00e9rale.<\/p>\n<p>Le\u00a0<strong>Kit Hygi\u00e8ne Dentaire VETOCANIS<\/strong>\u00a0est votre alli\u00e9 redoutable pour nettoyer efficacement les dents de votre chien et prendre soin de son hygi\u00e8ne bucco-dentaire.<br \/>\nComme vous, il est n\u00e9cessaire de nettoyer r\u00e9guli\u00e8rement les dents de votre chien pour lutter contre la mauvaise haleine et la formation de la plaque dentaire.<br \/>\nEn effet, celle-ci est responsable d&rsquo;infestions potentiellement graves pouvant entra\u00eener jusqu&rsquo;au d\u00e9chaussement des dents de votre animal.<br \/>\nC&rsquo;est pourquoi un brossage r\u00e9gulier est conseill\u00e9 par les v\u00e9t\u00e9rinaires pour lutter contre le tartre, r\u00e9duire la formation de plaque dentaire, et rafraichir l&rsquo;haleine de votre chien.<\/p>\n<p>Le Kit VETOCANIS est complet, il est compos\u00e9 :<br \/>\n&#8211;\u00a0<strong>1 dentifrice pour lutter contre la plaque dentaire<\/strong>\u00a0qui s&rsquo;accumule sur les dents de votre chien<br \/>\n&#8211;\u00a0<strong>1 brosse \u00e0 dent double t\u00eate<\/strong>\u00a0qui s&rsquo;adapte \u00e0 toutes les tailles de chiens et permet de nettoyer en profondeur les dents au fond de la m\u00e2choire<br \/>\n&#8211;\u00a0<strong>1 doigt de massage en silicone\u00a0<\/strong>pour agir directement sur les gencives de votre animal pour les nettoyer en douceur. Une gencive saine, c&rsquo;est une haleine plus fra\u00eeche.<\/p>\n<p>Dentifrice app\u00e9tent ar\u00f4me biscuit. Tube de 85g.<\/p>\n<\/div>\n","protected":false},"excerpt":{"rendered":"<div class=\"product__block product__description rte\">Brossez les dents de votre chien facilement, avec le kit hygi\u00e8ne dentaire anti-tartre VETOCANIS. Sa brosse et son dentifrice go\u00fbt biscuit vous aident \u00e9liminer la plaque et la mauvaise haleine, et pr\u00e9vient ainsi des infections bucco-dentaires.<\/div>\n<div class=\"product__block \">\n<div class=\"product__icon__row\">\n<div class=\"product__icon icon-stroke\">\n<div class=\"product__icon__holder\"><img decoding=\"async\" class=\"product__icon__img lazyautosizes ls-is-cached lazyloaded\" src=\"https:\/\/www.vetocanis.com\/cdn\/shop\/files\/picto-love-vetocanis.png?v=1666190434&amp;width=32\" alt=\"Avantage 1\" width=\"32\" height=\"32\" \/><\/div>\n<\/div>\n<div class=\"product__icon__text\">R\u00e9duit la plaque dentaire responsable du tartre et de la mauvaise haleine<\/div>\n<\/div>\n<\/div>\n<div class=\"product__block \">\n<div class=\"product__icon__row\">\n<div class=\"product__icon icon-stroke\">\n<div class=\"product__icon__holder\"><img decoding=\"async\" class=\"product__icon__img lazyautosizes ls-is-cached lazyloaded\" src=\"https:\/\/www.vetocanis.com\/cdn\/shop\/files\/picto-medal-vetocanis.png?v=1666190648&amp;width=32\" alt=\"Avantage 2\" width=\"32\" height=\"32\" \/><\/div>\n<\/div>\n<div class=\"product__icon__text\">Haleine fra\u00eeche<\/div>\n<\/div>\n<\/div>\n<div class=\"product__block \">\n<div class=\"product__icon__row\">\n<div class=\"product__icon icon-stroke\">\n<div class=\"product__icon__holder\"><img decoding=\"async\" class=\"product__icon__img lazyautosizes ls-is-cached lazyloaded\" src=\"https:\/\/www.vetocanis.com\/cdn\/shop\/files\/picto-check-vetocanis.png?v=1666190658&amp;width=32\" alt=\"Avantage 3\" width=\"32\" height=\"32\" \/><\/div>\n<\/div>\n<div class=\"product__icon__text\">Go\u00fbt fromage<\/div>\n<\/div>\n<\/div>\n<div class=\"product__block \">\n<div class=\"product__icon__row\">\n<div class=\"product__icon icon-stroke\">\n<div class=\"product__icon__holder\"><img decoding=\"async\" class=\"product__icon__img lazyautosizes ls-is-cached lazyloaded\" src=\"https:\/\/www.vetocanis.com\/cdn\/shop\/files\/picto-validate-vetocanis_9945c071-101a-4b61-819d-0de814bfbed6.png?v=1666191069&amp;width=32\" alt=\"picto avantage 1\" width=\"32\" height=\"32\" \/><\/div>\n<\/div>\n<div class=\"product__icon__text\">Utilisable d\u00e8s 2 mois et 3 fois par semaine<\/div>\n<\/div>\n<\/div>\n","protected":false},"featured_media":21557,"template":"","meta":{"jetpack_publicize_message":"","jetpack_publicize_feature_enabled":true,"jetpack_social_post_already_shared":false,"jetpack_social_options":{"image_generator_settings":{"template":"highway","default_image_id":0,"font":"","enabled":false},"version":2}},"product_brand":[],"product_cat":[217],"product_tag":[],"class_list":{"0":"post-5945","1":"product","2":"type-product","3":"status-publish","4":"has-post-thumbnail","6":"product_cat-dentifrice-soin-buccal-hygiene-et-soins","8":"first","9":"outofstock","10":"taxable","11":"shipping-taxable","12":"purchasable","13":"product-type-simple"},"supplier_id":5598,"supplier_sku":"","barcode":null,"atum_controlled":true,"out_stock_date":"2026-03-12 16:19:57","out_stock_threshold":null,"inheritable":false,"inbound_stock":0,"stock_on_hold":0,"sold_today":0,"sales_last_days":0,"reserved_stock":0,"customer_returns":0,"warehouse_damage":0,"lost_in_post":0,"other_logs":0,"out_stock_days":43,"lost_sales":0,"has_location":false,"update_date":"2026-04-25T00:12:37","atum_locations":[],"atum_stock_status":"outofstock","restock_status":false,"low_stock_amount":10,"sales_update_date":"2026-04-25T00:12:36","calc_backorders":null,"jetpack_publicize_connections":[],"jetpack_sharing_enabled":true,"batches":[{"id":"645","date_created":"2024-10-14 18:45:02","date_expiry":"2026-11-30 00:00:00","user_id":"2760","batch_number":"KitDentaire301126","location":"","quantity":"14.0000","quantity_available":"0.0000","units":"1","status":"archived","order_ids":"[12966,13270,13504,15791,16619,21121,21454,24342,25100,25375,25898,26171,26305,26716]","supplier":"Proplan","po":{"id":"628","date_created":"2024-10-14 18:45:02","batch_id":"645","po_number":"","supplier":"Proplan","cost":null,"regular_price":null,"sale_price":null,"price_margin":null,"price_discount":null}},{"id":"1802","date_created":"2025-01-28 21:41:29","date_expiry":"2026-11-30 00:00:00","user_id":"2760","batch_number":"KitDentaire301126","location":"","quantity":"1.0000","quantity_available":"0.0000","units":"1","status":"archived","order_ids":"[17711]","supplier":"Proplan","po":{"id":"1776","date_created":"2025-01-28 21:41:32","batch_id":"1802","po_number":"","supplier":"Proplan","cost":null,"regular_price":null,"sale_price":null,"price_margin":null,"price_discount":null}},{"id":"2347","date_created":"2025-03-13 22:16:56","date_expiry":"2026-11-30 00:00:00","user_id":"2760","batch_number":"KitDentaire301126","location":"","quantity":"1.0000","quantity_available":"0.0000","units":"1","status":"archived","order_ids":"[19241]","supplier":"Proplan","po":{"id":"2315","date_created":"2025-03-13 22:16:59","batch_id":"2347","po_number":"","supplier":"Proplan","cost":null,"regular_price":null,"sale_price":null,"price_margin":null,"price_discount":null}},{"id":"2522","date_created":"2025-03-29 00:45:46","date_expiry":"2026-11-30 00:00:00","user_id":"2760","batch_number":"KitDentaire301126","location":"","quantity":"1.0000","quantity_available":"0.0000","units":"1","status":"archived","order_ids":"[20561]","supplier":"Proplan","po":{"id":"2490","date_created":"2025-03-29 00:45:49","batch_id":"2522","po_number":"","supplier":"Proplan","cost":null,"regular_price":null,"sale_price":null,"price_margin":null,"price_discount":null}},{"id":"3145","date_created":"2025-04-24 09:08:43","date_expiry":"2026-11-30 00:00:00","user_id":"2760","batch_number":"KitDentaire301126","location":"","quantity":"1.0000","quantity_available":"0.0000","units":"1","status":"archived","order_ids":"[21063]","supplier":"Proplan","po":{"id":"3112","date_created":"2025-04-24 09:08:44","batch_id":"3145","po_number":"","supplier":"Proplan","cost":null,"regular_price":null,"sale_price":null,"price_margin":null,"price_discount":null}},{"id":"3332","date_created":"2025-05-07 23:54:58","date_expiry":"2026-11-30 00:00:00","user_id":"2760","batch_number":"KitDentaire301126","location":"","quantity":"2.0000","quantity_available":"0.0000","units":"1","status":"archived","order_ids":"[21660,22185]","supplier":"Proplan","po":{"id":"3299","date_created":"2025-05-07 23:54:58","batch_id":"3332","po_number":"","supplier":"Proplan","cost":null,"regular_price":null,"sale_price":null,"price_margin":null,"price_discount":null}},{"id":"3448","date_created":"2025-05-15 21:58:27","date_expiry":"2026-11-30 00:00:00","user_id":"2760","batch_number":"KitDentaire301126","location":"","quantity":"2.0000","quantity_available":"0.0000","units":"1","status":"archived","order_ids":"[23870,24224]","supplier":"Proplan","po":{"id":"3415","date_created":"2025-05-15 21:58:27","batch_id":"3448","po_number":"","supplier":"Proplan","cost":null,"regular_price":null,"sale_price":null,"price_margin":null,"price_discount":null}},{"id":"3652","date_created":"2025-05-29 08:58:54","date_expiry":"2027-06-30 00:00:00","user_id":"2760","batch_number":"KitDentaire300627","location":"","quantity":"1.0000","quantity_available":"0.0000","units":"1","status":"archived","order_ids":"[27294]","supplier":"Proplan","po":{"id":"3619","date_created":"2025-05-29 08:58:54","batch_id":"3652","po_number":"","supplier":"Proplan","cost":null,"regular_price":null,"sale_price":null,"price_margin":null,"price_discount":null}},{"id":"4203","date_created":"2025-07-02 20:26:22","date_expiry":"2027-06-30 00:00:00","user_id":"2760","batch_number":"KitDentaire300627","location":"","quantity":"1.0000","quantity_available":"0.0000","units":"1","status":"archived","order_ids":"[27775]","supplier":"Proplan","po":{"id":"4166","date_created":"2025-07-02 20:26:23","batch_id":"4203","po_number":"","supplier":"Proplan","cost":null,"regular_price":null,"sale_price":null,"price_margin":null,"price_discount":null}},{"id":"4511","date_created":"2025-07-17 18:09:08","date_expiry":"2027-06-30 00:00:00","user_id":"2760","batch_number":"KitDentaire300627","location":"","quantity":"2.0000","quantity_available":"0.0000","units":"1","status":"archived","order_ids":"[28353,28821]","supplier":"Proplan","po":{"id":"4475","date_created":"2025-07-17 18:09:08","batch_id":"4511","po_number":"","supplier":"Proplan","cost":null,"regular_price":null,"sale_price":null,"price_margin":null,"price_discount":null}},{"id":"4782","date_created":"2025-08-08 16:19:59","date_expiry":"2027-06-30 00:00:00","user_id":"2760","batch_number":"KitDentaire300627","location":"","quantity":"2.0000","quantity_available":"0.0000","units":"1","status":"archived","order_ids":"[30143,30568]","supplier":"Proplan","po":{"id":"4746","date_created":"2025-08-08 16:19:59","batch_id":"4782","po_number":"","supplier":"Proplan","cost":null,"regular_price":null,"sale_price":null,"price_margin":null,"price_discount":null}},{"id":"5148","date_created":"2025-09-04 13:51:42","date_expiry":"2027-06-30 00:00:00","user_id":"2760","batch_number":"KitDentaire300627","location":"","quantity":"3.0000","quantity_available":"0.0000","units":"1","status":"archived","order_ids":"[32721,33075]","supplier":"Proplan","po":{"id":"5109","date_created":"2025-09-04 13:51:43","batch_id":"5148","po_number":"","supplier":"Proplan","cost":null,"regular_price":null,"sale_price":null,"price_margin":null,"price_discount":null}},{"id":"5270","date_created":"2025-09-12 16:10:49","date_expiry":"2027-06-30 00:00:00","user_id":"2760","batch_number":"KitDentaire300627","location":"","quantity":"1.0000","quantity_available":"0.0000","units":"1","status":"archived","order_ids":"[28256]","supplier":"Proplan","po":{"id":"5227","date_created":"2025-09-12 16:10:50","batch_id":"5270","po_number":"","supplier":"Proplan","cost":null,"regular_price":null,"sale_price":null,"price_margin":null,"price_discount":null}},{"id":"5594","date_created":"2025-10-02 09:41:48","date_expiry":"2027-06-30 00:00:00","user_id":"2760","batch_number":"KitDentaire300627","location":"","quantity":"2.0000","quantity_available":"0.0000","units":"1","status":"archived","order_ids":"[30790,31088]","supplier":"Proplan","po":{"id":"5548","date_created":"2025-10-02 09:41:49","batch_id":"5594","po_number":"","supplier":"Proplan","cost":null,"regular_price":null,"sale_price":null,"price_margin":null,"price_discount":null}},{"id":"5700","date_created":"2025-10-09 15:59:03","date_expiry":"2027-06-30 00:00:00","user_id":"2760","batch_number":"KitDentaire300627","location":"","quantity":"2.0000","quantity_available":"0.0000","units":"1","status":"archived","order_ids":"[31327,31577]","supplier":"Proplan","po":{"id":"5654","date_created":"2025-10-09 15:59:05","batch_id":"5700","po_number":"","supplier":"Proplan","cost":null,"regular_price":null,"sale_price":null,"price_margin":null,"price_discount":null}},{"id":"5798","date_created":"2025-10-18 13:50:01","date_expiry":"2027-06-30 00:00:00","user_id":"2760","batch_number":"KitDentaire300627","location":"","quantity":"1.0000","quantity_available":"0.0000","units":"1","status":"archived","order_ids":"[29611]","supplier":"Proplan","po":{"id":"5748","date_created":"2025-10-18 13:50:01","batch_id":"5798","po_number":"","supplier":"Proplan","cost":null,"regular_price":null,"sale_price":null,"price_margin":null,"price_discount":null}},{"id":"6176","date_created":"2025-11-14 20:06:38","date_expiry":"2027-06-30 00:00:00","user_id":"2760","batch_number":"KitDentaire300627","location":"","quantity":"2.0000","quantity_available":"0.0000","units":"1","status":"archived","order_ids":"[31577,32685]","supplier":"Proplan","po":{"id":"6123","date_created":"2025-11-14 20:06:38","batch_id":"6176","po_number":"","supplier":"Proplan","cost":null,"regular_price":null,"sale_price":null,"price_margin":null,"price_discount":null}},{"id":"6333","date_created":"2025-11-24 12:32:39","date_expiry":"2027-06-30 00:00:00","user_id":"2760","batch_number":"KitDentaire300627","location":"","quantity":"1.0000","quantity_available":"0.0000","units":"1","status":"archived","order_ids":"[31327]","supplier":"Proplan","po":{"id":"6279","date_created":"2025-11-24 12:32:40","batch_id":"6333","po_number":"","supplier":"Proplan","cost":null,"regular_price":null,"sale_price":null,"price_margin":null,"price_discount":null}},{"id":"6423","date_created":"2025-12-02 11:24:43","date_expiry":"2027-06-30 00:00:00","user_id":"2760","batch_number":"KitDentaire300627","location":"","quantity":"1.0000","quantity_available":"0.0000","units":"1","status":"archived","order_ids":"[31327]","supplier":"Proplan","po":{"id":"6369","date_created":"2025-12-02 11:24:44","batch_id":"6423","po_number":"","supplier":"Proplan","cost":null,"regular_price":null,"sale_price":null,"price_margin":null,"price_discount":null}},{"id":"6718","date_created":"2025-12-16 15:21:44","date_expiry":"2027-06-30 00:00:00","user_id":"2760","batch_number":"KitDentaire300627","location":"","quantity":"5.0000","quantity_available":"0.0000","units":"1","status":"archived","order_ids":"[33109,33243,33495,33740,33791]","supplier":"Proplan","po":{"id":"6664","date_created":"2025-12-16 15:21:45","batch_id":"6718","po_number":"","supplier":"Proplan","cost":null,"regular_price":null,"sale_price":null,"price_margin":null,"price_discount":null}}],"_links":{"self":[{"href":"https:\/\/petworld.ma\/index.php\/wp-json\/wp\/v2\/product\/5945","targetHints":{"allow":["GET"]}}],"collection":[{"href":"https:\/\/petworld.ma\/index.php\/wp-json\/wp\/v2\/product"}],"about":[{"href":"https:\/\/petworld.ma\/index.php\/wp-json\/wp\/v2\/types\/product"}],"wp:featuredmedia":[{"embeddable":true,"href":"https:\/\/petworld.ma\/index.php\/wp-json\/wp\/v2\/media\/21557"}],"wp:attachment":[{"href":"https:\/\/petworld.ma\/index.php\/wp-json\/wp\/v2\/media?parent=5945"}],"wp:term":[{"taxonomy":"product_brand","embeddable":true,"href":"https:\/\/petworld.ma\/index.php\/wp-json\/wp\/v2\/product_brand?post=5945"},{"taxonomy":"product_cat","embeddable":true,"href":"https:\/\/petworld.ma\/index.php\/wp-json\/wp\/v2\/product_cat?post=5945"},{"taxonomy":"product_tag","embeddable":true,"href":"https:\/\/petworld.ma\/index.php\/wp-json\/wp\/v2\/product_tag?post=5945"}],"curies":[{"name":"wp","href":"https:\/\/api.w.org\/{rel}","templated":true}]}}