{"id":6058,"date":"2024-01-16T10:54:09","date_gmt":"2024-01-16T10:54:09","guid":{"rendered":"https:\/\/petworld.ma\/?post_type=product&#038;p=6058"},"modified":"2026-03-12T16:04:15","modified_gmt":"2026-03-12T16:04:15","slug":"mera-pure-sensitive-dinde-400g","status":"publish","type":"product","link":"https:\/\/petworld.ma\/index.php\/produit\/mera-pure-sensitive-dinde-400g\/","title":{"rendered":"Mera Pure Sensitive &#8211; Dinde 400g"},"content":{"rendered":"<h2>Dinde pure sensible &#8211; nourriture humide pour chiens adultes<\/h2>\n<p>En tant qu&rsquo;aliment monoprot\u00e9in\u00e9, la recette contient 100 % de prot\u00e9ines animales. En \u00e9vitant les c\u00e9r\u00e9ales et en se concentrant sur les ingr\u00e9dients essentiels, le risque de r\u00e9actions allergiques et d&rsquo;intol\u00e9rances est minimis\u00e9.<\/p>\n<p>Dans le cadre du concept nutritionnel holistique, la nourriture humide pure pour dinde sensible est \u00e9galement disponible sous forme de nourriture s\u00e8che et de snacks.\u00a0Dans toute la gamme pure sensible, nous proposons diff\u00e9rents ar\u00f4mes pour une alimentation vari\u00e9e.\u00a0Selon l&rsquo;\u00e2ge ou les besoins particuliers, nous proposons \u00e9galement de la viande fra\u00eeche et des aliments riches en prot\u00e9ines.<\/p>\n<h3>Composition<\/h3>\n<p>Dinde (71 % compos\u00e9e de viande de dinde, g\u00e9siers de dinde, c\u0153ur de dinde et foie de dinde), bouillon 27 %, min\u00e9raux, huile de colza.<\/p>\n<p><strong>Ingr\u00e9dients analytiques<\/strong><br \/>\nProt\u00e9ines 11,5 %, teneur en mati\u00e8res grasses 6,3 %, fibres brutes 0,4 %, cendres brutes 2,0 %, humidit\u00e9 79 %.<\/p>\n<p><strong>Additifs\u00a0<\/strong><br \/>\nAdditifs nutritionnels : Vitamine D3 200IE., vitamine E 25 mg, zinc (sous forme de sulfate de zinc, monohydrat\u00e9) 15 mg, mangan\u00e8se (sous forme de sulfate de mangan\u00e8se (ll), monohydrat\u00e9) 3 mg, iode (sous forme d&rsquo;iodure de calcium) 0,5 mg.<\/p>\n","protected":false},"excerpt":{"rendered":"<h1 class=\"pagetitle\"><small>100% prot\u00e9ines animales pour chiens.<\/small><\/h1>\n<p>Mera pure sensitive est une nourriture humide \u00e0 la dinde particuli\u00e8rement savoureuse pour les chiens sensibles souffrant d&rsquo;allergies ou d&rsquo;intol\u00e9rances alimentaires.<\/p>\n<ul>\n<li>Nourriture humide pour les besoins quotidiens<\/li>\n<li>Pure &#8211; 100 % de prot\u00e9ines animales<\/li>\n<li>Recette sans c\u00e9r\u00e9ales<\/li>\n<li>Acceptation la plus \u00e9lev\u00e9e<\/li>\n<\/ul>\n<p>Nous les avons d\u00e9lib\u00e9r\u00e9ment \u00e9vit\u00e9s dans la recette :<br \/>\nc\u00e9r\u00e9ales, viandes exotiques, colorants, ar\u00f4mes et conservateurs, ingr\u00e9dients g\u00e9n\u00e9tiquement modifi\u00e9s, sucre, soja, vitamine K3.<\/p>\n","protected":false},"featured_media":6059,"template":"","meta":{"jetpack_publicize_message":"","jetpack_publicize_feature_enabled":true,"jetpack_social_post_already_shared":false,"jetpack_social_options":{"image_generator_settings":{"template":"highway","default_image_id":0,"font":"","enabled":false},"version":2}},"product_brand":[],"product_cat":[39],"product_tag":[],"class_list":{"0":"post-6058","1":"product","2":"type-product","3":"status-publish","4":"has-post-thumbnail","6":"product_cat-friandises-et-pates-pour-chien","8":"first","9":"instock","10":"taxable","11":"shipping-taxable","12":"purchasable","13":"product-type-simple"},"supplier_id":5588,"supplier_sku":"","barcode":null,"atum_controlled":true,"out_stock_date":null,"out_stock_threshold":null,"inheritable":false,"inbound_stock":0,"stock_on_hold":0,"sold_today":0,"sales_last_days":0,"reserved_stock":0,"customer_returns":0,"warehouse_damage":0,"lost_in_post":0,"other_logs":0,"out_stock_days":0,"lost_sales":0,"has_location":false,"update_date":"2026-04-27T21:36:26","atum_locations":[],"atum_stock_status":"instock","restock_status":false,"low_stock_amount":6,"sales_update_date":"2026-04-27T21:36:26","calc_backorders":null,"jetpack_publicize_connections":[],"jetpack_sharing_enabled":true,"batches":[{"id":"473","date_created":"2024-10-01 12:12:14","date_expiry":"2026-08-14 00:00:00","user_id":"2760","batch_number":"MERAdindePS400GR140826","location":"","quantity":"8.0000","quantity_available":"0.0000","units":"1","status":"archived","order_ids":"[21430,21636,29019,30704,31025]","supplier":"mera","po":{"id":"456","date_created":"2024-10-01 12:12:15","batch_id":"473","po_number":"","supplier":"mera","cost":null,"regular_price":null,"sale_price":null,"price_margin":null,"price_discount":null}},{"id":"6318","date_created":"2025-11-24 00:54:44","date_expiry":"2028-02-28 00:00:00","user_id":"2760","batch_number":"MERAdindePS400GR280828","location":"","quantity":"6.0000","quantity_available":"0.0000","units":"1","status":"archived","order_ids":"[31025]","supplier":"mera","po":{"id":"6264","date_created":"2025-11-24 00:54:44","batch_id":"6318","po_number":"","supplier":"mera","cost":null,"regular_price":null,"sale_price":null,"price_margin":null,"price_discount":null}},{"id":"6458","date_created":"2025-12-05 13:44:24","date_expiry":"2028-02-04 00:00:00","user_id":"2760","batch_number":"MERAdindePS400GR24022028","location":"","quantity":"6.0000","quantity_available":"0.0000","units":"1","status":"archived","order_ids":"[31492,33475]","supplier":"mera","po":{"id":"6404","date_created":"2025-12-05 13:44:25","batch_id":"6458","po_number":"","supplier":"mera","cost":null,"regular_price":null,"sale_price":null,"price_margin":null,"price_discount":null}},{"id":"7509","date_created":"2026-02-04 23:00:43","date_expiry":"2028-02-04 00:00:00","user_id":"2760","batch_number":"MERAdindePS400GR24022028","location":"","quantity":"6.0000","quantity_available":"6.0000","units":"1","status":"active","order_ids":null,"supplier":"mera","po":{"id":"7444","date_created":"2026-02-04 23:00:44","batch_id":"7509","po_number":"","supplier":"mera","cost":null,"regular_price":null,"sale_price":null,"price_margin":null,"price_discount":null}}],"_links":{"self":[{"href":"https:\/\/petworld.ma\/index.php\/wp-json\/wp\/v2\/product\/6058","targetHints":{"allow":["GET"]}}],"collection":[{"href":"https:\/\/petworld.ma\/index.php\/wp-json\/wp\/v2\/product"}],"about":[{"href":"https:\/\/petworld.ma\/index.php\/wp-json\/wp\/v2\/types\/product"}],"wp:featuredmedia":[{"embeddable":true,"href":"https:\/\/petworld.ma\/index.php\/wp-json\/wp\/v2\/media\/6059"}],"wp:attachment":[{"href":"https:\/\/petworld.ma\/index.php\/wp-json\/wp\/v2\/media?parent=6058"}],"wp:term":[{"taxonomy":"product_brand","embeddable":true,"href":"https:\/\/petworld.ma\/index.php\/wp-json\/wp\/v2\/product_brand?post=6058"},{"taxonomy":"product_cat","embeddable":true,"href":"https:\/\/petworld.ma\/index.php\/wp-json\/wp\/v2\/product_cat?post=6058"},{"taxonomy":"product_tag","embeddable":true,"href":"https:\/\/petworld.ma\/index.php\/wp-json\/wp\/v2\/product_tag?post=6058"}],"curies":[{"name":"wp","href":"https:\/\/api.w.org\/{rel}","templated":true}]}}