{"id":6061,"date":"2024-01-16T11:07:12","date_gmt":"2024-01-16T11:07:12","guid":{"rendered":"https:\/\/petworld.ma\/?post_type=product&#038;p=6061"},"modified":"2026-03-12T16:04:24","modified_gmt":"2026-03-12T16:04:24","slug":"mera-pure-sensitive-boeuf-400g","status":"publish","type":"product","link":"https:\/\/petworld.ma\/index.php\/produit\/mera-pure-sensitive-boeuf-400g\/","title":{"rendered":"Mera Pure Sensitive &#8211; Boeuf 400g"},"content":{"rendered":"<div>\n<p>Aliment complet pour chiens adultes<\/p>\n<p>Avec \u00ab pure sensitive \u00bb les ingr\u00e9dients sont r\u00e9duits \u00e0 l\u2019essentiel.<br \/>\nCela r\u00e9duit au minimum le risque de r\u00e9actions allergiques et d\u2019intol\u00e9rances alimentaires.<\/p>\n<p>pure sensitive<\/p>\n<p>The pureness of nature for sensitive dogs<br \/>\n100% animal protein<\/p>\n<p>Grain-free recipe<\/p>\n<p>Mode d\u2019administration : Utiliser \u00e0 temp\u00e9rature ambiante.<\/p>\n<p>Sans colorants ni conservateurs.<\/p>\n<p>Conserver dans un endroit frais et sec.<\/p>\n<\/div>\n<hr \/>\n<p><strong>Analytical constituents:<\/strong>\u00a0Protein 11.5%, fat content 6.3%, crude fibre 0.4%, crude ash 2.0%, moisture 79%.<\/p>\n<p><strong>Nutritional additives per kg:<\/strong>\u00a0Vitamin D3 200IE., vitamin E 25 mg, zinc (as zinc sulphate, monohydrate) 15 mg, manganese (as manganese-(ll)-sulphate monohydrate) 3 mg, iodine (as calcium iodate) 0.5 mg.<\/p>\n<p><strong>Composition:<\/strong> Boeuf 71%, 27% bouillon, minerals, rapeseed oil.<\/p>\n<p><strong>Mode d\u2019administration :<\/strong>\u00a0Utiliser \u00e0 temp\u00e9rature ambiante.<\/p>\n<p>Sans colorants ni conservateurs.<\/p>\n<p>Conserver dans un endroit frais et sec.<\/p>\n","protected":false},"excerpt":{"rendered":"<h1 class=\"pagetitle\"><small>100% prot\u00e9ines animales pour chiens.<\/small><\/h1>\n<p>Mera pure sensitive est une nourriture humide \u00e0 la dinde particuli\u00e8rement savoureuse pour les chiens sensibles souffrant d&rsquo;allergies ou d&rsquo;intol\u00e9rances alimentaires.<\/p>\n<ul>\n<li>Nourriture humide pour les besoins quotidiens<\/li>\n<li>Pure &#8211; 100 % de prot\u00e9ines animales<\/li>\n<li>Recette sans c\u00e9r\u00e9ales<\/li>\n<li>Acceptation la plus \u00e9lev\u00e9e<\/li>\n<\/ul>\n<p>Nous les avons d\u00e9lib\u00e9r\u00e9ment \u00e9vit\u00e9s dans la recette :<br \/>\nc\u00e9r\u00e9ales, viandes exotiques, colorants, ar\u00f4mes et conservateurs, ingr\u00e9dients g\u00e9n\u00e9tiquement modifi\u00e9s, sucre, soja, vitamine K3.<\/p>\n","protected":false},"featured_media":6063,"template":"","meta":{"jetpack_publicize_message":"","jetpack_publicize_feature_enabled":true,"jetpack_social_post_already_shared":false,"jetpack_social_options":{"image_generator_settings":{"template":"highway","default_image_id":0,"font":"","enabled":false},"version":2}},"product_brand":[],"product_cat":[26,39],"product_tag":[],"class_list":{"0":"post-6061","1":"product","2":"type-product","3":"status-publish","4":"has-post-thumbnail","6":"product_cat-croquettes","7":"product_cat-friandises-et-pates-pour-chien","9":"first","10":"instock","11":"taxable","12":"shipping-taxable","13":"purchasable","14":"product-type-simple"},"supplier_id":5588,"supplier_sku":"","barcode":null,"atum_controlled":true,"out_stock_date":null,"out_stock_threshold":null,"inheritable":false,"inbound_stock":0,"stock_on_hold":0,"sold_today":0,"sales_last_days":0,"reserved_stock":0,"customer_returns":0,"warehouse_damage":0,"lost_in_post":0,"other_logs":0,"out_stock_days":0,"lost_sales":0,"has_location":false,"update_date":"2026-04-27T21:36:26","atum_locations":[],"atum_stock_status":"instock","restock_status":false,"low_stock_amount":6,"sales_update_date":"2026-04-27T21:36:26","calc_backorders":null,"jetpack_publicize_connections":[],"jetpack_sharing_enabled":true,"batches":[{"id":"474","date_created":"2024-10-01 12:16:29","date_expiry":"2027-08-17 00:00:00","user_id":"2760","batch_number":"MERABoeufPS400G170827","location":"","quantity":"12.0000","quantity_available":"2.0000","units":"1","status":"active","order_ids":"[21636,29019,29194,31025]","supplier":"mera","po":{"id":"457","date_created":"2024-10-01 12:16:30","batch_id":"474","po_number":"","supplier":"mera","cost":null,"regular_price":null,"sale_price":null,"price_margin":null,"price_discount":null}},{"id":"6457","date_created":"2025-12-05 13:34:43","date_expiry":"2028-05-09 00:00:00","user_id":"2760","batch_number":"MERABoeufPS400G090528","location":"","quantity":"12.0000","quantity_available":"9.0000","units":"1","status":"active","order_ids":"[33407]","supplier":"MERA","po":{"id":"6403","date_created":"2025-12-05 13:34:44","batch_id":"6457","po_number":"","supplier":"MERA","cost":null,"regular_price":null,"sale_price":null,"price_margin":null,"price_discount":null}}],"_links":{"self":[{"href":"https:\/\/petworld.ma\/index.php\/wp-json\/wp\/v2\/product\/6061","targetHints":{"allow":["GET"]}}],"collection":[{"href":"https:\/\/petworld.ma\/index.php\/wp-json\/wp\/v2\/product"}],"about":[{"href":"https:\/\/petworld.ma\/index.php\/wp-json\/wp\/v2\/types\/product"}],"wp:featuredmedia":[{"embeddable":true,"href":"https:\/\/petworld.ma\/index.php\/wp-json\/wp\/v2\/media\/6063"}],"wp:attachment":[{"href":"https:\/\/petworld.ma\/index.php\/wp-json\/wp\/v2\/media?parent=6061"}],"wp:term":[{"taxonomy":"product_brand","embeddable":true,"href":"https:\/\/petworld.ma\/index.php\/wp-json\/wp\/v2\/product_brand?post=6061"},{"taxonomy":"product_cat","embeddable":true,"href":"https:\/\/petworld.ma\/index.php\/wp-json\/wp\/v2\/product_cat?post=6061"},{"taxonomy":"product_tag","embeddable":true,"href":"https:\/\/petworld.ma\/index.php\/wp-json\/wp\/v2\/product_tag?post=6061"}],"curies":[{"name":"wp","href":"https:\/\/api.w.org\/{rel}","templated":true}]}}