{"id":608,"date":"2022-12-16T20:49:04","date_gmt":"2022-12-16T20:49:04","guid":{"rendered":"https:\/\/petworld.ma\/?post_type=product&#038;p=608"},"modified":"2026-04-04T17:23:47","modified_gmt":"2026-04-04T17:23:47","slug":"royal-canin-british-shorthair-adulte-2-kg","status":"publish","type":"product","link":"https:\/\/petworld.ma\/index.php\/produit\/royal-canin-british-shorthair-adulte-2-kg\/","title":{"rendered":"Royal Canin British Shorthair Adulte 2 Kg"},"content":{"rendered":"<div>\n<div>\n<div>\n<h2>Aliment complet et \u00e9quilibr\u00e9 pour chats &#8211; Sp\u00e9cial chats adultes British Shorthair &#8211; \u00c0 partir de 12 mois.<\/h2>\n<\/div>\n<\/div>\n<\/div>\n<div>\n<div>\n<div>ROYAL CANIN\u00ae British Shorthair Adult est sp\u00e9cialement formul\u00e9 en fonction des besoins nutritionnels sp\u00e9cifiques de votre chat adulte British Shorthair. \u00a0 En raison de sa morphologie particuli\u00e8rement puissante, le taux de prot\u00e9ines de ROYAL CANIN\u00ae British Shorthair Adult a \u00e9t\u00e9 adapt\u00e9 afin de contribuer au maintien de la masse musculaire de votre chat. Cet aliment est \u00e9galement enrichi en L-Carnitine, un nutriment essentiel \u00e0 un m\u00e9tabolisme sain des lipides. \u00a0 Les acides gras om\u00e9ga-3 (EPA et DHA) que contient cette formule aident \u00e0 renforcer les os et les articulations de votre chat, ce qui lui permet de conserver son rythme d\u2019activit\u00e9 habituel sans aucun inconfort. \u00a0 De plus, l\u2019\u00e9quilibre soigneusement dos\u00e9 en min\u00e9raux de cet aliment favorise et pr\u00e9serve la bonne sant\u00e9 cardiaque de votre chat. \u00a0 Pour r\u00e9pondre aux pr\u00e9f\u00e9rences individuelles de chaque chat, ROYAL CANIN\u00ae British Shorthair Adult est \u00e9galement disponible sous forme d&rsquo;aliment humide en \u00e9minc\u00e9es en sauce. Si vous envisagez une alimentation mixte, il vous suffit de suivre nos instructions pour vous assurer que votre chat re\u00e7oit la quantit\u00e9 de nourriture s\u00e8che et humide n\u00e9cessaire pour un b\u00e9n\u00e9fice optimal.<\/div>\n<h3>\u00a0Informations Nutritionnelles :<\/h3>\n<div>\n<div>Additifs (au kg)\u00a0: Additifs nutritionnels\u00a0: Vitamine A\u00a0: 31000\u00a0UI, Vitamine D3\u00a0: 800\u00a0UI, E1 (Fer)\u00a0: 40\u00a0mg, E2 (Iode)\u00a0: 4\u00a0mg, E4 (Cuivre)\u00a0: 12\u00a0mg, E5 (Mangan\u00e8se)\u00a0: 51\u00a0mg, E6 (Zinc)\u00a0: 154\u00a0mg, E8 (S\u00e9l\u00e9nium)\u00a0: 0,08\u00a0mg, L-carnitine\u00a0: 200\u00a0mg\u00a0&#8211; Additifs technologiques\u00a0: Clinoptilolite d\u2019origine s\u00e9dimentaire\u00a0: 10\u00a0g\u00a0&#8211; Conservateurs\u00a0&#8211; Antioxyg\u00e8nes.<\/div>\n<div>Constituants analytiques : Prot\u00e9ine\u00a0: 34\u00a0%\u00a0&#8211; Teneur en mati\u00e8res grasses\u00a0: 19\u00a0%\u00a0&#8211; Cendres brutes\u00a0: 6,8\u00a0%\u00a0&#8211; Cellulose brute\u00a0: 5,3\u00a0%\u00a0&#8211; Au kg\u00a0: Acides gras om\u00e9ga 3\u00a0: 9,7\u00a0g dont EPA\/DHA\u00a0: 3,5\u00a0g.<\/div>\n<div>Composition : prot\u00e9ines de volaille d\u00e9shydrat\u00e9es, riz, isolat de prot\u00e9ines v\u00e9g\u00e9tales*, graisses animales, ma\u00efs, gluten de ma\u00efs, fibres v\u00e9g\u00e9tales, hydrolysat de prot\u00e9ines animales, pulpe de chicor\u00e9e, huile de poisson, huile de soja, sels min\u00e9raux, levures et composants de levures, fructo-oligosaccharides, hydrolysat de levure (source de mannan-oligosaccharides), huile de bourrache, hydrolysat de crustac\u00e9 (source de glucosamine), extrait de rose d\u2019Inde (source de lut\u00e9ine), hydrolysat de cartilage (source de chondro\u00eftine).<\/div>\n<div>Mode d\u2019emploi\u00a0: voir tableau. Num\u00e9ro de lot et d\u2019identifiant usine, \u00e0 utiliser de pr\u00e9f\u00e9rence avant\u00a0: voir sur l\u2019emballage. \u00c0 conserver dans un endroit sec et frais.<\/div>\n<h3>\u00a0B\u00e9n\u00e9fices :<\/h3>\n<div>\n<ul>\n<li>\n<div>Sp\u00e9cial m\u00e2choire British Shorthair<\/div>\n<div>Cette grande croquette exclusive de forme incurv\u00e9e est adapt\u00e9e \u00e0 la large m\u00e2choire du chat British Shorthair. Elle facilite la pr\u00e9hension et encourage la mastication pour favoriser l\u2019hygi\u00e8ne bucco-dentaire.<\/div>\n<\/li>\n<li>\n<div>Tonicit\u00e9 musculaire<\/div>\n<div>Le corps du British Shorthair est muscl\u00e9, robuste et imposant. Un niveau adapt\u00e9 de prot\u00e9ine contribue au maintien de la masse musculaire. Enrichi en L-carnitine, qui contribue au m\u00e9tabolisme des graisses.<\/div>\n<\/li>\n<li>\n<div>Sant\u00e9 des os et des articulations<\/div>\n<div>Le corps trapu et puissant du British Shorthair peut accentuer la sollicitation au niveau des os et des articulations. Formul\u00e9 pour maintenir la sant\u00e9 des os et des articulations. Enrichi en acides gras om\u00e9ga-3 (EPA et DHA).<\/div>\n<\/li>\n<li>\n<div>Sant\u00e9 cardiaque<\/div>\n<div>Enrichi en nutriments comme la taurine, l\u2019EPA et le DHA pour aider \u00e0 maintenir la sant\u00e9 de la fonction cardiaque.<\/div>\n<\/li>\n<li>\n<div>Sant\u00e9 urinaire<\/div>\n<div>Formul\u00e9 avec un \u00e9quilibre de min\u00e9raux pour contribuer \u00e0 la sant\u00e9 du syst\u00e8me urinaire du chat adulte.<\/div>\n<\/li>\n<\/ul>\n<h3>\u00a0Rations :<\/h3>\n<table>\n<thead>\n<tr>\n<th>Poids du chat<\/th>\n<th>Faibles besoins \u00e9nerg\u00e9tiques<\/th>\n<th>Besoins \u00e9nerg\u00e9tiques mod\u00e9r\u00e9s\/actifs<\/th>\n<\/tr>\n<\/thead>\n<tbody>\n<tr>\n<td>3 \u00e0 4 kg<\/td>\n<td>34 -41 g (ou 15 &#8211; 23 g + 1 sachet)<\/td>\n<td>42 &#8211; 52 g (ou 24 &#8211; 33 g + 1 sachet)<\/td>\n<\/tr>\n<tr>\n<td>5 \u00e0 6 kg<\/td>\n<td>49 &#8211; 55 g (ou 30 &#8211; 37 g + 1 sachet)<\/td>\n<td>61 &#8211; 69 g (ou 42 &#8211; 51 g + 1 sachet)<\/td>\n<\/tr>\n<tr>\n<td>7 \u00e0 8 kg<\/td>\n<td>62 &#8211; 68 g (ou 43 &#8211; 49 g + 1 sachet)<\/td>\n<td>77 &#8211; 85 g (ou 59 &#8211; 66 g + 1 sachet)<\/td>\n<\/tr>\n<\/tbody>\n<\/table>\n<p><a href=\"https:\/\/wa.me\/212708052510\" target=\"_blank\" rel=\"noopener noreferrer\"><img loading=\"lazy\" decoding=\"async\" class=\"fr-fic fr-dib aligncenter\" src=\"https:\/\/cdn.youcan.shop\/stores\/d0742d556df94ddbc7ae4c9810aff04b\/others\/xQzaKaYPjCKi8gARuXFEc44jurmWbofqAI6N9An6.png\" width=\"280\" height=\"74\" data-fr-image-pasted=\"true\" data-name=\"stores\/d0742d556df94ddbc7ae4c9810aff04b\/others\/xQzaKaYPjCKi8gARuXFEc44jurmWbofqAI6N9An6.png\" \/><\/a><\/p>\n<\/div>\n<\/div>\n<\/div>\n<\/div>\n","protected":false},"excerpt":{"rendered":"<p>Aliment complet et \u00e9quilibr\u00e9 pour chats &#8211; Sp\u00e9cial chats adultes British Shorthair &#8211; \u00c0 partir de 12 mois. ROYAL CANIN\u00ae British Shorthair Adult est sp\u00e9cialement formul\u00e9 en fonction des besoins nutritionnels sp\u00e9cifiques de votre chat adulte British Shorthair. \u00a0 En raison de sa morphologie particuli\u00e8rement puissante, le taux de prot\u00e9ines de ROYAL CANIN\u00ae British Shorthair [&#8230;]\n","protected":false},"featured_media":614,"template":"","meta":{"jetpack_publicize_message":"","jetpack_publicize_feature_enabled":true,"jetpack_social_post_already_shared":false,"jetpack_social_options":{"image_generator_settings":{"template":"highway","default_image_id":0,"font":"","enabled":false},"version":2}},"product_brand":[],"product_cat":[40],"product_tag":[],"class_list":{"0":"post-608","1":"product","2":"type-product","3":"status-publish","4":"has-post-thumbnail","6":"product_cat-coquettes-pour-chat","8":"first","9":"instock","10":"taxable","11":"shipping-taxable","12":"purchasable","13":"product-type-simple"},"supplier_id":5587,"supplier_sku":"7091","barcode":null,"atum_controlled":true,"out_stock_date":null,"out_stock_threshold":null,"inheritable":false,"inbound_stock":0,"stock_on_hold":0,"sold_today":0,"sales_last_days":0,"reserved_stock":0,"customer_returns":0,"warehouse_damage":0,"lost_in_post":0,"other_logs":0,"out_stock_days":0,"lost_sales":0,"has_location":false,"update_date":"2026-04-04T17:23:49","atum_locations":[],"atum_stock_status":"instock","restock_status":false,"low_stock_amount":8,"sales_update_date":"2026-04-04T17:22:53","calc_backorders":null,"jetpack_publicize_connections":[],"jetpack_sharing_enabled":true,"batches":[{"id":"36","date_created":"2024-09-11 14:59:10","date_expiry":"2025-10-16 00:00:00","user_id":"2760","batch_number":"RCbritsh161025","location":"","quantity":"3.0000","quantity_available":"0.0000","units":"1","status":"archived","order_ids":"[14191,16750,19470,19664]","supplier":"Royal Canin","po":{"id":"33","date_created":"2024-09-11 14:59:10","batch_id":"36","po_number":"","supplier":"Royal Canin","cost":null,"regular_price":null,"sale_price":null,"price_margin":null,"price_discount":null}},{"id":"242","date_created":"2024-09-29 12:51:08","date_expiry":"2025-08-15 00:00:00","user_id":"2760","batch_number":"RCbritish150825","location":"","quantity":"1.0000","quantity_available":"0.0000","units":"1","status":"archived","order_ids":"[13882]","supplier":"Royal Canin","po":{"id":"237","date_created":"2024-09-29 12:51:08","batch_id":"242","po_number":"","supplier":"Royal Canin","cost":null,"regular_price":null,"sale_price":null,"price_margin":null,"price_discount":null}},{"id":"921","date_created":"2024-11-22 17:44:35","date_expiry":"2026-03-02 00:00:00","user_id":"2760","batch_number":"RCbritsh020326","location":"","quantity":"1.0000","quantity_available":"0.0000","units":"1","status":"archived","order_ids":"[23410]","supplier":"Royal Canin","po":{"id":"898","date_created":"2024-11-22 17:44:36","batch_id":"921","po_number":"","supplier":"Royal Canin","cost":null,"regular_price":null,"sale_price":null,"price_margin":null,"price_discount":null}},{"id":"1392","date_created":"2024-12-26 22:56:17","date_expiry":"2026-05-03 00:00:00","user_id":"2760","batch_number":"RCbritsh030526","location":"","quantity":"1.0000","quantity_available":"0.0000","units":"1","status":"archived","order_ids":"[24368]","supplier":"Royal Canin","po":{"id":"1366","date_created":"2024-12-26 22:56:20","batch_id":"1392","po_number":"","supplier":"Royal Canin","cost":null,"regular_price":null,"sale_price":null,"price_margin":null,"price_discount":null}},{"id":"1696","date_created":"2025-01-22 20:29:02","date_expiry":"2026-05-03 00:00:00","user_id":"2760","batch_number":"RCbritsh030526","location":"","quantity":"2.0000","quantity_available":"0.0000","units":"1","status":"archived","order_ids":"[25499,25633]","supplier":"Royal Canin","po":{"id":"1670","date_created":"2025-01-22 20:29:06","batch_id":"1696","po_number":"","supplier":"Royal Canin","cost":null,"regular_price":null,"sale_price":null,"price_margin":null,"price_discount":null}},{"id":"1798","date_created":"2025-01-27 23:17:28","date_expiry":"2026-04-28 00:00:00","user_id":"2760","batch_number":"RCbritsh280426","location":"","quantity":"2.0000","quantity_available":"0.0000","units":"1","status":"archived","order_ids":"[23410,24368]","supplier":"Royal Canin","po":{"id":"1772","date_created":"2025-01-27 23:17:31","batch_id":"1798","po_number":"","supplier":"Royal Canin","cost":null,"regular_price":null,"sale_price":null,"price_margin":null,"price_discount":null}},{"id":"2879","date_created":"2025-04-10 01:05:43","date_expiry":"2026-09-02 00:00:00","user_id":"2760","batch_number":"RCbritsh020926","location":"","quantity":"4.0000","quantity_available":"0.0000","units":"1","status":"archived","order_ids":"[27123,27961,28096]","supplier":"Royal Canin","po":{"id":"2847","date_created":"2025-04-10 01:05:44","batch_id":"2879","po_number":"","supplier":"Royal Canin","cost":null,"regular_price":null,"sale_price":null,"price_margin":null,"price_discount":null}},{"id":"4939","date_created":"2025-08-19 20:35:14","date_expiry":"2026-09-02 00:00:00","user_id":"2760","batch_number":"RCbritsh020926","location":"","quantity":"1.0000","quantity_available":"0.0000","units":"1","status":"archived","order_ids":"[26952]","supplier":"Royal Canin","po":{"id":"4903","date_created":"2025-08-19 20:35:15","batch_id":"4939","po_number":"","supplier":"Royal Canin","cost":null,"regular_price":null,"sale_price":null,"price_margin":null,"price_discount":null}},{"id":"5398","date_created":"2025-09-20 12:45:43","date_expiry":"2026-11-20 00:00:00","user_id":"2760","batch_number":"RCbritsh201126","location":"","quantity":"3.0000","quantity_available":"0.0000","units":"1","status":"archived","order_ids":"[28420,29629,30573]","supplier":"Royal Canin","po":{"id":"5355","date_created":"2025-09-20 12:45:44","batch_id":"5398","po_number":"","supplier":"Royal Canin","cost":null,"regular_price":null,"sale_price":null,"price_margin":null,"price_discount":null}},{"id":"5538","date_created":"2025-09-28 22:06:55","date_expiry":"2026-11-20 00:00:00","user_id":"2760","batch_number":"RCbritsh201126","location":"","quantity":"1.0000","quantity_available":"0.0000","units":"1","status":"archived","order_ids":"[28420]","supplier":"Royal Canin","po":{"id":"5492","date_created":"2025-09-28 22:06:56","batch_id":"5538","po_number":"","supplier":"Royal Canin","cost":null,"regular_price":null,"sale_price":null,"price_margin":null,"price_discount":null}},{"id":"5607","date_created":"2025-10-02 21:28:50","date_expiry":"2026-12-10 00:00:00","user_id":"2760","batch_number":"RCbritsh101226","location":"","quantity":"1.0000","quantity_available":"0.0000","units":"1","status":"archived","order_ids":"[31897]","supplier":"Royal Canin","po":{"id":"5561","date_created":"2025-10-02 21:28:51","batch_id":"5607","po_number":"","supplier":"Royal Canin","cost":null,"regular_price":null,"sale_price":null,"price_margin":null,"price_discount":null}},{"id":"5750","date_created":"2025-10-16 23:08:42","date_expiry":"2026-12-10 00:00:00","user_id":"2760","batch_number":"RCbritsh101226","location":"","quantity":"2.0000","quantity_available":"0.0000","units":"1","status":"archived","order_ids":"[31897,31981]","supplier":"Royal Canin","po":{"id":"5703","date_created":"2025-10-16 23:08:43","batch_id":"5750","po_number":"","supplier":"Royal Canin","cost":null,"regular_price":null,"sale_price":null,"price_margin":null,"price_discount":null}},{"id":"6080","date_created":"2025-11-11 20:19:03","date_expiry":"2027-03-04 00:00:00","user_id":"2760","batch_number":"RCbritsh040327","location":"","quantity":"1.0000","quantity_available":"0.0000","units":"1","status":"archived","order_ids":"[33194]","supplier":"Royal Canin","po":{"id":"6026","date_created":"2025-11-11 20:19:04","batch_id":"6080","po_number":"","supplier":"Royal Canin","cost":null,"regular_price":null,"sale_price":null,"price_margin":null,"price_discount":null}},{"id":"6341","date_created":"2025-11-24 15:51:28","date_expiry":"2027-02-16 00:00:00","user_id":"2760","batch_number":"RCbritsh160227","location":"","quantity":"1.0000","quantity_available":"0.0000","units":"1","status":"archived","order_ids":"[33038]","supplier":"Royal Canin","po":{"id":"6287","date_created":"2025-11-24 15:51:28","batch_id":"6341","po_number":"","supplier":"Royal Canin","cost":null,"regular_price":null,"sale_price":null,"price_margin":null,"price_discount":null}},{"id":"6864","date_created":"2025-12-23 14:12:53","date_expiry":"2027-04-09 00:00:00","user_id":"2760","batch_number":"RCbritsh090427","location":"","quantity":"4.0000","quantity_available":"0.0000","units":"1","status":"archived","order_ids":"[36333,36848,37891]","supplier":"Royal Canin","po":{"id":"6803","date_created":"2025-12-23 14:12:53","batch_id":"6864","po_number":"","supplier":"Royal Canin","cost":null,"regular_price":null,"sale_price":null,"price_margin":null,"price_discount":null}},{"id":"7336","date_created":"2026-01-26 14:33:30","date_expiry":"2027-06-09 00:00:00","user_id":"2760","batch_number":"RCbritsh090627","location":"","quantity":"1.0000","quantity_available":"1.0000","units":"1","status":"active","order_ids":null,"supplier":"Royal Canin","po":{"id":"7272","date_created":"2026-01-26 14:33:30","batch_id":"7336","po_number":"","supplier":"Royal Canin","cost":null,"regular_price":null,"sale_price":null,"price_margin":null,"price_discount":null}},{"id":"8026","date_created":"2026-02-28 21:29:12","date_expiry":"2027-06-09 00:00:00","user_id":"2760","batch_number":"RCbritsh090627","location":"","quantity":"1.0000","quantity_available":"1.0000","units":"1","status":"active","order_ids":null,"supplier":"Royal Canin","po":{"id":"7964","date_created":"2026-02-28 21:29:12","batch_id":"8026","po_number":"","supplier":"Royal Canin","cost":null,"regular_price":null,"sale_price":null,"price_margin":null,"price_discount":null}},{"id":"8143","date_created":"2026-03-08 02:03:12","date_expiry":"2027-05-30 00:00:00","user_id":"2760","batch_number":"RCbritsh300527","location":"","quantity":"2.0000","quantity_available":"1.0000","units":"1","status":"active","order_ids":"[37891]","supplier":"Royal Canin","po":{"id":"8082","date_created":"2026-03-08 02:03:12","batch_id":"8143","po_number":"","supplier":"Royal Canin","cost":null,"regular_price":null,"sale_price":null,"price_margin":null,"price_discount":null}},{"id":"8476","date_created":"2026-03-25 16:08:42","date_expiry":"2027-05-30 00:00:00","user_id":"2760","batch_number":"RCbritsh300527","location":"","quantity":"1.0000","quantity_available":"1.0000","units":"1","status":"active","order_ids":null,"supplier":"Royal Canin","po":{"id":"8404","date_created":"2026-03-25 16:08:42","batch_id":"8476","po_number":"","supplier":"Royal Canin","cost":null,"regular_price":null,"sale_price":null,"price_margin":null,"price_discount":null}},{"id":"8670","date_created":"2026-04-04 17:23:46","date_expiry":"2027-08-09 00:00:00","user_id":"2760","batch_number":"RCbritsh090827","location":"","quantity":"4.0000","quantity_available":"4.0000","units":"1","status":"active","order_ids":null,"supplier":"Royal Canin","po":{"id":"8598","date_created":"2026-04-04 17:23:47","batch_id":"8670","po_number":"","supplier":"Royal Canin","cost":null,"regular_price":null,"sale_price":null,"price_margin":null,"price_discount":null}}],"_links":{"self":[{"href":"https:\/\/petworld.ma\/index.php\/wp-json\/wp\/v2\/product\/608","targetHints":{"allow":["GET"]}}],"collection":[{"href":"https:\/\/petworld.ma\/index.php\/wp-json\/wp\/v2\/product"}],"about":[{"href":"https:\/\/petworld.ma\/index.php\/wp-json\/wp\/v2\/types\/product"}],"wp:featuredmedia":[{"embeddable":true,"href":"https:\/\/petworld.ma\/index.php\/wp-json\/wp\/v2\/media\/614"}],"wp:attachment":[{"href":"https:\/\/petworld.ma\/index.php\/wp-json\/wp\/v2\/media?parent=608"}],"wp:term":[{"taxonomy":"product_brand","embeddable":true,"href":"https:\/\/petworld.ma\/index.php\/wp-json\/wp\/v2\/product_brand?post=608"},{"taxonomy":"product_cat","embeddable":true,"href":"https:\/\/petworld.ma\/index.php\/wp-json\/wp\/v2\/product_cat?post=608"},{"taxonomy":"product_tag","embeddable":true,"href":"https:\/\/petworld.ma\/index.php\/wp-json\/wp\/v2\/product_tag?post=608"}],"curies":[{"name":"wp","href":"https:\/\/api.w.org\/{rel}","templated":true}]}}