{"id":6149,"date":"2024-01-23T14:16:48","date_gmt":"2024-01-23T14:16:48","guid":{"rendered":"https:\/\/petworld.ma\/?post_type=product&#038;p=6149"},"modified":"2026-04-17T17:01:36","modified_gmt":"2026-04-17T17:01:36","slug":"shampooing-beaphar-premium-empreinte-pour-pelage-noir-250-ml","status":"publish","type":"product","link":"https:\/\/petworld.ma\/index.php\/produit\/shampooing-beaphar-premium-empreinte-pour-pelage-noir-250-ml\/","title":{"rendered":"Shampoing Beaphar premium Empreinte Pour pelage noir (250 ml)"},"content":{"rendered":"<div class=\"product-bottom__paragraph\" data-v-0fa795df=\"\">\n<h3 class=\"product-bottom__paragraph-title\" data-v-0fa795df=\"\">Description<\/h3>\n<p class=\"whitespace-pre-line\" data-v-0fa795df=\"\">Le shampoing Empreinte sp\u00e9cial pelage noir ou sombre est un shampoing premium \u00e0 base d&rsquo;extraits de ch\u00e2taigne et de chicor\u00e9e \u00e9labor\u00e9 par nos v\u00e9t\u00e9rinaires. Ces actifs naturels permettent de rehausser la couleur naturelle du poil et favorise brillance et \u00e9clat. Sa formule douce prend soin des pelages fragiles et les prot\u00e8ge du dess\u00e8chement. Son pH neutre respecte l\u2019\u00e9piderme et convient aux peaux les plus sensibles.<\/p>\n<\/div>\n<div class=\"product-bottom__paragraph\" data-v-0fa795df=\"\">\n<h3 class=\"product-bottom__paragraph-title\" data-v-0fa795df=\"\">Conseils d&rsquo;utilisation<\/h3>\n<p class=\"whitespace-pre-line\" data-v-0fa795df=\"\">Mouiller l\u2019animal \u00e0 l\u2019eau ti\u00e8de. Appliquer le shampooing sur son dos et masser longuement le pelage. Rincer abondamment, puis s\u00e9cher.<\/p>\n<\/div>\n<div class=\"product-bottom__paragraph\" data-v-0fa795df=\"\">\n<h3 class=\"product-bottom__paragraph-title\" data-v-0fa795df=\"\">Composition<\/h3>\n<ul class=\"mb-6 list-reset\" data-v-0fa795df=\"\">\n<li data-v-0fa795df=\"\"><strong data-v-0fa795df=\"\">Ingr\u00e9dients<\/strong>:\u00a0<span data-v-0fa795df=\"\">AQUA, SODIUM LAURETH SULFATE, SODIUM CHLORIDE, COCAMIDOPROPYL BETAINE, BENZYL ALCOHOL, GLYCERIN, PARFUM, VITIS VINIFERA FRUIT WATER, CICHORIUM INTYBUS ROOT EXTRACT, SODIUM HYDROXIDE, CASTANEA SATIVA SEED EXTRACT, CITRIC ACID, BENZYL SALICYLATE, LIMONENE, CARAMEL, HEXYL CINNAMAL, HYDROXYCITRONELLAL, CALCIUM PANTOTHENATE, MALTODEXTRIN, PYRIDOXINE HCL, VITIS VINIFERA FRUIT EXTRACT<\/span><\/li>\n<\/ul>\n<\/div>\n<div class=\"product-bottom__paragraph\" data-v-0fa795df=\"\">\n<h3 class=\"product-bottom__paragraph-title\" data-v-0fa795df=\"\">Caract\u00e9ristiques<\/h3>\n<table class=\"mt-2 mb-6 w-full product-bottom__specifications overflow-auto\" data-v-0fa795df=\"\">\n<tbody data-v-0fa795df=\"\">\n<tr data-v-0fa795df=\"\">\n<th class=\"text-left py-3 px-5 w-1\/4 align-top\" data-v-0fa795df=\"\">Contient<\/th>\n<td class=\"w-3\/4 py-3 pr-4\" data-v-0fa795df=\"\"><span class=\"product-bottom__spec\" data-v-0fa795df=\"\" data-id=\"contents\">250 ml<\/span><\/td>\n<\/tr>\n<tr data-v-0fa795df=\"\">\n<th class=\"text-left py-3 px-5 w-1\/4 align-top\" data-v-0fa795df=\"\">Code produit \/ SKU<\/th>\n<td class=\"w-3\/4 py-3 pr-4\" data-v-0fa795df=\"\"><span class=\"product-bottom__spec\" data-v-0fa795df=\"\" data-id=\"sku\">15023<\/span><\/td>\n<\/tr>\n<tr data-v-0fa795df=\"\">\n<th class=\"text-left py-3 px-5 w-1\/4 align-top\" data-v-0fa795df=\"\">Code-barres \/ EAN<\/th>\n<td class=\"w-3\/4 py-3 pr-4\" data-v-0fa795df=\"\"><span class=\"product-bottom__spec\" data-v-0fa795df=\"\" data-id=\"barcode\">8711231150236<\/span><\/td>\n<\/tr>\n<tr data-v-0fa795df=\"\">\n<th class=\"text-left py-3 px-5 w-1\/4 align-top\" data-v-0fa795df=\"\">Formulaire<\/th>\n<td class=\"w-3\/4 py-3 pr-4\" data-v-0fa795df=\"\"><span class=\"product-bottom__spec\" data-v-0fa795df=\"\" data-id=\"form\">Shampoing<\/span><\/td>\n<\/tr>\n<tr data-v-0fa795df=\"\">\n<th class=\"text-left py-3 px-5 w-1\/4 align-top\" data-v-0fa795df=\"\">Type d&rsquo;animal<\/th>\n<td class=\"w-3\/4 py-3 pr-4\" data-v-0fa795df=\"\"><span class=\"product-bottom__spec\" data-v-0fa795df=\"\" data-id=\"animal_type\">Chien<\/span><\/td>\n<\/tr>\n<tr data-v-0fa795df=\"\">\n<th class=\"text-left py-3 px-5 w-1\/4 align-top\" data-v-0fa795df=\"\">Stockage et s\u00e9curit\u00e9<\/th>\n<td class=\"w-3\/4 py-3 pr-4\" data-v-0fa795df=\"\"><span class=\"product-bottom__spec\" data-v-0fa795df=\"\" data-id=\"storage_and_safety\">Dur\u00e9e de conservation : 12 mois apr\u00e8s ouverture<\/span><\/td>\n<\/tr>\n<tr data-v-0fa795df=\"\">\n<th class=\"text-left py-3 px-5 w-1\/4 align-top\" data-v-0fa795df=\"\">Pr\u00e9cautions d&#8217;emploi<\/th>\n<td class=\"w-3\/4 py-3 pr-4\" data-v-0fa795df=\"\"><span class=\"product-bottom__spec\" data-v-0fa795df=\"\" data-id=\"product_precautions\">Attention, ne pas appliquer dans l\u2019oeil. Provoque une s\u00e9v\u00e8re irritation des yeux.\u00a0Conseils de prudence chez l\u2019homme : Attention, ne pas appliquer dans l\u2019oeil. Provoque une s\u00e9v\u00e8re irritation des yeux. Tenir hors de port\u00e9e des enfants. Se laver soigneusement les mains apr\u00e8s manipulation. Porter un \u00e9quipement de protection des yeux. EN CAS DE CONTACT AVEC LES YEUX : Rincer avec pr\u00e9caution \u00e0 l\u2019eau pendant plusieurs minutes. Enlever les lentilles de contact si la victime en porte et si elles peuvent \u00eatre facilement enlev\u00e9es. Continuer \u00e0 rincer. Si l\u2019irritation oculaire persiste : consulter un m\u00e9decin. En cas de consultation d\u2019un m\u00e9decin, garder \u00e0 disposition le r\u00e9cipient ou l\u2019\u00e9tiquette. \u00c9liminer le contenu\/r\u00e9cipient conform\u00e9ment aux prescriptions du r\u00e8glement municipal d\u2019\u00e9limination des d\u00e9chets.UFI : 8THC-AHMN-8Y65-4AH0<\/span><label class=\"product-bottom__readmore-link\" for=\"product_precautions\" data-v-0fa795df=\"\"><span class=\"product-bottom__readmore-link--more\" data-v-0fa795df=\"\">En savoir plus<\/span><\/label><\/td>\n<\/tr>\n<\/tbody>\n<\/table>\n<\/div>\n","protected":false},"excerpt":{"rendered":"<div class=\"c-product__short-description\">\n<p class=\"product-info__description\" data-v-01f1ebd5=\"\">Aux extraits naturels de ch\u00e2taigne &amp; de chicor\u00e9e.<\/p>\n<ul class=\"product-info__usps list-reset\" data-v-01f1ebd5=\"\">\n<li data-v-01f1ebd5=\"\"><span class=\"product-info__usps-span\" data-v-01f1ebd5=\"\">Aux extraits naturels de ch\u00e2taigne &amp; de chicor\u00e9e<\/span><\/li>\n<li data-v-01f1ebd5=\"\"><span class=\"product-info__usps-span\" data-v-01f1ebd5=\"\">Pr\u00e9server l\u2019\u00e9clat des pelages sombres<\/span><\/li>\n<li data-v-01f1ebd5=\"\"><span class=\"product-info__usps-span\" data-v-01f1ebd5=\"\">Avec des polyph\u00e9nols de raisins<\/span><\/li>\n<li data-v-01f1ebd5=\"\"><span class=\"product-info__usps-span\" data-v-01f1ebd5=\"\">pH neutre, sans parab\u00e8nes<\/span><\/li>\n<li data-v-01f1ebd5=\"\"><span class=\"product-info__usps-span\" data-v-01f1ebd5=\"\">Fabriqu\u00e9 en France<\/span><\/li>\n<\/ul>\n<\/div>\n<div class=\"c-product__atc-wrap\">\n<div class=\"c-product__atc-row-1\">\n<div class=\"c-product__quantity quantity\"><\/div>\n<\/div>\n<\/div>\n","protected":false},"featured_media":6153,"template":"","meta":{"jetpack_publicize_message":"","jetpack_publicize_feature_enabled":true,"jetpack_social_post_already_shared":false,"jetpack_social_options":{"image_generator_settings":{"template":"highway","default_image_id":0,"font":"","enabled":false},"version":2}},"product_brand":[],"product_cat":[214],"product_tag":[],"class_list":{"0":"post-6149","1":"product","2":"type-product","3":"status-publish","4":"has-post-thumbnail","6":"product_cat-parfums-shampoing","8":"first","9":"instock","10":"sale","11":"taxable","12":"shipping-taxable","13":"purchasable","14":"product-type-simple"},"supplier_id":5587,"supplier_sku":"","barcode":null,"atum_controlled":true,"out_stock_date":null,"out_stock_threshold":null,"inheritable":false,"inbound_stock":0,"stock_on_hold":0,"sold_today":0,"sales_last_days":1,"reserved_stock":0,"customer_returns":0,"warehouse_damage":0,"lost_in_post":0,"other_logs":0,"out_stock_days":0,"lost_sales":0,"has_location":false,"update_date":"2026-05-01T00:16:02","atum_locations":[],"atum_stock_status":"instock","restock_status":false,"low_stock_amount":0,"sales_update_date":"2026-05-01T00:16:02","calc_backorders":null,"jetpack_publicize_connections":[],"jetpack_sharing_enabled":true,"batches":[],"_links":{"self":[{"href":"https:\/\/petworld.ma\/index.php\/wp-json\/wp\/v2\/product\/6149","targetHints":{"allow":["GET"]}}],"collection":[{"href":"https:\/\/petworld.ma\/index.php\/wp-json\/wp\/v2\/product"}],"about":[{"href":"https:\/\/petworld.ma\/index.php\/wp-json\/wp\/v2\/types\/product"}],"wp:featuredmedia":[{"embeddable":true,"href":"https:\/\/petworld.ma\/index.php\/wp-json\/wp\/v2\/media\/6153"}],"wp:attachment":[{"href":"https:\/\/petworld.ma\/index.php\/wp-json\/wp\/v2\/media?parent=6149"}],"wp:term":[{"taxonomy":"product_brand","embeddable":true,"href":"https:\/\/petworld.ma\/index.php\/wp-json\/wp\/v2\/product_brand?post=6149"},{"taxonomy":"product_cat","embeddable":true,"href":"https:\/\/petworld.ma\/index.php\/wp-json\/wp\/v2\/product_cat?post=6149"},{"taxonomy":"product_tag","embeddable":true,"href":"https:\/\/petworld.ma\/index.php\/wp-json\/wp\/v2\/product_tag?post=6149"}],"curies":[{"name":"wp","href":"https:\/\/api.w.org\/{rel}","templated":true}]}}