{"id":622,"date":"2022-12-16T20:56:40","date_gmt":"2022-12-16T20:56:40","guid":{"rendered":"https:\/\/petworld.ma\/?post_type=product&#038;p=622"},"modified":"2026-04-23T19:49:54","modified_gmt":"2026-04-23T19:49:54","slug":"royal-canin-persan-kitten-2-kg-ou-10-kg","status":"publish","type":"product","link":"https:\/\/petworld.ma\/index.php\/produit\/royal-canin-persan-kitten-2-kg-ou-10-kg\/","title":{"rendered":"Royal Canin Persan Kitten 2 Kg ou 10 Kg"},"content":{"rendered":"<div>\n<div>\n<h2>Aliment complet et \u00e9quilibr\u00e9 pour chats &#8211; Sp\u00e9cial chatons Persans (jusqu\u2019\u00e0 12 mois).<\/h2>\n<\/div>\n<\/div>\n<div>Les chatons Persans poss\u00e8dent des caract\u00e9ristiques propres \u00e0 leur race qui doivent \u00eatre prises en compte au moment de choisir leur alimentation. Le bien-\u00eatre et la croissance de votre chaton m\u00e9ritent une attention particuli\u00e8re, surtout lorsque son syst\u00e8me immunitaire est encore en d\u00e9veloppement. \u00a0 ROYAL CANIN\u00ae Persian Kitten est formul\u00e9 pour r\u00e9pondre aux besoins sp\u00e9cifiques de votre chaton Persan. En lui donnant des aliments aussi nutritifs que possible, vous lui offrez le meilleur d\u00e9part possible dans la vie. \u00a0 Les \u00e9leveurs ont remarqu\u00e9 que le syst\u00e8me digestif de votre chaton Persan se d\u00e9veloppe progressivement et reste immature pendant un certain temps. C\u2019est pourquoi ROYAL CANIN\u00ae Persian Kitten contient des prot\u00e9ines hautement digestibles de la plus haute qualit\u00e9 ainsi qu\u2019une teneur adapt\u00e9e en fibres (dont le psyllium) et des pr\u00e9biotiques pour favoriser le bon \u00e9quilibre de la flore intestinale. \u00a0 Les croquettes ROYAL CANIN\u00ae Persian Kitten ont \u00e9t\u00e9 con\u00e7ues en tenant compte de la forme de la m\u00e2choire et de la t\u00eate de votre chaton Persan. Leur petite forme rectangulaire et leur texture lui permettent de les saisir et de les m\u00e2cher facilement. De plus, cet aliment sp\u00e9cialement formul\u00e9 contient un complexe d\u2019antioxydants, dont la vitamine E, qui renforce les d\u00e9fenses naturelles de votre chaton.<\/div>\n<div><\/div>\n<div><strong>\u00a0 \u00a0BENEFICES :<\/strong><\/div>\n<div>\n<div data-gtm-vis-first-on-screen-40760133_376=\"51654\" data-gtm-vis-first-on-screen-40760133_379=\"51654\" data-gtm-vis-has-fired-40760133_376=\"1\" data-gtm-vis-has-fired-40760133_379=\"1\" data-gtm-vis-total-visible-time-40760133_376=\"500\" data-gtm-vis-total-visible-time-40760133_379=\"500\" data-tms=\"Product description\">\n<ul>\n<li>\n<div>Sp\u00e9cial m\u00e2choire brachyc\u00e9phale<\/div>\n<div>Cette petite croquette exclusive de forme rectangulaire et \u00e0 la texture tendre permet au chaton Persan de la saisir et de la m\u00e2cher facilement.<\/div>\n<\/li>\n<li>\n<div>Croissance saine et pelage long<\/div>\n<div>Pendant la croissance, le chaton Persan acquiert un pelage long, dense et soyeux, caract\u00e9ristique embl\u00e9matique de cette race de chat. Avec une teneur adapt\u00e9e en prot\u00e9ines et un \u00e9quilibre pr\u00e9cis de vitamines et de min\u00e9raux (dont du calcium et du phosphore) pour aider \u00e0 favoriser la croissance tout en contribuant \u00e0 la sant\u00e9 de la peau et \u00e0 la beaut\u00e9 du pelage. Enrichi en acides gras om\u00e9ga-3 et om\u00e9ga-6.<\/div>\n<\/li>\n<li>\n<div>Performance digestive<\/div>\n<div>Pendant la p\u00e9riode de croissance, le syst\u00e8me digestif du chaton est immature et il continue \u00e0 se d\u00e9velopper progressivement. Une combinaison de prot\u00e9ines hautement digestibles (L.I.P.*) pour contribuer \u00e0 une bonne digestion, une teneur adapt\u00e9e en fibres (dont du psyllium) et des pr\u00e9biotiques pour aider \u00e0 favoriser l\u2019\u00e9quilibre de la flore intestinale. *L.I.P.\u00a0: prot\u00e9ines s\u00e9lectionn\u00e9es pour leur tr\u00e8s haute digestibilit\u00e9.<\/div>\n<\/li>\n<li>\n<div>Soutient les d\u00e9fenses naturelles<\/div>\n<div>Pendant la p\u00e9riode de croissance, le syst\u00e8me immunitaire du chaton se d\u00e9veloppe progressivement. Un complexe d\u2019antioxydants, comprenant de la vitamine E, aide \u00e0 soutenir les d\u00e9fenses naturelles du chaton.<\/div>\n<\/li>\n<li>\n<div>L.I.P. digestion et innovation scientifique<\/div>\n<div>Prot\u00e9ines de haute qualit\u00e9 s\u00e9lectionn\u00e9es pour leur digestibilit\u00e9 sup\u00e9rieure \u00e0 90 %, pour la sant\u00e9 digestive et la qualit\u00e9 des selles.<\/div>\n<\/li>\n<\/ul>\n<p><strong>INFORMATIONS NUTRITIONELLES : <\/strong><span style=\"color: #333333;\">Composition : prot\u00e9ines de volaille d\u00e9shydrat\u00e9es, riz, graisses animales, ma\u00efs, isolat de prot\u00e9ines v\u00e9g\u00e9tales*, hydrolysat de prot\u00e9ines animales, fibres v\u00e9g\u00e9tales, pulpe de betterave, levures et composants de levures, huile de poisson, huile de soja, sels min\u00e9raux, t\u00e9guments et graines de psyllium (0,5 %), fructo-oligosaccharides, hydrolysat de levure (source de manno-oligosaccharides), extraits de levure (source de b\u00eata-glucans), huile de bourrache, extrait de rose d\u2019inde (source de lut\u00e9ine).<\/span><\/p>\n<div data-gtm-vis-first-on-screen-40760133_376=\"51654\" data-gtm-vis-first-on-screen-40760133_379=\"51654\" data-gtm-vis-has-fired-40760133_376=\"1\" data-gtm-vis-has-fired-40760133_379=\"1\" data-gtm-vis-total-visible-time-40760133_376=\"500\" data-gtm-vis-total-visible-time-40760133_379=\"500\" data-tms=\"Product description\">\n<p>Additifs (au kg)\u00a0: Additifs nutritionnels\u00a0: Vitamine A\u00a0: 32000\u00a0UI, Vitamine D3\u00a0: 900\u00a0UI, Vitamine E\u00a0: 650\u00a0mg, E1 (Fer)\u00a0: 33\u00a0mg, E2 (Iode)\u00a0: 3,4\u00a0mg, E4 (Cuivre)\u00a0: 10\u00a0mg, E5 (Mangan\u00e8se)\u00a0: 44\u00a0mg, E6 (Zinc)\u00a0: 128\u00a0mg, E8 (S\u00e9l\u00e9nium)\u00a0: 0,07\u00a0mg\u00a0&#8211; Additifs technologiques\u00a0: Clinoptilolite d\u2019origine s\u00e9dimentaire\u00a0: 10\u00a0g\u00a0&#8211; Conservateurs\u00a0&#8211; Antioxyg\u00e8nes.<\/p>\n<p>Constituants analytiques : Prot\u00e9ine : 32 % &#8211; Teneur en mati\u00e8res grasses : 22 % &#8211; Cendres brutes : 7,9 % &#8211; Cellulose brute : 2,7 % &#8211; Calcium : 1,2 % &#8211; Phosphore : 1 % &#8211; Au kg : Acides gras om\u00e9ga 6 : 49,9 g &#8211; Acides gras om\u00e9ga 3 : 10,6 g.<\/p>\n<p>Mode d\u2019emploi : voir tableau. Num\u00e9ro de lot et d\u2019identifiant usine, \u00e0 utiliser de pr\u00e9f\u00e9rence avant : voir sur l\u2019emballage. \u00c0 conserver dans un endroit sec et frais.<\/p>\n<p><strong>\u00a0 \u00a0RATIONS :<\/strong><\/p>\n<div data-gtm-vis-first-on-screen-40760133_376=\"51654\" data-gtm-vis-first-on-screen-40760133_379=\"51654\" data-gtm-vis-has-fired-40760133_376=\"1\" data-gtm-vis-has-fired-40760133_379=\"1\" data-gtm-vis-total-visible-time-40760133_376=\"500\" data-gtm-vis-total-visible-time-40760133_379=\"500\" data-tms=\"Product description\">\n<div>\n<div>\n<div>\n<div>\n<div>\n<table>\n<thead>\n<tr>\n<th>\u00c2ge du chaton<\/th>\n<th>2 --> 3 mois<\/th>\n<th>4 --> 6 mois<\/th>\n<th>7 --> 9 mois<\/th>\n<th>10 --> 12 mois<\/th>\n<\/tr>\n<\/thead>\n<tbody>\n<tr>\n<td>Poids du chaton<\/td>\n<td>0.8- 2.1 kg<\/td>\n<td>1.8- 3.9 kg<\/td>\n<td>2.4- 5 kg<\/td>\n<td>2.9- 5 kg<\/td>\n<\/tr>\n<tr>\n<td>Aliment sec<\/td>\n<td>40- 69 g<\/td>\n<td>55-77 g<\/td>\n<td>53- 66 g<\/td>\n<td>44- 58 g<\/td>\n<\/tr>\n<tr>\n<td>Alimentation mixte (humide + sec)<\/td>\n<td>1\/2 bo\u00eetes Mother &amp; Babycat + 16-45 g<\/td>\n<td>1 sachet Kitten + 34-56 g<\/td>\n<td>1 sachet Kitten + 32-45 g<\/td>\n<td>1 sachet Kitten + 23-37 g<\/td>\n<\/tr>\n<\/tbody>\n<\/table>\n<p><a href=\"https:\/\/wa.me\/212708052510\" target=\"_blank\" rel=\"noopener noreferrer\"><img loading=\"lazy\" decoding=\"async\" class=\"fr-fic fr-dib aligncenter\" src=\"https:\/\/cdn.youcan.shop\/stores\/d0742d556df94ddbc7ae4c9810aff04b\/others\/DHA2AE4dT8gTY2RI1cCgGvxkwXKSyN3WfCE6L4d1.png\" width=\"296\" height=\"78\" data-name=\"stores\/d0742d556df94ddbc7ae4c9810aff04b\/others\/DHA2AE4dT8gTY2RI1cCgGvxkwXKSyN3WfCE6L4d1.png\" \/><br \/>\n<\/a><\/p>\n<\/div>\n<\/div>\n<\/div>\n<\/div>\n<\/div>\n<\/div>\n<\/div>\n<\/div>\n<\/div>\n","protected":false},"excerpt":{"rendered":"<p>Aliment complet et \u00e9quilibr\u00e9 pour chats &#8211; Sp\u00e9cial chatons Persans (jusqu\u2019\u00e0 12 mois). Les chatons Persans poss\u00e8dent des caract\u00e9ristiques propres \u00e0 leur race qui doivent \u00eatre prises en compte au moment de choisir leur alimentation. Le bien-\u00eatre et la croissance de votre chaton m\u00e9ritent une attention particuli\u00e8re, surtout lorsque son syst\u00e8me immunitaire est encore en [&#8230;]\n","protected":false},"featured_media":627,"template":"","meta":{"jetpack_publicize_message":"","jetpack_publicize_feature_enabled":true,"jetpack_social_post_already_shared":false,"jetpack_social_options":{"image_generator_settings":{"template":"highway","default_image_id":0,"font":"","enabled":false},"version":2}},"product_brand":[],"product_cat":[40],"product_tag":[],"class_list":{"0":"post-622","1":"product","2":"type-product","3":"status-publish","4":"has-post-thumbnail","6":"product_cat-coquettes-pour-chat","8":"first","9":"instock","10":"taxable","11":"shipping-taxable","12":"purchasable","13":"product-type-variable"},"supplier_id":null,"supplier_sku":"","barcode":null,"atum_controlled":true,"out_stock_date":null,"out_stock_threshold":null,"inheritable":true,"inbound_stock":0,"stock_on_hold":0,"sold_today":0,"sales_last_days":1,"reserved_stock":0,"customer_returns":0,"warehouse_damage":0,"lost_in_post":0,"other_logs":0,"out_stock_days":0,"lost_sales":0,"has_location":false,"update_date":"2026-04-25T12:03:57","atum_locations":[],"atum_stock_status":"instock","restock_status":false,"low_stock_amount":"","sales_update_date":"2026-04-22T00:10:11","calc_backorders":null,"jetpack_publicize_connections":[],"jetpack_sharing_enabled":true,"batches":[],"_links":{"self":[{"href":"https:\/\/petworld.ma\/index.php\/wp-json\/wp\/v2\/product\/622","targetHints":{"allow":["GET"]}}],"collection":[{"href":"https:\/\/petworld.ma\/index.php\/wp-json\/wp\/v2\/product"}],"about":[{"href":"https:\/\/petworld.ma\/index.php\/wp-json\/wp\/v2\/types\/product"}],"wp:featuredmedia":[{"embeddable":true,"href":"https:\/\/petworld.ma\/index.php\/wp-json\/wp\/v2\/media\/627"}],"wp:attachment":[{"href":"https:\/\/petworld.ma\/index.php\/wp-json\/wp\/v2\/media?parent=622"}],"wp:term":[{"taxonomy":"product_brand","embeddable":true,"href":"https:\/\/petworld.ma\/index.php\/wp-json\/wp\/v2\/product_brand?post=622"},{"taxonomy":"product_cat","embeddable":true,"href":"https:\/\/petworld.ma\/index.php\/wp-json\/wp\/v2\/product_cat?post=622"},{"taxonomy":"product_tag","embeddable":true,"href":"https:\/\/petworld.ma\/index.php\/wp-json\/wp\/v2\/product_tag?post=622"}],"curies":[{"name":"wp","href":"https:\/\/api.w.org\/{rel}","templated":true}]}}