{"id":6237,"date":"2024-01-28T16:31:06","date_gmt":"2024-01-28T16:31:06","guid":{"rendered":"https:\/\/petworld.ma\/?post_type=product&#038;p=6237"},"modified":"2025-12-23T15:54:42","modified_gmt":"2025-12-23T15:54:42","slug":"niche-de-tres-haute-qualite-pour-chien-moyen-et-grand-stefanplast-medium-et-large","status":"publish","type":"product","link":"https:\/\/petworld.ma\/index.php\/produit\/niche-de-tres-haute-qualite-pour-chien-moyen-et-grand-stefanplast-medium-et-large\/","title":{"rendered":"Niche de tr\u00e8s haute qualit\u00e9 pour chien moyen et Grand Stefanplast (Medium et Large)"},"content":{"rendered":"<div class=\"product-descriptions\">\n<div class=\"extended-description\">\n<p>Pour nos amis les animaux, la niche est une v\u00e9ritable maison, un endroit o\u00f9 se sentir en s\u00e9curit\u00e9, se reposer et se prot\u00e9ger du froid. L\u2019avantage d\u2019une niche en plastique est le nettoyage rapide et facile et l&rsquo;utilisation tant \u00e0 l\u2019int\u00e9rieur qu&rsquo;\u00e0 l\u2019ext\u00e9rieur toute l\u2019ann\u00e9e.<\/p>\n<p>Deux tailles disponibles:<\/p>\n<ul>\n<li>Medium : 82 cm x 68 cm x h 62 cm<\/li>\n<li>Large : 96 cm x 78 cm x h 73 cm<\/li>\n<\/ul>\n<\/div>\n<\/div>\n<div class=\"product-extras\"><\/div>\n","protected":false},"excerpt":{"rendered":"<div class=\"col-xs-8\">\n<div class=\"short-description\">\n<p>Niche en plastique r\u00e9sistant pour chiens. 98% de mat\u00e9riaux recycl\u00e9s.<\/p>\n<\/div>\n<\/div>\n<div class=\"col-xs-4 text-center\"><\/div>\n","protected":false},"featured_media":6240,"template":"","meta":{"jetpack_publicize_message":"","jetpack_publicize_feature_enabled":true,"jetpack_social_post_already_shared":true,"jetpack_social_options":{"image_generator_settings":{"template":"highway","default_image_id":0,"font":"","enabled":false},"version":2}},"product_brand":[],"product_cat":[125],"product_tag":[],"class_list":{"0":"post-6237","1":"product","2":"type-product","3":"status-publish","4":"has-post-thumbnail","6":"product_cat-lits-et-cages-chien","8":"first","9":"instock","10":"sale","11":"taxable","12":"shipping-taxable","13":"purchasable","14":"product-type-variable"},"supplier_id":5587,"supplier_sku":"","barcode":null,"atum_controlled":true,"out_stock_date":null,"out_stock_threshold":null,"inheritable":true,"inbound_stock":0,"stock_on_hold":0,"sold_today":0,"sales_last_days":0,"reserved_stock":0,"customer_returns":0,"warehouse_damage":0,"lost_in_post":0,"other_logs":0,"out_stock_days":0,"lost_sales":0,"has_location":false,"update_date":"2026-05-09T00:21:00","atum_locations":[],"atum_stock_status":"instock","restock_status":false,"low_stock_amount":"","sales_update_date":"2026-05-09T00:21:00","calc_backorders":null,"jetpack_publicize_connections":[],"jetpack_sharing_enabled":true,"batches":[],"_links":{"self":[{"href":"https:\/\/petworld.ma\/index.php\/wp-json\/wp\/v2\/product\/6237","targetHints":{"allow":["GET"]}}],"collection":[{"href":"https:\/\/petworld.ma\/index.php\/wp-json\/wp\/v2\/product"}],"about":[{"href":"https:\/\/petworld.ma\/index.php\/wp-json\/wp\/v2\/types\/product"}],"wp:featuredmedia":[{"embeddable":true,"href":"https:\/\/petworld.ma\/index.php\/wp-json\/wp\/v2\/media\/6240"}],"wp:attachment":[{"href":"https:\/\/petworld.ma\/index.php\/wp-json\/wp\/v2\/media?parent=6237"}],"wp:term":[{"taxonomy":"product_brand","embeddable":true,"href":"https:\/\/petworld.ma\/index.php\/wp-json\/wp\/v2\/product_brand?post=6237"},{"taxonomy":"product_cat","embeddable":true,"href":"https:\/\/petworld.ma\/index.php\/wp-json\/wp\/v2\/product_cat?post=6237"},{"taxonomy":"product_tag","embeddable":true,"href":"https:\/\/petworld.ma\/index.php\/wp-json\/wp\/v2\/product_tag?post=6237"}],"curies":[{"name":"wp","href":"https:\/\/api.w.org\/{rel}","templated":true}]}}