{"id":628,"date":"2022-12-16T21:00:13","date_gmt":"2022-12-16T21:00:13","guid":{"rendered":"https:\/\/petworld.ma\/?post_type=product&#038;p=628"},"modified":"2026-04-27T23:44:09","modified_gmt":"2026-04-27T23:44:09","slug":"royal-canin-digest-sensitive-en-sauce-85-g","status":"publish","type":"product","link":"https:\/\/petworld.ma\/index.php\/produit\/royal-canin-digest-sensitive-en-sauce-85-g\/","title":{"rendered":"Royal Canin Digest Sensitive en sauce 85 G"},"content":{"rendered":"<div>\n<div>\n<div>\n<h2>Aliment complet pour chats adultes de 1 \u00e0 7 ans &#8211; Aide \u00e0 soutenir la sant\u00e9 digestive \u2014 Peut se donner occasionnellement de 7 \u00e0 12 ans<\/h2>\n<\/div>\n<\/div>\n<div>ROYAL CANIN\u00ae Digest Sensitive en sauce est con\u00e7u pour \u00eatre hautement digestible par les chats qui peuvent avoir l\u2019estomac sensible, et contient des nutriments sp\u00e9cialement s\u00e9lectionn\u00e9s qui aident \u00e0 r\u00e9duire l\u2019odeur des selles de votre chat. \u00a0 Le taux \u00e9lev\u00e9 de digestibilit\u00e9 offert par ROYAL CANIN\u00ae Digest Sensitive en sauce assurera \u00e0 votre chat une meilleure digestion des nutriments dont il a besoin et sa faible teneur en mati\u00e8res grasses peut \u00e9galement contribuer au maintien d\u2019un poids id\u00e9al et sain. \u00a0 La teneur en prot\u00e9ines est optimale pour soutenir la force musculaire et osseuse tout en renfor\u00e7ant le bon fonctionnement du ventre sensible de votre chat. \u00a0 De plus, gr\u00e2ce \u00e0 cette alimentation, lorsque votre chat fait ses besoins, l\u2019odeur ne sera pas trop forte, ce qui est un signe de bonne sant\u00e9 digestive. \u00a0 ROYAL CANIN\u00ae Digest Sensitive en sauce contient \u00e9galement une concentration optimale et r\u00e9duite en min\u00e9raux qui favorise une bonne fonction urinaire. \u00a0 Pour r\u00e9pondre aux pr\u00e9f\u00e9rences de chaque chat, ROYAL CANIN\u00ae Digest Sensitive est \u00e9galement disponible sous forme de croquettes savoureuses et croquantes. Si vous envisagez une alimentation mixte, il vous suffit de suivre nos instructions pour vous assurer que votre chat re\u00e7oit la quantit\u00e9 de nourriture s\u00e8che et humide n\u00e9cessaire pour un b\u00e9n\u00e9fice optimal.<\/div>\n<\/div>\n<div>\n<h3>Informations Nutritionnelles :<\/h3>\n<div>\n<div>Composition : viandes et sous-produits animaux, c\u00e9r\u00e9ales, sous-produits d\u2019origine v\u00e9g\u00e9tale, substances min\u00e9rales, extraits de prot\u00e9ines v\u00e9g\u00e9tales, sucres.<\/div>\n<div>Additifs (au kg)\u00a0: Additifs nutritionnels\u00a0: Vitamine D3\u00a0: 200\u00a0UI, E1 (Fer)\u00a0: 3,6\u00a0mg, E2 (Iode)\u00a0: 0,35\u00a0mg, E4 (Cuivre)\u00a0: 2,8\u00a0mg, E5 (Mangan\u00e8se)\u00a0: 1\u00a0mg, E6 (Zinc)\u00a0: 11\u00a0mg &#8211; Additifs technologiques\u00a0: Clinoptilolite d\u2019origine s\u00e9dimentaire\u00a0: 2\u00a0g.<\/div>\n<div>Constituants analytiques\u00a0: Prot\u00e9ine\u00a0: 9,5\u00a0% &#8211; Teneur en mati\u00e8res grasses\u00a0: 4\u00a0% &#8211; Cendres brutes\u00a0: 1,7\u00a0% &#8211; Cellulose brute\u00a0: 0,6\u00a0% &#8211; Humidit\u00e9\u00a0: 80,5\u00a0%.<\/div>\n<div>Mode d\u2019emploi : voir tableau. Num\u00e9ro de lot et d\u2019identifiant usine, \u00e0 utiliser de pr\u00e9f\u00e9rence avant : voir sur l\u2019emballage. \u00c0 conserver dans un endroit sec et frais.<\/div>\n<h3>\u00a0B\u00e9n\u00e9fices :<\/h3>\n<div>\n<ul>\n<li>\n<div>R\u00e9duction des odeurs et haute digestibilit\u00e9<\/div>\n<div>Hautement digestible et aide \u00e0 r\u00e9duire les odeurs des selles.<\/div>\n<\/li>\n<li>\n<div>Maintien du poids id\u00e9al<\/div>\n<div>Aide \u00e0 maintenir le poids id\u00e9al.<\/div>\n<\/li>\n<li>\n<div>Sant\u00e9 du syst\u00e8me urinaire<\/div>\n<div>Favorise la bonne sant\u00e9 du syst\u00e8me urinaire.<\/div>\n<\/li>\n<\/ul>\n<h3>\u00a0Rations :<\/h3>\n<table>\n<thead>\n<tr>\n<th>Poids du chat<\/th>\n<th>Alimentation humide<\/th>\n<th>Alimentation mixte<\/th>\n<\/tr>\n<\/thead>\n<tbody>\n<tr>\n<td>3 kg<\/td>\n<td>2 sachets<\/td>\n<td>23 g + 1 sachet<\/td>\n<\/tr>\n<tr>\n<td>4 kg<\/td>\n<td>2 + 1\/2 sachets<\/td>\n<td>32 g + 1 sachet<\/td>\n<\/tr>\n<tr>\n<td>5 kg<\/td>\n<td>3 sachets<\/td>\n<td>41 g + 1 sachet<\/td>\n<\/tr>\n<tr>\n<td>6 kg<\/td>\n<td>3 + 1\/2 sachets<\/td>\n<td>50 g + 1 sachet<\/td>\n<\/tr>\n<\/tbody>\n<\/table>\n<p><a href=\"https:\/\/wa.me\/212708052510\" target=\"_blank\" rel=\"noopener noreferrer\"><img decoding=\"async\" class=\"fr-fic fr-dib aligncenter\" src=\"https:\/\/cdn.youcan.shop\/stores\/d0742d556df94ddbc7ae4c9810aff04b\/others\/YQHNJL9Lsl7kGqrODmZj717WazgOZn2WEhiDS1oP.png\" width=\"265\" height=\"70\" data-name=\"stores\/d0742d556df94ddbc7ae4c9810aff04b\/others\/YQHNJL9Lsl7kGqrODmZj717WazgOZn2WEhiDS1oP.png\" \/><\/a><\/p>\n<\/div>\n<\/div>\n<\/div>\n","protected":false},"excerpt":{"rendered":"<p>Aliment complet pour chats adultes de 1 \u00e0 7 ans &#8211; Aide \u00e0 soutenir la sant\u00e9 digestive \u2014 Peut se donner occasionnellement de 7 \u00e0 12 ans ROYAL CANIN\u00ae Digest Sensitive en sauce est con\u00e7u pour \u00eatre hautement digestible par les chats qui peuvent avoir l\u2019estomac sensible, et contient des nutriments sp\u00e9cialement s\u00e9lectionn\u00e9s qui aident [&#8230;]\n","protected":false},"featured_media":629,"template":"","meta":{"jetpack_publicize_message":"","jetpack_publicize_feature_enabled":true,"jetpack_social_post_already_shared":false,"jetpack_social_options":{"image_generator_settings":{"template":"highway","default_image_id":0,"font":"","enabled":false},"version":2}},"product_brand":[],"product_cat":[41],"product_tag":[],"class_list":{"0":"post-628","1":"product","2":"type-product","3":"status-publish","4":"has-post-thumbnail","6":"product_cat-friandises-et-pate-pour-chat","8":"first","9":"instock","10":"taxable","11":"shipping-taxable","12":"purchasable","13":"product-type-simple"},"supplier_id":5587,"supplier_sku":"7063","barcode":null,"atum_controlled":true,"out_stock_date":null,"out_stock_threshold":null,"inheritable":false,"inbound_stock":0,"stock_on_hold":6,"sold_today":0,"sales_last_days":34,"reserved_stock":0,"customer_returns":0,"warehouse_damage":0,"lost_in_post":0,"other_logs":0,"out_stock_days":0,"lost_sales":0,"has_location":false,"update_date":"2026-04-28T13:35:04","atum_locations":[],"atum_stock_status":"instock","restock_status":false,"low_stock_amount":120,"sales_update_date":"2026-04-28T13:35:04","calc_backorders":null,"jetpack_publicize_connections":[],"jetpack_sharing_enabled":true,"batches":[{"id":"236","date_created":"2024-09-29 12:19:51","date_expiry":"2026-06-13 00:00:00","user_id":"2760","batch_number":"PochonDigest130626","location":"","quantity":"84.0000","quantity_available":"0.0000","units":"1","status":"archived","order_ids":"[12117,12243,12586,12747,13069,11690,14292,14608,14679,15779,15941,16037,16661,16684,17320,17550]","supplier":"Royal Canin","po":{"id":"231","date_created":"2024-09-29 12:19:51","batch_id":"236","po_number":"","supplier":"Royal Canin","cost":null,"regular_price":null,"sale_price":null,"price_margin":null,"price_discount":null}},{"id":"584","date_created":"2024-10-07 18:18:43","date_expiry":"2026-07-25 00:00:00","user_id":"2760","batch_number":"PochonDigest250726","location":"","quantity":"36.0000","quantity_available":"0.0000","units":"1","status":"archived","order_ids":"[17550,17908,17930,18139,18456,18708]","supplier":"Royal Canin","po":{"id":"567","date_created":"2024-10-07 18:18:43","batch_id":"584","po_number":"","supplier":"Royal Canin","cost":null,"regular_price":null,"sale_price":null,"price_margin":null,"price_discount":null}},{"id":"922","date_created":"2024-11-22 17:46:01","date_expiry":"2026-08-20 00:00:00","user_id":"2760","batch_number":"PochonDigest200826","location":"","quantity":"48.0000","quantity_available":"0.0000","units":"1","status":"archived","order_ids":"[18708,18736,18815,19059,19531,19716,19764]","supplier":"Royal Canin","po":{"id":"899","date_created":"2024-11-22 17:46:01","batch_id":"922","po_number":"","supplier":"Royal Canin","cost":null,"regular_price":null,"sale_price":null,"price_margin":null,"price_discount":null}},{"id":"1393","date_created":"2024-12-26 22:59:13","date_expiry":"2026-09-25 00:00:00","user_id":"2760","batch_number":"PochonDigest250926","location":"","quantity":"12.0000","quantity_available":"0.0000","units":"1","status":"archived","order_ids":"[19764,20084]","supplier":"Royal Canin","po":{"id":"1367","date_created":"2024-12-26 22:59:16","batch_id":"1393","po_number":"","supplier":"Royal Canin","cost":null,"regular_price":null,"sale_price":null,"price_margin":null,"price_discount":null}},{"id":"2146","date_created":"2025-02-26 00:04:58","date_expiry":"2026-11-23 00:00:00","user_id":"2760","batch_number":"PochonDigest231126","location":"","quantity":"48.0000","quantity_available":"0.0000","units":"1","status":"archived","order_ids":"[20084,20484,20935,21025,21065,19539]","supplier":"Royal Canin","po":{"id":"2116","date_created":"2025-02-26 00:05:01","batch_id":"2146","po_number":"","supplier":"Royal Canin","cost":null,"regular_price":null,"sale_price":null,"price_margin":null,"price_discount":null}},{"id":"2452","date_created":"2025-03-25 23:34:35","date_expiry":"2026-12-22 00:00:00","user_id":"2760","batch_number":"PochonDigest221226","location":"","quantity":"24.0000","quantity_available":"0.0000","units":"1","status":"archived","order_ids":"[19539,21144,21179]","supplier":"Royal Canin","po":{"id":"2421","date_created":"2025-03-25 23:34:38","batch_id":"2452","po_number":"","supplier":"Royal Canin","cost":null,"regular_price":null,"sale_price":null,"price_margin":null,"price_discount":null}},{"id":"2572","date_created":"2025-03-29 23:05:51","date_expiry":"2027-02-09 00:00:00","user_id":"2760","batch_number":"PochonDigest090227","location":"","quantity":"24.0000","quantity_available":"0.0000","units":"1","status":"archived","order_ids":"[21179,21586]","supplier":"Royal Canin","po":{"id":"2540","date_created":"2025-03-29 23:05:55","batch_id":"2572","po_number":"","supplier":"Royal Canin","cost":null,"regular_price":null,"sale_price":null,"price_margin":null,"price_discount":null}},{"id":"2725","date_created":"2025-04-05 21:53:08","date_expiry":"2027-02-09 00:00:00","user_id":"2760","batch_number":"PochonDigest090227","location":"","quantity":"24.0000","quantity_available":"0.0000","units":"1","status":"archived","order_ids":"[21586,21631,22106,22107,22597]","supplier":"Royal Canin","po":{"id":"2694","date_created":"2025-04-05 21:53:14","batch_id":"2725","po_number":"","supplier":"Royal Canin","cost":null,"regular_price":null,"sale_price":null,"price_margin":null,"price_discount":null}},{"id":"2859","date_created":"2025-04-10 00:42:40","date_expiry":"2027-02-09 00:00:00","user_id":"2760","batch_number":"PochonDigest090227","location":"","quantity":"48.0000","quantity_available":"0.0000","units":"1","status":"archived","order_ids":"[22597,22821,22952,23267,23397,23625,23788]","supplier":"Royal Canin","po":{"id":"2826","date_created":"2025-04-10 00:42:41","batch_id":"2859","po_number":"","supplier":"Royal Canin","cost":null,"regular_price":null,"sale_price":null,"price_margin":null,"price_discount":null}},{"id":"3297","date_created":"2025-05-07 22:13:15","date_expiry":"2027-02-09 00:00:00","user_id":"2760","batch_number":"PochonDigest090227","location":"","quantity":"48.0000","quantity_available":"0.0000","units":"1","status":"archived","order_ids":"[23788,24498,25430,25587,25620,25664,26017,26263,26309,26340]","supplier":"Royal Canin","po":{"id":"3264","date_created":"2025-05-07 22:13:16","batch_id":"3297","po_number":"","supplier":"Royal Canin","cost":null,"regular_price":null,"sale_price":null,"price_margin":null,"price_discount":null}},{"id":"3600","date_created":"2025-05-25 12:40:12","date_expiry":"2026-03-16 00:00:00","user_id":"2760","batch_number":"PochonDigest090227","location":"","quantity":"12.0000","quantity_available":"0.0000","units":"1","status":"archived","order_ids":"[22469,22597]","supplier":"Royal Canin","po":{"id":"3567","date_created":"2025-05-25 12:40:12","batch_id":"3600","po_number":"","supplier":"Royal Canin","cost":null,"regular_price":null,"sale_price":null,"price_margin":null,"price_discount":null}},{"id":"3881","date_created":"2025-06-05 11:30:05","date_expiry":"2027-03-24 00:00:00","user_id":"2760","batch_number":"PochonDigest240327","location":"","quantity":"24.0000","quantity_available":"0.0000","units":"1","status":"archived","order_ids":"[26432]","supplier":"Royal Canin","po":{"id":"3845","date_created":"2025-06-05 11:30:05","batch_id":"3881","po_number":"","supplier":"Royal Canin","cost":null,"regular_price":null,"sale_price":null,"price_margin":null,"price_discount":null}},{"id":"3977","date_created":"2025-06-12 09:38:13","date_expiry":"2027-03-24 00:00:00","user_id":"2760","batch_number":"PochonDigest240327","location":"","quantity":"48.0000","quantity_available":"0.0000","units":"1","status":"archived","order_ids":"[26432,26648,26692,26702,26738,27094,27205,27982]","supplier":"Royal Canin","po":{"id":"3940","date_created":"2025-06-12 09:38:13","batch_id":"3977","po_number":"","supplier":"Royal Canin","cost":null,"regular_price":null,"sale_price":null,"price_margin":null,"price_discount":null}},{"id":"4244","date_created":"2025-07-06 15:01:17","date_expiry":"2027-03-24 00:00:00","user_id":"2760","batch_number":"PochonDigest240327","location":"","quantity":"12.0000","quantity_available":"0.0000","units":"1","status":"archived","order_ids":"[26340,26432]","supplier":"Royal Canin","po":{"id":"4207","date_created":"2025-07-06 15:01:17","batch_id":"4244","po_number":"","supplier":"Royal Canin","cost":null,"regular_price":null,"sale_price":null,"price_margin":null,"price_discount":null}},{"id":"4852","date_created":"2025-08-10 16:57:01","date_expiry":"2027-05-10 00:00:00","user_id":"2760","batch_number":"PochonDigest100527","location":"","quantity":"24.0000","quantity_available":"0.0000","units":"1","status":"archived","order_ids":"[32204,32221]","supplier":"Royal Canin","po":{"id":"4816","date_created":"2025-08-10 16:57:01","batch_id":"4852","po_number":"","supplier":"Royal Canin","cost":null,"regular_price":null,"sale_price":null,"price_margin":null,"price_discount":null}},{"id":"5346","date_created":"2025-09-16 11:08:24","date_expiry":"2027-03-28 00:00:00","user_id":"2760","batch_number":"PochonDigest280327","location":"","quantity":"108.0000","quantity_available":"0.0000","units":"1","status":"archived","order_ids":"[27982,28272,26276,29165,29272,29335,29512,29809,30142,30272,30476,30800,30899,31078,31285,32007,32089,32202,32204]","supplier":"Royal Canin","po":{"id":"5303","date_created":"2025-09-16 11:08:25","batch_id":"5346","po_number":"","supplier":"Royal Canin","cost":null,"regular_price":null,"sale_price":null,"price_margin":null,"price_discount":null}},{"id":"5757","date_created":"2025-10-16 23:21:27","date_expiry":"2027-06-21 00:00:00","user_id":"2760","batch_number":"PochonDigest210627","location":"","quantity":"12.0000","quantity_available":"0.0000","units":"1","status":"archived","order_ids":"[32238]","supplier":"Royal Canin","po":{"id":"5709","date_created":"2025-10-16 23:21:28","batch_id":"5757","po_number":"","supplier":"Royal Canin","cost":null,"regular_price":null,"sale_price":null,"price_margin":null,"price_discount":null}},{"id":"6087","date_created":"2025-11-11 20:43:38","date_expiry":"2027-06-21 00:00:00","user_id":"2760","batch_number":"PochonDigest210627","location":"","quantity":"40.0000","quantity_available":"0.0000","units":"1","status":"archived","order_ids":"[33021,33432,33682,33830,33914,34048]","supplier":"Royal Canin","po":{"id":"6033","date_created":"2025-11-11 20:43:39","batch_id":"6087","po_number":"","supplier":"Royal Canin","cost":null,"regular_price":null,"sale_price":null,"price_margin":null,"price_discount":null}},{"id":"6505","date_created":"2025-12-07 10:07:00","date_expiry":"2027-07-23 00:00:00","user_id":"2760","batch_number":"PochonDigest230727","location":"","quantity":"12.0000","quantity_available":"0.0000","units":"1","status":"archived","order_ids":"[34048,34298,35157,35243]","supplier":"Royal Canin","po":{"id":"6451","date_created":"2025-12-07 10:07:01","batch_id":"6505","po_number":"","supplier":"Royal Canin","cost":null,"regular_price":null,"sale_price":null,"price_margin":null,"price_discount":null}},{"id":"7100","date_created":"2026-01-10 12:41:05","date_expiry":"2027-08-30 00:00:00","user_id":"2760","batch_number":"PochonDigest300827","location":"","quantity":"72.0000","quantity_available":"0.0000","units":"1","status":"archived","order_ids":"[35912,35983,36246,36353,36467,36774,37115,37375,37516]","supplier":"Royal Canin","po":{"id":"7036","date_created":"2026-01-10 12:41:05","batch_id":"7100","po_number":"","supplier":"Royal Canin","cost":null,"regular_price":null,"sale_price":null,"price_margin":null,"price_discount":null}},{"id":"7302","date_created":"2026-01-22 16:33:03","date_expiry":"2027-08-30 00:00:00","user_id":"2760","batch_number":"PochonDigest300827","location":"","quantity":"12.0000","quantity_available":"0.0000","units":"1","status":"archived","order_ids":"[35243,35264,35286]","supplier":"Royal Canin","po":{"id":"7238","date_created":"2026-01-22 16:33:04","batch_id":"7302","po_number":"","supplier":"Royal Canin","cost":null,"regular_price":null,"sale_price":null,"price_margin":null,"price_discount":null}},{"id":"7346","date_created":"2026-01-26 17:25:01","date_expiry":"2027-11-30 00:00:00","user_id":"2760","batch_number":"PochonDigest301127","location":"","quantity":"24.0000","quantity_available":"6.0000","units":"1","status":"active","order_ids":"[40633,40731,40851]","supplier":"Royal Canin","po":{"id":"7282","date_created":"2026-01-26 17:25:02","batch_id":"7346","po_number":"","supplier":"Royal Canin","cost":null,"regular_price":null,"sale_price":null,"price_margin":null,"price_discount":null}},{"id":"7416","date_created":"2026-01-30 13:43:21","date_expiry":"2027-05-30 00:00:00","user_id":"2760","batch_number":"PochonDigest300527","location":"","quantity":"12.0000","quantity_available":"0.0000","units":"1","status":"archived","order_ids":"[34910,35157]","supplier":"Royal Canin","po":{"id":"7352","date_created":"2026-01-30 13:43:21","batch_id":"7416","po_number":"","supplier":"Royal Canin","cost":null,"regular_price":null,"sale_price":null,"price_margin":null,"price_discount":null}},{"id":"7680","date_created":"2026-02-14 10:01:04","date_expiry":"2027-09-30 00:00:00","user_id":"2760","batch_number":"PochonDigest300927","location":"","quantity":"24.0000","quantity_available":"0.0000","units":"1","status":"archived","order_ids":"[38614,38635,38686,38861,39304]","supplier":"Royal Canin","po":{"id":"7615","date_created":"2026-02-14 10:01:05","batch_id":"7680","po_number":"","supplier":"Royal Canin","cost":null,"regular_price":null,"sale_price":null,"price_margin":null,"price_discount":null}},{"id":"7920","date_created":"2026-02-24 20:46:47","date_expiry":"2027-09-30 00:00:00","user_id":"2760","batch_number":"PochonDigest300927","location":"","quantity":"36.0000","quantity_available":"0.0000","units":"1","status":"archived","order_ids":"[39304,39320,40003]","supplier":"Royal Canin","po":{"id":"7858","date_created":"2026-02-24 20:46:47","batch_id":"7920","po_number":"","supplier":"Royal Canin","cost":null,"regular_price":null,"sale_price":null,"price_margin":null,"price_discount":null}},{"id":"8033","date_created":"2026-02-28 21:36:45","date_expiry":"2027-09-30 00:00:00","user_id":"2760","batch_number":"PochonDigest300927","location":"","quantity":"12.0000","quantity_available":"0.0000","units":"1","status":"archived","order_ids":"[37516,38034,38321,38368]","supplier":"Royal Canin","po":{"id":"7971","date_created":"2026-02-28 21:36:46","batch_id":"8033","po_number":"","supplier":"Royal Canin","cost":null,"regular_price":null,"sale_price":null,"price_margin":null,"price_discount":null}},{"id":"8149","date_created":"2026-03-08 02:09:24","date_expiry":"2027-11-30 00:00:00","user_id":"2760","batch_number":"PochonDigest301127","location":"","quantity":"12.0000","quantity_available":"0.0000","units":"1","status":"archived","order_ids":"[40003,40115,40392,40608]","supplier":"Royal Canin","po":{"id":"8088","date_created":"2026-03-08 02:09:24","batch_id":"8149","po_number":"","supplier":"Royal Canin","cost":null,"regular_price":null,"sale_price":null,"price_margin":null,"price_discount":null}},{"id":"8486","date_created":"2026-03-25 16:22:07","date_expiry":"2027-11-30 00:00:00","user_id":"2760","batch_number":"PochonDigest301127","location":"","quantity":"48.0000","quantity_available":"48.0000","units":"1","status":"active","order_ids":null,"supplier":"Royal Canin","po":{"id":"8414","date_created":"2026-03-25 16:22:07","batch_id":"8486","po_number":"","supplier":"Royal Canin","cost":null,"regular_price":null,"sale_price":null,"price_margin":null,"price_discount":null}},{"id":"8683","date_created":"2026-04-04 17:34:57","date_expiry":"2027-11-30 00:00:00","user_id":"2760","batch_number":"PochonDigest301127","location":"","quantity":"36.0000","quantity_available":"36.0000","units":"1","status":"active","order_ids":null,"supplier":"Royal Canin","po":{"id":"8611","date_created":"2026-04-04 17:34:57","batch_id":"8683","po_number":"","supplier":"Royal Canin","cost":null,"regular_price":null,"sale_price":null,"price_margin":null,"price_discount":null}}],"_links":{"self":[{"href":"https:\/\/petworld.ma\/index.php\/wp-json\/wp\/v2\/product\/628","targetHints":{"allow":["GET"]}}],"collection":[{"href":"https:\/\/petworld.ma\/index.php\/wp-json\/wp\/v2\/product"}],"about":[{"href":"https:\/\/petworld.ma\/index.php\/wp-json\/wp\/v2\/types\/product"}],"wp:featuredmedia":[{"embeddable":true,"href":"https:\/\/petworld.ma\/index.php\/wp-json\/wp\/v2\/media\/629"}],"wp:attachment":[{"href":"https:\/\/petworld.ma\/index.php\/wp-json\/wp\/v2\/media?parent=628"}],"wp:term":[{"taxonomy":"product_brand","embeddable":true,"href":"https:\/\/petworld.ma\/index.php\/wp-json\/wp\/v2\/product_brand?post=628"},{"taxonomy":"product_cat","embeddable":true,"href":"https:\/\/petworld.ma\/index.php\/wp-json\/wp\/v2\/product_cat?post=628"},{"taxonomy":"product_tag","embeddable":true,"href":"https:\/\/petworld.ma\/index.php\/wp-json\/wp\/v2\/product_tag?post=628"}],"curies":[{"name":"wp","href":"https:\/\/api.w.org\/{rel}","templated":true}]}}