{"id":6336,"date":"2024-01-31T09:30:22","date_gmt":"2024-01-31T09:30:22","guid":{"rendered":"https:\/\/petworld.ma\/?post_type=product&#038;p=6336"},"modified":"2026-04-25T23:01:34","modified_gmt":"2026-04-25T23:01:34","slug":"bulky-power-protein-368gr-supplement-de-soutien-aux-performances-canines","status":"publish","type":"product","link":"https:\/\/petworld.ma\/index.php\/produit\/bulky-power-protein-368gr-supplement-de-soutien-aux-performances-canines\/","title":{"rendered":"Bulky + Power protein 368gr (Suppl\u00e9ment de soutien aux performances canines)"},"content":{"rendered":"<p>Bulky + Power Protein est enrichi de tous les composants essentiels dont un chien a besoin pour atteindre le summum en mati\u00e8re de d\u00e9finition musculaire, de croissance, de condition, de sant\u00e9 et de vitalit\u00e9.<\/p>\n<p>Bulky + Power Protein est \u00e0 base de prot\u00e9ines biologiques, formul\u00e9 sp\u00e9cifiquement pour apporter un gain de masse musculaire sans gras.<\/p>\n<p>Ajoutez Bulky + Power Protein \u00e0 l\u2019alimentation quotidienne de votre chien pour une prise de poids saine et r\u00e9guli\u00e8re. Bulky + Power Protein contient \u00e9galement de nombreux autres ingr\u00e9dients pour soutenir la sant\u00e9 et le bien-\u00eatre de votre chien tout en lui faisant prendre poids. Maximise le gain musculaire, la force, la vitesse et l\u2019endurance, et optimise les performances des races actives.<\/p>\n<p>Cela aidera \u00e9galement les chiens souffrant d\u2019insuffisance pond\u00e9rale ou de malnutrition \u00e0 atteindre un poids souhaitable en toute s\u00e9curit\u00e9. Les ingr\u00e9dients enti\u00e8rement naturels construisent la meilleure version de votre chien.<\/p>\n<p><strong>Mode d&#8217;emploi :<\/strong><\/p>\n<ul>\n<li>Convient aux chiens de plus de 12 semaines.<\/li>\n<li>Vous pouvez l&rsquo;ajouter \u00e0 la nourriture de votre chien.<\/li>\n<li>Utiliser 1 portion par jour pour les chiens jusqu&rsquo;\u00e0 10 kg,<\/li>\n<li>2 portions pour les chiens pesant 10 kg et plus.<\/li>\n<li>Bulky+ Power Protein peut \u00eatre r\u00e9parti entre les repas du matin et du soir si vous le souhaitez.<\/li>\n<li>La ligne gradu\u00e9e sur la cuill\u00e8re \u00e0 l&rsquo;int\u00e9rieur du produit indique 1 portion. (1 portion : 12,27 grammes)<\/li>\n<li>Il ne peut pas \u00eatre utilis\u00e9 avec de la vitamine D2 car il contient de la vitamine D3.<\/li>\n<\/ul>\n","protected":false},"excerpt":{"rendered":"<ul>\n<li>Construit une masse musculaire maigre et une d\u00e9finition durable<\/li>\n<li>Am\u00e9liore l\u2019\u00e9tat du pelage et de la peau<\/li>\n<li>Soutient le syst\u00e8me immunitaire<\/li>\n<li>Am\u00e9liore la vitalit\u00e9, l\u2019\u00e9nergie et la r\u00e9cup\u00e9ration<\/li>\n<li>Couvre tout le spectre nutritionnel<\/li>\n<\/ul>\n","protected":false},"featured_media":6337,"template":"","meta":{"jetpack_publicize_message":"","jetpack_publicize_feature_enabled":true,"jetpack_social_post_already_shared":true,"jetpack_social_options":{"image_generator_settings":{"template":"highway","default_image_id":0,"font":"","enabled":false},"version":2}},"product_brand":[],"product_cat":[218,187,106],"product_tag":[],"class_list":{"0":"post-6336","1":"product","2":"type-product","3":"status-publish","4":"has-post-thumbnail","6":"product_cat-complement-alimentaire","7":"product_cat-destockage","8":"product_cat-jouet-et-dressage","10":"first","11":"instock","12":"sale","13":"taxable","14":"shipping-taxable","15":"purchasable","16":"product-type-simple"},"supplier_id":5589,"supplier_sku":"","barcode":null,"atum_controlled":true,"out_stock_date":null,"out_stock_threshold":null,"inheritable":false,"inbound_stock":0,"stock_on_hold":1,"sold_today":0,"sales_last_days":1,"reserved_stock":0,"customer_returns":0,"warehouse_damage":0,"lost_in_post":0,"other_logs":0,"out_stock_days":0,"lost_sales":0,"has_location":false,"update_date":"2026-04-26T09:19:59","atum_locations":[],"atum_stock_status":"instock","restock_status":false,"low_stock_amount":2,"sales_update_date":"2026-04-26T09:19:58","calc_backorders":null,"jetpack_publicize_connections":[],"jetpack_sharing_enabled":true,"batches":[{"id":"4","date_created":"2024-09-11 09:07:36","date_expiry":"2026-05-29 00:00:00","user_id":"1","batch_number":"PowedDog290526","location":"","quantity":"35.0000","quantity_available":"0.0000","units":"1","status":"archived","order_ids":"[11711,11729,11732,12027,12098,12239,12261,12302,12411,12474,12670,12749,12791,12849,12853,13285,13748,13857,13979,14041,14260,14514,14534,14615,15747,15977,16245,16370,23831]","supplier":"Zooluxe","po":{"id":"3","date_created":"2024-09-11 09:07:36","batch_id":"4","po_number":"","supplier":"Zooluxe","cost":null,"regular_price":null,"sale_price":null,"price_margin":null,"price_discount":null}},{"id":"130","date_created":"2024-09-19 18:39:25","date_expiry":null,"user_id":"1","batch_number":"2024X","location":"","quantity":"3.0000","quantity_available":"0.0000","units":"1","status":"archived","order_ids":"[11845,11877,11891]","supplier":"Zooluxe","po":{"id":"126","date_created":"2024-09-19 18:39:25","batch_id":"130","po_number":"","supplier":"Zooluxe","cost":null,"regular_price":null,"sale_price":null,"price_margin":null,"price_discount":null}},{"id":"131","date_created":"2024-09-19 18:39:29","date_expiry":null,"user_id":"1","batch_number":"2024X","location":"","quantity":"3.0000","quantity_available":"0.0000","units":"1","status":"archived","order_ids":"[11919,12016,12022]","supplier":"Zooluxe","po":{"id":"127","date_created":"2024-09-19 18:39:29","batch_id":"131","po_number":"","supplier":"Zooluxe","cost":null,"regular_price":null,"sale_price":null,"price_margin":null,"price_discount":null}},{"id":"1531","date_created":"2025-01-07 16:20:16","date_expiry":"2025-12-01 00:00:00","user_id":"1","batch_number":"Bulky+Powerprotein368gr011225","location":"","quantity":"29.0000","quantity_available":"0.0000","units":"1","status":"archived","order_ids":"[16477,16890,16933,16975,17248,18516,18978,19053,19739,20240,21348,21753,21911,22915,23086]","supplier":"Rabat","po":{"id":"1505","date_created":"2025-01-07 16:20:19","batch_id":"1531","po_number":"","supplier":"Rabat","cost":null,"regular_price":null,"sale_price":null,"price_margin":null,"price_discount":null}},{"id":"1776","date_created":"2025-01-25 21:04:52","date_expiry":"2026-05-29 00:00:00","user_id":"1","batch_number":"Bulky+Powerprotein368gr290526","location":"","quantity":"12.0000","quantity_available":"1.0000","units":"1","status":"active","order_ids":"[23992,25207,29101,30483,31899,33779,35024,38148,38426,40745]","supplier":"Rabat","po":{"id":"1750","date_created":"2025-01-25 21:04:55","batch_id":"1776","po_number":"","supplier":"Rabat","cost":null,"regular_price":null,"sale_price":null,"price_margin":null,"price_discount":null}},{"id":"5293","date_created":"2025-09-13 19:40:58","date_expiry":"2027-04-16 00:00:00","user_id":"1","batch_number":"Bulky+Powerprotein368gr160427","location":"","quantity":"6.0000","quantity_available":"6.0000","units":"1","status":"active","order_ids":null,"supplier":"Zoolux","po":{"id":"5250","date_created":"2025-09-13 19:40:59","batch_id":"5293","po_number":"","supplier":"Zoolux","cost":null,"regular_price":null,"sale_price":null,"price_margin":null,"price_discount":null}}],"_links":{"self":[{"href":"https:\/\/petworld.ma\/index.php\/wp-json\/wp\/v2\/product\/6336","targetHints":{"allow":["GET"]}}],"collection":[{"href":"https:\/\/petworld.ma\/index.php\/wp-json\/wp\/v2\/product"}],"about":[{"href":"https:\/\/petworld.ma\/index.php\/wp-json\/wp\/v2\/types\/product"}],"wp:featuredmedia":[{"embeddable":true,"href":"https:\/\/petworld.ma\/index.php\/wp-json\/wp\/v2\/media\/6337"}],"wp:attachment":[{"href":"https:\/\/petworld.ma\/index.php\/wp-json\/wp\/v2\/media?parent=6336"}],"wp:term":[{"taxonomy":"product_brand","embeddable":true,"href":"https:\/\/petworld.ma\/index.php\/wp-json\/wp\/v2\/product_brand?post=6336"},{"taxonomy":"product_cat","embeddable":true,"href":"https:\/\/petworld.ma\/index.php\/wp-json\/wp\/v2\/product_cat?post=6336"},{"taxonomy":"product_tag","embeddable":true,"href":"https:\/\/petworld.ma\/index.php\/wp-json\/wp\/v2\/product_tag?post=6336"}],"curies":[{"name":"wp","href":"https:\/\/api.w.org\/{rel}","templated":true}]}}