{"id":6338,"date":"2024-01-31T09:44:00","date_gmt":"2024-01-31T09:44:00","guid":{"rendered":"https:\/\/petworld.ma\/?post_type=product&#038;p=6338"},"modified":"2026-04-18T16:11:21","modified_gmt":"2026-04-18T16:11:21","slug":"spray-pour-entrainer-les-chiots-a-faire-leurs-besoins-bio-petactive-puppy-trainer","status":"publish","type":"product","link":"https:\/\/petworld.ma\/index.php\/produit\/spray-pour-entrainer-les-chiots-a-faire-leurs-besoins-bio-petactive-puppy-trainer\/","title":{"rendered":"Spray pour entra\u00eener les chiots \u00e0 faire leurs besoins Bio PetActive Puppy Trainer (100ml)"},"content":{"rendered":"<div class=\"product-section description-section\">\n<div class=\"single-description fr-view\">\n<p>Spray pour entra\u00eener les chiots \u00e0 faire leurs besoins Bio PetActive Puppy Trainer.<\/p>\n<p>Spray d\u2019apprentissage de la propret\u00e9 pour les chiots et les jeunes chiens afin de vous aider \u00e0 leur apprendre \u00e0 faire leurs \u00ab\u00a0besoins\u00a0\u00bb dans votre zone d\u00e9sign\u00e9e.<\/p>\n<p>Aide \u00e0 se d\u00e9barrasser des mauvaises habitudes. Convient pour l\u2019int\u00e9rieur et l\u2019ext\u00e9rieur.<\/p>\n<p>Veillez \u00e0 r\u00e9compenser votre chien lorsqu\u2019il fait ses \u00ab\u00a0besoins\u00a0\u00bb dans la zone que vous avez d\u00e9sign\u00e9e \ud83d\ude42<\/p>\n<p>Utilisation : Secouez la bouteille avant de l\u2019utiliser. Si la zone que vous avez indiqu\u00e9e se trouve \u00e0 l\u2019int\u00e9rieur de la maison, disposez un bloc-notes ou un journal. Veillez \u00e0 ce que cette zone soit \u00e9loign\u00e9e du lit ou du pot de nourriture. Vaporisez \u00e0 une distance de 15 cm de l\u2019endroit d\u00e9sign\u00e9 et laissez le chien sentir. Surtout apr\u00e8s avoir dormi, jou\u00e9 ou mang\u00e9, amenez-le \u00e0 l\u2019endroit o\u00f9 vous avez appliqu\u00e9 le spray et o\u00f9 vous \u00eates votre animal de compagnie ; sentez le produit. R\u00e9p\u00e9tez la pulv\u00e9risation lorsque l\u2019effet du spray est pass\u00e9 et r\u00e9p\u00e9tez l\u2019application jusqu\u2019\u00e0 ce que vous obteniez les r\u00e9sultats souhait\u00e9s.<\/p>\n<\/div>\n<\/div>\n","protected":false},"excerpt":{"rendered":"<p>Spray d\u2019apprentissage de la propret\u00e9 pour les chiots et les jeunes chiens afin de vous aider \u00e0 leur apprendre \u00e0 faire leurs \u00ab\u00a0besoins\u00a0\u00bb dans votre zone d\u00e9sign\u00e9e.<\/p>\n","protected":false},"featured_media":6339,"template":"","meta":{"jetpack_publicize_message":"","jetpack_publicize_feature_enabled":true,"jetpack_social_post_already_shared":false,"jetpack_social_options":{"image_generator_settings":{"template":"highway","default_image_id":0,"font":"","enabled":false},"version":2}},"product_brand":[],"product_cat":[92,227,106],"product_tag":[],"class_list":{"0":"post-6338","1":"product","2":"type-product","3":"status-publish","4":"has-post-thumbnail","6":"product_cat-harnais-et-laisses-pour-chien","7":"product_cat-couches-tapis-absorbant","8":"product_cat-jouet-et-dressage","10":"first","11":"instock","12":"taxable","13":"shipping-taxable","14":"purchasable","15":"product-type-simple"},"supplier_id":5589,"supplier_sku":"PA375","barcode":null,"atum_controlled":true,"out_stock_date":null,"out_stock_threshold":null,"inheritable":false,"inbound_stock":0,"stock_on_hold":0,"sold_today":0,"sales_last_days":1,"reserved_stock":0,"customer_returns":0,"warehouse_damage":0,"lost_in_post":0,"other_logs":0,"out_stock_days":0,"lost_sales":0,"has_location":false,"update_date":"2026-04-27T00:15:36","atum_locations":[],"atum_stock_status":"instock","restock_status":false,"low_stock_amount":12,"sales_update_date":"2026-04-27T00:15:35","calc_backorders":null,"jetpack_publicize_connections":[],"jetpack_sharing_enabled":true,"batches":[{"id":"1132","date_created":"2024-12-09 22:46:21","date_expiry":"2026-12-05 00:00:00","user_id":"1","batch_number":"Sprayentra\u00eenerleschiotsBioPetActivePuppyTrainer(100ml)051226","location":"","quantity":"46.0000","quantity_available":"0.0000","units":"1","status":"archived","order_ids":"[15442,15602,15691,15807,15845,15905,20437,20454,20830,21051,21941,22188,22376,22495,22873,23271,23472,23739,23870,24077,24188,24210,24351,25046,25154,26119,26663,27176,27448,28055,28644,28948,29193,29325,29518,30507,31623,31735,32650,32927,33109,34768,35209]","supplier":"Zooluxe","po":{"id":"1108","date_created":"2024-12-09 22:46:22","batch_id":"1132","po_number":"","supplier":"Zooluxe","cost":null,"regular_price":null,"sale_price":null,"price_margin":null,"price_discount":null}},{"id":"1658","date_created":"2025-01-16 21:19:13","date_expiry":"2026-12-05 00:00:00","user_id":"1","batch_number":"Sprayentra\u00eenerleschiotsBioPetActivePuppyTrainer(100ml)051226","location":"","quantity":"12.0000","quantity_available":"0.0000","units":"1","status":"archived","order_ids":"[16904,17582,18391,18508,18749,18840,18904,19043,19456,20157,20277]","supplier":"Zooluxe","po":{"id":"1632","date_created":"2025-01-16 21:19:16","batch_id":"1658","po_number":"","supplier":"Zooluxe","cost":null,"regular_price":null,"sale_price":null,"price_margin":null,"price_discount":null}},{"id":"5296","date_created":"2025-09-13 20:33:45","date_expiry":"2027-06-01 00:00:00","user_id":"1","batch_number":"Sprayentra\u00eenerleschiotsBioPetActivePuppyTrainer(100ml)010627","location":"","quantity":"12.0000","quantity_available":"6.0000","units":"1","status":"active","order_ids":"[36025,36142,36228,38675,40111]","supplier":"Zoolux","po":{"id":"5253","date_created":"2025-09-13 20:33:46","batch_id":"5296","po_number":"","supplier":"Zoolux","cost":null,"regular_price":null,"sale_price":null,"price_margin":null,"price_discount":null}}],"_links":{"self":[{"href":"https:\/\/petworld.ma\/index.php\/wp-json\/wp\/v2\/product\/6338","targetHints":{"allow":["GET"]}}],"collection":[{"href":"https:\/\/petworld.ma\/index.php\/wp-json\/wp\/v2\/product"}],"about":[{"href":"https:\/\/petworld.ma\/index.php\/wp-json\/wp\/v2\/types\/product"}],"wp:featuredmedia":[{"embeddable":true,"href":"https:\/\/petworld.ma\/index.php\/wp-json\/wp\/v2\/media\/6339"}],"wp:attachment":[{"href":"https:\/\/petworld.ma\/index.php\/wp-json\/wp\/v2\/media?parent=6338"}],"wp:term":[{"taxonomy":"product_brand","embeddable":true,"href":"https:\/\/petworld.ma\/index.php\/wp-json\/wp\/v2\/product_brand?post=6338"},{"taxonomy":"product_cat","embeddable":true,"href":"https:\/\/petworld.ma\/index.php\/wp-json\/wp\/v2\/product_cat?post=6338"},{"taxonomy":"product_tag","embeddable":true,"href":"https:\/\/petworld.ma\/index.php\/wp-json\/wp\/v2\/product_tag?post=6338"}],"curies":[{"name":"wp","href":"https:\/\/api.w.org\/{rel}","templated":true}]}}