{"id":6341,"date":"2024-01-31T10:36:10","date_gmt":"2024-01-31T10:36:10","guid":{"rendered":"https:\/\/petworld.ma\/?post_type=product&#038;p=6341"},"modified":"2026-04-23T12:49:56","modified_gmt":"2026-04-23T12:49:56","slug":"spray-catnip-herbe-a-chat-bio-petactive-100ml","status":"publish","type":"product","link":"https:\/\/petworld.ma\/index.php\/produit\/spray-catnip-herbe-a-chat-bio-petactive-100ml\/","title":{"rendered":"03- Herbe Catnip Spray \u00e0 chat &#8211; Bio PetActive 100ml"},"content":{"rendered":"<p>L&rsquo;attrait des extraits de plantes dans Catnip Spray stimule les instincts de jeu chez la plupart des chats, fournissant une explosion d&rsquo;\u00e9nergie ludique, g\u00e9n\u00e9ralement suivie d&rsquo;une p\u00e9riode de douceur.<\/p>\n<p>L&rsquo;effet peut varier d&rsquo;un chat \u00e0 l&rsquo;autre, mais il rend souvent nos amis \u00e0 fourrure calmes et heureux.<\/p>\n<p>Mode d&rsquo;utilisation:<\/p>\n<ul>\n<li>Vaporisez sur le griffoir et la liti\u00e8re de votre chat pour encourager son utilisation.<\/li>\n<li>Vaporisez sur les jouets pour favoriser le jeu actif et l&rsquo;exercice.<\/li>\n<li>Vaporisez dans un nouvel environnement pour encourager les chats timides \u00e0 \u00eatre \u00e0 l&rsquo;aise et faciliter les introductions de chat \u00e0 chat et familiariser un chat avec un nouvel accessoire.<\/li>\n<li>Utilisez un vaporisateur d&rsquo;herbe \u00e0 chat dans la caisse de transport pour r\u00e9duire l&rsquo;anxi\u00e9t\u00e9 et cr\u00e9er un \u00e9tat s\u00e9datif pendant les voyages.<\/li>\n<\/ul>\n","protected":false},"excerpt":{"rendered":"<p>L&rsquo;attrait des extraits de plantes dans Catnip Spray stimule les instincts de jeu chez la plupart des chats, fournissant une explosion d&rsquo;\u00e9nergie ludique, g\u00e9n\u00e9ralement suivie d&rsquo;une p\u00e9riode de douceur. L&rsquo;effet peut varier d&rsquo;un chat \u00e0 l&rsquo;autre, mais il rend souvent nos amis \u00e0 fourrure calmes et heureux. Mode d&rsquo;utilisation: Vaporisez sur le griffoir et la [&#8230;]\n","protected":false},"featured_media":6343,"template":"","meta":{"jetpack_publicize_message":"","jetpack_publicize_feature_enabled":true,"jetpack_social_post_already_shared":true,"jetpack_social_options":{"image_generator_settings":{"template":"highway","default_image_id":0,"font":"","enabled":false},"version":2}},"product_brand":[],"product_cat":[187,100],"product_tag":[],"class_list":{"0":"post-6341","1":"product","2":"type-product","3":"status-publish","4":"has-post-thumbnail","6":"product_cat-destockage","7":"product_cat-accessoires-jouets-et-colliers","9":"first","10":"instock","11":"sale","12":"taxable","13":"shipping-taxable","14":"purchasable","15":"product-type-simple"},"supplier_id":5589,"supplier_sku":"","barcode":null,"atum_controlled":true,"out_stock_date":null,"out_stock_threshold":null,"inheritable":false,"inbound_stock":0,"stock_on_hold":0,"sold_today":0,"sales_last_days":2,"reserved_stock":0,"customer_returns":0,"warehouse_damage":0,"lost_in_post":0,"other_logs":0,"out_stock_days":0,"lost_sales":0,"has_location":false,"update_date":"2026-04-27T00:15:09","atum_locations":[],"atum_stock_status":"instock","restock_status":false,"low_stock_amount":2,"sales_update_date":"2026-04-27T00:15:08","calc_backorders":null,"jetpack_publicize_connections":[],"jetpack_sharing_enabled":true,"batches":[{"id":"133","date_created":"2024-09-19 18:42:02","date_expiry":"2026-06-04 00:00:00","user_id":"1","batch_number":"CatNipSprayZooluxe040626","location":"","quantity":"127.0000","quantity_available":"80.0000","units":"1","status":"active","order_ids":"[12914,14213,14460,15052,16122,16617,17085,17108,18438,19074,19589,20841,22088,23497,24448,24863,25021,25753,26048,26834,26947,26963,29662,29921,30004,30034,30874,31066,31465,31487,31879,32246,33279,35261,35303,35375,35376,35500,35528,37731,37774,37832,38338,38423,38560,40425,40627]","supplier":"Zooluxe","po":{"id":"129","date_created":"2024-09-19 18:42:02","batch_id":"133","po_number":"","supplier":"Zooluxe","cost":null,"regular_price":null,"sale_price":null,"price_margin":null,"price_discount":null}}],"_links":{"self":[{"href":"https:\/\/petworld.ma\/index.php\/wp-json\/wp\/v2\/product\/6341","targetHints":{"allow":["GET"]}}],"collection":[{"href":"https:\/\/petworld.ma\/index.php\/wp-json\/wp\/v2\/product"}],"about":[{"href":"https:\/\/petworld.ma\/index.php\/wp-json\/wp\/v2\/types\/product"}],"wp:featuredmedia":[{"embeddable":true,"href":"https:\/\/petworld.ma\/index.php\/wp-json\/wp\/v2\/media\/6343"}],"wp:attachment":[{"href":"https:\/\/petworld.ma\/index.php\/wp-json\/wp\/v2\/media?parent=6341"}],"wp:term":[{"taxonomy":"product_brand","embeddable":true,"href":"https:\/\/petworld.ma\/index.php\/wp-json\/wp\/v2\/product_brand?post=6341"},{"taxonomy":"product_cat","embeddable":true,"href":"https:\/\/petworld.ma\/index.php\/wp-json\/wp\/v2\/product_cat?post=6341"},{"taxonomy":"product_tag","embeddable":true,"href":"https:\/\/petworld.ma\/index.php\/wp-json\/wp\/v2\/product_tag?post=6341"}],"curies":[{"name":"wp","href":"https:\/\/api.w.org\/{rel}","templated":true}]}}