{"id":6344,"date":"2024-01-31T10:53:25","date_gmt":"2024-01-31T10:53:25","guid":{"rendered":"https:\/\/petworld.ma\/?post_type=product&#038;p=6344"},"modified":"2026-04-28T17:16:05","modified_gmt":"2026-04-28T17:16:05","slug":"solution-contre-les-traces-de-larmes-pour-chien-et-chat-50ml-bio-petactive","status":"publish","type":"product","link":"https:\/\/petworld.ma\/index.php\/produit\/solution-contre-les-traces-de-larmes-pour-chien-et-chat-50ml-bio-petactive\/","title":{"rendered":"Solution contre les traces de larmes pour chien et chat 50mL Bio PetActive"},"content":{"rendered":"<p>Bio-Eyes Tear Stain Remover est un rem\u00e8de con\u00e7u pour \u00e9liminer les taches qui se forment en raison des larmes autour des yeux de votre chat et de votre chien.<\/p>\n<p>Vous aide \u00e0 nettoyer les taches autour des yeux de votre chat et de votre chien.<\/p>\n<p>Une utilisation r\u00e9guli\u00e8re emp\u00eache la formation de taches de larmes.<\/p>\n<p>L\u2019extrait d\u2019Alo\u00eb Vera dans sa formulation aide \u00e0 r\u00e9parer et \u00e0 nourrir la peau des chats et des chiens \u00e0 peau sensible.<\/p>\n<p><strong>Utilisation:<\/strong> En utilisant des gouttes sp\u00e9ciales du produit, placez une petite quantit\u00e9 de Bio PetActive Bio-Eyes Tear Remover sur un coton-tige et essuyez doucement les zones tach\u00e9es et sales autour des yeux. Un coton s\u00e9par\u00e9 doit \u00eatre utilis\u00e9 pour nettoyer autour de chaque contour des yeux. Assurez-vous que le produit n\u2019entre pas en contact avec les yeux pendant le nettoyage. Apr\u00e8s application, s\u00e9chez la zone appliqu\u00e9e avec coton propre. L\u2019application doit \u00eatre effectu\u00e9e 3 fois par jour pendant 1 semaine. Ensuite, il doit \u00eatre utilis\u00e9 r\u00e9guli\u00e8rement une ou deux fois par semaine pour \u00e9viter la formation de taches. L\u2019application doit \u00eatre interrompue en cas d\u2019irritation. Consultez un v\u00e9t\u00e9rinaire en cas de situations graves.<\/p>\n","protected":false},"excerpt":{"rendered":"<p>Bio-Eyes Tear Stain Remover est un rem\u00e8de con\u00e7u pour \u00e9liminer les taches qui se forment en raison des larmes autour des yeux de votre chat et de votre chien.<\/p>\n","protected":false},"featured_media":6345,"template":"","meta":{"jetpack_publicize_message":"","jetpack_publicize_feature_enabled":true,"jetpack_social_post_already_shared":false,"jetpack_social_options":{"image_generator_settings":{"template":"highway","default_image_id":0,"font":"","enabled":false},"version":2}},"product_brand":[],"product_cat":[225,224],"product_tag":[],"class_list":{"0":"post-6344","1":"product","2":"type-product","3":"status-publish","4":"has-post-thumbnail","6":"product_cat-lingettes-serviettes-hygiene-et-soins-pour-chat","7":"product_cat-lingettes-serviettes","9":"first","10":"instock","11":"taxable","12":"shipping-taxable","13":"purchasable","14":"product-type-simple"},"supplier_id":5589,"supplier_sku":"PA332","barcode":null,"atum_controlled":true,"out_stock_date":null,"out_stock_threshold":null,"inheritable":false,"inbound_stock":0,"stock_on_hold":0,"sold_today":0,"sales_last_days":3,"reserved_stock":0,"customer_returns":0,"warehouse_damage":0,"lost_in_post":0,"other_logs":0,"out_stock_days":0,"lost_sales":0,"has_location":false,"update_date":"2026-05-04T00:19:05","atum_locations":[],"atum_stock_status":"instock","restock_status":false,"low_stock_amount":12,"sales_update_date":"2026-05-04T00:19:04","calc_backorders":null,"jetpack_publicize_connections":[],"jetpack_sharing_enabled":true,"batches":[{"id":"2337","date_created":"2025-03-10 22:28:24","date_expiry":"2026-02-23 00:00:00","user_id":"1","batch_number":"Solutioncontrelestracesdelarmespourchienetchat50mL230226","location":"","quantity":"12.0000","quantity_available":"0.0000","units":"1","status":"archived","order_ids":"[18985,19011,20511,20561,21031,21370,21383,23150,24835,26485]","supplier":"Rabat","po":{"id":"2305","date_created":"2025-03-10 22:28:27","batch_id":"2337","po_number":"","supplier":"Rabat","cost":null,"regular_price":null,"sale_price":null,"price_margin":null,"price_discount":null}},{"id":"3194","date_created":"2025-04-25 20:58:13","date_expiry":"2026-12-23 00:00:00","user_id":"1","batch_number":"Solutioncontrelestracesdelarmespourchienetchat50mL1226","location":"","quantity":"12.0000","quantity_available":"0.0000","units":"1","status":"archived","order_ids":"[28220,31334,31663,31743,31907,34428,34901,34933,36338,37293,38035,38044]","supplier":"Rabat","po":{"id":"3162","date_created":"2025-04-25 20:58:14","batch_id":"3194","po_number":"","supplier":"Rabat","cost":null,"regular_price":null,"sale_price":null,"price_margin":null,"price_discount":null}},{"id":"5295","date_created":"2025-09-13 20:30:00","date_expiry":"2027-04-10 00:00:00","user_id":"1","batch_number":"Solutioncontrelestracesdelarmespourchienetchat50mL100427","location":"","quantity":"12.0000","quantity_available":"8.0000","units":"1","status":"active","order_ids":"[39452,40398,40775,40921]","supplier":"Zoolux","po":{"id":"5252","date_created":"2025-09-13 20:30:01","batch_id":"5295","po_number":"","supplier":"Zoolux","cost":null,"regular_price":null,"sale_price":null,"price_margin":null,"price_discount":null}},{"id":"5952","date_created":"2025-11-02 18:14:42","date_expiry":"2027-04-10 00:00:00","user_id":"1","batch_number":"Solutioncontrelestracesdelarmespourchienetchat50mL100427","location":"","quantity":"12.0000","quantity_available":"12.0000","units":"1","status":"active","order_ids":null,"supplier":"Zoolux","po":{"id":"5891","date_created":"2025-11-02 18:14:43","batch_id":"5952","po_number":"","supplier":"Zoolux","cost":null,"regular_price":null,"sale_price":null,"price_margin":null,"price_discount":null}}],"_links":{"self":[{"href":"https:\/\/petworld.ma\/index.php\/wp-json\/wp\/v2\/product\/6344","targetHints":{"allow":["GET"]}}],"collection":[{"href":"https:\/\/petworld.ma\/index.php\/wp-json\/wp\/v2\/product"}],"about":[{"href":"https:\/\/petworld.ma\/index.php\/wp-json\/wp\/v2\/types\/product"}],"wp:featuredmedia":[{"embeddable":true,"href":"https:\/\/petworld.ma\/index.php\/wp-json\/wp\/v2\/media\/6345"}],"wp:attachment":[{"href":"https:\/\/petworld.ma\/index.php\/wp-json\/wp\/v2\/media?parent=6344"}],"wp:term":[{"taxonomy":"product_brand","embeddable":true,"href":"https:\/\/petworld.ma\/index.php\/wp-json\/wp\/v2\/product_brand?post=6344"},{"taxonomy":"product_cat","embeddable":true,"href":"https:\/\/petworld.ma\/index.php\/wp-json\/wp\/v2\/product_cat?post=6344"},{"taxonomy":"product_tag","embeddable":true,"href":"https:\/\/petworld.ma\/index.php\/wp-json\/wp\/v2\/product_tag?post=6344"}],"curies":[{"name":"wp","href":"https:\/\/api.w.org\/{rel}","templated":true}]}}