{"id":6351,"date":"2024-01-31T15:17:23","date_gmt":"2024-01-31T15:17:23","guid":{"rendered":"https:\/\/petworld.ma\/?post_type=product&#038;p=6351"},"modified":"2026-04-25T16:46:40","modified_gmt":"2026-04-25T16:46:40","slug":"gouttes-auriculaires-100ml-pour-chat-et-chien-bio-otic-bio-pet-active","status":"publish","type":"product","link":"https:\/\/petworld.ma\/index.php\/produit\/gouttes-auriculaires-100ml-pour-chat-et-chien-bio-otic-bio-pet-active\/","title":{"rendered":"Gouttes Auriculaires 100ml pour chat et chien Bio Otic &#8211; Bio Pet Active"},"content":{"rendered":"<ul>\n<li>Marque : Bio Pet Active<\/li>\n<li>Solution de nettoyage des oreilles Bio Otic pour chats et chiens<\/li>\n<li>Format : 100 ml<\/li>\n<li>Aide \u00e0 nettoyer le c\u00e9rumen dans les oreilles<\/li>\n<li>Emp\u00eache les mauvaises odeurs<\/li>\n<li>Garde le conduit auditif au sec<\/li>\n<\/ul>\n<p>Une solution de nettoyage des oreilles sp\u00e9cialement formul\u00e9e pour les chats et les chiens, aide \u00e0 assurer l\u2019hygi\u00e8ne des oreilles et \u00e9limine toutes sortes de salet\u00e9s et de drains auriculaires.<\/p>\n","protected":false},"excerpt":{"rendered":"<p>Une solution de nettoyage des oreilles sp\u00e9cialement formul\u00e9e pour les chats et les chiens, aide \u00e0 assurer l\u2019hygi\u00e8ne des oreilles et \u00e9limine toutes sortes de salet\u00e9s et de drains auriculaires.<\/p>\n","protected":false},"featured_media":6352,"template":"","meta":{"jetpack_publicize_message":"","jetpack_publicize_feature_enabled":true,"jetpack_social_post_already_shared":false,"jetpack_social_options":{"image_generator_settings":{"template":"highway","default_image_id":0,"font":"","enabled":false},"version":2}},"product_brand":[],"product_cat":[225,224],"product_tag":[],"class_list":{"0":"post-6351","1":"product","2":"type-product","3":"status-publish","4":"has-post-thumbnail","6":"product_cat-lingettes-serviettes-hygiene-et-soins-pour-chat","7":"product_cat-lingettes-serviettes","9":"first","10":"instock","11":"taxable","12":"shipping-taxable","13":"purchasable","14":"product-type-simple"},"supplier_id":5589,"supplier_sku":"PA329","barcode":null,"atum_controlled":true,"out_stock_date":null,"out_stock_threshold":null,"inheritable":false,"inbound_stock":0,"stock_on_hold":1,"sold_today":1,"sales_last_days":1,"reserved_stock":0,"customer_returns":0,"warehouse_damage":0,"lost_in_post":0,"other_logs":0,"out_stock_days":0,"lost_sales":0,"has_location":false,"update_date":"2026-04-25T16:48:45","atum_locations":[],"atum_stock_status":"instock","restock_status":false,"low_stock_amount":12,"sales_update_date":"2026-04-25T16:48:44","calc_backorders":null,"jetpack_publicize_connections":[],"jetpack_sharing_enabled":true,"batches":[{"id":"5966","date_created":"2025-11-03 12:34:08","date_expiry":"2027-04-03 00:00:00","user_id":"2461","batch_number":"Gouttes Auriculaires 100ml pour chat et chien Bio Otic - Bio Pet Active030427","location":"","quantity":"24.0000","quantity_available":"14.0000","units":"1","status":"active","order_ids":"[32162,34767,35484,36166,36615,37293,37863,38391,40733]","supplier":"Zooluxe","po":{"id":"5905","date_created":"2025-11-03 12:34:09","batch_id":"5966","po_number":"","supplier":"Zooluxe","cost":null,"regular_price":null,"sale_price":null,"price_margin":null,"price_discount":null}},{"id":"5967","date_created":"2025-11-03 12:34:09","date_expiry":"2025-12-08 00:00:00","user_id":"2461","batch_number":"Gouttes Auriculaires 100ml pour chat et chien Bio Otic - Bio Pet Active081225","location":"","quantity":"7.0000","quantity_available":"0.0000","units":"1","status":"archived","order_ids":"[30143,30741,30745,30804,31243]","supplier":"Zooluxe","po":{"id":"5906","date_created":"2025-11-03 12:34:10","batch_id":"5967","po_number":"","supplier":"Zooluxe","cost":null,"regular_price":null,"sale_price":null,"price_margin":null,"price_discount":null}}],"_links":{"self":[{"href":"https:\/\/petworld.ma\/index.php\/wp-json\/wp\/v2\/product\/6351","targetHints":{"allow":["GET"]}}],"collection":[{"href":"https:\/\/petworld.ma\/index.php\/wp-json\/wp\/v2\/product"}],"about":[{"href":"https:\/\/petworld.ma\/index.php\/wp-json\/wp\/v2\/types\/product"}],"wp:featuredmedia":[{"embeddable":true,"href":"https:\/\/petworld.ma\/index.php\/wp-json\/wp\/v2\/media\/6352"}],"wp:attachment":[{"href":"https:\/\/petworld.ma\/index.php\/wp-json\/wp\/v2\/media?parent=6351"}],"wp:term":[{"taxonomy":"product_brand","embeddable":true,"href":"https:\/\/petworld.ma\/index.php\/wp-json\/wp\/v2\/product_brand?post=6351"},{"taxonomy":"product_cat","embeddable":true,"href":"https:\/\/petworld.ma\/index.php\/wp-json\/wp\/v2\/product_cat?post=6351"},{"taxonomy":"product_tag","embeddable":true,"href":"https:\/\/petworld.ma\/index.php\/wp-json\/wp\/v2\/product_tag?post=6351"}],"curies":[{"name":"wp","href":"https:\/\/api.w.org\/{rel}","templated":true}]}}