{"id":6373,"date":"2024-02-01T10:22:58","date_gmt":"2024-02-01T10:22:58","guid":{"rendered":"https:\/\/petworld.ma\/?post_type=product&#038;p=6373"},"modified":"2026-02-13T15:12:59","modified_gmt":"2026-02-13T15:12:59","slug":"shampoing-sec-sans-rincage-pour-chat-bio-magic-dry-shampoo-powder-150gr","status":"publish","type":"product","link":"https:\/\/petworld.ma\/index.php\/produit\/shampoing-sec-sans-rincage-pour-chat-bio-magic-dry-shampoo-powder-150gr\/","title":{"rendered":"Shampoing Sec Sans rin\u00e7age pour Chat Bio Magic Dry Shampoo Powder 150gr"},"content":{"rendered":"<p>\ud835\udc08\ud835\udc0d\ud835\udc05\ud835\udc14\ud835\udc12\ud835\udc04\ud835\udc03 \ud835\udc16\ud835\udc08\ud835\udc13\ud835\udc07 \ud835\udc0b\ud835\udc00\ud835\udc15\ud835\udc04\ud835\udc0d\ud835\udc03\ud835\udc04\ud835\udc11 &amp; \ud835\udc11\ud835\udc0e\ud835\udc12\ud835\udc04\ud835\udc0c\ud835\udc00\ud835\udc11\ud835\udc18 Bio Magic Shampoing Sec en Poudre \u00e0 la Lavande et Rosemary pour chat est une formule adapt\u00e9e aux animaux de compagnie qui nettoie en douceur en profondeur le sous-poil de votre chat pour enrichir les follicules, rendant le pelage plus brillant et sans pellicules. En plus d\u2019apporter de la douceur au pelage, il hydrate \u00e9galement la peau et pr\u00e9vient le dess\u00e8chement.<\/p>\n<p>\ud835\udc02\ud835\udc0e\ud835\udc00\ud835\udc13 \ud835\udc11\ud835\udc04\ud835\udc05\ud835\udc11\ud835\udc04\ud835\udc12\ud835\udc07\ud835\udc04\ud835\udc0d\ud835\udc12 \ud835\udc02\ud835\udc0b\ud835\udc04\ud835\udc00\ud835\udc0d\ud835\udc12\ud835\udc08\ud835\udc0d\ud835\udc06 \ud835\udc12\ud835\udc07\ud835\udc00\ud835\udc0c\ud835\udc0e : Les substances nettoyantes du shampooing sec Bio Magic dans la formule du shampooing nettoient en profondeur le pelage et \u00e9liminent les d\u00e9mangeaisons. Le shampoing pour chat au pelage brillant rafra\u00eechit le pelage, \u00e9limine la salet\u00e9 et l&rsquo;huile accumul\u00e9es, laissant le pelage de votre animal propre, sans odeur et pr\u00eat pour des heures de c\u00e2lins et de c\u00e2lins.<\/p>\n<p>\ud835\udc0f\ud835\udc11\ud835\udc0e\ud835\udc13\ud835\udc04\ud835\udc02\ud835\udc13 \ud835\udc13\ud835\udc07\ud835\udc04 \ud835\udc0d\ud835\udc00\ud835\udc13\ud835\udc14\ud835\udc11\ud835\udc00\ud835\udc0b \ud835\udc12\ud835\udc07\ud835\udc08\ud835\udc0d\ud835\udc04 \ud835\udc0e\ud835\udc05 \ud835\udc13\ud835\udc07\ud835\udc04 \ud835\udc12\ud835\udc0a \ud835\udc08\ud835\udc0d\u00a0: La poudre de shampooing sec Bio Magic est un produit naturel \u00e0 usage g\u00e9n\u00e9ral, infus\u00e9 de lavande et de romarin nourrissants de haute qualit\u00e9, pour assurer la r\u00e9tention naturelle de l&rsquo;humidit\u00e9 du pelage de votre animal. Cette formule s\u00fbre, douce et efficace est tout ce que vous recherchez lors du toilettage de votre chat.<\/p>\n<p>Caract\u00e9ristiques\u00a0: Nos produits sont con\u00e7us en pensant \u00e0 la sant\u00e9 de votre ami \u00e0 quatre pattes bien-aim\u00e9. Nous pensons que les ingr\u00e9dients qui entrent en contact avec le pelage et la peau de votre animal doivent \u00eatre aussi naturellement efficaces et doux que possible. Sa formulation et sa propri\u00e9t\u00e9 hydratante efficace maintiennent la peau hydrat\u00e9e et pr\u00e9viennent le dess\u00e8chement.<\/p>\n<p>\ud835\udc07\ud835\udc04\ud835\udc0b\ud835\udc0f\ud835\udc12 \ud835\udc11\ud835\udc04\ud835\udc0b\ud835\udc08\ud835\udc04\ud835\udc15\ud835\udc04 \ud835\udc08\ud835\udc13\ud835\udc02\ud835\udc07\ud835\udc08\ud835\udc0d\ud835\udc06 &amp; \ud835\udc03\ud835\udc11\ud835\udc18 \ud835\udc12\ud835\udc0a\ud835\udc08\ud835\udc0d : Sp\u00e9cialement formul\u00e9 pour r\u00e9pondre aux besoins des animaux souffrant de s\u00e9cheresse, peau qui d\u00e9mange. Nous fournissons des produits de bien-\u00eatre de qualit\u00e9 afin que les parents d&rsquo;animaux puissent \u00eatre s\u00fbrs de fournir le meilleur \u00e0 leurs b\u00e9b\u00e9s. Aide \u00e0 nettoyer et d\u00e9m\u00ealer les n\u0153uds et favorise un pelage sain.<\/p>\n","protected":false},"excerpt":{"rendered":"<p>Nettoyant et hydratant sans parfum ni talc Convient aux peaux sensibles<\/p>\n","protected":false},"featured_media":6374,"template":"","meta":{"jetpack_publicize_message":"","jetpack_publicize_feature_enabled":true,"jetpack_social_post_already_shared":false,"jetpack_social_options":{"image_generator_settings":{"template":"highway","default_image_id":0,"font":"","enabled":false},"version":2}},"product_brand":[],"product_cat":[215],"product_tag":[],"class_list":{"0":"post-6373","1":"product","2":"type-product","3":"status-publish","4":"has-post-thumbnail","6":"product_cat-parfums-shampoing-hygiene-et-soins-pour-chat","8":"first","9":"instock","10":"taxable","11":"shipping-taxable","12":"purchasable","13":"product-type-simple"},"supplier_id":5589,"supplier_sku":"","barcode":null,"atum_controlled":true,"out_stock_date":null,"out_stock_threshold":null,"inheritable":false,"inbound_stock":0,"stock_on_hold":0,"sold_today":0,"sales_last_days":0,"reserved_stock":0,"customer_returns":0,"warehouse_damage":0,"lost_in_post":0,"other_logs":0,"out_stock_days":0,"lost_sales":0,"has_location":false,"update_date":"2026-04-27T00:13:45","atum_locations":[],"atum_stock_status":"instock","restock_status":false,"low_stock_amount":10,"sales_update_date":"2026-04-27T00:13:45","calc_backorders":null,"jetpack_publicize_connections":[],"jetpack_sharing_enabled":true,"batches":[],"_links":{"self":[{"href":"https:\/\/petworld.ma\/index.php\/wp-json\/wp\/v2\/product\/6373","targetHints":{"allow":["GET"]}}],"collection":[{"href":"https:\/\/petworld.ma\/index.php\/wp-json\/wp\/v2\/product"}],"about":[{"href":"https:\/\/petworld.ma\/index.php\/wp-json\/wp\/v2\/types\/product"}],"wp:featuredmedia":[{"embeddable":true,"href":"https:\/\/petworld.ma\/index.php\/wp-json\/wp\/v2\/media\/6374"}],"wp:attachment":[{"href":"https:\/\/petworld.ma\/index.php\/wp-json\/wp\/v2\/media?parent=6373"}],"wp:term":[{"taxonomy":"product_brand","embeddable":true,"href":"https:\/\/petworld.ma\/index.php\/wp-json\/wp\/v2\/product_brand?post=6373"},{"taxonomy":"product_cat","embeddable":true,"href":"https:\/\/petworld.ma\/index.php\/wp-json\/wp\/v2\/product_cat?post=6373"},{"taxonomy":"product_tag","embeddable":true,"href":"https:\/\/petworld.ma\/index.php\/wp-json\/wp\/v2\/product_tag?post=6373"}],"curies":[{"name":"wp","href":"https:\/\/api.w.org\/{rel}","templated":true}]}}