{"id":6551,"date":"2024-02-08T17:57:30","date_gmt":"2024-02-08T17:57:30","guid":{"rendered":"https:\/\/petworld.ma\/?post_type=product&#038;p=6551"},"modified":"2026-04-25T18:54:50","modified_gmt":"2026-04-25T18:54:50","slug":"brit-premium-by-nature-junior-race-mini-3kg","status":"publish","type":"product","link":"https:\/\/petworld.ma\/index.php\/produit\/brit-premium-by-nature-junior-race-mini-3kg\/","title":{"rendered":"Brit Premium by Nature Croquettes Junior race mini 3kg"},"content":{"rendered":"<div class=\"hidden-xs\">\n<p>Formule compl\u00e8te au poulet pour chiens juniors (1 \u00e0 12 mois) de petites races (1 \u00e0 10 kg).\u00a0Convient \u00e9galement aux chiennes gestantes et allaitantes.<\/p>\n<\/div>\n<ul>\n<li>Soutient l&rsquo;immunit\u00e9 et la condition<\/li>\n<li>Croissance musculaire et corporelle optimale<\/li>\n<li>Structure saine, d\u00e9veloppement des os, des articulations et des dents<\/li>\n<li>Id\u00e9al pour les chiennes gestantes et allaitantes<\/li>\n<\/ul>\n<div class=\"benefits\">\n<div class=\"benefits__item\">\n<p><img decoding=\"async\" src=\"https:\/\/brit-petfood.com\/file\/nodes\/slozeni-piktogramy-chicken-modra.png\" alt=\"\" width=\"47\" height=\"48\" \/><strong>demi-sac de poulet<\/strong><\/p>\n<\/div>\n<div class=\"benefits__item\">\n<p><img decoding=\"async\" src=\"https:\/\/brit-petfood.com\/file\/nodes\/icon-dried-chicken-modra.png\" alt=\"\" width=\"47\" height=\"48\" \/><strong>meilleur go\u00fbt et digestibilit\u00e9<\/strong><\/p>\n<\/div>\n<div class=\"benefits__item\">\n<p><img decoding=\"async\" src=\"https:\/\/brit-petfood.com\/file\/nodes\/icon-oats-modra.png\" alt=\"\" width=\"47\" height=\"48\" \/><strong>c\u00e9r\u00e9ales sans gluten \u00e0 haute valeur nutritionnelle<\/strong><\/p>\n<\/div>\n<div class=\"benefits__item\">\n<p><img decoding=\"async\" src=\"https:\/\/brit-petfood.com\/file\/nodes\/icon-collagen-modra.png\" alt=\"\" width=\"47\" height=\"48\" \/><strong>collag\u00e8ne, moules vertes et crustac\u00e9s pour les articulations et le cartilage<\/strong><\/p>\n<\/div>\n<div class=\"benefits__item\">\n<p><img decoding=\"async\" src=\"https:\/\/brit-petfood.com\/file\/nodes\/icon-salmon-oil-modra.png\" alt=\"\" width=\"47\" height=\"48\" \/><strong>niveau \u00e9lev\u00e9 d&rsquo;om\u00e9ga-3 pour un c\u0153ur, une peau et un pelage brillants<\/strong><\/p>\n<\/div>\n<div class=\"benefits__item\">\n<p><img decoding=\"async\" src=\"https:\/\/brit-petfood.com\/file\/nodes\/icon-fruits-herbs-modra.png\" alt=\"\" width=\"47\" height=\"48\" \/><strong>fruits et herbes pour une meilleure digestion et immunit\u00e9<\/strong><\/p>\n<p class=\"composition\"><strong>Composition:<\/strong><\/p>\n<p>poulet 55% (d\u00e9shydrat\u00e9 30%, d\u00e9soss\u00e9 25%), graisse de poulet (conserv\u00e9e avec un m\u00e9lange de tocoph\u00e9rols), avoine, bl\u00e9, huile de saumon (2%), ma\u00efs, pommes s\u00e9ch\u00e9es, foie de poulet hydrolys\u00e9, levure de bi\u00e8re, collag\u00e8ne, coquilles de crustac\u00e9s (source de glucosamine, 260 mg\/kg), cartilage (source de chondro\u00eftine, 180 mg\/kg), herbes et fruits (girofles, agrumes, romarin, curcuma, 150 mg\/kg), mannan-oligosaccharides (150 mg\/kg). kg), fructo-oligosaccharides (100 mg\/kg), yucca Mojave (100 mg\/kg), camomille s\u00e9ch\u00e9e (90 mg\/kg), moules vertes (source de glycosaminoglycanes, 60 mg\/kg), myrtilles s\u00e9ch\u00e9es ( 60 mg\/kg).<\/p>\n<p><strong>Ingr\u00e9dients analytiques\u00a0:<\/strong><\/p>\n<p>prot\u00e9ines brutes 32,0 % teneur en mati\u00e8res grasses 20,0 % humidit\u00e9 10,0 % cendres brutes 6,8 % fibres brutes 2,0 % calcium 1,5 % phosphore 1,1 % om\u00e9ga 3 0,3 % om\u00e9ga 6 2,7 %<\/p>\n<p><strong>Composition nutritionnelle :<\/strong><\/p>\n<p>vitamine A (3a672a) 20 000 UI, vitamine D3 (E671) 1 200 UI, vitamine E (\u03b1-tocoph\u00e9rol) (3a700) 500 mg, biotine (3a880) 0,6 mg, chlorure de choline (3a890) 600 mg, ch\u00e9late de zinc d&rsquo;amino acides hydrat\u00e9s (3b606) 90 mg, ch\u00e9late ferreux d&rsquo;acides amin\u00e9s hydrat\u00e9 (E1) 80 mg, ch\u00e9late de mangan\u00e8se d&rsquo;acides amin\u00e9s hydrat\u00e9 (E5) 35 mg, iodure de potassium (3b201) 0,65 mg, ch\u00e9late cuivrique d&rsquo;acides amin\u00e9s hydrat\u00e9 (E4) 15 mg, forme organique de s\u00e9l\u00e9nium produite par Saccaromyces cerevisiae CNCM I-3060 (levure s\u00e9l\u00e9nis\u00e9e inactiv\u00e9e) (3b8.10) 0,2 mg,<\/p>\n<p>Contient des antioxydants approuv\u00e9s par l&rsquo;UE\u00a0: extraits de tocoph\u00e9rol d&rsquo;huile v\u00e9g\u00e9tale (1b306), palmitate d&rsquo;ascorbyle (1b304) et extrait de romarin.<\/p>\n<p><strong>\u00c9nergie m\u00e9tabolisable\u00a0:<\/strong><\/p>\n<p>4 050 kcal\/kg<\/p>\n<\/div>\n<\/div>\n","protected":false},"excerpt":{"rendered":"<p>Formule compl\u00e8te au poulet pour chiens juniors (1 \u00e0 12 mois) de petites races (1 \u00e0 10 kg).\u00a0Convient \u00e9galement aux chiennes gestantes et allaitantes. Soutient l&rsquo;immunit\u00e9 et la condition Croissance musculaire et corporelle optimale Structure saine, d\u00e9veloppement des os, des articulations et des dents Id\u00e9al pour les chiennes gestantes et allaitantes demi-sac de poulet meilleur [&#8230;]\n","protected":false},"featured_media":6552,"template":"","meta":{"jetpack_publicize_message":"","jetpack_publicize_feature_enabled":true,"jetpack_social_post_already_shared":false,"jetpack_social_options":{"image_generator_settings":{"template":"highway","default_image_id":0,"font":"","enabled":false},"version":2}},"product_brand":[],"product_cat":[26],"product_tag":[],"class_list":{"0":"post-6551","1":"product","2":"type-product","3":"status-publish","4":"has-post-thumbnail","6":"product_cat-croquettes","8":"first","9":"instock","10":"taxable","11":"shipping-taxable","12":"purchasable","13":"product-type-simple"},"supplier_id":5590,"supplier_sku":"","barcode":null,"atum_controlled":true,"out_stock_date":null,"out_stock_threshold":null,"inheritable":false,"inbound_stock":0,"stock_on_hold":0,"sold_today":0,"sales_last_days":1,"reserved_stock":0,"customer_returns":0,"warehouse_damage":0,"lost_in_post":0,"other_logs":0,"out_stock_days":0,"lost_sales":0,"has_location":false,"update_date":"2026-05-02T00:15:19","atum_locations":[],"atum_stock_status":"instock","restock_status":false,"low_stock_amount":2,"sales_update_date":"2026-05-02T00:15:18","calc_backorders":null,"jetpack_publicize_connections":[],"jetpack_sharing_enabled":true,"batches":[{"id":"436","date_created":"2024-09-30 11:50:15","date_expiry":"2025-12-06 00:00:00","user_id":"2760","batch_number":"BritJuniorMini3kg061225","location":"","quantity":"1.0000","quantity_available":"0.0000","units":"1","status":"archived","order_ids":"[12890]","supplier":"Brit","po":{"id":"425","date_created":"2024-09-30 11:50:16","batch_id":"436","po_number":"","supplier":"Brit","cost":null,"regular_price":null,"sale_price":null,"price_margin":null,"price_discount":null}},{"id":"437","date_created":"2024-09-30 11:50:16","date_expiry":"2025-10-15 00:00:00","user_id":"2760","batch_number":"BritJuniorMini3kg151025","location":"","quantity":"1.0000","quantity_available":"0.0000","units":"1","status":"archived","order_ids":"[12658,19181,19366]","supplier":"Brit","po":{"id":"426","date_created":"2024-09-30 11:50:16","batch_id":"437","po_number":"","supplier":"Brit","cost":null,"regular_price":null,"sale_price":null,"price_margin":null,"price_discount":null}},{"id":"2499","date_created":"2025-03-26 22:46:44","date_expiry":"2026-04-24 00:00:00","user_id":"2760","batch_number":"BritJuniorMini3kg240426","location":"","quantity":"4.0000","quantity_available":"0.0000","units":"1","status":"archived","order_ids":"[20024,20779,24997]","supplier":"BRIT","po":{"id":"2467","date_created":"2025-03-26 22:46:47","batch_id":"2499","po_number":"","supplier":"BRIT","cost":null,"regular_price":null,"sale_price":null,"price_margin":null,"price_discount":null}},{"id":"5430","date_created":"2025-09-20 19:34:29","date_expiry":"2026-12-20 00:00:00","user_id":"2760","batch_number":"BritJuniorMini3kg201226","location":"","quantity":"0.0000","quantity_available":"0.0000","units":"1","status":"archived","order_ids":null,"supplier":" BRIT","po":{"id":"5387","date_created":"2025-09-20 19:34:29","batch_id":"5430","po_number":"","supplier":" BRIT","cost":null,"regular_price":null,"sale_price":null,"price_margin":null,"price_discount":null}},{"id":"6578","date_created":"2025-12-09 16:44:30","date_expiry":"2027-03-19 00:00:00","user_id":"2760","batch_number":"BritJuniorMini3kg190327","location":"","quantity":"4.0000","quantity_available":"2.0000","units":"1","status":"active","order_ids":"[36924,40740]","supplier":"Brit","po":{"id":"6523","date_created":"2025-12-09 16:44:31","batch_id":"6578","po_number":"","supplier":"Brit","cost":null,"regular_price":null,"sale_price":null,"price_margin":null,"price_discount":null}}],"_links":{"self":[{"href":"https:\/\/petworld.ma\/index.php\/wp-json\/wp\/v2\/product\/6551","targetHints":{"allow":["GET"]}}],"collection":[{"href":"https:\/\/petworld.ma\/index.php\/wp-json\/wp\/v2\/product"}],"about":[{"href":"https:\/\/petworld.ma\/index.php\/wp-json\/wp\/v2\/types\/product"}],"wp:featuredmedia":[{"embeddable":true,"href":"https:\/\/petworld.ma\/index.php\/wp-json\/wp\/v2\/media\/6552"}],"wp:attachment":[{"href":"https:\/\/petworld.ma\/index.php\/wp-json\/wp\/v2\/media?parent=6551"}],"wp:term":[{"taxonomy":"product_brand","embeddable":true,"href":"https:\/\/petworld.ma\/index.php\/wp-json\/wp\/v2\/product_brand?post=6551"},{"taxonomy":"product_cat","embeddable":true,"href":"https:\/\/petworld.ma\/index.php\/wp-json\/wp\/v2\/product_cat?post=6551"},{"taxonomy":"product_tag","embeddable":true,"href":"https:\/\/petworld.ma\/index.php\/wp-json\/wp\/v2\/product_tag?post=6551"}],"curies":[{"name":"wp","href":"https:\/\/api.w.org\/{rel}","templated":true}]}}