{"id":659,"date":"2022-12-16T21:12:05","date_gmt":"2022-12-16T21:12:05","guid":{"rendered":"https:\/\/petworld.ma\/?post_type=product&#038;p=659"},"modified":"2026-04-25T17:37:00","modified_gmt":"2026-04-25T17:37:00","slug":"royal-canin-hairball-care-2-kg","status":"publish","type":"product","link":"https:\/\/petworld.ma\/index.php\/produit\/royal-canin-hairball-care-2-kg\/","title":{"rendered":"Royal Canin Hairball Care 2 kg"},"content":{"rendered":"<div>\n<div>\n<div>\n<h2>Aliment complet et \u00e9quilibr\u00e9 pour chats adultes de 1 \u00e0 7 ans \u2014 Recommand\u00e9 pour aider \u00e0 r\u00e9duire la formation de boules de poils \u2014 Peut se donner occasionnellement de 7 \u00e0 12 ans<\/h2>\n<\/div>\n<\/div>\n<\/div>\n<div>\n<div>\n<div>Les chats passent souvent une grande partie de leur journ\u00e9e \u00e0 faire leur toilette et peuvent donc avaler de grandes quantit\u00e9s de poils. Ces poils ing\u00e9r\u00e9s peuvent se compacter dans l\u2019appareil digestif, entra\u00eenant la formation de boules de poils qui sont ensuite r\u00e9gurgit\u00e9es ou \u00e9limin\u00e9es par les selles. \u00a0 ROYAL CANIN\u00ae Hairball Care est compos\u00e9 d\u2019un m\u00e9lange sp\u00e9cifique de fibres alimentaires, dont le psyllium (riche en mucilages) et de fibres insolubles pour favoriser un transit intestinal sain. Ainsi, les poils ing\u00e9r\u00e9s quotidiennement peuvent \u00eatre \u00e9limin\u00e9s par les selles plut\u00f4t que de s\u2019accumuler dans l\u2019estomac avant d\u2019\u00eatre r\u00e9gurgit\u00e9s. \u00a0 ROYAL CANIN\u00ae Hairball Care contient un m\u00e9lange pr\u00e9cis de nutriments \u00e0 haute teneur en prot\u00e9ines (34 %) et en mati\u00e8res grasses (15 %) pour assurer un apport sain en nutriments. \u00a0 Il a \u00e9t\u00e9 prouv\u00e9 que ROYAL CANIN\u00ae Hairball Care \u00e9limine deux fois plus de poils exc\u00e9dentaires dans le corps d\u2019un chat apr\u00e8s seulement 14 jours d\u2019alimentation. \u00a0 Pour r\u00e9pondre aux pr\u00e9f\u00e9rences individuelles de chaque chat, ROYAL CANIN\u00ae Hairball Care est \u00e9galement disponible sous forme d&rsquo;aliment humide en \u00e9minc\u00e9 en sauce. Si vous envisagez une alimentation mixte, il vous suffit de suivre nos instructions pour vous assurer que votre chat re\u00e7oit la quantit\u00e9 de nourriture s\u00e8che et humide n\u00e9cessaire pour un b\u00e9n\u00e9fice optimal.<\/div>\n<h3>\u00a0Informations Nutritionnelles :<\/h3>\n<div>Additifs (au kg)\u00a0: Additifs nutritionnels\u00a0: Vitamine A\u00a0: 25000\u00a0UI, Vitamine D3\u00a0: 1000\u00a0UI, E1 (Fer)\u00a0: 32\u00a0mg, E2 (Iode)\u00a0: 3,2\u00a0mg, E4 (Cuivre)\u00a0: 10\u00a0mg, E5 (Mangan\u00e8se)\u00a0: 42\u00a0mg, E6 (Zinc)\u00a0: 88\u00a0mg, E8 (S\u00e9l\u00e9nium)\u00a0: 0,05\u00a0mg\u00a0&#8211; Conservateurs\u00a0&#8211; Antioxyg\u00e8nes.<\/div>\n<div>Constituants analytiques\u00a0: Prot\u00e9ine\u00a0: 34\u00a0%\u00a0&#8211; Mati\u00e8res grasses brutes\u00a0: 15\u00a0%\u00a0&#8211; Cendres brutes\u00a0: 6,9\u00a0%\u00a0&#8211; Cellulose brute\u00a0: 6,9\u00a0%\u00a0&#8211; Fibres alimentaires totales\u00a0: 15,2\u00a0%.<\/div>\n<div>Composition\u00a0: prot\u00e9ines de volaille d\u00e9shydrat\u00e9es, isolat de prot\u00e9ines v\u00e9g\u00e9tales*, ma\u00efs, fibres v\u00e9g\u00e9tales, riz, graisses animales, hydrolysat de prot\u00e9ines animales, bl\u00e9, farine de ma\u00efs, gluten de ma\u00efs, pulpe de betterave, levures et composants de levures, sels min\u00e9raux, huile de soja, huile de poisson, fructo-oligo-saccharides, t\u00e9guments et graines de psyllium (0,5\u00a0%).<\/div>\n<div>Mode d\u2019emploi : voir tableau. Num\u00e9ro de lot et d\u2019identifiant usine, \u00e0 utiliser de pr\u00e9f\u00e9rence avant\u00a0: voir sur l\u2019emballage. \u00c0 conserver dans un endroit sec et frais.<\/div>\n<div>*L.I.P. : prot\u00e9ine s\u00e9lectionn\u00e9e pour sa tr\u00e8s haute digestibilit\u00e9.<\/div>\n<h3>\u00a0B\u00e9n\u00e9fices :<\/h3>\n<div>\n<ul>\n<li>\n<div>Hairball Care<\/div>\n<div>ROYAL CANIN\u00ae Hairball Care est une formule nutritionnelle pr\u00e9cis\u00e9ment \u00e9quilibr\u00e9e qui aide \u00e0 r\u00e9duire naturellement la formation de boules de poils.<\/div>\n<\/li>\n<li>\n<div>Complexe exclusif<\/div>\n<div>Le complexe exclusif contenu dans ROYAL CANIN\u00ae Hairball Care est compos\u00e9 d\u2019un m\u00e9lange sp\u00e9cifique de fibres alimentaires, dont du psyllium (riche en mucilage), et de fibres insolubles pour stimuler naturellement le transit intestinal. Ainsi, les poils ing\u00e9r\u00e9s quotidiennement peuvent \u00eatre \u00e9limin\u00e9s dans les selles plut\u00f4t que de s\u2019accumuler dans l\u2019estomac et de finir par \u00eatre r\u00e9gurgit\u00e9s.<\/div>\n<\/li>\n<li>\n<div>Sant\u00e9 urinaire<\/div>\n<div>Formul\u00e9 avec un \u00e9quilibre de min\u00e9raux pour contribuer \u00e0 la sant\u00e9 du syst\u00e8me urinaire du chat adulte.<\/div>\n<\/li>\n<li>\n<div>R\u00e9sultats prouv\u00e9s<\/div>\n<div>L&rsquo;utilisation exclusive de ROYAL CANIN\u00ae Hairball Care est efficace au bout de 14 jours : 2 fois* plus de poils \u00e9limin\u00e9s naturellement dans les selles.\u00a0*\u00c9tude interne Royal Canin, 2013 &#8211; Compar\u00e9 \u00e0 un aliment de contr\u00f4le pour chats adultes ne contenant pas le complexe exclusif Hairball Care.<\/div>\n<\/li>\n<\/ul>\n<h3>\u00a0Rations :<\/h3>\n<table>\n<thead>\n<tr>\n<th>Poids du chat<\/th>\n<th>Poids id\u00e9al (g\/jour)<\/th>\n<th>Embonpoint (g\/jour)<\/th>\n<\/tr>\n<\/thead>\n<tbody>\n<tr>\n<td>3 kg<\/td>\n<td>45 g<\/td>\n<td>36 g<\/td>\n<\/tr>\n<tr>\n<td>4 kg<\/td>\n<td>55 g<\/td>\n<td>44 g<\/td>\n<\/tr>\n<tr>\n<td>5 kg<\/td>\n<td>65 g<\/td>\n<td>52 g<\/td>\n<\/tr>\n<tr>\n<td>6 kg<\/td>\n<td>74 g<\/td>\n<td>59 g<\/td>\n<\/tr>\n<\/tbody>\n<\/table>\n<p><a href=\"https:\/\/wa.me\/212708052510\" target=\"_blank\" rel=\"noopener noreferrer\"><img loading=\"lazy\" decoding=\"async\" class=\"fr-fic fr-dib aligncenter\" src=\"https:\/\/cdn.youcan.shop\/stores\/d0742d556df94ddbc7ae4c9810aff04b\/others\/rMP6CSjKmQyoJJFKeH1bS8vohnoAx1SKlADwLsWX.png\" width=\"281\" height=\"74\" data-name=\"stores\/d0742d556df94ddbc7ae4c9810aff04b\/others\/rMP6CSjKmQyoJJFKeH1bS8vohnoAx1SKlADwLsWX.png\" \/><\/a><\/p>\n<\/div>\n<\/div>\n<\/div>\n","protected":false},"excerpt":{"rendered":"<p>Aliment complet et \u00e9quilibr\u00e9 pour chats adultes de 1 \u00e0 7 ans \u2014 Recommand\u00e9 pour aider \u00e0 r\u00e9duire la formation de boules de poils \u2014 Peut se donner occasionnellement de 7 \u00e0 12 ans Les chats passent souvent une grande partie de leur journ\u00e9e \u00e0 faire leur toilette et peuvent donc avaler de grandes quantit\u00e9s [&#8230;]\n","protected":false},"featured_media":660,"template":"","meta":{"jetpack_publicize_message":"","jetpack_publicize_feature_enabled":true,"jetpack_social_post_already_shared":false,"jetpack_social_options":{"image_generator_settings":{"template":"highway","default_image_id":0,"font":"","enabled":false},"version":2}},"product_brand":[],"product_cat":[40],"product_tag":[],"class_list":{"0":"post-659","1":"product","2":"type-product","3":"status-publish","4":"has-post-thumbnail","6":"product_cat-coquettes-pour-chat","8":"first","9":"instock","10":"taxable","11":"shipping-taxable","12":"purchasable","13":"product-type-simple"},"supplier_id":5587,"supplier_sku":"7011","barcode":null,"atum_controlled":true,"out_stock_date":null,"out_stock_threshold":null,"inheritable":false,"inbound_stock":0,"stock_on_hold":0,"sold_today":1,"sales_last_days":1,"reserved_stock":0,"customer_returns":0,"warehouse_damage":0,"lost_in_post":0,"other_logs":0,"out_stock_days":0,"lost_sales":0,"has_location":false,"update_date":"2026-04-25T17:37:06","atum_locations":[],"atum_stock_status":"instock","restock_status":false,"low_stock_amount":4,"sales_update_date":"2026-04-25T17:37:05","calc_backorders":null,"jetpack_publicize_connections":[],"jetpack_sharing_enabled":true,"batches":[{"id":"280","date_created":"2024-09-29 16:14:35","date_expiry":"2025-08-20 00:00:00","user_id":"2760","batch_number":"RCHairballCare2KG200825","location":"","quantity":"2.0000","quantity_available":"0.0000","units":"1","status":"archived","order_ids":"[12312,14022]","supplier":"Royal Canin","po":{"id":"275","date_created":"2024-09-29 16:14:36","batch_id":"280","po_number":"","supplier":"Royal Canin","cost":null,"regular_price":null,"sale_price":null,"price_margin":null,"price_discount":null}},{"id":"281","date_created":"2024-09-29 16:14:36","date_expiry":"2025-12-27 00:00:00","user_id":"2760","batch_number":"RCHairballCare2KG271225","location":"","quantity":"2.0000","quantity_available":"0.0000","units":"1","status":"archived","order_ids":"[13295,15078]","supplier":"Royal Canin","po":{"id":"276","date_created":"2024-09-29 16:14:37","batch_id":"281","po_number":"","supplier":"Royal Canin","cost":null,"regular_price":null,"sale_price":null,"price_margin":null,"price_discount":null}},{"id":"641","date_created":"2024-10-14 15:57:55","date_expiry":"2026-01-21 00:00:00","user_id":"2760","batch_number":"RCHairballCare2KG210126","location":"","quantity":"1.0000","quantity_available":"0.0000","units":"1","status":"archived","order_ids":"[15134]","supplier":"Royal Canin","po":{"id":"624","date_created":"2024-10-14 15:57:55","batch_id":"641","po_number":"","supplier":"Royal Canin","cost":null,"regular_price":null,"sale_price":null,"price_margin":null,"price_discount":null}},{"id":"678","date_created":"2024-10-21 14:38:12","date_expiry":"2026-01-27 00:00:00","user_id":"2760","batch_number":"RCHairballCare2KG270126","location":"","quantity":"1.0000","quantity_available":"0.0000","units":"1","status":"archived","order_ids":"[15466]","supplier":"Royal Canin","po":{"id":"659","date_created":"2024-10-21 14:38:14","batch_id":"678","po_number":"","supplier":"Royal Canin","cost":null,"regular_price":null,"sale_price":null,"price_margin":null,"price_discount":null}},{"id":"710","date_created":"2024-10-30 11:03:16","date_expiry":"2026-02-25 00:00:00","user_id":"2760","batch_number":"CHairballCare2KG250226","location":"","quantity":"2.0000","quantity_available":"0.0000","units":"1","status":"archived","order_ids":"[15725]","supplier":"Royal Canin","po":{"id":"691","date_created":"2024-10-30 11:03:18","batch_id":"710","po_number":"","supplier":"Royal Canin","cost":null,"regular_price":null,"sale_price":null,"price_margin":null,"price_discount":null}},{"id":"1185","date_created":"2024-12-12 23:59:15","date_expiry":"2026-03-20 00:00:00","user_id":"2760","batch_number":"CHairballCare2KG200326","location":"","quantity":"1.0000","quantity_available":"0.0000","units":"1","status":"archived","order_ids":"[16780]","supplier":"Royal Canin","po":{"id":"1157","date_created":"2024-12-12 23:59:15","batch_id":"1185","po_number":"","supplier":"Royal Canin","cost":null,"regular_price":null,"sale_price":null,"price_margin":null,"price_discount":null}},{"id":"1255","date_created":"2024-12-17 23:31:18","date_expiry":"2026-02-25 00:00:00","user_id":"2760","batch_number":"CHairballCare2KGPLUSDEUXPOCHONS250226","location":"","quantity":"1.0000","quantity_available":"0.0000","units":"1","status":"archived","order_ids":"[16061]","supplier":"Royal Canin","po":{"id":"1228","date_created":"2024-12-17 23:31:21","batch_id":"1255","po_number":"","supplier":"Royal Canin","cost":null,"regular_price":null,"sale_price":null,"price_margin":null,"price_discount":null}},{"id":"1396","date_created":"2024-12-26 23:06:47","date_expiry":"2026-04-26 00:00:00","user_id":"2760","batch_number":"CHairballCare2KGPLUSDEUXPOCHONS260426","location":"","quantity":"4.0000","quantity_available":"0.0000","units":"1","status":"archived","order_ids":"[16788,17203,17432,17631]","supplier":"Royal Canin","po":{"id":"1370","date_created":"2024-12-26 23:06:50","batch_id":"1396","po_number":"","supplier":"Royal Canin","cost":null,"regular_price":null,"sale_price":null,"price_margin":null,"price_discount":null}},{"id":"1699","date_created":"2025-01-22 20:46:31","date_expiry":"2026-05-22 00:00:00","user_id":"2760","batch_number":"CHairballCare2KGPLUSDEUXPOCHONS220526","location":"","quantity":"3.0000","quantity_available":"0.0000","units":"1","status":"archived","order_ids":"[18210,18478,18498]","supplier":"Royal Canin","po":{"id":"1673","date_created":"2025-01-22 20:46:33","batch_id":"1699","po_number":"","supplier":"Royal Canin","cost":null,"regular_price":null,"sale_price":null,"price_margin":null,"price_discount":null}},{"id":"2054","date_created":"2025-02-19 20:30:07","date_expiry":"2026-05-26 00:00:00","user_id":"2760","batch_number":"CHairballCare2KG260526","location":"","quantity":"1.0000","quantity_available":"0.0000","units":"1","status":"archived","order_ids":"[18845]","supplier":"Royal Canin","po":{"id":"2024","date_created":"2025-02-19 20:30:10","batch_id":"2054","po_number":"","supplier":"Royal Canin","cost":null,"regular_price":null,"sale_price":null,"price_margin":null,"price_discount":null}},{"id":"2145","date_created":"2025-02-26 00:02:52","date_expiry":"2026-05-26 00:00:00","user_id":"2760","batch_number":"CHairballCare2KG260526","location":"","quantity":"1.0000","quantity_available":"0.0000","units":"1","status":"archived","order_ids":"[19152]","supplier":"Royal Canin","po":{"id":"2115","date_created":"2025-02-26 00:02:55","batch_id":"2145","po_number":"","supplier":"Royal Canin","cost":null,"regular_price":null,"sale_price":null,"price_margin":null,"price_discount":null}},{"id":"2278","date_created":"2025-03-07 22:58:56","date_expiry":"2026-06-14 00:00:00","user_id":"2760","batch_number":"CHairballCare2KG140626","location":"","quantity":"2.0000","quantity_available":"0.0000","units":"1","status":"archived","order_ids":"[21805,21838]","supplier":"Royal Canin","po":{"id":"2247","date_created":"2025-03-07 22:58:59","batch_id":"2278","po_number":"","supplier":"Royal Canin","cost":null,"regular_price":null,"sale_price":null,"price_margin":null,"price_discount":null}},{"id":"2386","date_created":"2025-03-19 20:48:01","date_expiry":"2026-06-14 00:00:00","user_id":"2760","batch_number":"CHairballCare2KG140626","location":"","quantity":"1.0000","quantity_available":"0.0000","units":"1","status":"archived","order_ids":"[19769]","supplier":"Royal Canin","po":{"id":"2355","date_created":"2025-03-19 20:48:04","batch_id":"2386","po_number":"","supplier":"Royal Canin","cost":null,"regular_price":null,"sale_price":null,"price_margin":null,"price_discount":null}},{"id":"2448","date_created":"2025-03-25 21:28:47","date_expiry":"2026-06-14 00:00:00","user_id":"2760","batch_number":"CHairballCare2KG140626","location":"","quantity":"1.0000","quantity_available":"0.0000","units":"1","status":"archived","order_ids":"[20487]","supplier":"Royal Canin","po":{"id":"2417","date_created":"2025-03-25 21:28:50","batch_id":"2448","po_number":"","supplier":"Royal Canin","cost":null,"regular_price":null,"sale_price":null,"price_margin":null,"price_discount":null}},{"id":"2758","date_created":"2025-04-06 00:39:36","date_expiry":"2026-07-10 00:00:00","user_id":"2760","batch_number":"CHairballCare2KG100726","location":"","quantity":"1.0000","quantity_available":"0.0000","units":"1","status":"archived","order_ids":"[21913]","supplier":"Royal Canin","po":{"id":"2727","date_created":"2025-04-06 00:39:43","batch_id":"2758","po_number":"","supplier":"Royal Canin","cost":null,"regular_price":null,"sale_price":null,"price_margin":null,"price_discount":null}},{"id":"2849","date_created":"2025-04-10 00:32:18","date_expiry":"2026-07-10 00:00:00","user_id":"2760","batch_number":"CHairballCare2KG100726","location":"","quantity":"4.0000","quantity_available":"0.0000","units":"1","status":"archived","order_ids":"[22042,22730,23168,23180]","supplier":"Royal Canin","po":{"id":"2816","date_created":"2025-04-10 00:32:19","batch_id":"2849","po_number":"","supplier":"Royal Canin","cost":null,"regular_price":null,"sale_price":null,"price_margin":null,"price_discount":null}},{"id":"3538","date_created":"2025-05-22 20:28:20","date_expiry":"2026-08-16 00:00:00","user_id":"2760","batch_number":"CHairballCare2KG160826","location":"","quantity":"1.0000","quantity_available":"0.0000","units":"1","status":"archived","order_ids":"[23428]","supplier":"Royal Canin","po":{"id":"3505","date_created":"2025-05-22 20:28:20","batch_id":"3538","po_number":"","supplier":"Royal Canin","cost":null,"regular_price":null,"sale_price":null,"price_margin":null,"price_discount":null}},{"id":"4117","date_created":"2025-06-26 21:02:11","date_expiry":"2026-10-26 00:00:00","user_id":"2760","batch_number":"CHairballCare2KG261026","location":"","quantity":"4.0000","quantity_available":"0.0000","units":"1","status":"archived","order_ids":"[24469,25235,25272]","supplier":"Royal Canin","po":{"id":"4081","date_created":"2025-06-26 21:02:11","batch_id":"4117","po_number":"","supplier":"Royal Canin","cost":null,"regular_price":null,"sale_price":null,"price_margin":null,"price_discount":null}},{"id":"4624","date_created":"2025-07-31 21:37:41","date_expiry":"2026-12-05 00:00:00","user_id":"2760","batch_number":"CHairballCare2KG051226","location":"","quantity":"2.0000","quantity_available":"0.0000","units":"1","status":"archived","order_ids":"[25319,25411]","supplier":"Royal Canin","po":{"id":"4588","date_created":"2025-07-31 21:37:41","batch_id":"4624","po_number":"","supplier":"Royal Canin","cost":null,"regular_price":null,"sale_price":null,"price_margin":null,"price_discount":null}},{"id":"5045","date_created":"2025-08-30 07:54:43","date_expiry":"2026-12-11 00:00:00","user_id":"2760","batch_number":"CHairballCare2KG111226","location":"","quantity":"6.0000","quantity_available":"0.0000","units":"1","status":"archived","order_ids":"[26474,26482,26960,28721,29112,29495]","supplier":"Royal Canin","po":{"id":"5008","date_created":"2025-08-30 07:54:44","batch_id":"5045","po_number":"","supplier":"Royal Canin","cost":null,"regular_price":null,"sale_price":null,"price_margin":null,"price_discount":null}},{"id":"5410","date_created":"2025-09-20 13:22:15","date_expiry":"2026-12-17 00:00:00","user_id":"2760","batch_number":"CHairballCare2KG171226","location":"","quantity":"2.0000","quantity_available":"0.0000","units":"1","status":"archived","order_ids":"[29711,29992]","supplier":"Royal Canin","po":{"id":"5367","date_created":"2025-09-20 13:22:15","batch_id":"5410","po_number":"","supplier":"Royal Canin","cost":null,"regular_price":null,"sale_price":null,"price_margin":null,"price_discount":null}},{"id":"5881","date_created":"2025-10-29 11:39:24","date_expiry":"2027-03-03 00:00:00","user_id":"2760","batch_number":"CHairballCare2KG030327","location":"","quantity":"1.0000","quantity_available":"0.0000","units":"1","status":"archived","order_ids":"[31373]","supplier":"Royal Canin","po":{"id":"5830","date_created":"2025-10-29 11:39:24","batch_id":"5881","po_number":"","supplier":"Royal Canin","cost":null,"regular_price":null,"sale_price":null,"price_margin":null,"price_discount":null}},{"id":"6511","date_created":"2025-12-07 10:13:24","date_expiry":"2027-03-03 00:00:00","user_id":"2760","batch_number":"CHairballCare2KG030327","location":"","quantity":"5.0000","quantity_available":"0.0000","units":"1","status":"archived","order_ids":"[32704,33209,33445,33972,34745]","supplier":"Royal Canin","po":{"id":"6457","date_created":"2025-12-07 10:13:25","batch_id":"6511","po_number":"","supplier":"Royal Canin","cost":null,"regular_price":null,"sale_price":null,"price_margin":null,"price_discount":null}},{"id":"7160","date_created":"2026-01-14 10:32:15","date_expiry":"2027-04-22 00:00:00","user_id":"2760","batch_number":"CHairballCare2KG220427","location":"","quantity":"1.0000","quantity_available":"0.0000","units":"1","status":"archived","order_ids":"[35264]","supplier":"Royal Canin","po":{"id":"7096","date_created":"2026-01-14 10:32:16","batch_id":"7160","po_number":"","supplier":"Royal Canin","cost":null,"regular_price":null,"sale_price":null,"price_margin":null,"price_discount":null}},{"id":"7309","date_created":"2026-01-22 16:46:00","date_expiry":"2027-05-22 00:00:00","user_id":"2760","batch_number":"CHairballCare2KG220527","location":"","quantity":"1.0000","quantity_available":"0.0000","units":"1","status":"archived","order_ids":"[35315]","supplier":"Royal Canin","po":{"id":"7245","date_created":"2026-01-22 16:46:00","batch_id":"7309","po_number":"","supplier":"Royal Canin","cost":null,"regular_price":null,"sale_price":null,"price_margin":null,"price_discount":null}},{"id":"7349","date_created":"2026-01-26 17:29:19","date_expiry":"2027-05-22 00:00:00","user_id":"2760","batch_number":"CHairballCare2KG220527","location":"","quantity":"1.0000","quantity_available":"0.0000","units":"1","status":"archived","order_ids":"[35621]","supplier":"Royal Canin","po":{"id":"7285","date_created":"2026-01-26 17:29:20","batch_id":"7349","po_number":"","supplier":"Royal Canin","cost":null,"regular_price":null,"sale_price":null,"price_margin":null,"price_discount":null}},{"id":"8306","date_created":"2026-03-16 22:05:53","date_expiry":"2027-07-07 00:00:00","user_id":"2760","batch_number":"CHairballCare2KG070727","location":"","quantity":"2.0000","quantity_available":"0.0000","units":"1","status":"archived","order_ids":"[38635,39398]","supplier":"Royal Canin","po":{"id":"8234","date_created":"2026-03-16 22:05:53","batch_id":"8306","po_number":"","supplier":"Royal Canin","cost":null,"regular_price":null,"sale_price":null,"price_margin":null,"price_discount":null}},{"id":"8490","date_created":"2026-03-25 16:35:40","date_expiry":"2027-07-07 00:00:00","user_id":"2760","batch_number":"CHairballCare2KG070727","location":"","quantity":"3.0000","quantity_available":"0.0000","units":"1","status":"archived","order_ids":"[39438,39432,40737]","supplier":"Royal Canin","po":{"id":"8418","date_created":"2026-03-25 16:35:41","batch_id":"8490","po_number":"","supplier":"Royal Canin","cost":null,"regular_price":null,"sale_price":null,"price_margin":null,"price_discount":null}},{"id":"8696","date_created":"2026-04-04 17:52:36","date_expiry":"2027-07-07 00:00:00","user_id":"2760","batch_number":"CHairballCare2KG070727","location":"","quantity":"6.0000","quantity_available":"6.0000","units":"1","status":"active","order_ids":null,"supplier":"Royal Canin","po":{"id":"8623","date_created":"2026-04-04 17:52:36","batch_id":"8696","po_number":"","supplier":"Royal Canin","cost":null,"regular_price":null,"sale_price":null,"price_margin":null,"price_discount":null}}],"_links":{"self":[{"href":"https:\/\/petworld.ma\/index.php\/wp-json\/wp\/v2\/product\/659","targetHints":{"allow":["GET"]}}],"collection":[{"href":"https:\/\/petworld.ma\/index.php\/wp-json\/wp\/v2\/product"}],"about":[{"href":"https:\/\/petworld.ma\/index.php\/wp-json\/wp\/v2\/types\/product"}],"wp:featuredmedia":[{"embeddable":true,"href":"https:\/\/petworld.ma\/index.php\/wp-json\/wp\/v2\/media\/660"}],"wp:attachment":[{"href":"https:\/\/petworld.ma\/index.php\/wp-json\/wp\/v2\/media?parent=659"}],"wp:term":[{"taxonomy":"product_brand","embeddable":true,"href":"https:\/\/petworld.ma\/index.php\/wp-json\/wp\/v2\/product_brand?post=659"},{"taxonomy":"product_cat","embeddable":true,"href":"https:\/\/petworld.ma\/index.php\/wp-json\/wp\/v2\/product_cat?post=659"},{"taxonomy":"product_tag","embeddable":true,"href":"https:\/\/petworld.ma\/index.php\/wp-json\/wp\/v2\/product_tag?post=659"}],"curies":[{"name":"wp","href":"https:\/\/api.w.org\/{rel}","templated":true}]}}