{"id":6594,"date":"2024-02-10T17:49:19","date_gmt":"2024-02-10T17:49:19","guid":{"rendered":"https:\/\/petworld.ma\/?post_type=product&#038;p=6594"},"modified":"2026-03-30T09:23:19","modified_gmt":"2026-03-30T09:23:19","slug":"gamelle-simple-made-in-italy-0-4l-et-1l","status":"publish","type":"product","link":"https:\/\/petworld.ma\/index.php\/produit\/gamelle-simple-made-in-italy-0-4l-et-1l\/","title":{"rendered":"Gamelle Simple Made in Italy (0.4L et 1L)"},"content":{"rendered":"<p>Cette gamelle est parfaite pour rendre le repas de vos amis les animaux tr\u00e8s confortable. Il dispose de poign\u00e9es lat\u00e9rales pour le d\u00e9placer en toute s\u00e9curit\u00e9 et de languettes antid\u00e9rapantes qui garantissent une excellente stabilit\u00e9. C&rsquo;est pratique et facile \u00e0 nettoyer. Id\u00e9al pour un usage quotidien.<\/p>\n<p>Disponible en deux taille: 0.4 litre et 1 litre.<\/p>\n","protected":false},"excerpt":{"rendered":"<p>Gamelle en plastique avec pattes antid\u00e9rapantes pour chiens et chats.<\/p>\n","protected":false},"featured_media":6601,"template":"","meta":{"jetpack_publicize_message":"","jetpack_publicize_feature_enabled":true,"jetpack_social_post_already_shared":false,"jetpack_social_options":{"image_generator_settings":{"template":"highway","default_image_id":0,"font":"","enabled":false},"version":2}},"product_brand":[],"product_cat":[133,134],"product_tag":[],"class_list":{"0":"post-6594","1":"product","2":"type-product","3":"status-publish","4":"has-post-thumbnail","6":"product_cat-gamelle","7":"product_cat-gamelles","9":"first","10":"instock","11":"taxable","12":"shipping-taxable","13":"purchasable","14":"product-type-variable"},"supplier_id":null,"supplier_sku":"","barcode":null,"atum_controlled":true,"out_stock_date":null,"out_stock_threshold":null,"inheritable":true,"inbound_stock":0,"stock_on_hold":0,"sold_today":0,"sales_last_days":0,"reserved_stock":0,"customer_returns":0,"warehouse_damage":0,"lost_in_post":0,"other_logs":0,"out_stock_days":0,"lost_sales":0,"has_location":false,"update_date":"2026-04-29T22:21:41","atum_locations":[],"atum_stock_status":"instock","restock_status":false,"low_stock_amount":"","sales_update_date":"2026-04-29T22:21:41","calc_backorders":null,"jetpack_publicize_connections":[],"jetpack_sharing_enabled":true,"batches":[],"_links":{"self":[{"href":"https:\/\/petworld.ma\/index.php\/wp-json\/wp\/v2\/product\/6594","targetHints":{"allow":["GET"]}}],"collection":[{"href":"https:\/\/petworld.ma\/index.php\/wp-json\/wp\/v2\/product"}],"about":[{"href":"https:\/\/petworld.ma\/index.php\/wp-json\/wp\/v2\/types\/product"}],"wp:featuredmedia":[{"embeddable":true,"href":"https:\/\/petworld.ma\/index.php\/wp-json\/wp\/v2\/media\/6601"}],"wp:attachment":[{"href":"https:\/\/petworld.ma\/index.php\/wp-json\/wp\/v2\/media?parent=6594"}],"wp:term":[{"taxonomy":"product_brand","embeddable":true,"href":"https:\/\/petworld.ma\/index.php\/wp-json\/wp\/v2\/product_brand?post=6594"},{"taxonomy":"product_cat","embeddable":true,"href":"https:\/\/petworld.ma\/index.php\/wp-json\/wp\/v2\/product_cat?post=6594"},{"taxonomy":"product_tag","embeddable":true,"href":"https:\/\/petworld.ma\/index.php\/wp-json\/wp\/v2\/product_tag?post=6594"}],"curies":[{"name":"wp","href":"https:\/\/api.w.org\/{rel}","templated":true}]}}