{"id":6659,"date":"2024-02-14T14:37:14","date_gmt":"2024-02-14T14:37:14","guid":{"rendered":"https:\/\/petworld.ma\/?post_type=product&#038;p=6659"},"modified":"2026-03-12T17:15:50","modified_gmt":"2026-03-12T17:15:50","slug":"mera-care-junior-1-pour-chiot-4kg","status":"publish","type":"product","link":"https:\/\/petworld.ma\/index.php\/produit\/mera-care-junior-1-pour-chiot-4kg\/","title":{"rendered":"Mera Care Junior pour Chiot (4kg | 10kg)"},"content":{"rendered":"<div class=\"elementor-element elementor-element-706fcd6 elementor-widget elementor-widget-woocommerce-product-content\" data-id=\"706fcd6\" data-element_type=\"widget\" data-widget_type=\"woocommerce-product-content.default\">\n<div class=\"elementor-widget-container\">\n<p>mera CARE Junior Chicken :<\/p>\n<ul>\n<li>78% de prot\u00e9ines animales<\/li>\n<li>Sans bl\u00e9, sucre et conservateurs<\/li>\n<li>Pour une digestion optimale<\/li>\n<li>Pour les articulations et le cartilage<\/li>\n<li>Peau saine et pelage brillant<\/li>\n<li>Soutient le syst\u00e8me immunitaire<\/li>\n<li>Croissance uniforme pour les grandes races<\/li>\n<\/ul>\n<\/div>\n<h3>Composition<\/h3>\n<p>poulet frais (24%), prot\u00e9ines de volaille (20%, partiellement s\u00e9ch\u00e9es et hydrolys\u00e9es), riz, ma\u00efs, farine de riz, marc de pomme (2,4%), graisse de volaille, graines de lin (1,5%), min\u00e9raux*, levure de bi\u00e8re ( s\u00e9ch\u00e9es), huile de saumon (0,2%), parois cellulaires de levure (0,2%, s\u00e9ch\u00e9es, riches en b\u00eata-glucanes et oligosaccharides de mannane), inuline de chicor\u00e9e (0,2%), huile de tournesol (0,1%), glucosamine de tissus animaux (0,02% ), sulfate de chondro\u00eftine (0,01%).<\/p>\n<p>*Phosphate monocalcique, chlorure de sodium, chlorure de potassium, carbonate de calcium<\/p>\n<h3>Additifs<\/h3>\n<p><strong>Additifs par kg : Additifs nutritionnels :<\/strong>\u00a0vitamine A 15 000 IE, vitamine D3 1 500 IE, vitamine E 300 mg, vitamine C 200 mg, cuivre (sous forme de sulfate de cuivre (II), pentahydrat\u00e9) 12,5 mg, zinc (sous forme de sulfate de zinc, monohydrat\u00e9) ) 100 mg, zinc (sous forme de ch\u00e9late de glycine-zinc hydrat\u00e9 (solide)) 40 mg, fer (sous forme de sulfate de fer (II), monohydrat\u00e9) 250 mg, mangan\u00e8se (sous forme de sulfate de mangan\u00e8se (II), monohydrat\u00e9) 35 mg , iode (sous forme d&rsquo;iodate de calcium, anhydre) 2,0 mg, s\u00e9l\u00e9nium (sous forme de s\u00e9l\u00e9nite de sodium) 0,35 mg.<\/p>\n<h3>Constituants analytiques<\/h3>\n<p>prot\u00e9ines 25 %, teneur en mati\u00e8res grasses 13 %, fibres brutes 2,5 %, cendres brutes 6,8 %, humidit\u00e9 8 %, calcium 1,15 %, phosphore 0,9 %, sodium 0,35 %, potassium 0,5 %, magn\u00e9sium 0,09 %.<\/p>\n<\/div>\n<h3>Quantit\u00e9 d&rsquo;alimentation<\/h3>\n<p>mera CARE est g\u00e9n\u00e9ralement nourri sec.\u00a0Assurez-vous que votre chien a acc\u00e8s \u00e0 de l&rsquo;eau fra\u00eeche \u00e0 tout moment.\u00a0Les quantit\u00e9s recommand\u00e9es sont des lignes directrices quotidiennes qui doivent \u00eatre ajust\u00e9es en fonction des influences ext\u00e9rieures et des caract\u00e9ristiques de votre chien.<\/p>\n<h3>Notre recommandation<\/h3>\n<p>Veuillez consid\u00e9rer les directives alimentaires fournies comme r\u00e9f\u00e9rence pour une alimentation \u00e9quilibr\u00e9e et adapt\u00e9e \u00e0 votre chien.\u00a0Ces recommandations ont \u00e9t\u00e9 calcul\u00e9es sur la base des derni\u00e8res connaissances scientifiques, mais elles doivent \u00eatre adapt\u00e9es aux besoins individuels de votre chien.\u00a0Parce qu&rsquo;un seul chiffre ne peut pas expliquer toutes les diff\u00e9rences individuelles et tous les facteurs tels que la race, l&rsquo;\u00e2ge, la taille du chien, le niveau d&rsquo;activit\u00e9, les influences environnementales (m\u00e9t\u00e9o, \u00e9t\u00e9, hiver), etc.<\/p>\n<table class=\"contenttable\">\n<tbody>\n<tr>\n<th colspan=\"1\" rowspan=\"2\"><strong>Poids final attendu \u00e0<br \/>\nla fin de la phase de croissance<\/strong><\/th>\n<th colspan=\"7\" rowspan=\"1\"><strong>\u00c2ge actuel, mois &#8211; g\/jour<\/strong><\/th>\n<\/tr>\n<tr>\n<th><strong>2\u00a0<\/strong><\/th>\n<th><strong>3\u00a0<\/strong><\/th>\n<th><strong>4\u00a0<\/strong><\/th>\n<th><strong>6<\/strong><\/th>\n<th><strong>11<\/strong><\/th>\n<th><strong>15<\/strong><\/th>\n<td><strong>20<\/strong><\/td>\n<\/tr>\n<tr>\n<td>2kg<\/td>\n<td>40<\/td>\n<td>50<\/td>\n<td>60<\/td>\n<td>60<\/td>\n<td>&#8211;<\/td>\n<td>&#8211;<\/td>\n<td>&#8211;<\/td>\n<\/tr>\n<tr>\n<td>5 kg<\/td>\n<td>65<\/td>\n<td>90<\/td>\n<td>100<\/td>\n<td>115<\/td>\n<td>120<\/td>\n<td>&#8211;<\/td>\n<td>&#8211;<\/td>\n<\/tr>\n<tr>\n<td>7kg<\/td>\n<td>80<\/td>\n<td>105<\/td>\n<td>130<\/td>\n<td>145<\/td>\n<td>150<\/td>\n<td>&#8211;<\/td>\n<td>&#8211;<\/td>\n<\/tr>\n<tr>\n<td>10 kg<\/td>\n<td>95<\/td>\n<td>140<\/td>\n<td>170<\/td>\n<td>190<\/td>\n<td>200<\/td>\n<td>&#8211;<\/td>\n<td>&#8211;<\/td>\n<\/tr>\n<tr>\n<td>15kg<\/td>\n<td>115<\/td>\n<td>175<\/td>\n<td>220<\/td>\n<td>250<\/td>\n<td>270<\/td>\n<td>&#8211;<\/td>\n<td>&#8211;<\/td>\n<\/tr>\n<tr>\n<td>20 kg<\/td>\n<td>140<\/td>\n<td>215<\/td>\n<td>270<\/td>\n<td>310<\/td>\n<td>335<\/td>\n<td>&#8211;<\/td>\n<td>&#8211;<\/td>\n<\/tr>\n<tr>\n<td>25 kg<\/td>\n<td>165<\/td>\n<td>255<\/td>\n<td>320<\/td>\n<td>365<\/td>\n<td>395<\/td>\n<td>&#8211;<\/td>\n<td>&#8211;<\/td>\n<\/tr>\n<tr>\n<td>30 kg<\/td>\n<td>180<\/td>\n<td>275<\/td>\n<td>365<\/td>\n<td>420<\/td>\n<td>450<\/td>\n<td>&#8211;<\/td>\n<td>&#8211;<\/td>\n<\/tr>\n<tr>\n<td>40 kg<\/td>\n<td>215<\/td>\n<td>325<\/td>\n<td>430<\/td>\n<td>500<\/td>\n<td>570<\/td>\n<td>550<\/td>\n<td>&#8211;<\/td>\n<\/tr>\n<tr>\n<td>50 kg<\/td>\n<td>235<\/td>\n<td>380<\/td>\n<td>505<\/td>\n<td>595<\/td>\n<td>670<\/td>\n<td>670<\/td>\n<td>650<\/td>\n<\/tr>\n<tr>\n<td>60 kg<\/td>\n<td>260<\/td>\n<td>440<\/td>\n<td>580<\/td>\n<td>680<\/td>\n<td>765<\/td>\n<td>765<\/td>\n<td>745<\/td>\n<\/tr>\n<tr>\n<td>70 kg<\/td>\n<td>275<\/td>\n<td>490<\/td>\n<td>650<\/td>\n<td>765<\/td>\n<td>860<\/td>\n<td>860<\/td>\n<td>860<\/td>\n<\/tr>\n<\/tbody>\n<\/table>\n","protected":false},"excerpt":{"rendered":"<p>Fabriqu\u00e9 en allemagne<\/p>\n","protected":false},"featured_media":8375,"template":"","meta":{"jetpack_publicize_message":"","jetpack_publicize_feature_enabled":true,"jetpack_social_post_already_shared":false,"jetpack_social_options":{"image_generator_settings":{"template":"highway","default_image_id":0,"font":"","enabled":false},"version":2}},"product_brand":[],"product_cat":[26],"product_tag":[],"class_list":{"0":"post-6659","1":"product","2":"type-product","3":"status-publish","4":"has-post-thumbnail","6":"product_cat-croquettes","8":"first","9":"instock","10":"taxable","11":"shipping-taxable","12":"purchasable","13":"product-type-variable"},"supplier_id":5588,"supplier_sku":"","barcode":null,"atum_controlled":true,"out_stock_date":null,"out_stock_threshold":null,"inheritable":true,"inbound_stock":0,"stock_on_hold":0,"sold_today":0,"sales_last_days":0,"reserved_stock":0,"customer_returns":0,"warehouse_damage":0,"lost_in_post":0,"other_logs":0,"out_stock_days":0,"lost_sales":0,"has_location":false,"update_date":"2026-04-27T00:15:59","atum_locations":[],"atum_stock_status":"instock","restock_status":false,"low_stock_amount":"","sales_update_date":"2026-04-27T00:15:59","calc_backorders":null,"jetpack_publicize_connections":[],"jetpack_sharing_enabled":true,"batches":[],"_links":{"self":[{"href":"https:\/\/petworld.ma\/index.php\/wp-json\/wp\/v2\/product\/6659","targetHints":{"allow":["GET"]}}],"collection":[{"href":"https:\/\/petworld.ma\/index.php\/wp-json\/wp\/v2\/product"}],"about":[{"href":"https:\/\/petworld.ma\/index.php\/wp-json\/wp\/v2\/types\/product"}],"wp:featuredmedia":[{"embeddable":true,"href":"https:\/\/petworld.ma\/index.php\/wp-json\/wp\/v2\/media\/8375"}],"wp:attachment":[{"href":"https:\/\/petworld.ma\/index.php\/wp-json\/wp\/v2\/media?parent=6659"}],"wp:term":[{"taxonomy":"product_brand","embeddable":true,"href":"https:\/\/petworld.ma\/index.php\/wp-json\/wp\/v2\/product_brand?post=6659"},{"taxonomy":"product_cat","embeddable":true,"href":"https:\/\/petworld.ma\/index.php\/wp-json\/wp\/v2\/product_cat?post=6659"},{"taxonomy":"product_tag","embeddable":true,"href":"https:\/\/petworld.ma\/index.php\/wp-json\/wp\/v2\/product_tag?post=6659"}],"curies":[{"name":"wp","href":"https:\/\/api.w.org\/{rel}","templated":true}]}}