{"id":6713,"date":"2024-02-18T13:54:14","date_gmt":"2024-02-18T13:54:14","guid":{"rendered":"https:\/\/petworld.ma\/?post_type=product&#038;p=6713"},"modified":"2026-04-10T16:56:39","modified_gmt":"2026-04-10T16:56:39","slug":"miglior-cane-morceaux-de-viande-boeuf-avec-sauce-405g","status":"publish","type":"product","link":"https:\/\/petworld.ma\/index.php\/produit\/miglior-cane-morceaux-de-viande-boeuf-avec-sauce-405g\/","title":{"rendered":"Miglior Cane Morceaux de Viande B\u0153uf avec Sauce 405 Grammes"},"content":{"rendered":"<p>Formule con\u00e7ue pour assurer les principes nutritifs n\u00e9cessaires au bien-\u00eatre de votre chien comme les vitamines, les Omega-3, le calcium et le phosphore indispensables pour des os et des dents robustes, une peau en bonne sant\u00e9, un poil luisant et une masse musculaire plus tonique.<\/p>\n<p><strong>COMPOSITION:<\/strong><br \/>\nViande et sous-produits d&rsquo;origine animale 30% (b\u0153uf 5%), c\u00e9r\u00e9ales, min\u00e9raux.<\/p>\n<p><strong>CONSTITUANTS ANALYTIQUES\u00a0:<\/strong><br \/>\nHumidit\u00e9 80%, Prot\u00e9ines brutes 7,0%, Mati\u00e8res grasses brutes 4,5%, Fibres brutes 0,5%, Cendres brutes 3%.<\/p>\n<p><strong>Additifs nutritionnels \/kg<\/strong> : Vitamine E 10 mg, Cuivre (Sulfate de Cuivre(II) pentahydrat\u00e9) 2 mg.<\/p>\n","protected":false},"excerpt":{"rendered":"<p>Boite de 405 Grammes<\/p>\n<p class=\"pagetitle\">Formule con\u00e7ue pour assurer les principes nutritifs n\u00e9cessaires au bien-\u00eatre de votre chien comme les vitamines, les Omega-3, le calcium et le phosphore indispensables pour des os et des dents robustes, une peau en bonne sant\u00e9, un poil luisant et une masse musculaire plus tonique.<\/p>\n","protected":false},"featured_media":6714,"template":"","meta":{"jetpack_publicize_message":"","jetpack_publicize_feature_enabled":true,"jetpack_social_post_already_shared":false,"jetpack_social_options":{"image_generator_settings":{"template":"highway","default_image_id":0,"font":"","enabled":false},"version":2}},"product_brand":[],"product_cat":[26,39],"product_tag":[],"class_list":{"0":"post-6713","1":"product","2":"type-product","3":"status-publish","4":"has-post-thumbnail","6":"product_cat-croquettes","7":"product_cat-friandises-et-pates-pour-chien","9":"first","10":"instock","11":"taxable","12":"shipping-taxable","13":"purchasable","14":"product-type-simple"},"supplier_id":5587,"supplier_sku":"7270","barcode":null,"atum_controlled":true,"out_stock_date":null,"out_stock_threshold":null,"inheritable":false,"inbound_stock":0,"stock_on_hold":0,"sold_today":0,"sales_last_days":1,"reserved_stock":0,"customer_returns":0,"warehouse_damage":0,"lost_in_post":0,"other_logs":0,"out_stock_days":0,"lost_sales":0,"has_location":false,"update_date":"2026-04-22T14:02:16","atum_locations":[],"atum_stock_status":"instock","restock_status":false,"low_stock_amount":48,"sales_update_date":"2026-04-22T14:02:16","calc_backorders":null,"jetpack_publicize_connections":[],"jetpack_sharing_enabled":true,"batches":[{"id":"438","date_created":"2024-09-30 11:59:10","date_expiry":"2026-09-15 00:00:00","user_id":"2760","batch_number":"MigliorBoeuf150926","location":"","quantity":"36.0000","quantity_available":"0.0000","units":"1","status":"archived","order_ids":"[12673,12787,12944,12965,13132,13139,13498,13703,13748,13768,14000,14454,14466,14849,15446,16983,17513,20263]","supplier":"Royal Canin","po":{"id":"887","date_created":"2024-11-22 16:19:59","batch_id":"438","po_number":"","supplier":"Royal Canin","cost":null,"regular_price":null,"sale_price":null,"price_margin":null,"price_discount":null}},{"id":"912","date_created":"2024-11-22 16:20:00","date_expiry":"2027-07-31 00:00:00","user_id":"2760","batch_number":"MigliorBoeuf310727","location":"","quantity":"69.0000","quantity_available":"0.0000","units":"1","status":"archived","order_ids":"[20263,20359,21130,22653,23551,23996,24115,24817,25514,25891,26435,28900,31402,32272,33215,36692,37227,37459]","supplier":"Royal Canin","po":{"id":"888","date_created":"2024-11-22 16:20:00","batch_id":"912","po_number":"","supplier":"Royal Canin","cost":null,"regular_price":null,"sale_price":null,"price_margin":null,"price_discount":null}},{"id":"4959","date_created":"2025-08-19 21:47:18","date_expiry":"2028-05-22 00:00:00","user_id":"2760","batch_number":"MigliorBoeuf220528","location":"","quantity":"24.0000","quantity_available":"22.0000","units":"1","status":"active","order_ids":"[37459,39352]","supplier":"Royal Canin","po":{"id":"4923","date_created":"2025-08-19 21:47:19","batch_id":"4959","po_number":"","supplier":"Royal Canin","cost":null,"regular_price":null,"sale_price":null,"price_margin":null,"price_discount":null}},{"id":"5859","date_created":"2025-10-28 22:10:58","date_expiry":"2028-07-24 00:00:00","user_id":"2760","batch_number":"MigliorBoeuf240728","location":"","quantity":"24.0000","quantity_available":"24.0000","units":"1","status":"active","order_ids":null,"supplier":"Royal Canin","po":{"id":"5806","date_created":"2025-10-28 22:10:59","batch_id":"5859","po_number":"","supplier":"Royal Canin","cost":null,"regular_price":null,"sale_price":null,"price_margin":null,"price_discount":null}},{"id":"8664","date_created":"2026-04-04 17:09:20","date_expiry":"2028-10-21 00:00:00","user_id":"2760","batch_number":"MigliorBoeuf211028","location":"","quantity":"24.0000","quantity_available":"24.0000","units":"1","status":"active","order_ids":null,"supplier":"Royal Canin","po":{"id":"8592","date_created":"2026-04-04 17:09:20","batch_id":"8664","po_number":"","supplier":"Royal Canin","cost":null,"regular_price":null,"sale_price":null,"price_margin":null,"price_discount":null}}],"_links":{"self":[{"href":"https:\/\/petworld.ma\/index.php\/wp-json\/wp\/v2\/product\/6713","targetHints":{"allow":["GET"]}}],"collection":[{"href":"https:\/\/petworld.ma\/index.php\/wp-json\/wp\/v2\/product"}],"about":[{"href":"https:\/\/petworld.ma\/index.php\/wp-json\/wp\/v2\/types\/product"}],"wp:featuredmedia":[{"embeddable":true,"href":"https:\/\/petworld.ma\/index.php\/wp-json\/wp\/v2\/media\/6714"}],"wp:attachment":[{"href":"https:\/\/petworld.ma\/index.php\/wp-json\/wp\/v2\/media?parent=6713"}],"wp:term":[{"taxonomy":"product_brand","embeddable":true,"href":"https:\/\/petworld.ma\/index.php\/wp-json\/wp\/v2\/product_brand?post=6713"},{"taxonomy":"product_cat","embeddable":true,"href":"https:\/\/petworld.ma\/index.php\/wp-json\/wp\/v2\/product_cat?post=6713"},{"taxonomy":"product_tag","embeddable":true,"href":"https:\/\/petworld.ma\/index.php\/wp-json\/wp\/v2\/product_tag?post=6713"}],"curies":[{"name":"wp","href":"https:\/\/api.w.org\/{rel}","templated":true}]}}