{"id":6723,"date":"2024-02-18T14:48:20","date_gmt":"2024-02-18T14:48:20","guid":{"rendered":"https:\/\/petworld.ma\/?post_type=product&#038;p=6723"},"modified":"2026-04-25T14:02:41","modified_gmt":"2026-04-25T14:02:41","slug":"toy-tasty-bone-chiken-os-en-nylon-saveur-poulet-2","status":"publish","type":"product","link":"https:\/\/petworld.ma\/index.php\/produit\/toy-tasty-bone-chiken-os-en-nylon-saveur-poulet-2\/","title":{"rendered":"Toy Tasty Bone Chiken (Os en nylon saveur poulet)"},"content":{"rendered":"<div class=\"rte\">\n<p>Un v\u00e9ritable r\u00e9gale pour des heures, des semaines et des mois de plaisir \u00e0 m\u00e2cher en toute s\u00e9curit\u00e9 ! Peut \u00eatre donn\u00e9e en toute s\u00e9curit\u00e9 lorsque le chien est seul \u00e0 la maison.<br \/>\nLe TastyBone contraste avec d&rsquo;autres produits \u00e0 m\u00e2cher en nylon, avec un go\u00fbt complet.<br \/>\nTastyBone a une garantie de mastication de 100 jours.<\/p>\n<p>Ce produit a des propri\u00e9t\u00e9s de soins dentaires et est fabriqu\u00e9 en nylon sp\u00e9cialement trait\u00e9. Le nylon coup\u00e9 forme des brosses qui \u00e0 leur tour alimentent et polissent les dents. Les brosses frottent le long des dents pour \u00e9liminer la plaque dentaire.\u00a0Le mat\u00e9riau ne se brisera pas.<\/p>\n<p>TastyBone a \u00e9t\u00e9 test\u00e9 par des m\u00e2cheurs tr\u00e8s puissants !<\/p>\n<p>11 cm : chiens jusqu&rsquo;\u00e0 6 kilos.<\/p>\n<\/div>\n","protected":false},"excerpt":{"rendered":"<p>Un v\u00e9ritable r\u00e9gale pour des heures, des semaines et des mois de plaisir \u00e0 m\u00e2cher en toute s\u00e9curit\u00e9 ! Peut \u00eatre donn\u00e9e en toute s\u00e9curit\u00e9 lorsque le chien est seul \u00e0 la maison. Le TastyBone contraste avec d&rsquo;autres produits \u00e0 m\u00e2cher en nylon, avec un go\u00fbt complet. TastyBone a une garantie de mastication de 100 [&#8230;]\n","protected":false},"featured_media":6724,"template":"","meta":{"jetpack_publicize_message":"","jetpack_publicize_feature_enabled":true,"jetpack_social_post_already_shared":false,"jetpack_social_options":{"image_generator_settings":{"template":"highway","default_image_id":0,"font":"","enabled":false},"version":2}},"product_brand":[],"product_cat":[39,106],"product_tag":[],"class_list":{"0":"post-6723","1":"product","2":"type-product","3":"status-publish","4":"has-post-thumbnail","6":"product_cat-friandises-et-pates-pour-chien","7":"product_cat-jouet-et-dressage","9":"first","10":"instock","11":"taxable","12":"shipping-taxable","13":"purchasable","14":"product-type-simple"},"supplier_id":5587,"supplier_sku":"6534","barcode":null,"atum_controlled":true,"out_stock_date":null,"out_stock_threshold":null,"inheritable":false,"inbound_stock":0,"stock_on_hold":0,"sold_today":1,"sales_last_days":1,"reserved_stock":0,"customer_returns":0,"warehouse_damage":0,"lost_in_post":0,"other_logs":0,"out_stock_days":0,"lost_sales":0,"has_location":false,"update_date":"2026-04-25T14:02:44","atum_locations":[],"atum_stock_status":"instock","restock_status":false,"low_stock_amount":0,"sales_update_date":"2026-04-25T14:02:43","calc_backorders":null,"jetpack_publicize_connections":[],"jetpack_sharing_enabled":true,"batches":[],"_links":{"self":[{"href":"https:\/\/petworld.ma\/index.php\/wp-json\/wp\/v2\/product\/6723","targetHints":{"allow":["GET"]}}],"collection":[{"href":"https:\/\/petworld.ma\/index.php\/wp-json\/wp\/v2\/product"}],"about":[{"href":"https:\/\/petworld.ma\/index.php\/wp-json\/wp\/v2\/types\/product"}],"wp:featuredmedia":[{"embeddable":true,"href":"https:\/\/petworld.ma\/index.php\/wp-json\/wp\/v2\/media\/6724"}],"wp:attachment":[{"href":"https:\/\/petworld.ma\/index.php\/wp-json\/wp\/v2\/media?parent=6723"}],"wp:term":[{"taxonomy":"product_brand","embeddable":true,"href":"https:\/\/petworld.ma\/index.php\/wp-json\/wp\/v2\/product_brand?post=6723"},{"taxonomy":"product_cat","embeddable":true,"href":"https:\/\/petworld.ma\/index.php\/wp-json\/wp\/v2\/product_cat?post=6723"},{"taxonomy":"product_tag","embeddable":true,"href":"https:\/\/petworld.ma\/index.php\/wp-json\/wp\/v2\/product_tag?post=6723"}],"curies":[{"name":"wp","href":"https:\/\/api.w.org\/{rel}","templated":true}]}}