{"id":6747,"date":"2024-02-18T16:47:41","date_gmt":"2024-02-18T16:47:41","guid":{"rendered":"https:\/\/petworld.ma\/?post_type=product&#038;p=6747"},"modified":"2026-05-07T11:45:38","modified_gmt":"2026-05-07T11:45:38","slug":"mera-chat-adulte-indoor-poulet-1-5kg-4kg","status":"publish","type":"product","link":"https:\/\/petworld.ma\/index.php\/produit\/mera-chat-adulte-indoor-poulet-1-5kg-4kg\/","title":{"rendered":"Mera Chat adulte Indoor poulet (1.5kg | 4kg)"},"content":{"rendered":"<div class=\"hidden-xs\">\n<p>Aliment complet pour chats adultes<\/p>\n<p>finest fit r\u00e9pond aux besoins individuels de vos chats d\u2019int\u00e9rieur. La recette sp\u00e9cialement \u00e9labor\u00e9e avec de la viande fra\u00eeche et d\u2019autres ingr\u00e9dients de qualit\u00e9 assure un apport complet optimal.<\/p>\n<p><strong>Constituants analytiques :<\/strong>\u00a0prot\u00e9ines 34%, teneur en mati\u00e8res grasses 14%, fibres alimentaires brutes 4%, cendres brutes 7,5%, calcium 1,25%, phosphore 0,95%, sodium 0,7%, magn\u00e9sium 0,1%.<\/p>\n<p><strong>Additifs par kg :<\/strong>\u00a0additifs nutritionnels physiologiques : vitamine A 20.000IE, vitamine D3 1.600IE, vitamine E 400mg, vitamine C 200mg, taurine 2 000mg, cuivre (sulfate de cuivre (II), pentahydrat\u00e9) 15mg, zinc (sulfate de zinc, monohydrat\u00e9) 100mg, zinc (ch\u00e9late de zinc de glycine, hydrat\u00e9) 60mg, fer (sulfate de fer (II), monohydrat\u00e9) 250mg, mangan\u00e8se (sulfate de mangan\u00e8se (II), monohydrat\u00e9) 30mg, iode (iodate de calcium, anhydre) 2mg, s\u00e9l\u00e9nium (s\u00e9l\u00e9nite de sodium) 0,35mg.<\/p>\n<p><strong>Additifs technologiques :<\/strong>\u00a0antioxydants.<\/p>\n<p><strong>Composition :<\/strong>\u00a0prot\u00e9ines de volaille (25,5%, en partie s\u00e9ch\u00e9es et hydrolys\u00e9es), riz (25%), viande fra\u00eeche de volaille (15%), gluten de ma\u00efs, graisse de volaille, lignocellulose (3,5%), pulpe de betterave s\u00e9ch\u00e9e (3%), graines de lin (2%), hydrolysat de foie (1%, s\u00e9ch\u00e9), chlorure de sodium, huile de saumon (0,8%), huile de tournesol (0,5%), chlorure de potassium, sulfate de calcium (anhydre), inuline de chicor\u00e9e (0,2%), parois cellulaires de levure (s\u00e9ch\u00e9es, = 0,042% de b\u00eata-glucanes et 0,038% de mannane-oligosaccharides), framboises*, m\u00fbres*, myrtilles*, poudre de Yucca schidigera.<br \/>\n* respectivement 0,03%, s\u00e9ch\u00e9es.<\/p>\n<p>l\u2019aliment complet est g\u00e9n\u00e9ralement donn\u00e9 sec.<\/p>\n<p>Veillez \u00e0 ce que votre chat dispose en permanence d\u2019eau fra\u00eeche.<\/p>\n<p><strong>Conseils d\u2019alimentation :<\/strong>\u00a0voir tableau. Teneur \u00e9nerg\u00e9tique : \u00e9nergie m\u00e9tabolisable (selon FEDIAF, 2016) 15,50 MJ\/kg. Les quantit\u00e9s journali\u00e8res recommand\u00e9es ont une valeur indicative. Elles doivent \u00eatre adapt\u00e9es en fonction de l\u2019environnement ext\u00e9rieur et de la condition physique du chat.<\/p>\n<p>Fabriqu\u00e9 en Allemagne.<\/p>\n<p>Stocker au frais et au sec.<\/p>\n<\/div>\n","protected":false},"excerpt":{"rendered":"<p>Aliment complet pour chats adultes fabriqu\u00e9 en Allemagne<\/p>\n<p>Finest fit r\u00e9pond aux besoins individuels de vos chats d\u2019int\u00e9rieur. La recette sp\u00e9cialement \u00e9labor\u00e9e avec de la viande fra\u00eeche et d\u2019autres ingr\u00e9dients de qualit\u00e9 assure un apport complet optimal.<\/p>\n","protected":false},"featured_media":6751,"template":"","meta":{"jetpack_publicize_message":"","jetpack_publicize_feature_enabled":true,"jetpack_social_post_already_shared":false,"jetpack_social_options":{"image_generator_settings":{"template":"highway","default_image_id":0,"font":"","enabled":false},"version":2}},"product_brand":[],"product_cat":[40],"product_tag":[],"class_list":{"0":"post-6747","1":"product","2":"type-product","3":"status-publish","4":"has-post-thumbnail","6":"product_cat-coquettes-pour-chat","8":"first","9":"instock","10":"taxable","11":"shipping-taxable","12":"purchasable","13":"product-type-variable"},"supplier_id":null,"supplier_sku":"","barcode":null,"atum_controlled":true,"out_stock_date":null,"out_stock_threshold":null,"inheritable":true,"inbound_stock":0,"stock_on_hold":0,"sold_today":0,"sales_last_days":2,"reserved_stock":0,"customer_returns":0,"warehouse_damage":0,"lost_in_post":0,"other_logs":0,"out_stock_days":0,"lost_sales":0,"has_location":false,"update_date":"2026-05-13T00:22:22","atum_locations":[],"atum_stock_status":"instock","restock_status":false,"low_stock_amount":"","sales_update_date":"2026-05-13T00:22:21","calc_backorders":null,"jetpack_publicize_connections":[],"jetpack_sharing_enabled":true,"batches":[],"_links":{"self":[{"href":"https:\/\/petworld.ma\/index.php\/wp-json\/wp\/v2\/product\/6747","targetHints":{"allow":["GET"]}}],"collection":[{"href":"https:\/\/petworld.ma\/index.php\/wp-json\/wp\/v2\/product"}],"about":[{"href":"https:\/\/petworld.ma\/index.php\/wp-json\/wp\/v2\/types\/product"}],"wp:featuredmedia":[{"embeddable":true,"href":"https:\/\/petworld.ma\/index.php\/wp-json\/wp\/v2\/media\/6751"}],"wp:attachment":[{"href":"https:\/\/petworld.ma\/index.php\/wp-json\/wp\/v2\/media?parent=6747"}],"wp:term":[{"taxonomy":"product_brand","embeddable":true,"href":"https:\/\/petworld.ma\/index.php\/wp-json\/wp\/v2\/product_brand?post=6747"},{"taxonomy":"product_cat","embeddable":true,"href":"https:\/\/petworld.ma\/index.php\/wp-json\/wp\/v2\/product_cat?post=6747"},{"taxonomy":"product_tag","embeddable":true,"href":"https:\/\/petworld.ma\/index.php\/wp-json\/wp\/v2\/product_tag?post=6747"}],"curies":[{"name":"wp","href":"https:\/\/api.w.org\/{rel}","templated":true}]}}