{"id":7085,"date":"2024-03-07T19:13:47","date_gmt":"2024-03-07T19:13:47","guid":{"rendered":"https:\/\/petworld.ma\/?post_type=product&#038;p=7085"},"modified":"2026-04-24T10:53:05","modified_gmt":"2026-04-24T10:53:05","slug":"pro-plan-purina-veterinary-diets-feline-ur-st-ox-urinary-poulet-1-5kg","status":"publish","type":"product","link":"https:\/\/petworld.ma\/index.php\/produit\/pro-plan-purina-veterinary-diets-feline-ur-st-ox-urinary-poulet-1-5kg\/","title":{"rendered":"Pro Plan Purina Veterinary Diets Feline Ur St\/Ox Urinary Poulet (1.5kg)"},"content":{"rendered":"<ul>\n<li>Favorise la production d\u2019une urine sous-satur\u00e9e, limite le risque de formation de cristaux de struvite et d\u2019oxalate de calcium.<\/li>\n<li>Favorise une composition urinaire optimale pour aider \u00e0 dissoudre les calculs de struvite.<\/li>\n<li>\u200bNiveau mod\u00e9r\u00e9 de mati\u00e8res grasses et de calories pour aider \u00e0 maintenir un poids id\u00e9al (l\u2019ob\u00e9sit\u00e9 \u00e9tant un facteur de risque de MBAU).<\/li>\n<li>R\u00e9gime sec formul\u00e9 pour augmenter la consommation d&rsquo;eau et ainsi favoriser la dilution efficace de l&rsquo;urine, en r\u00e9duisant la concentration des min\u00e9raux et des agents irritants dans l&rsquo;urine.<\/li>\n<\/ul>\n<div class=\"field__item\">\n<p><strong>Caract\u00e9ristiques<\/strong><\/p>\n<ul>\n<li>Favorise la production d\u2019une urine sous-satur\u00e9e, limite le risque de formation de cristaux de struvite et d\u2019oxalate de calcium.<\/li>\n<li>Favorise une composition urinaire optimale pour aider \u00e0 dissoudre les calculs de struvite.<\/li>\n<li>\u200bNiveau mod\u00e9r\u00e9 de mati\u00e8res grasses et de calories pour aider \u00e0 maintenir un poids id\u00e9al (l\u2019ob\u00e9sit\u00e9 \u00e9tant un facteur de risque de MBAU).<\/li>\n<li>R\u00e9gime sec formul\u00e9 pour augmenter la consommation d&rsquo;eau et ainsi favoriser la dilution efficace de l&rsquo;urine, en r\u00e9duisant la concentration des min\u00e9raux et des agents irritants dans l&rsquo;urine.<\/li>\n<\/ul>\n<\/div>\n<div class=\"field__item\">\n<p>Aliment di\u00e9t\u00e9tique complet au poulet, destin\u00e9 aux chats souffrant d&rsquo;une Maladie du Bas Appareil Urinaire F\u00e9lin (MBAUF).<\/p>\n<p>Les Maladies du Bas Appareil Urinaire (MBAU) peuvent \u00eatre li\u00e9es \u00e0 la pr\u00e9sence de cristaux ou de calculs (souvent de struvite ou d&rsquo;oxalate de calcium) qui se forment dans l&rsquo;urine du chat, ou \u00e0 une inflammation de la vessie appel\u00e9e Cystite Idiopathique F\u00e9line (CIF). Quel qu&rsquo;en soit la cause, le chat concern\u00e9 peut pr\u00e9senter des difficult\u00e9s \u00e0 uriner, du sang dans les urines et\/ou un changement de comportement.<\/p>\n<p>Selon le type de calculs urinaires, ces derniers peuvent \u00eatre dissouts gr\u00e2ce \u00e0 un aliment sp\u00e9cialement formul\u00e9 pour aider \u00e0 dissoudre les calculs de struvite existants (tel que PURINA PRO PLAN VETERINARY DIETS Feline UR ST\/OX URINARY) ou doivent \u00eatre extraits chirurgicalement.<\/p>\n<p>Les MBAU sont souvent r\u00e9currentes et votre v\u00e9t\u00e9rinaire pourra vous donner des conseils afin de limiter les risques de r\u00e9cidive.<\/p>\n<p>PURINA\u00ae PRO PLAN\u00ae VETERINARY DIETS Feline UR ST\/OX URINARY a \u00e9t\u00e9 formul\u00e9 scientifiquement pour :<br \/>\n\u2022 Aider \u00e0 la dissolution des cristaux et des calculs de struvite<br \/>\n\u2022 Contribuer \u00e0 pr\u00e9venir la formation\/r\u00e9cidive de calculs de struvite<br \/>\n\u2022 Contribuer \u00e0 r\u00e9duire la r\u00e9cidive de calculs d&rsquo;oxalate<br \/>\n\u2022 Faciliter la prise en charge nutritionnelle de la cystite idiopathique f\u00e9line en augmentant la consommation d&rsquo;eau du chat et en augmentant le volume d&rsquo;urine produite.<\/p>\n<p>Feline UR ST\/OX URINARY contient des nutriments, tels que des acides gras om\u00e9ga 3 et une source naturelle de glycosaminoglycanes qui contribuent au bon fonctionnement de l&rsquo;appareil urinaire.<\/p>\n<p>Gr\u00e2ce \u00e0 sa teneur mod\u00e9r\u00e9e en mati\u00e8res grasses et en calories, il contribue au maintien d&rsquo;un poids id\u00e9al, l&rsquo;ob\u00e9sit\u00e9 \u00e9tant un facteur de risque des MBAUF.<\/p>\n<p>Feline UR ST\/OX URINARY est un aliment di\u00e9t\u00e9tique disponible en plusieurs saveurs et hautement app\u00e9tent afin de favoriser l&rsquo;acceptance sur le long terme.<\/p>\n<\/div>\n","protected":false},"excerpt":{"rendered":"<h1 class=\"dsu-product--title\">Croquettes pour Chat sujets aux Calculs Urinaires<\/h1>\n","protected":false},"featured_media":7086,"template":"","meta":{"jetpack_publicize_message":"","jetpack_publicize_feature_enabled":true,"jetpack_social_post_already_shared":false,"jetpack_social_options":{"image_generator_settings":{"template":"highway","default_image_id":0,"font":"","enabled":false},"version":2}},"product_brand":[],"product_cat":[40],"product_tag":[],"class_list":{"0":"post-7085","1":"product","2":"type-product","3":"status-publish","4":"has-post-thumbnail","6":"product_cat-coquettes-pour-chat","8":"first","9":"instock","10":"taxable","11":"shipping-taxable","12":"purchasable","13":"product-type-simple"},"supplier_id":5598,"supplier_sku":"","barcode":null,"atum_controlled":true,"out_stock_date":null,"out_stock_threshold":null,"inheritable":false,"inbound_stock":0,"stock_on_hold":0,"sold_today":0,"sales_last_days":2,"reserved_stock":0,"customer_returns":0,"warehouse_damage":0,"lost_in_post":0,"other_logs":0,"out_stock_days":0,"lost_sales":0,"has_location":false,"update_date":"2026-04-29T00:15:37","atum_locations":[],"atum_stock_status":"instock","restock_status":false,"low_stock_amount":4,"sales_update_date":"2026-04-29T00:15:37","calc_backorders":null,"jetpack_publicize_connections":[],"jetpack_sharing_enabled":true,"batches":[{"id":"470","date_created":"2024-10-01 11:48:51","date_expiry":"2025-09-30 00:00:00","user_id":"2760","batch_number":"PROPUrinaryP1.5KG300925","location":"","quantity":"2.0000","quantity_available":"0.0000","units":"1","status":"archived","order_ids":"[13033,13230]","supplier":"Proplan","po":{"id":"453","date_created":"2024-10-01 11:48:51","batch_id":"470","po_number":"","supplier":"Proplan","cost":null,"regular_price":null,"sale_price":null,"price_margin":null,"price_discount":null}},{"id":"471","date_created":"2024-10-01 11:49:46","date_expiry":"2025-02-28 00:00:00","user_id":"2760","batch_number":"PROPUrinaryP1.5KG280225","location":"","quantity":"3.0000","quantity_available":"0.0000","units":"1","status":"archived","order_ids":"[12630,13033,13538,13844,14967,15130,16175]","supplier":"Proplan","po":{"id":"454","date_created":"2024-10-01 11:49:46","batch_id":"471","po_number":"","supplier":"Proplan","cost":null,"regular_price":null,"sale_price":null,"price_margin":null,"price_discount":null}},{"id":"909","date_created":"2024-11-22 13:48:06","date_expiry":"2025-10-31 00:00:00","user_id":"2760","batch_number":"PROPUrinaryP1.5KG311025","location":"","quantity":"1.0000","quantity_available":"0.0000","units":"1","status":"archived","order_ids":"[21293]","supplier":"Proplan","po":{"id":"884","date_created":"2024-11-22 13:48:06","batch_id":"909","po_number":"","supplier":"Proplan","cost":null,"regular_price":null,"sale_price":null,"price_margin":null,"price_discount":null}},{"id":"1052","date_created":"2024-12-06 00:30:36","date_expiry":"2025-10-31 00:00:00","user_id":"2760","batch_number":"PROPUrinaryP1.5KG311025","location":"","quantity":"1.0000","quantity_available":"0.0000","units":"1","status":"archived","order_ids":"[24402]","supplier":"Proplan","po":{"id":"1029","date_created":"2024-12-06 00:30:36","batch_id":"1052","po_number":"","supplier":"Proplan","cost":null,"regular_price":null,"sale_price":null,"price_margin":null,"price_discount":null}},{"id":"1170","date_created":"2024-12-12 18:06:12","date_expiry":"2025-10-31 00:00:00","user_id":"2760","batch_number":"PROPUrinaryP1.5KG311025","location":"","quantity":"1.0000","quantity_available":"0.0000","units":"1","status":"archived","order_ids":"[24792]","supplier":"Proplan","po":{"id":"1142","date_created":"2024-12-12 18:06:12","batch_id":"1170","po_number":"","supplier":"Proplan","cost":null,"regular_price":null,"sale_price":null,"price_margin":null,"price_discount":null}},{"id":"1515","date_created":"2025-01-03 22:25:33","date_expiry":"2025-10-31 00:00:00","user_id":"2760","batch_number":"PROPUrinaryP1.5KG311025","location":"","quantity":"0.0000","quantity_available":"0.0000","units":"1","status":"archived","order_ids":null,"supplier":"Proplan","po":{"id":"1489","date_created":"2025-01-03 22:25:36","batch_id":"1515","po_number":"","supplier":"Proplan","cost":null,"regular_price":null,"sale_price":null,"price_margin":null,"price_discount":null}},{"id":"2416","date_created":"2025-03-22 01:29:25","date_expiry":"2025-10-31 00:00:00","user_id":"2760","batch_number":"PROPUrinaryP1.5KG311025","location":"","quantity":"1.0000","quantity_available":"0.0000","units":"1","status":"archived","order_ids":"[25072]","supplier":"Proplan","po":{"id":"2385","date_created":"2025-03-22 01:29:28","batch_id":"2416","po_number":"","supplier":"Proplan","cost":null,"regular_price":null,"sale_price":null,"price_margin":null,"price_discount":null}},{"id":"3334","date_created":"2025-05-07 23:56:50","date_expiry":"2025-10-31 00:00:00","user_id":"2760","batch_number":"PROPUrinaryP1.5KG311025","location":"","quantity":"1.0000","quantity_available":"0.0000","units":"1","status":"archived","order_ids":"[25476]","supplier":"Proplan","po":{"id":"3301","date_created":"2025-05-07 23:56:50","batch_id":"3334","po_number":"","supplier":"Proplan","cost":null,"regular_price":null,"sale_price":null,"price_margin":null,"price_discount":null}},{"id":"3653","date_created":"2025-05-29 09:01:04","date_expiry":"2025-10-31 00:00:00","user_id":"2760","batch_number":"PROPUrinaryP1.5KG311025","location":"","quantity":"1.0000","quantity_available":"0.0000","units":"1","status":"archived","order_ids":"[28854]","supplier":"Proplan","po":{"id":"3620","date_created":"2025-05-29 09:01:05","batch_id":"3653","po_number":"","supplier":"Proplan","cost":null,"regular_price":null,"sale_price":null,"price_margin":null,"price_discount":null}},{"id":"4576","date_created":"2025-07-24 20:08:10","date_expiry":"2025-11-30 00:00:00","user_id":"2760","batch_number":"PROPUrinaryP1.5KG311125","location":"","quantity":"1.0000","quantity_available":"0.0000","units":"1","status":"archived","order_ids":"[29440]","supplier":"Proplan","po":{"id":"4540","date_created":"2025-07-24 20:08:10","batch_id":"4576","po_number":"","supplier":"Proplan","cost":null,"regular_price":null,"sale_price":null,"price_margin":null,"price_discount":null}},{"id":"5149","date_created":"2025-09-04 13:53:33","date_expiry":"2026-02-28 00:00:00","user_id":"2760","batch_number":"PROPUrinaryP1.5KG28022026","location":"","quantity":"1.0000","quantity_available":"0.0000","units":"1","status":"archived","order_ids":"[29584]","supplier":"Proplan","po":{"id":"5110","date_created":"2025-09-04 13:53:34","batch_id":"5149","po_number":"","supplier":"Proplan","cost":null,"regular_price":null,"sale_price":null,"price_margin":null,"price_discount":null}},{"id":"6040","date_created":"2025-11-06 13:54:30","date_expiry":"2026-12-31 00:00:00","user_id":"2760","batch_number":"PROPUrinaryP1.5KG311226","location":"","quantity":"2.0000","quantity_available":"0.0000","units":"1","status":"archived","order_ids":"[30435,31612]","supplier":"Proplan","po":{"id":"5986","date_created":"2025-11-06 13:54:31","batch_id":"6040","po_number":"","supplier":"Proplan","cost":null,"regular_price":null,"sale_price":null,"price_margin":null,"price_discount":null}},{"id":"6178","date_created":"2025-11-14 20:08:32","date_expiry":"2026-12-31 00:00:00","user_id":"2760","batch_number":"PROPUrinaryP1.5KG311226","location":"","quantity":"2.0000","quantity_available":"0.0000","units":"1","status":"archived","order_ids":"[34462,35603]","supplier":"Proplan","po":{"id":"6125","date_created":"2025-11-14 20:08:32","batch_id":"6178","po_number":"","supplier":"Proplan","cost":null,"regular_price":null,"sale_price":null,"price_margin":null,"price_discount":null}},{"id":"6334","date_created":"2025-11-24 12:33:26","date_expiry":"2026-12-31 00:00:00","user_id":"2760","batch_number":"PROPUrinaryP1.5KG311226","location":"","quantity":"1.0000","quantity_available":"0.0000","units":"1","status":"archived","order_ids":"[32379]","supplier":"Proplan","po":{"id":"6280","date_created":"2025-11-24 12:33:26","batch_id":"6334","po_number":"","supplier":"Proplan","cost":null,"regular_price":null,"sale_price":null,"price_margin":null,"price_discount":null}},{"id":"6644","date_created":"2025-12-12 15:08:53","date_expiry":"2026-12-31 00:00:00","user_id":"2760","batch_number":"PROPUrinaryP1.5KG311226","location":"","quantity":"1.0000","quantity_available":"0.0000","units":"1","status":"archived","order_ids":"[33542]","supplier":"Proplan","po":{"id":"6590","date_created":"2025-12-12 15:08:54","batch_id":"6644","po_number":"","supplier":"Proplan","cost":null,"regular_price":null,"sale_price":null,"price_margin":null,"price_discount":null}},{"id":"6945","date_created":"2025-12-26 14:37:33","date_expiry":"2026-12-01 00:00:00","user_id":"2760","batch_number":"PROPUrinaryP1.5KG011226","location":"","quantity":"2.0000","quantity_available":"0.0000","units":"1","status":"archived","order_ids":"[33417,33429]","supplier":"Proplan","po":{"id":"6884","date_created":"2025-12-26 14:37:33","batch_id":"6945","po_number":"","supplier":"Proplan","cost":null,"regular_price":null,"sale_price":null,"price_margin":null,"price_discount":null}},{"id":"7328","date_created":"2026-01-26 13:53:06","date_expiry":"2027-02-28 00:00:00","user_id":"2760","batch_number":"PROPUrinaryP1.5KG280227","location":"","quantity":"2.0000","quantity_available":"0.0000","units":"1","status":"archived","order_ids":"[35684,37745]","supplier":"Proplan","po":{"id":"7264","date_created":"2026-01-26 13:53:07","batch_id":"7328","po_number":"","supplier":"Proplan","cost":null,"regular_price":null,"sale_price":null,"price_margin":null,"price_discount":null}},{"id":"7610","date_created":"2026-02-10 12:17:19","date_expiry":"2027-02-28 00:00:00","user_id":"2760","batch_number":"PROPUrinaryP1.5KG280227","location":"","quantity":"2.0000","quantity_available":"0.0000","units":"1","status":"archived","order_ids":"[40014]","supplier":"Proplan","po":{"id":"7545","date_created":"2026-02-10 12:17:19","batch_id":"7610","po_number":"","supplier":"Proplan","cost":null,"regular_price":null,"sale_price":null,"price_margin":null,"price_discount":null}},{"id":"7872","date_created":"2026-02-23 13:07:42","date_expiry":"2027-02-28 00:00:00","user_id":"2760","batch_number":"PROPUrinaryP1.5KG280227","location":"","quantity":"4.0000","quantity_available":"4.0000","units":"1","status":"active","order_ids":null,"supplier":"Proplan","po":{"id":"7807","date_created":"2026-02-23 13:07:43","batch_id":"7872","po_number":"","supplier":"Proplan","cost":null,"regular_price":null,"sale_price":null,"price_margin":null,"price_discount":null}}],"_links":{"self":[{"href":"https:\/\/petworld.ma\/index.php\/wp-json\/wp\/v2\/product\/7085","targetHints":{"allow":["GET"]}}],"collection":[{"href":"https:\/\/petworld.ma\/index.php\/wp-json\/wp\/v2\/product"}],"about":[{"href":"https:\/\/petworld.ma\/index.php\/wp-json\/wp\/v2\/types\/product"}],"wp:featuredmedia":[{"embeddable":true,"href":"https:\/\/petworld.ma\/index.php\/wp-json\/wp\/v2\/media\/7086"}],"wp:attachment":[{"href":"https:\/\/petworld.ma\/index.php\/wp-json\/wp\/v2\/media?parent=7085"}],"wp:term":[{"taxonomy":"product_brand","embeddable":true,"href":"https:\/\/petworld.ma\/index.php\/wp-json\/wp\/v2\/product_brand?post=7085"},{"taxonomy":"product_cat","embeddable":true,"href":"https:\/\/petworld.ma\/index.php\/wp-json\/wp\/v2\/product_cat?post=7085"},{"taxonomy":"product_tag","embeddable":true,"href":"https:\/\/petworld.ma\/index.php\/wp-json\/wp\/v2\/product_tag?post=7085"}],"curies":[{"name":"wp","href":"https:\/\/api.w.org\/{rel}","templated":true}]}}