{"id":71,"date":"2022-12-15T09:34:53","date_gmt":"2022-12-15T09:34:53","guid":{"rendered":"http:\/\/petworld.ma\/?post_type=product&#038;p=71"},"modified":"2026-05-06T14:13:24","modified_gmt":"2026-05-06T14:13:24","slug":"gamelle-chic-double-vert-fonce-et-gris","status":"publish","type":"product","link":"https:\/\/petworld.ma\/index.php\/produit\/gamelle-chic-double-vert-fonce-et-gris\/","title":{"rendered":"Gamelle Chic Double (Marron et vert)"},"content":{"rendered":"<p><strong>Sympathique gamelle avec bord en caoutchouc anti-d\u00e9rapant, elle se compose de deux compartiments confortables et pratiques de 250 ml o\u00f9 il est possible de verser de l&rsquo;eau et de la nourriture ou deux types d&rsquo;aliments diff\u00e9rents en m\u00eame temps, pour tous les besoins.<\/strong><\/p>\n<p>La gamelle Chic Double, innovant dans sa forme, avec double compartiments, pratique, facile \u00e0 nettoyer et \u00e9quip\u00e9 de jante en caoutchouc antid\u00e9rapant pour assurer une stabilit\u00e9 maximale et une poign\u00e9e ergonomique qui permet une prise en main s\u00fbre pendant les d\u00e9placements.<\/p>\n","protected":false},"excerpt":{"rendered":"<p>Sympathique gamelle avec bord en caoutchouc anti-d\u00e9rapant, elle se compose de deux compartiments confortables et pratiques de 250 ml o\u00f9 il est possible de verser de l&rsquo;eau et de la nourriture ou deux types d&rsquo;aliments diff\u00e9rents en m\u00eame temps, pour tous les besoins. La gamelle Chic Double, innovant dans sa forme, avec double compartiments, pratique, [&#8230;]\n","protected":false},"featured_media":252,"template":"","meta":{"jetpack_publicize_message":"","jetpack_publicize_feature_enabled":true,"jetpack_social_post_already_shared":false,"jetpack_social_options":{"image_generator_settings":{"template":"highway","default_image_id":0,"font":"","enabled":false},"version":2}},"product_brand":[],"product_cat":[133,134],"product_tag":[],"class_list":{"0":"post-71","1":"product","2":"type-product","3":"status-publish","4":"has-post-thumbnail","6":"product_cat-gamelle","7":"product_cat-gamelles","9":"first","10":"instock","11":"taxable","12":"shipping-taxable","13":"purchasable","14":"product-type-variable"},"supplier_id":null,"supplier_sku":"","barcode":null,"atum_controlled":true,"out_stock_date":null,"out_stock_threshold":null,"inheritable":true,"inbound_stock":0,"stock_on_hold":1,"sold_today":0,"sales_last_days":2,"reserved_stock":0,"customer_returns":0,"warehouse_damage":0,"lost_in_post":0,"other_logs":0,"out_stock_days":0,"lost_sales":0,"has_location":false,"update_date":"2026-05-07T10:18:43","atum_locations":[],"atum_stock_status":"instock","restock_status":false,"low_stock_amount":"","sales_update_date":"2026-05-05T00:18:22","calc_backorders":null,"jetpack_publicize_connections":[],"jetpack_sharing_enabled":true,"batches":[],"_links":{"self":[{"href":"https:\/\/petworld.ma\/index.php\/wp-json\/wp\/v2\/product\/71","targetHints":{"allow":["GET"]}}],"collection":[{"href":"https:\/\/petworld.ma\/index.php\/wp-json\/wp\/v2\/product"}],"about":[{"href":"https:\/\/petworld.ma\/index.php\/wp-json\/wp\/v2\/types\/product"}],"wp:featuredmedia":[{"embeddable":true,"href":"https:\/\/petworld.ma\/index.php\/wp-json\/wp\/v2\/media\/252"}],"wp:attachment":[{"href":"https:\/\/petworld.ma\/index.php\/wp-json\/wp\/v2\/media?parent=71"}],"wp:term":[{"taxonomy":"product_brand","embeddable":true,"href":"https:\/\/petworld.ma\/index.php\/wp-json\/wp\/v2\/product_brand?post=71"},{"taxonomy":"product_cat","embeddable":true,"href":"https:\/\/petworld.ma\/index.php\/wp-json\/wp\/v2\/product_cat?post=71"},{"taxonomy":"product_tag","embeddable":true,"href":"https:\/\/petworld.ma\/index.php\/wp-json\/wp\/v2\/product_tag?post=71"}],"curies":[{"name":"wp","href":"https:\/\/api.w.org\/{rel}","templated":true}]}}