{"id":7100,"date":"2024-03-08T14:25:17","date_gmt":"2024-03-08T14:25:17","guid":{"rendered":"https:\/\/petworld.ma\/?post_type=product&#038;p=7100"},"modified":"2026-04-06T12:31:54","modified_gmt":"2026-04-06T12:31:54","slug":"huile-de-saumon-menforsan-500ml","status":"publish","type":"product","link":"https:\/\/petworld.ma\/index.php\/produit\/huile-de-saumon-menforsan-500ml\/","title":{"rendered":"Huile de Saumon MENFORSAN 500ml"},"content":{"rendered":"<p style=\"font-weight: 400\">Huile de saumon de qualit\u00e9 sup\u00e9rieure pour chiens et chats.\u00a0Enrichit l&rsquo;alimentation quotidienne gr\u00e2ce \u00e0 sa teneur \u00e9lev\u00e9e en acides gras om\u00e9ga-3 et om\u00e9ga-6.\u00a0Ces acides gras apportent de la brillance au pelage, soutiennent le syst\u00e8me immunitaire et renforcent les articulations et les os.<\/p>\n<p style=\"font-weight: 400\">De plus, sa d\u00e9licieuse saveur augmente l\u2019app\u00e9tit et l\u2019app\u00e9tence des aliments habituels.<\/p>\n<h4 style=\"font-weight: 800 !important\">AVANTAGES<\/h4>\n<ul style=\"font-weight: 400\">\n<li>Apporte \u00e9nergie et vitalit\u00e9<\/li>\n<li>Am\u00e9liore la mobilit\u00e9 et l&rsquo;\u00e9lasticit\u00e9<\/li>\n<li>R\u00e9duit les probl\u00e8mes de peau<\/li>\n<li>Source d&rsquo;om\u00e9ga 3 et om\u00e9ga 6<\/li>\n<li>Pour chiens et chats, saveur d\u00e9licieuse<\/li>\n<li>Augmente l&rsquo;app\u00e9tence de la nourriture habituelle<\/li>\n<li>Aucune contre-indication ni effet secondaire<\/li>\n<\/ul>\n<h4 style=\"font-weight: 800 !important\">COMMENT UTILISER<\/h4>\n<p style=\"font-weight: 400\">Administrer quotidiennement dans l&rsquo;alimentation, pendant au moins 15 jours pour constater ses effets, 3 ml d&rsquo;huile pour 10 kg de poids corporel du chien.<\/p>\n<p style=\"font-weight: 400\">&#8211; Chiens et chats &lt; 10 Kg : 1 dose de produit (3 ml de produit)<\/p>\n<p style=\"font-weight: 400\">&#8211; Chiens 10 &#8211; 25 Kg : 2 impulsions de produit (6 ml de produit)<\/p>\n<p style=\"font-weight: 400\">&#8211; Chiens &gt; 25 Kg : :3 pulsations de produit (9 ml de produit<\/p>\n","protected":false},"excerpt":{"rendered":"<p>Made in Europe<\/p>\n","protected":false},"featured_media":7104,"template":"","meta":{"jetpack_publicize_message":"","jetpack_publicize_feature_enabled":true,"jetpack_social_post_already_shared":true,"jetpack_social_options":{"image_generator_settings":{"template":"highway","default_image_id":0,"font":"","enabled":false},"version":2}},"product_brand":[],"product_cat":[218,219,127],"product_tag":[],"class_list":{"0":"post-7100","1":"product","2":"type-product","3":"status-publish","4":"has-post-thumbnail","6":"product_cat-complement-alimentaire","7":"product_cat-complement-alimentaire-hygiene-et-soins-pour-chat","8":"product_cat-huile-de-saumon","10":"first","11":"instock","12":"sale","13":"taxable","14":"shipping-taxable","15":"purchasable","16":"product-type-simple"},"supplier_id":5587,"supplier_sku":"78276","barcode":null,"atum_controlled":true,"out_stock_date":null,"out_stock_threshold":null,"inheritable":false,"inbound_stock":0,"stock_on_hold":0,"sold_today":0,"sales_last_days":0,"reserved_stock":0,"customer_returns":0,"warehouse_damage":0,"lost_in_post":0,"other_logs":0,"out_stock_days":0,"lost_sales":0,"has_location":false,"update_date":"2026-04-22T00:10:37","atum_locations":[],"atum_stock_status":"instock","restock_status":false,"low_stock_amount":10,"sales_update_date":"2026-04-22T00:10:36","calc_backorders":null,"jetpack_publicize_connections":[],"jetpack_sharing_enabled":true,"batches":[{"id":"472","date_created":"2024-10-01 11:56:35","date_expiry":"2025-09-30 00:00:00","user_id":"2760","batch_number":"RCHuileSMenforsan500ML300925","location":"","quantity":"5.0000","quantity_available":"0.0000","units":"1","status":"archived","order_ids":"[12201,12203,12244,12751,12859,12952,13023,13027,13103,13117,13127,13234,13725,13854,13885,13909,13963,14017,14021,14113,14217,14219,14252,14419,14553,14595,14606,14667,14756,14781,14821,14880,14991,15079,15248,15353,15594,15607,15613,15732,16028,16077,16160,16173,16347,16379,16674,17197]","supplier":"Royal Canin","po":{"id":"455","date_created":"2024-10-01 11:56:35","batch_id":"472","po_number":"","supplier":"Royal Canin","cost":null,"regular_price":null,"sale_price":null,"price_margin":null,"price_discount":null}},{"id":"2397","date_created":"2025-03-19 21:26:45","date_expiry":"2025-09-30 00:00:00","user_id":"2760","batch_number":"RCHuileSMenforsan500ML300925","location":"","quantity":"12.0000","quantity_available":"0.0000","units":"1","status":"archived","order_ids":"[19470,19543,19549,19572,19580,19614,19672,19685,19726,20263,20290]","supplier":"Royal Canin","po":{"id":"2366","date_created":"2025-03-19 21:26:48","batch_id":"2397","po_number":"","supplier":"Royal Canin","cost":null,"regular_price":null,"sale_price":null,"price_margin":null,"price_discount":null}},{"id":"8141","date_created":"2026-03-07 12:19:11","date_expiry":"2028-08-30 00:00:00","user_id":"2760","batch_number":"RCHuileSMenforsan500ML300828","location":"","quantity":"10.0000","quantity_available":"9.0000","units":"1","status":"active","order_ids":"[39019]","supplier":"Royal Canin","po":{"id":"8080","date_created":"2026-03-07 12:19:12","batch_id":"8141","po_number":"","supplier":"Royal Canin","cost":null,"regular_price":null,"sale_price":null,"price_margin":null,"price_discount":null}},{"id":"8663","date_created":"2026-04-04 17:08:02","date_expiry":"2030-03-30 00:00:00","user_id":"2760","batch_number":"RCHuileSMenforsan500ML30032030","location":"","quantity":"5.0000","quantity_available":"5.0000","units":"1","status":"active","order_ids":null,"supplier":"Royal Canin","po":{"id":"8591","date_created":"2026-04-04 17:08:03","batch_id":"8663","po_number":"","supplier":"Royal Canin","cost":null,"regular_price":null,"sale_price":null,"price_margin":null,"price_discount":null}}],"_links":{"self":[{"href":"https:\/\/petworld.ma\/index.php\/wp-json\/wp\/v2\/product\/7100","targetHints":{"allow":["GET"]}}],"collection":[{"href":"https:\/\/petworld.ma\/index.php\/wp-json\/wp\/v2\/product"}],"about":[{"href":"https:\/\/petworld.ma\/index.php\/wp-json\/wp\/v2\/types\/product"}],"wp:featuredmedia":[{"embeddable":true,"href":"https:\/\/petworld.ma\/index.php\/wp-json\/wp\/v2\/media\/7104"}],"wp:attachment":[{"href":"https:\/\/petworld.ma\/index.php\/wp-json\/wp\/v2\/media?parent=7100"}],"wp:term":[{"taxonomy":"product_brand","embeddable":true,"href":"https:\/\/petworld.ma\/index.php\/wp-json\/wp\/v2\/product_brand?post=7100"},{"taxonomy":"product_cat","embeddable":true,"href":"https:\/\/petworld.ma\/index.php\/wp-json\/wp\/v2\/product_cat?post=7100"},{"taxonomy":"product_tag","embeddable":true,"href":"https:\/\/petworld.ma\/index.php\/wp-json\/wp\/v2\/product_tag?post=7100"}],"curies":[{"name":"wp","href":"https:\/\/api.w.org\/{rel}","templated":true}]}}