{"id":7106,"date":"2024-03-08T14:58:59","date_gmt":"2024-03-08T14:58:59","guid":{"rendered":"https:\/\/petworld.ma\/?post_type=product&#038;p=7106"},"modified":"2025-11-29T15:59:31","modified_gmt":"2025-11-29T15:59:31","slug":"lit-brownie-chat-chien-canijess-ultradoux-62x44x22cm","status":"publish","type":"product","link":"https:\/\/petworld.ma\/index.php\/produit\/lit-brownie-chat-chien-canijess-ultradoux-62x44x22cm\/","title":{"rendered":"Lit Brownie Chat\/Chien Canijess ultradoux (62x44x22cm)"},"content":{"rendered":"<h3><span style=\"color: #555555;font-size: 14.4px\">Le Lit Browni est un vrai cocon. Gr\u00e2ce \u00e0 son rembourrage particuli\u00e8rement doux, il offrira \u00e0 votre chien\/chat un <strong>tel confort\u00a0<\/strong>que celui-ci se sentira vraiment bien. Ce panier\u00a0convient parfaitement aux chiens \u00e2g\u00e9s et malades qui souffrent de troubles articulaires et de maladies de l&rsquo;appareil locomoteur.<br \/>\n<strong>Caract\u00e9ristiques du lit :<\/strong><\/span><\/h3>\n<ul>\n<li>Tr\u00e8s confortable<\/li>\n<li>convient parfaitement \u00e0 tous les chiens\/chat qui aiment les endroits confortables, m\u00eame les chiens de grandes races<\/li>\n<li><strong>pour un sommeil r\u00e9parateur :<\/strong> le chien\/chat \u00ab s&rsquo;enfonce \u00bb dans le rembourrage, pour un sentiment de s\u00e9curit\u00e9 et un sommeil r\u00e9parateur<\/li>\n<li><strong>soulage la colonne vert\u00e9brale et les articulations :<\/strong> parfait pour les chiens\/chats \u00e2g\u00e9s et les chiens\/chats souffrant de troubles articulaires et de maladies de l&rsquo;appareil locomoteur<\/li>\n<li>housse en peluche douce.<\/li>\n<\/ul>\n<p><strong>Dimmension<\/strong>: 62x44x22cm<\/p>\n","protected":false},"excerpt":{"rendered":"<p><strong>Dimmension<\/strong>: 62x44x22cm<\/p>\n","protected":false},"featured_media":7107,"template":"","meta":{"jetpack_publicize_message":"","jetpack_publicize_feature_enabled":true,"jetpack_social_post_already_shared":false,"jetpack_social_options":{"image_generator_settings":{"template":"highway","default_image_id":0,"font":"","enabled":false},"version":2}},"product_brand":[],"product_cat":[124,125],"product_tag":[],"class_list":{"0":"post-7106","1":"product","2":"type-product","3":"status-publish","4":"has-post-thumbnail","6":"product_cat-lits-et-cages","7":"product_cat-lits-et-cages-chien","9":"first","10":"instock","11":"sale","12":"taxable","13":"shipping-taxable","14":"purchasable","15":"product-type-simple"},"supplier_id":5587,"supplier_sku":"75011","barcode":null,"atum_controlled":true,"out_stock_date":null,"out_stock_threshold":null,"inheritable":false,"inbound_stock":0,"stock_on_hold":0,"sold_today":0,"sales_last_days":0,"reserved_stock":0,"customer_returns":0,"warehouse_damage":0,"lost_in_post":0,"other_logs":0,"out_stock_days":0,"lost_sales":0,"has_location":false,"update_date":"2026-04-29T00:15:59","atum_locations":[],"atum_stock_status":"instock","restock_status":false,"low_stock_amount":0,"sales_update_date":"2026-04-29T00:15:59","calc_backorders":0,"jetpack_publicize_connections":[],"jetpack_sharing_enabled":true,"batches":[],"_links":{"self":[{"href":"https:\/\/petworld.ma\/index.php\/wp-json\/wp\/v2\/product\/7106","targetHints":{"allow":["GET"]}}],"collection":[{"href":"https:\/\/petworld.ma\/index.php\/wp-json\/wp\/v2\/product"}],"about":[{"href":"https:\/\/petworld.ma\/index.php\/wp-json\/wp\/v2\/types\/product"}],"wp:featuredmedia":[{"embeddable":true,"href":"https:\/\/petworld.ma\/index.php\/wp-json\/wp\/v2\/media\/7107"}],"wp:attachment":[{"href":"https:\/\/petworld.ma\/index.php\/wp-json\/wp\/v2\/media?parent=7106"}],"wp:term":[{"taxonomy":"product_brand","embeddable":true,"href":"https:\/\/petworld.ma\/index.php\/wp-json\/wp\/v2\/product_brand?post=7106"},{"taxonomy":"product_cat","embeddable":true,"href":"https:\/\/petworld.ma\/index.php\/wp-json\/wp\/v2\/product_cat?post=7106"},{"taxonomy":"product_tag","embeddable":true,"href":"https:\/\/petworld.ma\/index.php\/wp-json\/wp\/v2\/product_tag?post=7106"}],"curies":[{"name":"wp","href":"https:\/\/api.w.org\/{rel}","templated":true}]}}