{"id":7161,"date":"2024-03-10T14:56:25","date_gmt":"2024-03-10T14:56:25","guid":{"rendered":"https:\/\/petworld.ma\/?post_type=product&#038;p=7161"},"modified":"2026-03-12T16:24:19","modified_gmt":"2026-03-12T16:24:19","slug":"pro-plan-purina-veterinary-diets-feline-en-st-ox-gastrointestinal-1-5kg","status":"publish","type":"product","link":"https:\/\/petworld.ma\/index.php\/produit\/pro-plan-purina-veterinary-diets-feline-en-st-ox-gastrointestinal-1-5kg\/","title":{"rendered":"Pro Plan Purina Veterinary Diets Feline EN St\/Ox Gastrointestinal (1.5kg)"},"content":{"rendered":"<p><strong>Caract\u00e9ristiques<\/strong><\/p>\n<ul>\n<li>Digestibilit\u00e9 \u00e9lev\u00e9e Ingr\u00e9dients faciles \u00e0 dig\u00e9rer pour assurer une absorption optimale des nutriments et contribuer \u00e0 r\u00e9duire la charge de travail de l&rsquo;intestin.<\/li>\n<li>Nombre limit\u00e9 de sources de prot\u00e9ines Pour aider \u00e0 minimiser les r\u00e9actions intestinales ind\u00e9sirables.<\/li>\n<li>\u200bAjout de pr\u00e9biotiques (inuline) Pour aider \u00e0 am\u00e9liorer l&rsquo;\u00e9quilibre microbien et stimuler la croissance des bact\u00e9ries b\u00e9n\u00e9fiques.<\/li>\n<\/ul>\n<p><strong>Ingr\u00e9dients<\/strong><\/p>\n<p>Prot\u00e9ines de soja en poudre*<br \/>\nProt\u00e9ines de poulet d\u00e9shydrat\u00e9es*<br \/>\nFarine de soja<br \/>\nAmidon de ma\u00efs*<br \/>\nGraisse de porc*<br \/>\nHydrolysat<br \/>\nSubstances min\u00e9rales<br \/>\nInuline de chicor\u00e9e (1,2 %)<br \/>\nHuile de poisson*<\/p>\n<p>*Sources d\u2019ingr\u00e9dients tr\u00e8s digestibles.<\/p>\n","protected":false},"excerpt":{"rendered":"<p>Croquettes pour Chat souffrant de Troubles Digestifs<\/p>\n","protected":false},"featured_media":7162,"template":"","meta":{"jetpack_publicize_message":"","jetpack_publicize_feature_enabled":true,"jetpack_social_post_already_shared":false,"jetpack_social_options":{"image_generator_settings":{"template":"highway","default_image_id":0,"font":"","enabled":false},"version":2}},"product_brand":[],"product_cat":[40],"product_tag":[],"class_list":{"0":"post-7161","1":"product","2":"type-product","3":"status-publish","4":"has-post-thumbnail","6":"product_cat-coquettes-pour-chat","8":"first","9":"outofstock","10":"taxable","11":"shipping-taxable","12":"purchasable","13":"product-type-simple"},"supplier_id":5598,"supplier_sku":"","barcode":null,"atum_controlled":true,"out_stock_date":"2026-03-12 16:24:16","out_stock_threshold":null,"inheritable":false,"inbound_stock":0,"stock_on_hold":0,"sold_today":0,"sales_last_days":0,"reserved_stock":0,"customer_returns":0,"warehouse_damage":0,"lost_in_post":0,"other_logs":0,"out_stock_days":63,"lost_sales":0,"has_location":false,"update_date":"2026-05-15T00:03:45","atum_locations":[],"atum_stock_status":"outofstock","restock_status":false,"low_stock_amount":4,"sales_update_date":"2026-05-15T00:03:44","calc_backorders":null,"jetpack_publicize_connections":[],"jetpack_sharing_enabled":true,"batches":[{"id":"696","date_created":"2024-10-24 17:19:27","date_expiry":"2025-10-31 00:00:00","user_id":"2760","batch_number":"PROPLANVeter1,5kg311025","location":"","quantity":"2.0000","quantity_available":"0.0000","units":"1","status":"archived","order_ids":"[17094,18987]","supplier":"Proplan","po":{"id":"677","date_created":"2024-10-24 17:19:28","batch_id":"696","po_number":"","supplier":"Proplan","cost":null,"regular_price":null,"sale_price":null,"price_margin":null,"price_discount":null}},{"id":"697","date_created":"2024-10-24 17:22:16","date_expiry":"2025-09-30 00:00:00","user_id":"2760","batch_number":"PROPLANVeter1,5kg300925","location":"","quantity":"3.0000","quantity_available":"0.0000","units":"1","status":"archived","order_ids":"[14330,14613,16143]","supplier":"Proplan","po":{"id":"678","date_created":"2024-10-24 17:22:17","batch_id":"697","po_number":"","supplier":"Proplan","cost":null,"regular_price":null,"sale_price":null,"price_margin":null,"price_discount":null}},{"id":"1053","date_created":"2024-12-06 00:33:47","date_expiry":"2025-10-31 00:00:00","user_id":"2760","batch_number":"PROPLANVeter1,5kg311025","location":"","quantity":"1.0000","quantity_available":"0.0000","units":"1","status":"archived","order_ids":"[16278]","supplier":"Proplan","po":{"id":"1030","date_created":"2024-12-06 00:33:48","batch_id":"1053","po_number":"","supplier":"Proplan","cost":null,"regular_price":null,"sale_price":null,"price_margin":null,"price_discount":null}},{"id":"1514","date_created":"2025-01-03 22:23:07","date_expiry":"2025-10-31 00:00:00","user_id":"2760","batch_number":"PROPLANVeter1,5kg311025","location":"","quantity":"1.0000","quantity_available":"0.0000","units":"1","status":"archived","order_ids":"[16684]","supplier":"Proplan","po":{"id":"1488","date_created":"2025-01-03 22:23:10","batch_id":"1514","po_number":"","supplier":"Proplan","cost":null,"regular_price":null,"sale_price":null,"price_margin":null,"price_discount":null}},{"id":"1807","date_created":"2025-01-28 22:16:11","date_expiry":"2025-12-31 00:00:00","user_id":"2760","batch_number":"PROPLANVeter1,5kg311225","location":"","quantity":"2.0000","quantity_available":"0.0000","units":"1","status":"archived","order_ids":"[19308,19710]","supplier":"Proplan","po":{"id":"1781","date_created":"2025-01-28 22:16:13","batch_id":"1807","po_number":"","supplier":"Proplan","cost":null,"regular_price":null,"sale_price":null,"price_margin":null,"price_discount":null}},{"id":"1929","date_created":"2025-02-10 21:52:03","date_expiry":"2025-12-31 00:00:00","user_id":"2760","batch_number":"PROPLANVeter1,5kg311225","location":"","quantity":"1.0000","quantity_available":"0.0000","units":"1","status":"archived","order_ids":"[18672]","supplier":"Proplan","po":{"id":"1901","date_created":"2025-02-10 21:52:06","batch_id":"1929","po_number":"","supplier":"Proplan","cost":null,"regular_price":null,"sale_price":null,"price_margin":null,"price_discount":null}},{"id":"2417","date_created":"2025-03-22 01:32:24","date_expiry":"2026-01-31 00:00:00","user_id":"2760","batch_number":"PROPLANVeter1,5kg310126","location":"","quantity":"1.0000","quantity_available":"0.0000","units":"1","status":"archived","order_ids":"[20427]","supplier":"Proplan","po":{"id":"2386","date_created":"2025-03-22 01:32:27","batch_id":"2417","po_number":"","supplier":"Proplan","cost":null,"regular_price":null,"sale_price":null,"price_margin":null,"price_discount":null}},{"id":"2523","date_created":"2025-03-29 00:48:43","date_expiry":"2026-01-31 00:00:00","user_id":"2760","batch_number":"PROPLANVeter1,5kg310126","location":"","quantity":"2.0000","quantity_available":"0.0000","units":"1","status":"archived","order_ids":"[21185,21409]","supplier":"Proplan","po":{"id":"2491","date_created":"2025-03-29 00:48:46","batch_id":"2523","po_number":"","supplier":"Proplan","cost":null,"regular_price":null,"sale_price":null,"price_margin":null,"price_discount":null}},{"id":"2838","date_created":"2025-04-10 00:15:14","date_expiry":"2026-01-31 00:00:00","user_id":"2760","batch_number":"PROPLANVeter1,5kg310126","location":"","quantity":"1.0000","quantity_available":"0.0000","units":"1","status":"archived","order_ids":"[20522]","supplier":"Proplan","po":{"id":"2807","date_created":"2025-04-10 00:15:22","batch_id":"2838","po_number":"","supplier":"Proplan","cost":null,"regular_price":null,"sale_price":null,"price_margin":null,"price_discount":null}},{"id":"3144","date_created":"2025-04-24 09:07:13","date_expiry":"2026-01-31 00:00:00","user_id":"2760","batch_number":"PROPLANVeter1,5kg310126","location":"","quantity":"2.0000","quantity_available":"0.0000","units":"1","status":"archived","order_ids":"[21321,21459]","supplier":"Proplan","po":{"id":"3111","date_created":"2025-04-24 09:07:13","batch_id":"3144","po_number":"","supplier":"Proplan","cost":null,"regular_price":null,"sale_price":null,"price_margin":null,"price_discount":null}},{"id":"3333","date_created":"2025-05-07 23:55:54","date_expiry":"2026-01-31 00:00:00","user_id":"2760","batch_number":"PROPLANVeter1,5kg310126","location":"","quantity":"1.0000","quantity_available":"0.0000","units":"1","status":"archived","order_ids":"[21650]","supplier":"Proplan","po":{"id":"3300","date_created":"2025-05-07 23:55:55","batch_id":"3333","po_number":"","supplier":"Proplan","cost":null,"regular_price":null,"sale_price":null,"price_margin":null,"price_discount":null}},{"id":"3449","date_created":"2025-05-15 21:59:20","date_expiry":"2026-01-31 00:00:00","user_id":"2760","batch_number":"PROPLANVeter1,5kg310126","location":"","quantity":"4.0000","quantity_available":"0.0000","units":"1","status":"archived","order_ids":"[22963,23292,23481]","supplier":"Proplan","po":{"id":"3416","date_created":"2025-05-15 21:59:21","batch_id":"3449","po_number":"","supplier":"Proplan","cost":null,"regular_price":null,"sale_price":null,"price_margin":null,"price_discount":null}},{"id":"3654","date_created":"2025-05-29 09:01:48","date_expiry":"2026-01-31 00:00:00","user_id":"2760","batch_number":"PROPLANVeter1,5kg310126","location":"","quantity":"1.0000","quantity_available":"0.0000","units":"1","status":"archived","order_ids":"[22912]","supplier":"Proplan","po":{"id":"3621","date_created":"2025-05-29 09:01:49","batch_id":"3654","po_number":"","supplier":"Proplan","cost":null,"regular_price":null,"sale_price":null,"price_margin":null,"price_discount":null}},{"id":"4146","date_created":"2025-06-27 09:43:18","date_expiry":"2026-01-31 00:00:00","user_id":"2760","batch_number":"PROPLANVeter1,5kg310126","location":"","quantity":"4.0000","quantity_available":"0.0000","units":"1","status":"archived","order_ids":"[24396,25095,25390,25677]","supplier":"Proplan","po":{"id":"4110","date_created":"2025-06-27 09:43:19","batch_id":"4146","po_number":"","supplier":"Proplan","cost":null,"regular_price":null,"sale_price":null,"price_margin":null,"price_discount":null}},{"id":"4512","date_created":"2025-07-17 18:10:30","date_expiry":"2026-08-30 00:00:00","user_id":"2760","batch_number":"PROPLANVeter1,5kg300826","location":"","quantity":"1.0000","quantity_available":"0.0000","units":"1","status":"archived","order_ids":"[26923]","supplier":"Proplan","po":{"id":"4476","date_created":"2025-07-17 18:10:31","batch_id":"4512","po_number":"","supplier":"Proplan","cost":null,"regular_price":null,"sale_price":null,"price_margin":null,"price_discount":null}},{"id":"4602","date_created":"2025-07-31 13:21:37","date_expiry":"2026-08-30 00:00:00","user_id":"2760","batch_number":"PROPLANVeter1,5kg300826","location":"","quantity":"1.0000","quantity_available":"0.0000","units":"1","status":"archived","order_ids":"[27326]","supplier":"Proplan","po":{"id":"4566","date_created":"2025-07-31 13:21:38","batch_id":"4602","po_number":"","supplier":"Proplan","cost":null,"regular_price":null,"sale_price":null,"price_margin":null,"price_discount":null}},{"id":"4783","date_created":"2025-08-08 16:20:39","date_expiry":"2026-08-30 00:00:00","user_id":"2760","batch_number":"PROPLANVeter1,5kg300826","location":"","quantity":"1.0000","quantity_available":"0.0000","units":"1","status":"archived","order_ids":"[28041]","supplier":"Proplan","po":{"id":"4747","date_created":"2025-08-08 16:20:40","batch_id":"4783","po_number":"","supplier":"Proplan","cost":null,"regular_price":null,"sale_price":null,"price_margin":null,"price_discount":null}},{"id":"5150","date_created":"2025-09-04 14:36:11","date_expiry":"2026-08-30 00:00:00","user_id":"2760","batch_number":"PROPLANVeter1,5kg300826","location":"","quantity":"1.0000","quantity_available":"0.0000","units":"1","status":"archived","order_ids":"[28041]","supplier":"Proplan","po":{"id":"5111","date_created":"2025-09-04 14:36:11","batch_id":"5150","po_number":"","supplier":"Proplan","cost":null,"regular_price":null,"sale_price":null,"price_margin":null,"price_discount":null}},{"id":"5996","date_created":"2025-11-05 08:59:27","date_expiry":"2026-12-31 00:00:00","user_id":"2760","batch_number":"PROPLANVeter1,5kg311226","location":"","quantity":"2.0000","quantity_available":"0.0000","units":"1","status":"archived","order_ids":"[30020]","supplier":"Proplan","po":{"id":"5939","date_created":"2025-11-05 08:59:28","batch_id":"5996","po_number":"","supplier":"Proplan","cost":null,"regular_price":null,"sale_price":null,"price_margin":null,"price_discount":null}},{"id":"6179","date_created":"2025-11-14 20:11:57","date_expiry":"2026-11-30 00:00:00","user_id":"2760","batch_number":"PROPLANVeter1,5kg301126","location":"","quantity":"2.0000","quantity_available":"0.0000","units":"1","status":"archived","order_ids":"[30476,30497]","supplier":"Proplan","po":{"id":"6126","date_created":"2025-11-14 20:11:58","batch_id":"6179","po_number":"","supplier":"Proplan","cost":null,"regular_price":null,"sale_price":null,"price_margin":null,"price_discount":null}},{"id":"6335","date_created":"2025-11-24 12:34:08","date_expiry":"2026-11-30 00:00:00","user_id":"2760","batch_number":"PROPLANVeter1,5kg301126","location":"","quantity":"4.0000","quantity_available":"0.0000","units":"1","status":"archived","order_ids":"[31366,31644]","supplier":"Proplan","po":{"id":"6281","date_created":"2025-11-24 12:34:09","batch_id":"6335","po_number":"","supplier":"Proplan","cost":null,"regular_price":null,"sale_price":null,"price_margin":null,"price_discount":null}},{"id":"6645","date_created":"2025-12-12 15:09:55","date_expiry":"2026-10-31 00:00:00","user_id":"2760","batch_number":"PROPLANVeter1,5kg311026","location":"","quantity":"4.0000","quantity_available":"0.0000","units":"1","status":"archived","order_ids":"[31959,32085,33328,33509]","supplier":"Proplan","po":{"id":"6591","date_created":"2025-12-12 15:09:56","batch_id":"6645","po_number":"","supplier":"Proplan","cost":null,"regular_price":null,"sale_price":null,"price_margin":null,"price_discount":null}},{"id":"6783","date_created":"2025-12-20 16:33:42","date_expiry":"2027-01-31 00:00:00","user_id":"2760","batch_number":"PROPLANVeter1,5kg310127","location":"","quantity":"4.0000","quantity_available":"0.0000","units":"1","status":"archived","order_ids":"[33629,33739,33914]","supplier":"Proplan","po":{"id":"6729","date_created":"2025-12-20 16:33:42","batch_id":"6783","po_number":"","supplier":"Proplan","cost":null,"regular_price":null,"sale_price":null,"price_margin":null,"price_discount":null}},{"id":"7329","date_created":"2026-01-26 13:54:35","date_expiry":"2027-01-31 00:00:00","user_id":"2760","batch_number":"PROPLANVeter1,5kg310127","location":"","quantity":"3.0000","quantity_available":"0.0000","units":"1","status":"archived","order_ids":"[34818,34959,35480]","supplier":"Proplan","po":{"id":"7265","date_created":"2026-01-26 13:54:35","batch_id":"7329","po_number":"","supplier":"Proplan","cost":null,"regular_price":null,"sale_price":null,"price_margin":null,"price_discount":null}}],"_links":{"self":[{"href":"https:\/\/petworld.ma\/index.php\/wp-json\/wp\/v2\/product\/7161","targetHints":{"allow":["GET"]}}],"collection":[{"href":"https:\/\/petworld.ma\/index.php\/wp-json\/wp\/v2\/product"}],"about":[{"href":"https:\/\/petworld.ma\/index.php\/wp-json\/wp\/v2\/types\/product"}],"wp:featuredmedia":[{"embeddable":true,"href":"https:\/\/petworld.ma\/index.php\/wp-json\/wp\/v2\/media\/7162"}],"wp:attachment":[{"href":"https:\/\/petworld.ma\/index.php\/wp-json\/wp\/v2\/media?parent=7161"}],"wp:term":[{"taxonomy":"product_brand","embeddable":true,"href":"https:\/\/petworld.ma\/index.php\/wp-json\/wp\/v2\/product_brand?post=7161"},{"taxonomy":"product_cat","embeddable":true,"href":"https:\/\/petworld.ma\/index.php\/wp-json\/wp\/v2\/product_cat?post=7161"},{"taxonomy":"product_tag","embeddable":true,"href":"https:\/\/petworld.ma\/index.php\/wp-json\/wp\/v2\/product_tag?post=7161"}],"curies":[{"name":"wp","href":"https:\/\/api.w.org\/{rel}","templated":true}]}}