{"id":7182,"date":"2024-03-10T19:52:10","date_gmt":"2024-03-10T19:52:10","guid":{"rendered":"https:\/\/petworld.ma\/?post_type=product&#038;p=7182"},"modified":"2025-09-14T20:01:25","modified_gmt":"2025-09-14T20:01:25","slug":"jeux-pneu-sur-corde-en-caoutchouc-naturel-15-31cm","status":"publish","type":"product","link":"https:\/\/petworld.ma\/index.php\/produit\/jeux-pneu-sur-corde-en-caoutchouc-naturel-15-31cm\/","title":{"rendered":"Jeux Pneu sur Corde en Caoutchouc Naturel 15\/31cm"},"content":{"rendered":"<p>Ce grand jouet est id\u00e9al pour les jeux de lancer et de traction, gr\u00e2ce notamment \u00e0 sa poign\u00e9e int\u00e9gr\u00e9e.<br \/>\nLe jeu de r\u00e9cup\u00e9ration est b\u00e9n\u00e9fique pour le chien car il permet de renforcer le lien entre l&rsquo;animal et son ma\u00eetre.\u00a0<span class=\"def\">Son avantage suppl\u00e9mentaire est un long cordon de 32 cm, qui permet un meilleur lancer de balle.<\/span><\/p>\n<ul>\n<li>Dimension\u00a0: 15 cm de diam\u00e8tre, 31 cm de corde<\/li>\n<li>Mati\u00e8re : Caoutchouc naturel<\/li>\n<\/ul>\n","protected":false},"excerpt":{"rendered":"<p><strong>Produit d&rsquo;import d&rsquo;europe<\/strong><\/p>\n","protected":false},"featured_media":7184,"template":"","meta":{"jetpack_publicize_message":"","jetpack_publicize_feature_enabled":true,"jetpack_social_post_already_shared":false,"jetpack_social_options":{"image_generator_settings":{"template":"highway","default_image_id":0,"font":"","enabled":false},"version":2}},"product_brand":[],"product_cat":[106],"product_tag":[],"class_list":{"0":"post-7182","1":"product","2":"type-product","3":"status-publish","4":"has-post-thumbnail","6":"product_cat-jouet-et-dressage","8":"first","9":"outofstock","10":"taxable","11":"shipping-taxable","12":"purchasable","13":"product-type-simple"},"supplier_id":5587,"supplier_sku":"761251","barcode":null,"atum_controlled":true,"out_stock_date":"2025-09-14 20:01:26","out_stock_threshold":null,"inheritable":false,"inbound_stock":0,"stock_on_hold":0,"sold_today":0,"sales_last_days":0,"reserved_stock":0,"customer_returns":0,"warehouse_damage":0,"lost_in_post":0,"other_logs":0,"out_stock_days":228,"lost_sales":4853,"has_location":false,"update_date":"2026-05-01T00:17:12","atum_locations":[],"atum_stock_status":"outofstock","restock_status":false,"low_stock_amount":0,"sales_update_date":"2026-05-01T00:17:11","calc_backorders":null,"jetpack_publicize_connections":[],"jetpack_sharing_enabled":true,"batches":[],"_links":{"self":[{"href":"https:\/\/petworld.ma\/index.php\/wp-json\/wp\/v2\/product\/7182","targetHints":{"allow":["GET"]}}],"collection":[{"href":"https:\/\/petworld.ma\/index.php\/wp-json\/wp\/v2\/product"}],"about":[{"href":"https:\/\/petworld.ma\/index.php\/wp-json\/wp\/v2\/types\/product"}],"wp:featuredmedia":[{"embeddable":true,"href":"https:\/\/petworld.ma\/index.php\/wp-json\/wp\/v2\/media\/7184"}],"wp:attachment":[{"href":"https:\/\/petworld.ma\/index.php\/wp-json\/wp\/v2\/media?parent=7182"}],"wp:term":[{"taxonomy":"product_brand","embeddable":true,"href":"https:\/\/petworld.ma\/index.php\/wp-json\/wp\/v2\/product_brand?post=7182"},{"taxonomy":"product_cat","embeddable":true,"href":"https:\/\/petworld.ma\/index.php\/wp-json\/wp\/v2\/product_cat?post=7182"},{"taxonomy":"product_tag","embeddable":true,"href":"https:\/\/petworld.ma\/index.php\/wp-json\/wp\/v2\/product_tag?post=7182"}],"curies":[{"name":"wp","href":"https:\/\/api.w.org\/{rel}","templated":true}]}}