{"id":7210,"date":"2024-03-12T13:33:36","date_gmt":"2024-03-12T13:33:36","guid":{"rendered":"https:\/\/petworld.ma\/?post_type=product&#038;p=7210"},"modified":"2026-04-13T12:07:05","modified_gmt":"2026-04-13T12:07:05","slug":"tunnel-dexploration-grand-format-pour-chat-120cm-25cm-diametre","status":"publish","type":"product","link":"https:\/\/petworld.ma\/index.php\/produit\/tunnel-dexploration-grand-format-pour-chat-120cm-25cm-diametre\/","title":{"rendered":"Tunnel d&rsquo;exploration multicolor grand format pour chat 120cm (25cm diam\u00e9tre)"},"content":{"rendered":"<ul>\n<li>Tunnel sinueux avec ouverture<\/li>\n<li>Disponible en diff\u00e9rents coloris<\/li>\n<\/ul>\n<div class=\"mt-4\">Votre chat va s&rsquo;amuser pendant des heures dans ce tunnel d&rsquo;exploration ! Il joue \u00e0 cache-cache, sort sa t\u00eate par l&rsquo;ouverture, repart dans l&rsquo;autre sens. Il n&rsquo;a pas fini de s&rsquo;amuser !<\/div>\n<div>Dimension: 120cm et 25cm en diam\u00e9tre<\/div>\n","protected":false},"excerpt":{"rendered":"<p>Tunnel sinueux avec ouverture Disponible en diff\u00e9rents coloris Votre chat va s&rsquo;amuser pendant des heures dans ce tunnel d&rsquo;exploration ! Il joue \u00e0 cache-cache, sort sa t\u00eate par l&rsquo;ouverture, repart dans l&rsquo;autre sens. Il n&rsquo;a pas fini de s&rsquo;amuser ! Dimension: 120cm et 25cm en diam\u00e9tre<\/p>\n","protected":false},"featured_media":12032,"template":"","meta":{"jetpack_publicize_message":"","jetpack_publicize_feature_enabled":true,"jetpack_social_post_already_shared":false,"jetpack_social_options":{"image_generator_settings":{"template":"highway","default_image_id":0,"font":"","enabled":false},"version":2}},"product_brand":[],"product_cat":[100],"product_tag":[],"class_list":{"0":"post-7210","1":"product","2":"type-product","3":"status-publish","4":"has-post-thumbnail","6":"product_cat-accessoires-jouets-et-colliers","8":"first","9":"instock","10":"sale","11":"taxable","12":"shipping-taxable","13":"purchasable","14":"product-type-simple"},"supplier_id":5592,"supplier_sku":"","barcode":null,"atum_controlled":true,"out_stock_date":null,"out_stock_threshold":null,"inheritable":false,"inbound_stock":0,"stock_on_hold":0,"sold_today":0,"sales_last_days":0,"reserved_stock":0,"customer_returns":0,"warehouse_damage":0,"lost_in_post":0,"other_logs":0,"out_stock_days":0,"lost_sales":0,"has_location":false,"update_date":"2026-04-30T00:17:06","atum_locations":[],"atum_stock_status":"instock","restock_status":false,"low_stock_amount":10,"sales_update_date":"2026-04-30T00:17:06","calc_backorders":null,"jetpack_publicize_connections":[],"jetpack_sharing_enabled":true,"batches":[],"_links":{"self":[{"href":"https:\/\/petworld.ma\/index.php\/wp-json\/wp\/v2\/product\/7210","targetHints":{"allow":["GET"]}}],"collection":[{"href":"https:\/\/petworld.ma\/index.php\/wp-json\/wp\/v2\/product"}],"about":[{"href":"https:\/\/petworld.ma\/index.php\/wp-json\/wp\/v2\/types\/product"}],"wp:featuredmedia":[{"embeddable":true,"href":"https:\/\/petworld.ma\/index.php\/wp-json\/wp\/v2\/media\/12032"}],"wp:attachment":[{"href":"https:\/\/petworld.ma\/index.php\/wp-json\/wp\/v2\/media?parent=7210"}],"wp:term":[{"taxonomy":"product_brand","embeddable":true,"href":"https:\/\/petworld.ma\/index.php\/wp-json\/wp\/v2\/product_brand?post=7210"},{"taxonomy":"product_cat","embeddable":true,"href":"https:\/\/petworld.ma\/index.php\/wp-json\/wp\/v2\/product_cat?post=7210"},{"taxonomy":"product_tag","embeddable":true,"href":"https:\/\/petworld.ma\/index.php\/wp-json\/wp\/v2\/product_tag?post=7210"}],"curies":[{"name":"wp","href":"https:\/\/api.w.org\/{rel}","templated":true}]}}