{"id":7223,"date":"2024-03-12T14:21:15","date_gmt":"2024-03-12T14:21:15","guid":{"rendered":"https:\/\/petworld.ma\/?post_type=product&#038;p=7223"},"modified":"2026-04-26T13:12:59","modified_gmt":"2026-04-26T13:12:59","slug":"tunnel-dexploration-format-en-t-pour-chat-80cmx30cm-25cm-diametre","status":"publish","type":"product","link":"https:\/\/petworld.ma\/index.php\/produit\/tunnel-dexploration-format-en-t-pour-chat-80cmx30cm-25cm-diametre\/","title":{"rendered":"Tunnel d&rsquo;exploration format en T pour chat 80cmx30cm (25cm diam\u00e9tre)"},"content":{"rendered":"<ul>\n<li>Tunnel sinueux avec ouverture<\/li>\n<li>Disponible en diff\u00e9rents coloris<\/li>\n<\/ul>\n<div class=\"mt-4\">Votre chat va s&rsquo;amuser pendant des heures dans ce tunnel d&rsquo;exploration ! Il joue \u00e0 cache-cache, sort sa t\u00eate par l&rsquo;ouverture, repart dans l&rsquo;autre sens. Il n&rsquo;a pas fini de s&rsquo;amuser !<\/div>\n<div>Dimension: 80cm x 30cm et 25cm en diam\u00e9tre<\/div>\n","protected":false},"excerpt":{"rendered":"<p>Tunnel sinueux avec ouverture Disponible en diff\u00e9rents coloris Votre chat va s&rsquo;amuser pendant des heures dans ce tunnel d&rsquo;exploration ! Il joue \u00e0 cache-cache, sort sa t\u00eate par l&rsquo;ouverture, repart dans l&rsquo;autre sens. Il n&rsquo;a pas fini de s&rsquo;amuser ! Dimension: 80cm x 30cm et 25cm en diam\u00e9tre<\/p>\n","protected":false},"featured_media":7215,"template":"","meta":{"jetpack_publicize_message":"","jetpack_publicize_feature_enabled":true,"jetpack_social_post_already_shared":true,"jetpack_social_options":{"image_generator_settings":{"template":"highway","default_image_id":0,"font":"","enabled":false},"version":2}},"product_brand":[],"product_cat":[100],"product_tag":[],"class_list":{"0":"post-7223","1":"product","2":"type-product","3":"status-publish","4":"has-post-thumbnail","6":"product_cat-accessoires-jouets-et-colliers","8":"first","9":"instock","10":"sale","11":"taxable","12":"shipping-taxable","13":"purchasable","14":"product-type-simple"},"supplier_id":5592,"supplier_sku":"","barcode":null,"atum_controlled":true,"out_stock_date":null,"out_stock_threshold":null,"inheritable":false,"inbound_stock":0,"stock_on_hold":1,"sold_today":1,"sales_last_days":1,"reserved_stock":0,"customer_returns":0,"warehouse_damage":0,"lost_in_post":0,"other_logs":0,"out_stock_days":0,"lost_sales":0,"has_location":false,"update_date":"2026-04-26T13:14:34","atum_locations":[],"atum_stock_status":"instock","restock_status":false,"low_stock_amount":2,"sales_update_date":"2026-04-26T13:14:33","calc_backorders":null,"jetpack_publicize_connections":[],"jetpack_sharing_enabled":true,"batches":[],"_links":{"self":[{"href":"https:\/\/petworld.ma\/index.php\/wp-json\/wp\/v2\/product\/7223","targetHints":{"allow":["GET"]}}],"collection":[{"href":"https:\/\/petworld.ma\/index.php\/wp-json\/wp\/v2\/product"}],"about":[{"href":"https:\/\/petworld.ma\/index.php\/wp-json\/wp\/v2\/types\/product"}],"wp:featuredmedia":[{"embeddable":true,"href":"https:\/\/petworld.ma\/index.php\/wp-json\/wp\/v2\/media\/7215"}],"wp:attachment":[{"href":"https:\/\/petworld.ma\/index.php\/wp-json\/wp\/v2\/media?parent=7223"}],"wp:term":[{"taxonomy":"product_brand","embeddable":true,"href":"https:\/\/petworld.ma\/index.php\/wp-json\/wp\/v2\/product_brand?post=7223"},{"taxonomy":"product_cat","embeddable":true,"href":"https:\/\/petworld.ma\/index.php\/wp-json\/wp\/v2\/product_cat?post=7223"},{"taxonomy":"product_tag","embeddable":true,"href":"https:\/\/petworld.ma\/index.php\/wp-json\/wp\/v2\/product_tag?post=7223"}],"curies":[{"name":"wp","href":"https:\/\/api.w.org\/{rel}","templated":true}]}}