{"id":726,"date":"2022-12-17T17:21:32","date_gmt":"2022-12-17T17:21:32","guid":{"rendered":"https:\/\/petworld.ma\/?post_type=product&#038;p=726"},"modified":"2026-04-25T13:36:38","modified_gmt":"2026-04-25T13:36:38","slug":"royal-canin-sterilised-2-kg-4-kg-et-10-kg","status":"publish","type":"product","link":"https:\/\/petworld.ma\/index.php\/produit\/royal-canin-sterilised-2-kg-4-kg-et-10-kg\/","title":{"rendered":"Royal Canin Sterilised 2 kg | 4 kg | 10 kg"},"content":{"rendered":"<div>\n<div>\n<h2>Aliment complet et \u00e9quilibr\u00e9 pour chats st\u00e9rilis\u00e9s (de 1 \u00e0 7 ans).<\/h2>\n<\/div>\n<\/div>\n<div>\n<div data-gtm-vis-first-on-screen-40760133_376=\"60485\" data-gtm-vis-first-on-screen-40760133_379=\"60485\" data-gtm-vis-has-fired-40760133_376=\"1\" data-gtm-vis-has-fired-40760133_379=\"1\" data-gtm-vis-recent-on-screen-40760133_376=\"60485\" data-gtm-vis-recent-on-screen-40760133_379=\"60485\" data-gtm-vis-total-visible-time-40760133_376=\"500\" data-gtm-vis-total-visible-time-40760133_379=\"500\" data-tms=\"Product description\">\n<div>\n<div>\n<div>\n<div>\n<div>\n<p>\u00a0Apr\u00e8s la st\u00e9rilisation de votre chat, il peut \u00eatre n\u00e9cessaire d\u2019adapter son alimentation afin de s\u2019assurer qu\u2019il re\u00e7oit les nutriments qui correspondent \u00e0 ses besoins \u00e9nerg\u00e9tiques quelque peu modifi\u00e9s. \u00a0 ROYAL CANIN\u00ae Sterilised 37 contient une quantit\u00e9 mod\u00e9r\u00e9e de mati\u00e8res grasses : correctement rationn\u00e9 au quotidien, il aide votre chat \u00e0 conserver un poids id\u00e9al apr\u00e8s sa st\u00e9rilisation. \u00a0 \u00a0 De plus, ROYAL CANIN\u00ae Sterilised 37 contient un m\u00e9lange de min\u00e9raux soigneusement choisi pour favoriser la sant\u00e9 du syst\u00e8me urinaire de votre chat et une teneur accrue en prot\u00e9ines pour renforcer sa masse musculaire. \u00a0 Pour r\u00e9pondre aux pr\u00e9f\u00e9rences individuelles de chaque chat, ROYAL CANIN\u00ae Sterilised 37 est \u00e9galement disponible sous forme d\u2019\u00e9minc\u00e9 en sauce, en gel\u00e9e ou en mousse. Si vous envisagez une alimentation mixte, il vous suffit de suivre nos instructions pour vous assurer que votre chat re\u00e7oit la quantit\u00e9 de nourriture s\u00e8che et humide n\u00e9cessaire pour un b\u00e9n\u00e9fice optimal.<\/p>\n<p><strong>\u00a0 \u00a0BENEFICES :<\/strong><\/p>\n<div data-gtm-vis-first-on-screen-40760133_376=\"60485\" data-gtm-vis-first-on-screen-40760133_379=\"60485\" data-gtm-vis-has-fired-40760133_376=\"1\" data-gtm-vis-has-fired-40760133_379=\"1\" data-gtm-vis-recent-on-screen-40760133_376=\"60485\" data-gtm-vis-recent-on-screen-40760133_379=\"60485\" data-gtm-vis-total-visible-time-40760133_376=\"500\" data-gtm-vis-total-visible-time-40760133_379=\"500\" data-tms=\"Product description\">\n<div>\n<div>\n<div>\n<div>\n<div>\n<ul>\n<li>\n<div>Contr\u00f4le de la prise de poids<\/div>\n<div>Apr\u00e8s la st\u00e9rilisation, les besoins \u00e9nerg\u00e9tiques des chats diminuent. ROYAL CANIN\u00ae Sterilised 37 aide \u00e0 limiter le risque de prise de poids excessive gr\u00e2ce \u00e0 une teneur mod\u00e9r\u00e9e en mati\u00e8res grasses et \u00e0 un rationnement quotidien adapt\u00e9.<\/div>\n<\/li>\n<li>\n<div>Sant\u00e9 urinaire<\/div>\n<div>Favorise la bonne sant\u00e9 du syst\u00e8me urinaire gr\u00e2ce \u00e0 un apport ad\u00e9quat en min\u00e9raux.<\/div>\n<\/li>\n<li>\n<div>Teneur \u00e9lev\u00e9e en prot\u00e9ines<\/div>\n<div>Aide \u00e0 maintenir la masse musculaire gr\u00e2ce \u00e0 une teneur \u00e9lev\u00e9e en prot\u00e9ines.<\/div>\n<\/li>\n<li>\n<div>Enrichi en L-carnitine<\/div>\n<div>La L-carnitine contribue au m\u00e9tabolisme des graisses.<\/div>\n<\/li>\n<\/ul>\n<p><strong>\u00a0 \u00a0 INFORMATIONS NUTRITIONELLES :<\/strong><\/p>\n<div data-gtm-vis-first-on-screen-40760133_376=\"60485\" data-gtm-vis-first-on-screen-40760133_379=\"60485\" data-gtm-vis-has-fired-40760133_376=\"1\" data-gtm-vis-has-fired-40760133_379=\"1\" data-gtm-vis-recent-on-screen-40760133_376=\"60485\" data-gtm-vis-recent-on-screen-40760133_379=\"60485\" data-gtm-vis-total-visible-time-40760133_376=\"500\" data-gtm-vis-total-visible-time-40760133_379=\"500\" data-tms=\"Product description\">\n<div>\n<div>\n<div>\n<div>\n<div>\n<p>&nbsp;<\/p>\n<div>Composition : prot\u00e9ines de volaille d\u00e9shydrat\u00e9es, ma\u00efs, isolat de prot\u00e9ines v\u00e9g\u00e9tales*, fibres v\u00e9g\u00e9tales, graisses animales, hydrolysat de prot\u00e9ines animales, riz, bl\u00e9, pulpe de betterave, gluten de ma\u00efs, levures et composants de levures, sels min\u00e9raux, huile de poisson, fructo-oligosaccharides, huile de soja.<\/div>\n<p>&nbsp;<\/p>\n<p>Additifs (au kg)\u00a0: Additifs nutritionnels\u00a0: Vitamine A\u00a0: 19000\u00a0UI, Vitamine D3\u00a0: 1000\u00a0UI, E1 (Fer)\u00a0: 31\u00a0mg, E2 (Iode)\u00a0: 3,1\u00a0mg, E4 (Cuivre)\u00a0: 10\u00a0mg, E5 (Mangan\u00e8se)\u00a0: 41\u00a0mg, E6 (Zinc)\u00a0: 122\u00a0mg, E8 (S\u00e9l\u00e9nium)\u00a0: 0,05\u00a0mg, L-carnitine\u00a0: 100\u00a0mg\u00a0&#8211; Additifs technologiques\u00a0: Clinoptilolite d\u2019origine s\u00e9dimentaire\u00a0: 10\u00a0g\u00a0&#8211; Additifs zootechniques\u00a0: Chlorure d\u2019ammonium\u00a0: 5\u00a0g\u00a0&#8211; Conservateurs\u00a0&#8211; Antioxyg\u00e8nes.<\/p>\n<p>Constituants analytiques : Prot\u00e9ine : 37 % &#8211; Teneur en mati\u00e8res grasses : 12 % &#8211; Cendres brutes : 8,2 % &#8211; Cellulose brute : 6,2 %.<\/p>\n<p>*L.I.P. : prot\u00e9ine s\u00e9lectionn\u00e9e pour sa tr\u00e8s haute digestibilit\u00e9.<\/p>\n<p>Mode d\u2019emploi : voir tableau. Num\u00e9ro de lot et d\u2019identifiant usine, \u00e0 utiliser de pr\u00e9f\u00e9rence avant : voir sur l\u2019emballage. \u00c0 conserver dans un endroit sec et frais.<\/p>\n<p><strong>\u00a0 \u00a0RATIONS :<\/strong><\/p>\n<div data-gtm-vis-first-on-screen-40760133_376=\"60485\" data-gtm-vis-first-on-screen-40760133_379=\"60485\" data-gtm-vis-has-fired-40760133_376=\"1\" data-gtm-vis-has-fired-40760133_379=\"1\" data-gtm-vis-recent-on-screen-40760133_376=\"60485\" data-gtm-vis-recent-on-screen-40760133_379=\"60485\" data-gtm-vis-total-visible-time-40760133_376=\"500\" data-gtm-vis-total-visible-time-40760133_379=\"500\" data-tms=\"Product description\">\n<div>\n<div>\n<div>\n<div>\n<div>\n<table>\n<thead>\n<tr>\n<th>Poids du chat<\/th>\n<th>3 kg<\/th>\n<th>4 kg<\/th>\n<th>5 kg<\/th>\n<th>6 kg<\/th>\n<\/tr>\n<\/thead>\n<tbody>\n<tr>\n<td>Poids id\u00e9al<\/td>\n<td>47 g (ou 30 g + 1 sachet)<\/td>\n<td>57 g (ou 41 g + 1 sachet)<\/td>\n<td>67 g (ou 51 g + 1 sachet)<\/td>\n<td>76 g (ou 60 g + 1 sachet)<\/td>\n<\/tr>\n<tr>\n<td>Embonpoint<\/td>\n<td>37 g (ou 21 g + 1 sachet)<\/td>\n<td>46 g (ou 29 g + 1 sachet)<\/td>\n<td>54 g (ou 37 g + 1 sachet)<\/td>\n<td>61 g (ou 44 g + 1 sachet)<\/td>\n<\/tr>\n<\/tbody>\n<\/table>\n<p><a href=\"https:\/\/wa.me\/212708052510\" target=\"_blank\" rel=\"noopener noreferrer\"><img loading=\"lazy\" decoding=\"async\" class=\"fr-fic fr-dib aligncenter\" src=\"https:\/\/cdn.youcan.shop\/stores\/d0742d556df94ddbc7ae4c9810aff04b\/others\/AEu7kjNvDxNxPfTwBa3f0QUfEBPTBfOedeVkS3kL.png\" width=\"269\" height=\"71\" data-name=\"stores\/d0742d556df94ddbc7ae4c9810aff04b\/others\/AEu7kjNvDxNxPfTwBa3f0QUfEBPTBfOedeVkS3kL.png\" \/><\/a><\/p>\n<\/div>\n<\/div>\n<\/div>\n<\/div>\n<\/div>\n<\/div>\n<\/div>\n<\/div>\n<\/div>\n<\/div>\n<\/div>\n<\/div>\n<\/div>\n<\/div>\n<\/div>\n<\/div>\n<\/div>\n<\/div>\n<\/div>\n<\/div>\n<\/div>\n<\/div>\n<\/div>\n<\/div>\n<\/div>\n","protected":false},"excerpt":{"rendered":"<p>Aliment complet et \u00e9quilibr\u00e9 pour chats st\u00e9rilis\u00e9s (de 1 \u00e0 7 ans). \u00a0Apr\u00e8s la st\u00e9rilisation de votre chat, il peut \u00eatre n\u00e9cessaire d\u2019adapter son alimentation afin de s\u2019assurer qu\u2019il re\u00e7oit les nutriments qui correspondent \u00e0 ses besoins \u00e9nerg\u00e9tiques quelque peu modifi\u00e9s. \u00a0 ROYAL CANIN\u00ae Sterilised 37 contient une quantit\u00e9 mod\u00e9r\u00e9e de mati\u00e8res grasses : correctement [&#8230;]\n","protected":false},"featured_media":731,"template":"","meta":{"jetpack_publicize_message":"","jetpack_publicize_feature_enabled":true,"jetpack_social_post_already_shared":false,"jetpack_social_options":{"image_generator_settings":{"template":"highway","default_image_id":0,"font":"","enabled":false},"version":2}},"product_brand":[],"product_cat":[36,40],"product_tag":[],"class_list":{"0":"post-726","1":"product","2":"type-product","3":"status-publish","4":"has-post-thumbnail","6":"product_cat-chat","7":"product_cat-coquettes-pour-chat","9":"first","10":"instock","11":"taxable","12":"shipping-taxable","13":"purchasable","14":"product-type-variable"},"supplier_id":null,"supplier_sku":"","barcode":null,"atum_controlled":true,"out_stock_date":null,"out_stock_threshold":null,"inheritable":true,"inbound_stock":0,"stock_on_hold":6,"sold_today":3,"sales_last_days":24,"reserved_stock":0,"customer_returns":0,"warehouse_damage":0,"lost_in_post":0,"other_logs":0,"out_stock_days":0,"lost_sales":0,"has_location":false,"update_date":"2026-04-25T12:32:23","atum_locations":[],"atum_stock_status":"instock","restock_status":false,"low_stock_amount":"","sales_update_date":"2026-04-22T14:13:21","calc_backorders":null,"jetpack_publicize_connections":[],"jetpack_sharing_enabled":true,"batches":[],"_links":{"self":[{"href":"https:\/\/petworld.ma\/index.php\/wp-json\/wp\/v2\/product\/726","targetHints":{"allow":["GET"]}}],"collection":[{"href":"https:\/\/petworld.ma\/index.php\/wp-json\/wp\/v2\/product"}],"about":[{"href":"https:\/\/petworld.ma\/index.php\/wp-json\/wp\/v2\/types\/product"}],"wp:featuredmedia":[{"embeddable":true,"href":"https:\/\/petworld.ma\/index.php\/wp-json\/wp\/v2\/media\/731"}],"wp:attachment":[{"href":"https:\/\/petworld.ma\/index.php\/wp-json\/wp\/v2\/media?parent=726"}],"wp:term":[{"taxonomy":"product_brand","embeddable":true,"href":"https:\/\/petworld.ma\/index.php\/wp-json\/wp\/v2\/product_brand?post=726"},{"taxonomy":"product_cat","embeddable":true,"href":"https:\/\/petworld.ma\/index.php\/wp-json\/wp\/v2\/product_cat?post=726"},{"taxonomy":"product_tag","embeddable":true,"href":"https:\/\/petworld.ma\/index.php\/wp-json\/wp\/v2\/product_tag?post=726"}],"curies":[{"name":"wp","href":"https:\/\/api.w.org\/{rel}","templated":true}]}}