{"id":7297,"date":"2024-03-17T16:18:27","date_gmt":"2024-03-17T16:18:27","guid":{"rendered":"https:\/\/petworld.ma\/?post_type=product&#038;p=7297"},"modified":"2026-03-26T17:05:23","modified_gmt":"2026-03-26T17:05:23","slug":"distributeur-deau-et-de-nourriture-1-5l","status":"publish","type":"product","link":"https:\/\/petworld.ma\/index.php\/produit\/distributeur-deau-et-de-nourriture-1-5l\/","title":{"rendered":"Distributeur d&rsquo;Eau et de Nourriture 1.5L et 3,5L"},"content":{"rendered":"<p>D\u00e9couvrez ce distributeur avec r\u00e9servoir pour chien ou chat haut de gamme fabriqu\u00e9 en Italie, pour alimenter votre animal. Au fur et \u00e0 mesure que celui-ci se nourrit, la r\u00e9serve diminue. Ce mod\u00e8le dont la contenance est de 1.5L ou 3.5L, est d\u2019autant plus pratique que vous pourrez l\u2019utiliser pour distribuer de l\u2019eau ou des croquettes ! Celui-ci dispose \u00e9galement de pieds antid\u00e9rapants pour une stabilit\u00e9 optimale.<\/p>\n","protected":false},"excerpt":{"rendered":"<p>Made in Italy!!<\/p>\n<p>Capacit\u00e9 : 1.5 Litre ou 3,5 Litre<\/p>\n","protected":false},"featured_media":7300,"template":"","meta":{"jetpack_publicize_message":"","jetpack_publicize_feature_enabled":true,"jetpack_social_post_already_shared":false,"jetpack_social_options":{"image_generator_settings":{"template":"highway","default_image_id":0,"font":"","enabled":false},"version":2}},"product_brand":[],"product_cat":[133,134],"product_tag":[],"class_list":{"0":"post-7297","1":"product","2":"type-product","3":"status-publish","4":"has-post-thumbnail","6":"product_cat-gamelle","7":"product_cat-gamelles","9":"first","10":"instock","11":"taxable","12":"shipping-taxable","13":"purchasable","14":"product-type-variable"},"supplier_id":5588,"supplier_sku":"","barcode":null,"atum_controlled":true,"out_stock_date":null,"out_stock_threshold":null,"inheritable":true,"inbound_stock":0,"stock_on_hold":0,"sold_today":0,"sales_last_days":1,"reserved_stock":0,"customer_returns":0,"warehouse_damage":0,"lost_in_post":0,"other_logs":0,"out_stock_days":0,"lost_sales":0,"has_location":false,"update_date":"2026-04-05T10:35:32","atum_locations":[],"atum_stock_status":"instock","restock_status":false,"low_stock_amount":"","sales_update_date":"2026-04-05T10:35:32","calc_backorders":null,"jetpack_publicize_connections":[],"jetpack_sharing_enabled":true,"batches":[],"_links":{"self":[{"href":"https:\/\/petworld.ma\/index.php\/wp-json\/wp\/v2\/product\/7297","targetHints":{"allow":["GET"]}}],"collection":[{"href":"https:\/\/petworld.ma\/index.php\/wp-json\/wp\/v2\/product"}],"about":[{"href":"https:\/\/petworld.ma\/index.php\/wp-json\/wp\/v2\/types\/product"}],"wp:featuredmedia":[{"embeddable":true,"href":"https:\/\/petworld.ma\/index.php\/wp-json\/wp\/v2\/media\/7300"}],"wp:attachment":[{"href":"https:\/\/petworld.ma\/index.php\/wp-json\/wp\/v2\/media?parent=7297"}],"wp:term":[{"taxonomy":"product_brand","embeddable":true,"href":"https:\/\/petworld.ma\/index.php\/wp-json\/wp\/v2\/product_brand?post=7297"},{"taxonomy":"product_cat","embeddable":true,"href":"https:\/\/petworld.ma\/index.php\/wp-json\/wp\/v2\/product_cat?post=7297"},{"taxonomy":"product_tag","embeddable":true,"href":"https:\/\/petworld.ma\/index.php\/wp-json\/wp\/v2\/product_tag?post=7297"}],"curies":[{"name":"wp","href":"https:\/\/api.w.org\/{rel}","templated":true}]}}