{"id":7474,"date":"2024-03-25T09:54:46","date_gmt":"2024-03-25T09:54:46","guid":{"rendered":"https:\/\/petworld.ma\/?post_type=product&#038;p=7474"},"modified":"2026-04-25T08:54:45","modified_gmt":"2026-04-25T08:54:45","slug":"mera-bakery-snacky-mix-pour-chien-1-kg","status":"publish","type":"product","link":"https:\/\/petworld.ma\/index.php\/produit\/mera-bakery-snacky-mix-pour-chien-1-kg\/","title":{"rendered":"Mera Bakery Snacky Mix pour chien (1 kg)"},"content":{"rendered":"<p>R\u00e9compensez votre chien en toute bonne conscience.\u00a0Pour notre Snacky Mix, nous renon\u00e7ons d\u00e9lib\u00e9r\u00e9ment aux additifs sous forme de colorants artificiels, d&rsquo;ar\u00f4mes et de conservateurs.<\/p>\n<p>Caract\u00e9ristiques du MERA Bakery Snacky Mix :<\/p>\n<ul>\n<li>Aliment compl\u00e9mentaire pour chien<\/li>\n<li><strong>Id\u00e9al comme collation de r\u00e9compense :<\/strong> petites bouch\u00e9es, id\u00e9ales pour se faire dorloter entre les repas<\/li>\n<li><strong>Ingr\u00e9dients de qualit\u00e9 :<\/strong> viande savoureuse et l\u00e9gumes s\u00e9lectionn\u00e9s<\/li>\n<li><strong>D\u00e9licieuse gourmandise pour le palais :<\/strong> beaucoup de chiens l&rsquo;appr\u00e9cient, tr\u00e8s bon go\u00fbt<\/li>\n<li><strong>Produit avec soin :<\/strong> cuit au four, avec soin pr\u00e9paration selon une recette traditionnelle<\/li>\n<li>Sans sucre ni additifs artificiels<\/li>\n<li><strong>Neutre en CO2 :<\/strong> production avec de l&rsquo;\u00e9lectricit\u00e9 verte<\/li>\n<li><strong>Qualit\u00e9 issue de la production allemande :<\/strong> produit selon les normes alimentaires<\/li>\n<\/ul>\n<div><b>Ingr\u00e9dients :<\/b><br \/>\nc\u00e9r\u00e9ales, viande et sous-produits d&rsquo;origine animale, sous-produits d&rsquo;origine v\u00e9g\u00e9tale, huiles et graisses, min\u00e9raux, poisson et sous-produits de poisson, sucre<\/div>\n<div><i>Additifs nutritionnels :<\/i><br \/>\nvitamine A (5 000 UI\/kg), vitamine D3 (500 UI\/kg), vitamine E (50 mg\/kg).<i>Additifs technologiques : <\/i>antioxydants.<\/div>\n","protected":false},"excerpt":{"rendered":"<p>Friandises cuites au four pour chiens, sans sucre, ingr\u00e9dients de haute qualit\u00e9, fabrication douce selon une recette traditionnelle, cuites au four, sans additifs artificiels.<\/p>\n","protected":false},"featured_media":7475,"template":"","meta":{"jetpack_publicize_message":"","jetpack_publicize_feature_enabled":true,"jetpack_social_post_already_shared":false,"jetpack_social_options":{"image_generator_settings":{"template":"highway","default_image_id":0,"font":"","enabled":false},"version":2}},"product_brand":[],"product_cat":[26,39,106],"product_tag":[],"class_list":{"0":"post-7474","1":"product","2":"type-product","3":"status-publish","4":"has-post-thumbnail","6":"product_cat-croquettes","7":"product_cat-friandises-et-pates-pour-chien","8":"product_cat-jouet-et-dressage","10":"first","11":"instock","12":"taxable","13":"shipping-taxable","14":"purchasable","15":"product-type-simple"},"supplier_id":5588,"supplier_sku":"045786","barcode":null,"atum_controlled":true,"out_stock_date":null,"out_stock_threshold":null,"inheritable":false,"inbound_stock":0,"stock_on_hold":0,"sold_today":0,"sales_last_days":0,"reserved_stock":0,"customer_returns":0,"warehouse_damage":0,"lost_in_post":0,"other_logs":0,"out_stock_days":0,"lost_sales":0,"has_location":false,"update_date":"2026-04-25T08:54:47","atum_locations":[],"atum_stock_status":"instock","restock_status":false,"low_stock_amount":5,"sales_update_date":"2026-04-25T00:13:58","calc_backorders":0,"jetpack_publicize_connections":[],"jetpack_sharing_enabled":true,"batches":[{"id":"629","date_created":"2024-10-14 09:25:36","date_expiry":"2025-08-12 00:00:00","user_id":"50","batch_number":"SNACKBAKERYROLLS1KG120825","location":"","quantity":"1.0000","quantity_available":"0.0000","units":"1","status":"archived","order_ids":"[13255,14042,14427,15048,15691,18981,20253]","supplier":"mera","po":{"id":"612","date_created":"2024-10-14 09:25:37","batch_id":"629","po_number":"","supplier":"mera","cost":null,"regular_price":null,"sale_price":null,"price_margin":null,"price_discount":null}},{"id":"1226","date_created":"2024-12-16 22:16:15","date_expiry":"2025-08-12 00:00:00","user_id":"50","batch_number":"SNACKBAKERYROLLS1KG120825","location":"","quantity":"2.0000","quantity_available":"0.0000","units":"1","status":"archived","order_ids":"[16702,17881]","supplier":"MERA","po":{"id":"1286","date_created":"2024-12-19 22:22:13","batch_id":"1226","po_number":"","supplier":"MERA","cost":null,"regular_price":null,"sale_price":null,"price_margin":null,"price_discount":null}},{"id":"2941","date_created":"2025-04-10 23:30:41","date_expiry":"2025-08-12 00:00:00","user_id":"50","batch_number":"SNACKBAKERYROLLS1KG120825","location":"","quantity":"1.0000","quantity_available":"0.0000","units":"1","status":"archived","order_ids":"[22526]","supplier":"mera","po":{"id":"2908","date_created":"2025-04-10 23:30:42","batch_id":"2941","po_number":"","supplier":"mera","cost":null,"regular_price":null,"sale_price":null,"price_margin":null,"price_discount":null}},{"id":"4061","date_created":"2025-06-18 21:43:20","date_expiry":"2025-08-12 00:00:00","user_id":"50","batch_number":"SNACKBAKERYROLLS1KG120825","location":"","quantity":"0.0000","quantity_available":"0.0000","units":"1","status":"archived","order_ids":null,"supplier":"mera","po":{"id":"4025","date_created":"2025-06-18 21:43:21","batch_id":"4061","po_number":"","supplier":"mera","cost":null,"regular_price":null,"sale_price":null,"price_margin":null,"price_discount":null}},{"id":"4082","date_created":"2025-06-24 13:27:55","date_expiry":"2025-08-12 00:00:00","user_id":"50","batch_number":"SNACKBAKERYROLLS1KG120825","location":"","quantity":"1.0000","quantity_available":"0.0000","units":"1","status":"archived","order_ids":"[24345]","supplier":"mera","po":{"id":"4046","date_created":"2025-06-24 13:27:55","batch_id":"4082","po_number":"","supplier":"mera","cost":null,"regular_price":null,"sale_price":null,"price_margin":null,"price_discount":null}},{"id":"4542","date_created":"2025-07-21 20:39:42","date_expiry":"2025-08-12 00:00:00","user_id":"50","batch_number":"SNACKBAKERYROLLS1KG120825","location":"","quantity":"1.0000","quantity_available":"0.0000","units":"1","status":"archived","order_ids":"[25676]","supplier":"mera","po":{"id":"4506","date_created":"2025-07-21 20:39:42","batch_id":"4542","po_number":"","supplier":"mera","cost":null,"regular_price":null,"sale_price":null,"price_margin":null,"price_discount":null}},{"id":"5981","date_created":"2025-11-04 13:10:22","date_expiry":"2026-11-07 00:00:00","user_id":"50","batch_number":"SNACKBAKERYROLLS1KG071126","location":"","quantity":"2.0000","quantity_available":"3.0000","units":"1","status":"active","order_ids":"[32215,32984,35706]","supplier":"MERA","po":{"id":"5924","date_created":"2025-11-04 13:10:23","batch_id":"5981","po_number":"","supplier":"MERA","cost":null,"regular_price":null,"sale_price":null,"price_margin":null,"price_discount":null}},{"id":"6319","date_created":"2025-11-24 00:56:22","date_expiry":"2026-11-30 00:00:00","user_id":"50","batch_number":"SNACKBAKERYROLLS1KG4301126","location":"","quantity":"0.0000","quantity_available":"0.0000","units":"1","status":"archived","order_ids":null,"supplier":"MERA","po":{"id":"6265","date_created":"2025-11-24 00:56:23","batch_id":"6319","po_number":"","supplier":"MERA","cost":null,"regular_price":null,"sale_price":null,"price_margin":null,"price_discount":null}},{"id":"6972","date_created":"2025-12-27 13:00:56","date_expiry":"2026-04-07 00:00:00","user_id":"50","batch_number":"SNACKBAKERYROLLS1KG070426","location":"","quantity":"0.0000","quantity_available":"0.0000","units":"1","status":"archived","order_ids":null,"supplier":"MERA","po":{"id":"6911","date_created":"2025-12-27 13:00:56","batch_id":"6972","po_number":"","supplier":"MERA","cost":null,"regular_price":null,"sale_price":null,"price_margin":null,"price_discount":null}},{"id":"8016","date_created":"2026-02-28 12:32:19","date_expiry":"2026-04-07 00:00:00","user_id":"50","batch_number":"SNACKBAKERYROLLS1KG070426","location":"","quantity":"2.0000","quantity_available":"0.0000","units":"1","status":"archived","order_ids":"[37733,38408]","supplier":"MERA","po":{"id":"7954","date_created":"2026-02-28 12:32:20","batch_id":"8016","po_number":"","supplier":"MERA","cost":null,"regular_price":null,"sale_price":null,"price_margin":null,"price_discount":null}},{"id":"8588","date_created":"2026-03-28 14:09:44","date_expiry":"2026-04-07 00:00:00","user_id":"50","batch_number":"SNACKBAKERYROLLS1KG070426","location":"","quantity":"1.0000","quantity_available":"1.0000","units":"1","status":"active","order_ids":null,"supplier":"MERA","po":{"id":"8516","date_created":"2026-03-28 14:09:44","batch_id":"8588","po_number":"","supplier":"MERA","cost":null,"regular_price":null,"sale_price":null,"price_margin":null,"price_discount":null}},{"id":"9080","date_created":"2026-04-25 08:54:44","date_expiry":"2027-05-06 00:00:00","user_id":"50","batch_number":"SNACKBAKERYROLLS1KG060627","location":"","quantity":"1.0000","quantity_available":"1.0000","units":"1","status":"active","order_ids":null,"supplier":"mera","po":{"id":"9003","date_created":"2026-04-25 08:54:44","batch_id":"9080","po_number":"","supplier":"mera","cost":null,"regular_price":null,"sale_price":null,"price_margin":null,"price_discount":null}}],"_links":{"self":[{"href":"https:\/\/petworld.ma\/index.php\/wp-json\/wp\/v2\/product\/7474","targetHints":{"allow":["GET"]}}],"collection":[{"href":"https:\/\/petworld.ma\/index.php\/wp-json\/wp\/v2\/product"}],"about":[{"href":"https:\/\/petworld.ma\/index.php\/wp-json\/wp\/v2\/types\/product"}],"wp:featuredmedia":[{"embeddable":true,"href":"https:\/\/petworld.ma\/index.php\/wp-json\/wp\/v2\/media\/7475"}],"wp:attachment":[{"href":"https:\/\/petworld.ma\/index.php\/wp-json\/wp\/v2\/media?parent=7474"}],"wp:term":[{"taxonomy":"product_brand","embeddable":true,"href":"https:\/\/petworld.ma\/index.php\/wp-json\/wp\/v2\/product_brand?post=7474"},{"taxonomy":"product_cat","embeddable":true,"href":"https:\/\/petworld.ma\/index.php\/wp-json\/wp\/v2\/product_cat?post=7474"},{"taxonomy":"product_tag","embeddable":true,"href":"https:\/\/petworld.ma\/index.php\/wp-json\/wp\/v2\/product_tag?post=7474"}],"curies":[{"name":"wp","href":"https:\/\/api.w.org\/{rel}","templated":true}]}}