{"id":75,"date":"2022-12-15T09:47:17","date_gmt":"2022-12-15T09:47:17","guid":{"rendered":"http:\/\/petworld.ma\/?post_type=product&#038;p=75"},"modified":"2026-04-10T14:05:18","modified_gmt":"2026-04-10T14:05:18","slug":"hills-science-plan-aliment-pour-chien-adulte-small-mini-au-poulet-3kg-10kg","status":"publish","type":"product","link":"https:\/\/petworld.ma\/index.php\/produit\/hills-science-plan-aliment-pour-chien-adulte-small-mini-au-poulet-3kg-10kg\/","title":{"rendered":"Hill&rsquo;s Science Plan Aliment Pour Chien Adulte Small and Mini Au Poulet (1.5kg | 3kg | 10kg)"},"content":{"rendered":"<p>Hill&rsquo;s\u2122 Science Plan\u2122\u00a0ALIMENT pour CHIEN ADULTE SMALL &amp; MINI au POULET (poulet 13 %, total volaille 21 %) est un aliment complet pour les chiens adultes de petite race de 1 \u00e0 6 ans.<\/p>\n<p><strong>Description<\/strong><\/p>\n<ul type=\"disc\">\n<li>\u00a0Ingr\u00e9dients faciles \u00e0 dig\u00e9rer pour une digestion saine.<\/li>\n<li>\u00a0M\u00e9lange nourrissant d&rsquo;om\u00e9ga-6 et de vitamine E pour une peau saine et un pelage luxueux.<\/li>\n<li>\u00a0Des prot\u00e9ines de haute qualit\u00e9 pour des muscles maigres.<\/li>\n<li>\u00a0Contient notre m\u00e9lange sp\u00e9cial d&rsquo;antioxydants Small &amp; Mini pour un soutien immunitaire \u00e0 vie.<\/li>\n<\/ul>\n<p><a href=\"https:\/\/wa.me\/212708052510\" target=\"_blank\" rel=\"noopener noreferrer\"><img decoding=\"async\" class=\"fr-fic fr-dib aligncenter\" src=\"https:\/\/cdn.youcan.shop\/stores\/d0742d556df94ddbc7ae4c9810aff04b\/others\/aE2LxkTRdND08IF1P7b5lQL78Blqje1ovLrdhytH.png\" width=\"311\" height=\"82\" data-name=\"stores\/d0742d556df94ddbc7ae4c9810aff04b\/others\/aE2LxkTRdND08IF1P7b5lQL78Blqje1ovLrdhytH.png\" \/><\/a><\/p>\n<p>&nbsp;<\/p>\n","protected":false},"excerpt":{"rendered":"<p>Hill&rsquo;s\u2122 Science Plan\u2122\u00a0ALIMENT pour CHIEN ADULTE SMALL &amp; MINI au POULET (poulet 13 %, total volaille 21 %) est un aliment complet pour les chiens adultes de petite race de 1 \u00e0 6 ans. Description \u00a0Ingr\u00e9dients faciles \u00e0 dig\u00e9rer pour une digestion saine. \u00a0M\u00e9lange nourrissant d&rsquo;om\u00e9ga-6 et de vitamine E pour une peau saine et [&#8230;]\n","protected":false},"featured_media":254,"template":"","meta":{"jetpack_publicize_message":"","jetpack_publicize_feature_enabled":true,"jetpack_social_post_already_shared":false,"jetpack_social_options":{"image_generator_settings":{"template":"highway","default_image_id":0,"font":"","enabled":false},"version":2}},"product_brand":[],"product_cat":[26],"product_tag":[],"class_list":{"0":"post-75","1":"product","2":"type-product","3":"status-publish","4":"has-post-thumbnail","6":"product_cat-croquettes","8":"first","9":"instock","10":"taxable","11":"shipping-taxable","12":"purchasable","13":"product-type-variable"},"supplier_id":null,"supplier_sku":"","barcode":null,"atum_controlled":true,"out_stock_date":null,"out_stock_threshold":null,"inheritable":true,"inbound_stock":0,"stock_on_hold":0,"sold_today":0,"sales_last_days":0,"reserved_stock":0,"customer_returns":0,"warehouse_damage":0,"lost_in_post":0,"other_logs":0,"out_stock_days":0,"lost_sales":0,"has_location":false,"update_date":"2026-04-30T10:17:02","atum_locations":[],"atum_stock_status":"instock","restock_status":false,"low_stock_amount":"","sales_update_date":"2026-04-30T10:17:02","calc_backorders":null,"jetpack_publicize_connections":[],"jetpack_sharing_enabled":true,"batches":[],"_links":{"self":[{"href":"https:\/\/petworld.ma\/index.php\/wp-json\/wp\/v2\/product\/75","targetHints":{"allow":["GET"]}}],"collection":[{"href":"https:\/\/petworld.ma\/index.php\/wp-json\/wp\/v2\/product"}],"about":[{"href":"https:\/\/petworld.ma\/index.php\/wp-json\/wp\/v2\/types\/product"}],"wp:featuredmedia":[{"embeddable":true,"href":"https:\/\/petworld.ma\/index.php\/wp-json\/wp\/v2\/media\/254"}],"wp:attachment":[{"href":"https:\/\/petworld.ma\/index.php\/wp-json\/wp\/v2\/media?parent=75"}],"wp:term":[{"taxonomy":"product_brand","embeddable":true,"href":"https:\/\/petworld.ma\/index.php\/wp-json\/wp\/v2\/product_brand?post=75"},{"taxonomy":"product_cat","embeddable":true,"href":"https:\/\/petworld.ma\/index.php\/wp-json\/wp\/v2\/product_cat?post=75"},{"taxonomy":"product_tag","embeddable":true,"href":"https:\/\/petworld.ma\/index.php\/wp-json\/wp\/v2\/product_tag?post=75"}],"curies":[{"name":"wp","href":"https:\/\/api.w.org\/{rel}","templated":true}]}}